{"id":3950,"date":"2024-02-22T15:13:48","date_gmt":"2024-02-22T13:13:48","guid":{"rendered":"https:\/\/shop.hippolyte.fi\/?page_id=3950"},"modified":"2024-06-26T18:45:30","modified_gmt":"2024-06-26T15:45:30","slug":"teosvalitys","status":"publish","type":"page","link":"https:\/\/shop.hippolyte.fi\/en\/teosvalitys\/","title":{"rendered":"Teosv\u00e4litys"},"content":{"rendered":"\n<p>Starting in 2024, the Association of Photographic Artists will organize the annual art sales event together with the Association of Finnish Printmakers and the Association of Finnish Sculptors. For detailed schedules and more information, visit the Teosv\u00e4litys\u00a0<a href=\"http:\/\/teosvalitys.fi\">website<\/a>.<\/p>\n\n\n\n<div class=\"wp-block-buttons is-layout-flex wp-block-buttons-is-layout-flex\">\n<div class=\"wp-block-button is-style-fill\"><a class=\"wp-block-button__link has-white-color has-black-background-color has-text-color has-background has-link-color wp-element-button\" href=\"https:\/\/teosvalitys.fi\" style=\"border-radius:0px\" target=\"_blank\" rel=\"noreferrer noopener\">Teosv\u00e4litys.fi<\/a><\/div>\n<\/div>\n","protected":false},"excerpt":{"rendered":"<p>Starting in 2024, the Association of Photographic Artists will organize the annual art sales event together with the Association of Finnish Printmakers and the Association of Finnish Sculptors. For detailed schedules and more information, visit the Teosv\u00e4litys\u00a0website.<\/p>\n","protected":false},"author":1,"featured_media":0,"parent":0,"menu_order":0,"comment_status":"closed","ping_status":"closed","template":"","meta":{"_acf_changed":false,"footnotes":""},"class_list":["post-3950","page","type-page","status-publish","hentry"],"acf":[],"yoast_head":"<!-- This site is optimized with the Yoast SEO plugin v26.0 - https:\/\/yoast.com\/wordpress\/plugins\/seo\/ -->\n<title>Teosv\u00e4litys - Online shop for photographic art<\/title>\n<meta name=\"robots\" content=\"index, follow, max-snippet:-1, max-image-preview:large, max-video-preview:-1\" \/>\n<link rel=\"canonical\" href=\"https:\/\/shop.hippolyte.fi\/en\/teosvalitys\/\" \/>\n<meta property=\"og:locale\" content=\"en_US\" \/>\n<meta property=\"og:type\" content=\"article\" \/>\n<meta property=\"og:title\" content=\"Teosv\u00e4litys - Online shop for photographic art\" \/>\n<meta property=\"og:description\" content=\"Starting in 2024, the Association of Photographic Artists will organize the annual art sales event together with the Association of Finnish Printmakers and the Association of Finnish Sculptors. For detailed schedules and more information, visit the Teosv\u00e4litys\u00a0website.\" \/>\n<meta property=\"og:url\" content=\"https:\/\/shop.hippolyte.fi\/en\/teosvalitys\/\" \/>\n<meta property=\"og:site_name\" content=\"Online shop for photographic art\" \/>\n<meta property=\"article:modified_time\" content=\"2024-06-26T15:45:30+00:00\" \/>\n<meta name=\"twitter:card\" content=\"summary_large_image\" \/>\n<meta name=\"twitter:label1\" content=\"Est. reading time\" \/>\n\t<meta name=\"twitter:data1\" content=\"1 minute\" \/>\n<script type=\"application\/ld+json\" class=\"yoast-schema-graph\">{\"@context\":\"https:\/\/schema.org\",\"@graph\":[{\"@type\":\"WebPage\",\"@id\":\"https:\/\/shop.hippolyte.fi\/en\/teosvalitys\/\",\"url\":\"https:\/\/shop.hippolyte.fi\/en\/teosvalitys\/\",\"name\":\"Teosv\u00e4litys - Online shop for photographic art\",\"isPartOf\":{\"@id\":\"https:\/\/shop.hippolyte.fi\/en\/#website\"},\"datePublished\":\"2024-02-22T13:13:48+00:00\",\"dateModified\":\"2024-06-26T15:45:30+00:00\",\"breadcrumb\":{\"@id\":\"https:\/\/shop.hippolyte.fi\/en\/teosvalitys\/#breadcrumb\"},\"inLanguage\":\"en-US\",\"potentialAction\":[{\"@type\":\"ReadAction\",\"target\":[\"https:\/\/shop.hippolyte.fi\/en\/teosvalitys\/\"]}]},{\"@type\":\"BreadcrumbList\",\"@id\":\"https:\/\/shop.hippolyte.fi\/en\/teosvalitys\/#breadcrumb\",\"itemListElement\":[{\"@type\":\"ListItem\",\"position\":1,\"name\":\"Etusivu\",\"item\":\"https:\/\/shop.hippolyte.fi\/en\/\"},{\"@type\":\"ListItem\",\"position\":2,\"name\":\"Teosv\u00e4litys\"}]},{\"@type\":\"WebSite\",\"@id\":\"https:\/\/shop.hippolyte.fi\/en\/#website\",\"url\":\"https:\/\/shop.hippolyte.fi\/en\/\",\"name\":\"Online shop for photographic art\",\"description\":\"Verkkokaupassa myyd\u00e4\u00e4n teoksia ja valokuvataidekirjoja. OTOS-tapahtuman aikana my\u00f6s tapahtuman teoksia.\",\"potentialAction\":[{\"@type\":\"SearchAction\",\"target\":{\"@type\":\"EntryPoint\",\"urlTemplate\":\"https:\/\/shop.hippolyte.fi\/en\/?s={search_term_string}\"},\"query-input\":{\"@type\":\"PropertyValueSpecification\",\"valueRequired\":true,\"valueName\":\"search_term_string\"}}],\"inLanguage\":\"en-US\"}]}<\/script>\n<!-- \/ Yoast SEO plugin. -->","yoast_head_json":{"title":"Teosv\u00e4litys - Online shop for photographic art","robots":{"index":"index","follow":"follow","max-snippet":"max-snippet:-1","max-image-preview":"max-image-preview:large","max-video-preview":"max-video-preview:-1"},"canonical":"https:\/\/shop.hippolyte.fi\/en\/teosvalitys\/","og_locale":"en_US","og_type":"article","og_title":"Teosv\u00e4litys - Online shop for photographic art","og_description":"Starting in 2024, the Association of Photographic Artists will organize the annual art sales event together with the Association of Finnish Printmakers and the Association of Finnish Sculptors. For detailed schedules and more information, visit the Teosv\u00e4litys\u00a0website.","og_url":"https:\/\/shop.hippolyte.fi\/en\/teosvalitys\/","og_site_name":"Online shop for photographic art","article_modified_time":"2024-06-26T15:45:30+00:00","twitter_card":"summary_large_image","twitter_misc":{"Est. reading time":"1 minute"},"schema":{"@context":"https:\/\/schema.org","@graph":[{"@type":"WebPage","@id":"https:\/\/shop.hippolyte.fi\/en\/teosvalitys\/","url":"https:\/\/shop.hippolyte.fi\/en\/teosvalitys\/","name":"Teosv\u00e4litys - Online shop for photographic art","isPartOf":{"@id":"https:\/\/shop.hippolyte.fi\/en\/#website"},"datePublished":"2024-02-22T13:13:48+00:00","dateModified":"2024-06-26T15:45:30+00:00","breadcrumb":{"@id":"https:\/\/shop.hippolyte.fi\/en\/teosvalitys\/#breadcrumb"},"inLanguage":"en-US","potentialAction":[{"@type":"ReadAction","target":["https:\/\/shop.hippolyte.fi\/en\/teosvalitys\/"]}]},{"@type":"BreadcrumbList","@id":"https:\/\/shop.hippolyte.fi\/en\/teosvalitys\/#breadcrumb","itemListElement":[{"@type":"ListItem","position":1,"name":"Etusivu","item":"https:\/\/shop.hippolyte.fi\/en\/"},{"@type":"ListItem","position":2,"name":"Teosv\u00e4litys"}]},{"@type":"WebSite","@id":"https:\/\/shop.hippolyte.fi\/en\/#website","url":"https:\/\/shop.hippolyte.fi\/en\/","name":"Online shop for photographic art","description":"Verkkokaupassa myyd\u00e4\u00e4n teoksia ja valokuvataidekirjoja. OTOS-tapahtuman aikana my\u00f6s tapahtuman teoksia.","potentialAction":[{"@type":"SearchAction","target":{"@type":"EntryPoint","urlTemplate":"https:\/\/shop.hippolyte.fi\/en\/?s={search_term_string}"},"query-input":{"@type":"PropertyValueSpecification","valueRequired":true,"valueName":"search_term_string"}}],"inLanguage":"en-US"}]}},"_links":{"self":[{"href":"https:\/\/shop.hippolyte.fi\/en\/wp-json\/wp\/v2\/pages\/3950","targetHints":{"allow":["GET"]}}],"collection":[{"href":"https:\/\/shop.hippolyte.fi\/en\/wp-json\/wp\/v2\/pages"}],"about":[{"href":"https:\/\/shop.hippolyte.fi\/en\/wp-json\/wp\/v2\/types\/page"}],"author":[{"embeddable":true,"href":"https:\/\/shop.hippolyte.fi\/en\/wp-json\/wp\/v2\/users\/1"}],"replies":[{"embeddable":true,"href":"https:\/\/shop.hippolyte.fi\/en\/wp-json\/wp\/v2\/comments?post=3950"}],"version-history":[{"count":4,"href":"https:\/\/shop.hippolyte.fi\/en\/wp-json\/wp\/v2\/pages\/3950\/revisions"}],"predecessor-version":[{"id":3956,"href":"https:\/\/shop.hippolyte.fi\/en\/wp-json\/wp\/v2\/pages\/3950\/revisions\/3956"}],"wp:attachment":[{"href":"https:\/\/shop.hippolyte.fi\/en\/wp-json\/wp\/v2\/media?parent=3950"}],"curies":[{"name":"wp","href":"https:\/\/api.w.org\/{rel}","templated":true}]}}