{"id":4220,"date":"2024-11-13T13:23:40","date_gmt":"2024-11-13T11:23:40","guid":{"rendered":"https:\/\/shop.hippolyte.fi\/?page_id=4220"},"modified":"2024-11-13T13:40:57","modified_gmt":"2024-11-13T11:40:57","slug":"newsletter","status":"publish","type":"page","link":"https:\/\/shop.hippolyte.fi\/en\/newsletter\/","title":{"rendered":"Newsletter"},"content":{"rendered":"\n<div>\n<form class=\"js-cm-form\" id=\"subForm\" action=\"https:\/\/www.createsend.com\/t\/subscribeerror?description=\" method=\"post\" data-id=\"5B5E7037DA78A748374AD499497E309E1B97FA7D3B2143C023C4A3D6C9F2C6AB7FF67829DDFA80F8494FCD8676EA6BCC13D41F4F070AFD2288B57B425B14B538\">\n\t<!--T\u00e4m\u00e4 lomake johtaa Hippolyten Gruppossa ryhm\u00e4\u00e4n Hippolyte, n\u00e4yttelytiedotteet EN id=353 -->\n\t<h4>Subscribe to our newsletter<\/h4>\n\t<div>\n<div style=\"margin-bottom:1rem\">\n<label style=\"display:block;\">Email <\/label>\n<input autocomplete=\"Email\" aria-label=\"Email\" class=\"js-cm-email-input qa-input-email\" id=\"fieldEmail\" maxlength=\"200\" name=\"cm-iudikri-iudikri\" required=\"\" type=\"email\" placeholder=\"Email\"><div style=\"position: relative !important; height: 0px !important; width: 0px !important; float: left !important;\" data-lastpass-icon-root=\"\"><\/div><\/div>\n<div style=\"margin-bottom:1rem\">\n<label style=\"display:block;\">First name <\/label><div style=\"margin-bottom:1rem\">\n<input type=\"text\" aria-label=\"name_first\" id=\"fielddkkkgt\" maxlength=\"200\" name=\"cm-f-dkkkgt\" placeholder=\"First name\"><\/div>\n<div style=\"margin-bottom:1rem\"><label style=\"display:block;\">Last name <\/label>\n<input type=\"text\" aria-label=\"name_last\" id=\"fielddkkkgi\" maxlength=\"200\" name=\"cm-f-dkkkgi\" placeholder=\"Last name\"><\/div>\n<div>\n<div style=\"margin-bottom:1rem\">\n<div><input aria-required=\"\" id=\"cm-privacy-consent\" name=\"cm-privacy-consent\" required=\"\" type=\"checkbox\">\n<label for=\"cm-privacy-consent\" style=\" opacity:1;pointer-events: auto;\">I agree to be emailed<\/label><\/div>\n<input id=\"cm-privacy-consent-hidden\" name=\"cm-privacy-consent-hidden\" type=\"hidden\" value=\"true\">\n<\/div>\n<\/div>\n<\/div><button type=\"submit\" style=\"padding: 0.5rem 1rem;border: 0;border-radius: 0;background-color: #333;font-family: 'retion_sans_demoregular',sans-serif;font-size: 1.125em;line-height: 1em;color: #fff;font-weight: normal;font-size: 1rem;\">Subscribe<\/button>\n<\/form>\n<\/div>\n\n<script type=\"text\/javascript\" src=\"https:\/\/js.createsend1.com\/javascript\/copypastesubscribeformlogic.js\"><\/script>\n","protected":false},"excerpt":{"rendered":"<p>Subscribe to our newsletter Email First name Last name I agree to be emailed Subscribe<\/p>\n","protected":false},"author":1,"featured_media":0,"parent":0,"menu_order":0,"comment_status":"closed","ping_status":"closed","template":"","meta":{"_acf_changed":false,"footnotes":""},"class_list":["post-4220","page","type-page","status-publish","hentry"],"acf":[],"yoast_head":"<!-- This site is optimized with the Yoast SEO plugin v26.0 - https:\/\/yoast.com\/wordpress\/plugins\/seo\/ -->\n<title>Newsletter - Online shop for photographic art<\/title>\n<meta name=\"robots\" content=\"index, follow, max-snippet:-1, max-image-preview:large, max-video-preview:-1\" \/>\n<link rel=\"canonical\" href=\"https:\/\/shop.hippolyte.fi\/en\/newsletter\/\" \/>\n<meta property=\"og:locale\" content=\"en_US\" \/>\n<meta property=\"og:type\" content=\"article\" \/>\n<meta property=\"og:title\" content=\"Newsletter - Online shop for photographic art\" \/>\n<meta property=\"og:description\" content=\"Subscribe to our newsletter Email First name Last name I agree to be emailed Subscribe\" \/>\n<meta property=\"og:url\" content=\"https:\/\/shop.hippolyte.fi\/en\/newsletter\/\" \/>\n<meta property=\"og:site_name\" content=\"Online shop for photographic art\" \/>\n<meta property=\"article:modified_time\" content=\"2024-11-13T11:40:57+00:00\" \/>\n<meta name=\"twitter:card\" content=\"summary_large_image\" \/>\n<meta name=\"twitter:label1\" content=\"Est. reading time\" \/>\n\t<meta name=\"twitter:data1\" content=\"1 minute\" \/>\n<script type=\"application\/ld+json\" class=\"yoast-schema-graph\">{\"@context\":\"https:\/\/schema.org\",\"@graph\":[{\"@type\":\"WebPage\",\"@id\":\"https:\/\/shop.hippolyte.fi\/en\/newsletter\/\",\"url\":\"https:\/\/shop.hippolyte.fi\/en\/newsletter\/\",\"name\":\"Newsletter - Online shop for photographic art\",\"isPartOf\":{\"@id\":\"https:\/\/shop.hippolyte.fi\/en\/#website\"},\"datePublished\":\"2024-11-13T11:23:40+00:00\",\"dateModified\":\"2024-11-13T11:40:57+00:00\",\"breadcrumb\":{\"@id\":\"https:\/\/shop.hippolyte.fi\/en\/newsletter\/#breadcrumb\"},\"inLanguage\":\"en-US\",\"potentialAction\":[{\"@type\":\"ReadAction\",\"target\":[\"https:\/\/shop.hippolyte.fi\/en\/newsletter\/\"]}]},{\"@type\":\"BreadcrumbList\",\"@id\":\"https:\/\/shop.hippolyte.fi\/en\/newsletter\/#breadcrumb\",\"itemListElement\":[{\"@type\":\"ListItem\",\"position\":1,\"name\":\"Etusivu\",\"item\":\"https:\/\/shop.hippolyte.fi\/en\/\"},{\"@type\":\"ListItem\",\"position\":2,\"name\":\"Newsletter\"}]},{\"@type\":\"WebSite\",\"@id\":\"https:\/\/shop.hippolyte.fi\/en\/#website\",\"url\":\"https:\/\/shop.hippolyte.fi\/en\/\",\"name\":\"Online shop for photographic art\",\"description\":\"Verkkokaupassa myyd\u00e4\u00e4n teoksia ja valokuvataidekirjoja. OTOS-tapahtuman aikana my\u00f6s tapahtuman teoksia.\",\"potentialAction\":[{\"@type\":\"SearchAction\",\"target\":{\"@type\":\"EntryPoint\",\"urlTemplate\":\"https:\/\/shop.hippolyte.fi\/en\/?s={search_term_string}\"},\"query-input\":{\"@type\":\"PropertyValueSpecification\",\"valueRequired\":true,\"valueName\":\"search_term_string\"}}],\"inLanguage\":\"en-US\"}]}<\/script>\n<!-- \/ Yoast SEO plugin. -->","yoast_head_json":{"title":"Newsletter - Online shop for photographic art","robots":{"index":"index","follow":"follow","max-snippet":"max-snippet:-1","max-image-preview":"max-image-preview:large","max-video-preview":"max-video-preview:-1"},"canonical":"https:\/\/shop.hippolyte.fi\/en\/newsletter\/","og_locale":"en_US","og_type":"article","og_title":"Newsletter - Online shop for photographic art","og_description":"Subscribe to our newsletter Email First name Last name I agree to be emailed Subscribe","og_url":"https:\/\/shop.hippolyte.fi\/en\/newsletter\/","og_site_name":"Online shop for photographic art","article_modified_time":"2024-11-13T11:40:57+00:00","twitter_card":"summary_large_image","twitter_misc":{"Est. reading time":"1 minute"},"schema":{"@context":"https:\/\/schema.org","@graph":[{"@type":"WebPage","@id":"https:\/\/shop.hippolyte.fi\/en\/newsletter\/","url":"https:\/\/shop.hippolyte.fi\/en\/newsletter\/","name":"Newsletter - Online shop for photographic art","isPartOf":{"@id":"https:\/\/shop.hippolyte.fi\/en\/#website"},"datePublished":"2024-11-13T11:23:40+00:00","dateModified":"2024-11-13T11:40:57+00:00","breadcrumb":{"@id":"https:\/\/shop.hippolyte.fi\/en\/newsletter\/#breadcrumb"},"inLanguage":"en-US","potentialAction":[{"@type":"ReadAction","target":["https:\/\/shop.hippolyte.fi\/en\/newsletter\/"]}]},{"@type":"BreadcrumbList","@id":"https:\/\/shop.hippolyte.fi\/en\/newsletter\/#breadcrumb","itemListElement":[{"@type":"ListItem","position":1,"name":"Etusivu","item":"https:\/\/shop.hippolyte.fi\/en\/"},{"@type":"ListItem","position":2,"name":"Newsletter"}]},{"@type":"WebSite","@id":"https:\/\/shop.hippolyte.fi\/en\/#website","url":"https:\/\/shop.hippolyte.fi\/en\/","name":"Online shop for photographic art","description":"Verkkokaupassa myyd\u00e4\u00e4n teoksia ja valokuvataidekirjoja. OTOS-tapahtuman aikana my\u00f6s tapahtuman teoksia.","potentialAction":[{"@type":"SearchAction","target":{"@type":"EntryPoint","urlTemplate":"https:\/\/shop.hippolyte.fi\/en\/?s={search_term_string}"},"query-input":{"@type":"PropertyValueSpecification","valueRequired":true,"valueName":"search_term_string"}}],"inLanguage":"en-US"}]}},"_links":{"self":[{"href":"https:\/\/shop.hippolyte.fi\/en\/wp-json\/wp\/v2\/pages\/4220","targetHints":{"allow":["GET"]}}],"collection":[{"href":"https:\/\/shop.hippolyte.fi\/en\/wp-json\/wp\/v2\/pages"}],"about":[{"href":"https:\/\/shop.hippolyte.fi\/en\/wp-json\/wp\/v2\/types\/page"}],"author":[{"embeddable":true,"href":"https:\/\/shop.hippolyte.fi\/en\/wp-json\/wp\/v2\/users\/1"}],"replies":[{"embeddable":true,"href":"https:\/\/shop.hippolyte.fi\/en\/wp-json\/wp\/v2\/comments?post=4220"}],"version-history":[{"count":5,"href":"https:\/\/shop.hippolyte.fi\/en\/wp-json\/wp\/v2\/pages\/4220\/revisions"}],"predecessor-version":[{"id":4226,"href":"https:\/\/shop.hippolyte.fi\/en\/wp-json\/wp\/v2\/pages\/4220\/revisions\/4226"}],"wp:attachment":[{"href":"https:\/\/shop.hippolyte.fi\/en\/wp-json\/wp\/v2\/media?parent=4220"}],"curies":[{"name":"wp","href":"https:\/\/api.w.org\/{rel}","templated":true}]}}