{"id":4591,"date":"2025-10-01T14:32:09","date_gmt":"2025-10-01T11:32:09","guid":{"rendered":"https:\/\/shop.hippolyte.fi\/?page_id=4591"},"modified":"2025-10-01T16:05:22","modified_gmt":"2025-10-01T13:05:22","slug":"faqs-for-the-print-shop","status":"publish","type":"page","link":"https:\/\/shop.hippolyte.fi\/en\/faqs-for-the-print-shop\/","title":{"rendered":"Print shop 25\/26: Frequently Asked Questions"},"content":{"rendered":"\n<p><a href=\"https:\/\/shop.hippolyte.fi\/en\/print-shop-registration\/\">Registration<\/a> | <a href=\"https:\/\/shop.hippolyte.fi\/en\/print-shop-artist-guidelines\/\">Artist Guidelines<\/a> | <a href=\"https:\/\/shop.hippolyte.fi\/en\/faqs-for-the-print-shop\/\">FAQ<\/a><\/p>\n\n\n\n<hr class=\"wp-block-separator has-alpha-channel-opacity\" \/>\n\n\n\n<h3 class=\"wp-block-heading\">What can I submit to the Print shop?<\/h3>\n\n\n\n<p>All members of the Association of Photographic Artists can register <strong>up to five, unframed prints<\/strong> for sale in the Print shop. Only artworks registered by the submission deadline can be sold in the Print shop. The maximum print size accepted for the Print Shop is <strong>A2 (420 x 594 mm)<\/strong>.<\/p>\n\n\n\n<h3 class=\"wp-block-heading\">Can I submit a framed or mounted print?<\/h3>\n\n\n\n<p>Prints can be sold unmounted or mounted only with a passe-partout \u2013 this must be indicated via the registration form. <strong>We do not accept prints that are framed<\/strong> <strong>or otherwise mounted<\/strong> (e.g. diasec or aluminium). If you wish to submit framed or larger works for sale, please see our spring sales event, <a href=\"https:\/\/teosvalitys.fi\/\">TEOS 2026<\/a>.<\/p>\n\n\n\n<h3 class=\"wp-block-heading\">Is there a fee for participating in the Print shop?<\/h3>\n\n\n\n<p>Participation in the Print shop is a new member benefit and it is included in your annual membership fee.<\/p>\n\n\n\n<p>There is a 35% sales commission on each print sold. The commission fee is calculated based on the price of the work excluding VAT. When registering, please indicate whether you are liable for VAT, and include applicable business ID. The prices of the artworks should include any applicable VAT.<\/p>\n\n\n\n<h3 class=\"wp-block-heading\">Is there a selection process for the prints submitted?<\/h3>\n\n\n\n<p>There is no selection process for the Print shop 25\/26. All artworks that abide by the guidelines laid out in the registration instructions are accepted into the event. We do not tolerate discrimination and any work containing discriminatory content may be withdrawn at our discretion.<\/p>\n\n\n\n<h3 class=\"wp-block-heading\">How should I document my print for the website?<\/h3>\n\n\n\n<p>Prints should be documented with a clear, high resolution image for use on the website and accompanying marketing purposes. Remember, the image will be used to sell the artwork and it is important to showcase the work in the best way possible.<\/p>\n\n\n\n<h3 class=\"wp-block-heading\">How should I pack my print for posting?<\/h3>\n\n\n\n<p>Prints should be carefully packed for posting. This includes placing the print on a thick, <strong>protective backing board, and wrapping it in cellophane.<\/strong> We recommend that the print is first wrapped in acid-free paper and then sealed with cellophane to prevent any moisture from reaching the print. Place the wrapped print in a cardboard envelope and attach the prepaid postage sticker provided by the association.<\/p>\n\n\n\n<h3 class=\"wp-block-heading\">What else should I include with the print?<\/h3>\n\n\n\n<p>Please include a signed certificate of authenticity for each print sold. We recommend that you attach it to the back of the print or place it in a plastic pocket before placing it in the parcel. You can also include a contact card or thank you note.<\/p>\n\n\n\n<h3 class=\"wp-block-heading\">What happens if I am unable to dispatch a sold print?<\/h3>\n\n\n\n<p>Prints for sale in the Print shop should be readily available (i.e. that they are already printed). However, due to the ongoing sales period, we understand that a print might not be immediately available for dispatch. If this is the case, please communicate this to us as soon as you receive a notification of sale. If we do not hear from you within five working days of the notification of sale, we reserve the right to cancel the purchase.&nbsp;<\/p>\n\n\n\n<p>If a print is completely sold out, please email us as soon as possible so that we can amend its availability on the online shop.&nbsp;<\/p>\n\n\n\n<h3 class=\"wp-block-heading\">Where will my print(s) be displayed and sold?<\/h3>\n\n\n\n<p>Prints will be displayed and sold primarily via the association\u2019s online shop (<a href=\"https:\/\/shop.hippolyte.fi\/en\/\">shop.hippolyte.fi<\/a>). The prints will be listed online and available for sale from November 2025 until November 2026. If a print is sold out, it will be indicated as being sold out on the online shop.<\/p>\n\n\n\n<p>In the near future, we hope to promote the Print shop at <a href=\"https:\/\/hippolyte.fi\/\">Photographic Gallery Hippolyte<\/a>. We will contact individuals to request the possibility of prints being displayed and sold in the Hippolyte foyer and bookshop area.<\/p>\n\n\n\n<h3 class=\"wp-block-heading\">How will my artwork images and information be used?<\/h3>\n\n\n\n<p>The images submitted via the registration form will be displayed on the online shop. We also reserve the right to use the images for promotional purposes e.g. on our social media channels and physical posters. All images used beyond the sales pages will be credited with the artist\u2019s name and artwork title.<\/p>\n\n\n\n<p>Information like artist bio and artwork description will be displayed alongside your artwork in the online shop. We will also use this information to draft texts for marketing the works and the Print shop platform.<\/p>\n\n\n\n<h3 class=\"wp-block-heading\">How often will you have an open call for the Print shop?<\/h3>\n\n\n\n<p>This is the Print shop\u2019s inaugural year, but we hope to carry out an annual open call to renew the shop\u2019s stock each autumn.<\/p>\n\n\n\n<h3 class=\"wp-block-heading\">I would like to participate in the spring sales event, TEOS 2026. Is it possible to participate in both the Print shop and TEOS?<\/h3>\n\n\n\n<p>Yes, it is possible to participate in both the Print shop and <a href=\"https:\/\/teosvalitys.fi\/\">TEOS<\/a> as they are deemed as two separate events. The intention behind the Print shop is to provide a year-round sales opportunity for our members and to showcase photographic art to buyers for a longer period of time.\u00a0<\/p>\n\n\n\n<h3 class=\"wp-block-heading\">What if I have specific care or framing instructions for my artwork?<\/h3>\n\n\n\n<p>You are welcome to enclose printed information about how to care for an artwork when sending it to a buyer. Please note, the buyer is not under any obligation to frame the artwork in a specific way (e.g. specific frame colour or glass) once purchased. If you wish for the work to be framed in a particular way, please submit it as a framed artwork to our <a href=\"https:\/\/teosvalitys.fi\/\">TEOS<\/a> sale in spring 2026.<\/p>\n","protected":false},"excerpt":{"rendered":"<p>Registration | Artist Guidelines | FAQ What can I submit to the Print shop? All members of the Association of Photographic Artists can register up to five, unframed prints for sale in the Print shop. Only artworks registered by the submission deadline can be sold in the Print shop. The maximum print size accepted for [&hellip;]<\/p>\n","protected":false},"author":1,"featured_media":0,"parent":0,"menu_order":0,"comment_status":"closed","ping_status":"closed","template":"","meta":{"_acf_changed":false,"footnotes":""},"class_list":["post-4591","page","type-page","status-publish","hentry"],"acf":[],"yoast_head":"<!-- This site is optimized with the Yoast SEO plugin v26.0 - https:\/\/yoast.com\/wordpress\/plugins\/seo\/ -->\n<title>Print shop 25\/26: Frequently Asked Questions - Online shop for photographic art<\/title>\n<meta name=\"robots\" content=\"noindex, nofollow\" \/>\n<meta property=\"og:locale\" content=\"en_US\" \/>\n<meta property=\"og:type\" content=\"article\" \/>\n<meta property=\"og:title\" content=\"Print shop 25\/26: Frequently Asked Questions - Online shop for photographic art\" \/>\n<meta property=\"og:description\" content=\"Registration | Artist Guidelines | FAQ What can I submit to the Print shop? All members of the Association of Photographic Artists can register up to five, unframed prints for sale in the Print shop. Only artworks registered by the submission deadline can be sold in the Print shop. The maximum print size accepted for [&hellip;]\" \/>\n<meta property=\"og:url\" content=\"https:\/\/shop.hippolyte.fi\/en\/faqs-for-the-print-shop\/\" \/>\n<meta property=\"og:site_name\" content=\"Online shop for photographic art\" \/>\n<meta property=\"article:modified_time\" content=\"2025-10-01T13:05:22+00:00\" \/>\n<meta name=\"twitter:card\" content=\"summary_large_image\" \/>\n<meta name=\"twitter:label1\" content=\"Est. reading time\" \/>\n\t<meta name=\"twitter:data1\" content=\"5 minutes\" \/>\n<script type=\"application\/ld+json\" class=\"yoast-schema-graph\">{\"@context\":\"https:\/\/schema.org\",\"@graph\":[{\"@type\":\"WebPage\",\"@id\":\"https:\/\/shop.hippolyte.fi\/en\/faqs-for-the-print-shop\/\",\"url\":\"https:\/\/shop.hippolyte.fi\/en\/faqs-for-the-print-shop\/\",\"name\":\"Print shop 25\/26: Frequently Asked Questions - Online shop for photographic art\",\"isPartOf\":{\"@id\":\"https:\/\/shop.hippolyte.fi\/en\/#website\"},\"datePublished\":\"2025-10-01T11:32:09+00:00\",\"dateModified\":\"2025-10-01T13:05:22+00:00\",\"breadcrumb\":{\"@id\":\"https:\/\/shop.hippolyte.fi\/en\/faqs-for-the-print-shop\/#breadcrumb\"},\"inLanguage\":\"en-US\",\"potentialAction\":[{\"@type\":\"ReadAction\",\"target\":[\"https:\/\/shop.hippolyte.fi\/en\/faqs-for-the-print-shop\/\"]}]},{\"@type\":\"BreadcrumbList\",\"@id\":\"https:\/\/shop.hippolyte.fi\/en\/faqs-for-the-print-shop\/#breadcrumb\",\"itemListElement\":[{\"@type\":\"ListItem\",\"position\":1,\"name\":\"Etusivu\",\"item\":\"https:\/\/shop.hippolyte.fi\/en\/\"},{\"@type\":\"ListItem\",\"position\":2,\"name\":\"Print shop 25\/26: Frequently Asked Questions\"}]},{\"@type\":\"WebSite\",\"@id\":\"https:\/\/shop.hippolyte.fi\/en\/#website\",\"url\":\"https:\/\/shop.hippolyte.fi\/en\/\",\"name\":\"Online shop for photographic art\",\"description\":\"Verkkokaupassa myyd\u00e4\u00e4n teoksia ja valokuvataidekirjoja. OTOS-tapahtuman aikana my\u00f6s tapahtuman teoksia.\",\"potentialAction\":[{\"@type\":\"SearchAction\",\"target\":{\"@type\":\"EntryPoint\",\"urlTemplate\":\"https:\/\/shop.hippolyte.fi\/en\/?s={search_term_string}\"},\"query-input\":{\"@type\":\"PropertyValueSpecification\",\"valueRequired\":true,\"valueName\":\"search_term_string\"}}],\"inLanguage\":\"en-US\"}]}<\/script>\n<!-- \/ Yoast SEO plugin. -->","yoast_head_json":{"title":"Print shop 25\/26: Frequently Asked Questions - Online shop for photographic art","robots":{"index":"noindex","follow":"nofollow"},"og_locale":"en_US","og_type":"article","og_title":"Print shop 25\/26: Frequently Asked Questions - Online shop for photographic art","og_description":"Registration | Artist Guidelines | FAQ What can I submit to the Print shop? All members of the Association of Photographic Artists can register up to five, unframed prints for sale in the Print shop. Only artworks registered by the submission deadline can be sold in the Print shop. The maximum print size accepted for [&hellip;]","og_url":"https:\/\/shop.hippolyte.fi\/en\/faqs-for-the-print-shop\/","og_site_name":"Online shop for photographic art","article_modified_time":"2025-10-01T13:05:22+00:00","twitter_card":"summary_large_image","twitter_misc":{"Est. reading time":"5 minutes"},"schema":{"@context":"https:\/\/schema.org","@graph":[{"@type":"WebPage","@id":"https:\/\/shop.hippolyte.fi\/en\/faqs-for-the-print-shop\/","url":"https:\/\/shop.hippolyte.fi\/en\/faqs-for-the-print-shop\/","name":"Print shop 25\/26: Frequently Asked Questions - Online shop for photographic art","isPartOf":{"@id":"https:\/\/shop.hippolyte.fi\/en\/#website"},"datePublished":"2025-10-01T11:32:09+00:00","dateModified":"2025-10-01T13:05:22+00:00","breadcrumb":{"@id":"https:\/\/shop.hippolyte.fi\/en\/faqs-for-the-print-shop\/#breadcrumb"},"inLanguage":"en-US","potentialAction":[{"@type":"ReadAction","target":["https:\/\/shop.hippolyte.fi\/en\/faqs-for-the-print-shop\/"]}]},{"@type":"BreadcrumbList","@id":"https:\/\/shop.hippolyte.fi\/en\/faqs-for-the-print-shop\/#breadcrumb","itemListElement":[{"@type":"ListItem","position":1,"name":"Etusivu","item":"https:\/\/shop.hippolyte.fi\/en\/"},{"@type":"ListItem","position":2,"name":"Print shop 25\/26: Frequently Asked Questions"}]},{"@type":"WebSite","@id":"https:\/\/shop.hippolyte.fi\/en\/#website","url":"https:\/\/shop.hippolyte.fi\/en\/","name":"Online shop for photographic art","description":"Verkkokaupassa myyd\u00e4\u00e4n teoksia ja valokuvataidekirjoja. OTOS-tapahtuman aikana my\u00f6s tapahtuman teoksia.","potentialAction":[{"@type":"SearchAction","target":{"@type":"EntryPoint","urlTemplate":"https:\/\/shop.hippolyte.fi\/en\/?s={search_term_string}"},"query-input":{"@type":"PropertyValueSpecification","valueRequired":true,"valueName":"search_term_string"}}],"inLanguage":"en-US"}]}},"_links":{"self":[{"href":"https:\/\/shop.hippolyte.fi\/en\/wp-json\/wp\/v2\/pages\/4591","targetHints":{"allow":["GET"]}}],"collection":[{"href":"https:\/\/shop.hippolyte.fi\/en\/wp-json\/wp\/v2\/pages"}],"about":[{"href":"https:\/\/shop.hippolyte.fi\/en\/wp-json\/wp\/v2\/types\/page"}],"author":[{"embeddable":true,"href":"https:\/\/shop.hippolyte.fi\/en\/wp-json\/wp\/v2\/users\/1"}],"replies":[{"embeddable":true,"href":"https:\/\/shop.hippolyte.fi\/en\/wp-json\/wp\/v2\/comments?post=4591"}],"version-history":[{"count":6,"href":"https:\/\/shop.hippolyte.fi\/en\/wp-json\/wp\/v2\/pages\/4591\/revisions"}],"predecessor-version":[{"id":4622,"href":"https:\/\/shop.hippolyte.fi\/en\/wp-json\/wp\/v2\/pages\/4591\/revisions\/4622"}],"wp:attachment":[{"href":"https:\/\/shop.hippolyte.fi\/en\/wp-json\/wp\/v2\/media?parent=4591"}],"curies":[{"name":"wp","href":"https:\/\/api.w.org\/{rel}","templated":true}]}}