{"id":1975,"date":"2023-03-15T16:36:22","date_gmt":"2023-03-15T14:36:22","guid":{"rendered":"https:\/\/shop.hippolyte.fi\/?post_type=product&#038;p=1975"},"modified":"2025-11-06T11:49:59","modified_gmt":"2025-11-06T09:49:59","slug":"hilla-kurki-almost-all-the-flowers-in-my-mothers-garden","status":"publish","type":"product","link":"https:\/\/shop.hippolyte.fi\/en\/product\/hilla-kurki-almost-all-the-flowers-in-my-mothers-garden\/","title":{"rendered":"Hilla Kurki: Almost All the Flowers in My Mother&#8217;s Garden"},"content":{"rendered":"<p>Almost All the Flowers in My Mother\u2019s Garden is a 144-page work containing more than 100 pictures of flowers, mainly photographed in the author\u2019s mother\u2019s garden, and intimate memories of mothers by anonymous daughters. In the book the memories are merged together, and thus do not personify in one specific mother, making even painful memories easier to encounter. The flowers in the pictures symbolize the care, or the lack of it, that forms the basis of our growth.<\/p>\n<p>The background of the work is the artist Hilla Kurki\u2019s realization of the silent gap between herself and her mother. In conversations with other artists of her generation, many recognized something similar about their own relationship with their mothers. In the book the collected memories form a text, that alternates with the flowers, where artist from e.g. Finland, France, Slovenia and Hungary try to remember their mothers.<\/p>\n<p>Second edition of the book has been printed in 2023. It has a new cover (see other images).<\/p>\n","protected":false},"excerpt":{"rendered":"<p>Photographs: Hilla Kurki<br \/>\nGraphic design: Samuli Saarinen<br \/>\nTranslations and text editing: Hilla Kurki, Dawn Davis (proofreading)<br \/>\nLanguage: English<br \/>\nPublisher: Khaos Publishing<br \/>\nReleased: 2. edition 2023 (1. edition 2022)<br \/>\nEdition: 500<br \/>\nPrinting: Printon AS, Tallinna<br \/>\nCover printing:\u00a0 2nd edition Vallilan risopaja, Tuukka Kaila \/ 1st edition Alex Walker, AGA Lab<br \/>\nISBN 978-952-68478-6-3<\/p>\n","protected":false},"featured_media":3601,"template":"","meta":{"_acf_changed":false},"product_brand":[],"product_cat":[45,409,454],"product_tag":[],"artists":[354],"location":[55],"publisher":[426],"years":[435],"class_list":{"0":"post-1975","1":"product","2":"type-product","3":"status-publish","4":"has-post-thumbnail","6":"product_cat-bookshop","7":"product_cat-artist-books","8":"product_cat-photobook-awards","9":"artists-kurki-hilla","10":"location-photographic-gallery-hippolyte","11":"publisher-khaos-publishing","12":"years-435","14":"first","15":"outofstock","16":"taxable","17":"shipping-taxable","18":"product-type-simple"},"acf":[],"yoast_head":"<!-- This site is optimized with the Yoast SEO plugin v26.0 - https:\/\/yoast.com\/wordpress\/plugins\/seo\/ -->\n<title>Hilla Kurki: Almost All the Flowers in My Mother&#039;s Garden - Online shop for photographic art<\/title>\n<meta name=\"robots\" content=\"index, follow, max-snippet:-1, max-image-preview:large, max-video-preview:-1\" \/>\n<link rel=\"canonical\" href=\"https:\/\/shop.hippolyte.fi\/en\/product\/hilla-kurki-almost-all-the-flowers-in-my-mothers-garden\/\" \/>\n<meta property=\"og:locale\" content=\"en_US\" \/>\n<meta property=\"og:type\" content=\"article\" \/>\n<meta property=\"og:title\" content=\"Hilla Kurki: Almost All the Flowers in My Mother&#039;s Garden - Online shop for photographic art\" \/>\n<meta property=\"og:description\" content=\"Photographs: Hilla Kurki Graphic design: Samuli Saarinen Translations and text editing: Hilla Kurki, Dawn Davis (proofreading) Language: English Publisher: Khaos Publishing Released: 2. edition 2023 (1. edition 2022) Edition: 500 Printing: Printon AS, Tallinna Cover printing:\u00a0 2nd edition Vallilan risopaja, Tuukka Kaila \/ 1st edition Alex Walker, AGA Lab ISBN 978-952-68478-6-3\" \/>\n<meta property=\"og:url\" content=\"https:\/\/shop.hippolyte.fi\/en\/product\/hilla-kurki-almost-all-the-flowers-in-my-mothers-garden\/\" \/>\n<meta property=\"og:site_name\" content=\"Online shop for photographic art\" \/>\n<meta property=\"article:modified_time\" content=\"2025-11-06T09:49:59+00:00\" \/>\n<meta property=\"og:image\" content=\"https:\/\/shop.hippolyte.fi\/wp-content\/uploads\/2023\/03\/photo-2023-10-23-22-15-55-1.jpg\" \/>\n\t<meta property=\"og:image:width\" content=\"1600\" \/>\n\t<meta property=\"og:image:height\" content=\"1600\" \/>\n\t<meta property=\"og:image:type\" content=\"image\/jpeg\" \/>\n<meta name=\"twitter:card\" content=\"summary_large_image\" \/>\n<meta name=\"twitter:label1\" content=\"Est. reading time\" \/>\n\t<meta name=\"twitter:data1\" content=\"2 minutes\" \/>\n<script type=\"application\/ld+json\" class=\"yoast-schema-graph\">{\"@context\":\"https:\/\/schema.org\",\"@graph\":[{\"@type\":\"WebPage\",\"@id\":\"https:\/\/shop.hippolyte.fi\/en\/product\/hilla-kurki-almost-all-the-flowers-in-my-mothers-garden\/\",\"url\":\"https:\/\/shop.hippolyte.fi\/en\/product\/hilla-kurki-almost-all-the-flowers-in-my-mothers-garden\/\",\"name\":\"Hilla Kurki: Almost All the Flowers in My Mother's Garden - Online shop for photographic art\",\"isPartOf\":{\"@id\":\"https:\/\/shop.hippolyte.fi\/en\/#website\"},\"primaryImageOfPage\":{\"@id\":\"https:\/\/shop.hippolyte.fi\/en\/product\/hilla-kurki-almost-all-the-flowers-in-my-mothers-garden\/#primaryimage\"},\"image\":{\"@id\":\"https:\/\/shop.hippolyte.fi\/en\/product\/hilla-kurki-almost-all-the-flowers-in-my-mothers-garden\/#primaryimage\"},\"thumbnailUrl\":\"https:\/\/shop.hippolyte.fi\/wp-content\/uploads\/2023\/03\/photo-2023-10-23-22-15-55-1.jpg\",\"datePublished\":\"2023-03-15T14:36:22+00:00\",\"dateModified\":\"2025-11-06T09:49:59+00:00\",\"breadcrumb\":{\"@id\":\"https:\/\/shop.hippolyte.fi\/en\/product\/hilla-kurki-almost-all-the-flowers-in-my-mothers-garden\/#breadcrumb\"},\"inLanguage\":\"en-US\",\"potentialAction\":[{\"@type\":\"ReadAction\",\"target\":[\"https:\/\/shop.hippolyte.fi\/en\/product\/hilla-kurki-almost-all-the-flowers-in-my-mothers-garden\/\"]}]},{\"@type\":\"ImageObject\",\"inLanguage\":\"en-US\",\"@id\":\"https:\/\/shop.hippolyte.fi\/en\/product\/hilla-kurki-almost-all-the-flowers-in-my-mothers-garden\/#primaryimage\",\"url\":\"https:\/\/shop.hippolyte.fi\/wp-content\/uploads\/2023\/03\/photo-2023-10-23-22-15-55-1.jpg\",\"contentUrl\":\"https:\/\/shop.hippolyte.fi\/wp-content\/uploads\/2023\/03\/photo-2023-10-23-22-15-55-1.jpg\",\"width\":1600,\"height\":1600},{\"@type\":\"BreadcrumbList\",\"@id\":\"https:\/\/shop.hippolyte.fi\/en\/product\/hilla-kurki-almost-all-the-flowers-in-my-mothers-garden\/#breadcrumb\",\"itemListElement\":[{\"@type\":\"ListItem\",\"position\":1,\"name\":\"Etusivu\",\"item\":\"https:\/\/shop.hippolyte.fi\/en\/\"},{\"@type\":\"ListItem\",\"position\":2,\"name\":\"Shop\",\"item\":\"https:\/\/shop.hippolyte.fi\/en\/shop\/\"},{\"@type\":\"ListItem\",\"position\":3,\"name\":\"Hilla Kurki: Almost All the Flowers in My Mother&#8217;s Garden\"}]},{\"@type\":\"WebSite\",\"@id\":\"https:\/\/shop.hippolyte.fi\/en\/#website\",\"url\":\"https:\/\/shop.hippolyte.fi\/en\/\",\"name\":\"Online shop for photographic art\",\"description\":\"Verkkokaupassa myyd\u00e4\u00e4n teoksia ja valokuvataidekirjoja. OTOS-tapahtuman aikana my\u00f6s tapahtuman teoksia.\",\"potentialAction\":[{\"@type\":\"SearchAction\",\"target\":{\"@type\":\"EntryPoint\",\"urlTemplate\":\"https:\/\/shop.hippolyte.fi\/en\/?s={search_term_string}\"},\"query-input\":{\"@type\":\"PropertyValueSpecification\",\"valueRequired\":true,\"valueName\":\"search_term_string\"}}],\"inLanguage\":\"en-US\"}]}<\/script>\n<!-- \/ Yoast SEO plugin. -->","yoast_head_json":{"title":"Hilla Kurki: Almost All the Flowers in My Mother's Garden - Online shop for photographic art","robots":{"index":"index","follow":"follow","max-snippet":"max-snippet:-1","max-image-preview":"max-image-preview:large","max-video-preview":"max-video-preview:-1"},"canonical":"https:\/\/shop.hippolyte.fi\/en\/product\/hilla-kurki-almost-all-the-flowers-in-my-mothers-garden\/","og_locale":"en_US","og_type":"article","og_title":"Hilla Kurki: Almost All the Flowers in My Mother's Garden - Online shop for photographic art","og_description":"Photographs: Hilla Kurki Graphic design: Samuli Saarinen Translations and text editing: Hilla Kurki, Dawn Davis (proofreading) Language: English Publisher: Khaos Publishing Released: 2. edition 2023 (1. edition 2022) Edition: 500 Printing: Printon AS, Tallinna Cover printing:\u00a0 2nd edition Vallilan risopaja, Tuukka Kaila \/ 1st edition Alex Walker, AGA Lab ISBN 978-952-68478-6-3","og_url":"https:\/\/shop.hippolyte.fi\/en\/product\/hilla-kurki-almost-all-the-flowers-in-my-mothers-garden\/","og_site_name":"Online shop for photographic art","article_modified_time":"2025-11-06T09:49:59+00:00","og_image":[{"width":1600,"height":1600,"url":"https:\/\/shop.hippolyte.fi\/wp-content\/uploads\/2023\/03\/photo-2023-10-23-22-15-55-1.jpg","type":"image\/jpeg"}],"twitter_card":"summary_large_image","twitter_misc":{"Est. reading time":"2 minutes"},"schema":{"@context":"https:\/\/schema.org","@graph":[{"@type":"WebPage","@id":"https:\/\/shop.hippolyte.fi\/en\/product\/hilla-kurki-almost-all-the-flowers-in-my-mothers-garden\/","url":"https:\/\/shop.hippolyte.fi\/en\/product\/hilla-kurki-almost-all-the-flowers-in-my-mothers-garden\/","name":"Hilla Kurki: Almost All the Flowers in My Mother's Garden - Online shop for photographic art","isPartOf":{"@id":"https:\/\/shop.hippolyte.fi\/en\/#website"},"primaryImageOfPage":{"@id":"https:\/\/shop.hippolyte.fi\/en\/product\/hilla-kurki-almost-all-the-flowers-in-my-mothers-garden\/#primaryimage"},"image":{"@id":"https:\/\/shop.hippolyte.fi\/en\/product\/hilla-kurki-almost-all-the-flowers-in-my-mothers-garden\/#primaryimage"},"thumbnailUrl":"https:\/\/shop.hippolyte.fi\/wp-content\/uploads\/2023\/03\/photo-2023-10-23-22-15-55-1.jpg","datePublished":"2023-03-15T14:36:22+00:00","dateModified":"2025-11-06T09:49:59+00:00","breadcrumb":{"@id":"https:\/\/shop.hippolyte.fi\/en\/product\/hilla-kurki-almost-all-the-flowers-in-my-mothers-garden\/#breadcrumb"},"inLanguage":"en-US","potentialAction":[{"@type":"ReadAction","target":["https:\/\/shop.hippolyte.fi\/en\/product\/hilla-kurki-almost-all-the-flowers-in-my-mothers-garden\/"]}]},{"@type":"ImageObject","inLanguage":"en-US","@id":"https:\/\/shop.hippolyte.fi\/en\/product\/hilla-kurki-almost-all-the-flowers-in-my-mothers-garden\/#primaryimage","url":"https:\/\/shop.hippolyte.fi\/wp-content\/uploads\/2023\/03\/photo-2023-10-23-22-15-55-1.jpg","contentUrl":"https:\/\/shop.hippolyte.fi\/wp-content\/uploads\/2023\/03\/photo-2023-10-23-22-15-55-1.jpg","width":1600,"height":1600},{"@type":"BreadcrumbList","@id":"https:\/\/shop.hippolyte.fi\/en\/product\/hilla-kurki-almost-all-the-flowers-in-my-mothers-garden\/#breadcrumb","itemListElement":[{"@type":"ListItem","position":1,"name":"Etusivu","item":"https:\/\/shop.hippolyte.fi\/en\/"},{"@type":"ListItem","position":2,"name":"Shop","item":"https:\/\/shop.hippolyte.fi\/en\/shop\/"},{"@type":"ListItem","position":3,"name":"Hilla Kurki: Almost All the Flowers in My Mother&#8217;s Garden"}]},{"@type":"WebSite","@id":"https:\/\/shop.hippolyte.fi\/en\/#website","url":"https:\/\/shop.hippolyte.fi\/en\/","name":"Online shop for photographic art","description":"Verkkokaupassa myyd\u00e4\u00e4n teoksia ja valokuvataidekirjoja. OTOS-tapahtuman aikana my\u00f6s tapahtuman teoksia.","potentialAction":[{"@type":"SearchAction","target":{"@type":"EntryPoint","urlTemplate":"https:\/\/shop.hippolyte.fi\/en\/?s={search_term_string}"},"query-input":{"@type":"PropertyValueSpecification","valueRequired":true,"valueName":"search_term_string"}}],"inLanguage":"en-US"}]}},"_links":{"self":[{"href":"https:\/\/shop.hippolyte.fi\/en\/wp-json\/wp\/v2\/product\/1975","targetHints":{"allow":["GET"]}}],"collection":[{"href":"https:\/\/shop.hippolyte.fi\/en\/wp-json\/wp\/v2\/product"}],"about":[{"href":"https:\/\/shop.hippolyte.fi\/en\/wp-json\/wp\/v2\/types\/product"}],"wp:featuredmedia":[{"embeddable":true,"href":"https:\/\/shop.hippolyte.fi\/en\/wp-json\/wp\/v2\/media\/3601"}],"wp:attachment":[{"href":"https:\/\/shop.hippolyte.fi\/en\/wp-json\/wp\/v2\/media?parent=1975"}],"wp:term":[{"taxonomy":"product_brand","embeddable":true,"href":"https:\/\/shop.hippolyte.fi\/en\/wp-json\/wp\/v2\/product_brand?post=1975"},{"taxonomy":"product_cat","embeddable":true,"href":"https:\/\/shop.hippolyte.fi\/en\/wp-json\/wp\/v2\/product_cat?post=1975"},{"taxonomy":"product_tag","embeddable":true,"href":"https:\/\/shop.hippolyte.fi\/en\/wp-json\/wp\/v2\/product_tag?post=1975"},{"taxonomy":"artists","embeddable":true,"href":"https:\/\/shop.hippolyte.fi\/en\/wp-json\/wp\/v2\/artists?post=1975"},{"taxonomy":"location","embeddable":true,"href":"https:\/\/shop.hippolyte.fi\/en\/wp-json\/wp\/v2\/location?post=1975"},{"taxonomy":"publisher","embeddable":true,"href":"https:\/\/shop.hippolyte.fi\/en\/wp-json\/wp\/v2\/publisher?post=1975"},{"taxonomy":"years","embeddable":true,"href":"https:\/\/shop.hippolyte.fi\/en\/wp-json\/wp\/v2\/years?post=1975"}],"curies":[{"name":"wp","href":"https:\/\/api.w.org\/{rel}","templated":true}]}}