{"id":1979,"date":"2023-03-15T16:38:08","date_gmt":"2023-03-15T14:38:08","guid":{"rendered":"https:\/\/shop.hippolyte.fi\/?post_type=product&#038;p=1979"},"modified":"2025-11-06T11:49:59","modified_gmt":"2025-11-06T09:49:59","slug":"adele-hyry-chicken-legged-hunter-ladybug","status":"publish","type":"product","link":"https:\/\/shop.hippolyte.fi\/en\/product\/adele-hyry-chicken-legged-hunter-ladybug\/","title":{"rendered":"Adele Hyry: Chicken-Legged Hunter Ladybug"},"content":{"rendered":"<p>Adele Hyry&#8217;s artist book &#8216;Chicken-Legged Hunter Ladybug \u2013 Kananjalkainen Mets\u00e4st\u00e4j\u00e4 Lepp\u00e4kerttu&#8217; is an experimentally and poetically reconstructed collection of documentary photographs, text and sketches. The intimate and ephemeral photographs have been culled with a norm-critical eye from Hyry&#8217;s personal archive from 2002-2021 and structured into thematic chapters.<\/p>\n<p>Animal energy, gloominess and fun intertwine in photographs that are embodied messages from the nerves of time. In momentary and repetitive self-portraits and encounters with others, memories, stories and events are intermingled in streams of experience that test the boundaries of the real and the personal.<\/p>\n<p>Images that defy preconceived definitions and conventions humorously confound binary and aesthetic norms. At the thematic core are the dark side of the mind, consciousness and representation, as well as the emotional dimensions of communality and bystanderhood.<\/p>\n<p>The publication also includes an index of images and a text section, compiled from encounters conducted remotely during the book&#8217;s production process, in which the artist discusses their artistic process with curator Nimco Kulmiye Hussein, as well as the themes of the work and references to other authors and works. The publication is self-published with the support of the Arts Promotion Centre.<\/p>\n<p>\u201cAdele Hyry\u2019s photographs play with the intimate aspect of one\u2019s lifetime without pushing the visual expression to become relatable. Instead, the sharing of a reservoir, loaded with one\u2019s memories, is centred. Within the eight divisions, the poetic is met with a level of complexity.<\/p>\n<p>What could be seen at first as an auto-biography, becomes rather a polyphonic dialogue between multiple actors \u2013 the photographed (family, friends and lovers), the referenced (Francesca Woodman, Pipilotti Rist, Hiromix), and the photographer. The affective elements become unfeigned, non-chronological assemblages of yesterday, the present and the possibilities of tomorrow \u2013 an exploration of the \u2018elsewheres\u2019.\u201d Nimco Kulmiye Hussein<\/p>\n","protected":false},"excerpt":{"rendered":"<p>Photographs: Adele Hyry<br \/>\nGraphic design: Adele Hyry<br \/>\nTexts: Adele Hyry, Nimco Kulmiye Hussei<br \/>\nTranslations and proofreading: Adele Hyry, Hilla K\u00f6rkk\u00f6, Inari Nikkanen, Emma Thomas<br \/>\nLanguage: Finnish, English<br \/>\nRetouching and grading: Adele Hyry<br \/>\nPublished: Author&#8217;s edition<br \/>\nReleased: December 2022<br \/>\nEdition: 300<br \/>\nPrinting: Jelgavas Tipografija, Latvia<br \/>\nISBN 978-952-94-7080-8<\/p>\n","protected":false},"featured_media":1978,"template":"","meta":{"_acf_changed":false},"product_brand":[],"product_cat":[45,409,454],"product_tag":[],"artists":[],"location":[55],"publisher":[411],"years":[435],"class_list":{"0":"post-1979","1":"product","2":"type-product","3":"status-publish","4":"has-post-thumbnail","6":"product_cat-bookshop","7":"product_cat-artist-books","8":"product_cat-photobook-awards","9":"product_shipping_class-posti-xxs-max-3-x-25-x-35-cm-2kg","10":"location-photographic-gallery-hippolyte","11":"publisher-itsejulkaistu","12":"years-435","14":"first","15":"instock","16":"taxable","17":"shipping-taxable","18":"purchasable","19":"product-type-simple"},"acf":[],"yoast_head":"<!-- This site is optimized with the Yoast SEO plugin v26.0 - https:\/\/yoast.com\/wordpress\/plugins\/seo\/ -->\n<title>Adele Hyry: Chicken-Legged Hunter Ladybug - Online shop for photographic art<\/title>\n<meta name=\"robots\" content=\"index, follow, max-snippet:-1, max-image-preview:large, max-video-preview:-1\" \/>\n<link rel=\"canonical\" href=\"https:\/\/shop.hippolyte.fi\/en\/product\/adele-hyry-chicken-legged-hunter-ladybug\/\" \/>\n<meta property=\"og:locale\" content=\"en_US\" \/>\n<meta property=\"og:type\" content=\"article\" \/>\n<meta property=\"og:title\" content=\"Adele Hyry: Chicken-Legged Hunter Ladybug - Online shop for photographic art\" \/>\n<meta property=\"og:description\" content=\"Photographs: Adele Hyry Graphic design: Adele Hyry Texts: Adele Hyry, Nimco Kulmiye Hussei Translations and proofreading: Adele Hyry, Hilla K\u00f6rkk\u00f6, Inari Nikkanen, Emma Thomas Language: Finnish, English Retouching and grading: Adele Hyry Published: Author&#039;s edition Released: December 2022 Edition: 300 Printing: Jelgavas Tipografija, Latvia ISBN 978-952-94-7080-8\" \/>\n<meta property=\"og:url\" content=\"https:\/\/shop.hippolyte.fi\/en\/product\/adele-hyry-chicken-legged-hunter-ladybug\/\" \/>\n<meta property=\"og:site_name\" content=\"Online shop for photographic art\" \/>\n<meta property=\"article:modified_time\" content=\"2025-11-06T09:49:59+00:00\" \/>\n<meta property=\"og:image\" content=\"https:\/\/shop.hippolyte.fi\/wp-content\/uploads\/2023\/03\/kirjapalkinto22-l8a9797-scaled.jpg\" \/>\n\t<meta property=\"og:image:width\" content=\"2560\" \/>\n\t<meta property=\"og:image:height\" content=\"1707\" \/>\n\t<meta property=\"og:image:type\" content=\"image\/jpeg\" \/>\n<meta name=\"twitter:card\" content=\"summary_large_image\" \/>\n<meta name=\"twitter:label1\" content=\"Est. reading time\" \/>\n\t<meta name=\"twitter:data1\" content=\"2 minutes\" \/>\n<script type=\"application\/ld+json\" class=\"yoast-schema-graph\">{\"@context\":\"https:\/\/schema.org\",\"@graph\":[{\"@type\":\"WebPage\",\"@id\":\"https:\/\/shop.hippolyte.fi\/en\/product\/adele-hyry-chicken-legged-hunter-ladybug\/\",\"url\":\"https:\/\/shop.hippolyte.fi\/en\/product\/adele-hyry-chicken-legged-hunter-ladybug\/\",\"name\":\"Adele Hyry: Chicken-Legged Hunter Ladybug - Online shop for photographic art\",\"isPartOf\":{\"@id\":\"https:\/\/shop.hippolyte.fi\/en\/#website\"},\"primaryImageOfPage\":{\"@id\":\"https:\/\/shop.hippolyte.fi\/en\/product\/adele-hyry-chicken-legged-hunter-ladybug\/#primaryimage\"},\"image\":{\"@id\":\"https:\/\/shop.hippolyte.fi\/en\/product\/adele-hyry-chicken-legged-hunter-ladybug\/#primaryimage\"},\"thumbnailUrl\":\"https:\/\/shop.hippolyte.fi\/wp-content\/uploads\/2023\/03\/kirjapalkinto22-l8a9797-scaled.jpg\",\"datePublished\":\"2023-03-15T14:38:08+00:00\",\"dateModified\":\"2025-11-06T09:49:59+00:00\",\"breadcrumb\":{\"@id\":\"https:\/\/shop.hippolyte.fi\/en\/product\/adele-hyry-chicken-legged-hunter-ladybug\/#breadcrumb\"},\"inLanguage\":\"en-US\",\"potentialAction\":[{\"@type\":\"ReadAction\",\"target\":[\"https:\/\/shop.hippolyte.fi\/en\/product\/adele-hyry-chicken-legged-hunter-ladybug\/\"]}]},{\"@type\":\"ImageObject\",\"inLanguage\":\"en-US\",\"@id\":\"https:\/\/shop.hippolyte.fi\/en\/product\/adele-hyry-chicken-legged-hunter-ladybug\/#primaryimage\",\"url\":\"https:\/\/shop.hippolyte.fi\/wp-content\/uploads\/2023\/03\/kirjapalkinto22-l8a9797-scaled.jpg\",\"contentUrl\":\"https:\/\/shop.hippolyte.fi\/wp-content\/uploads\/2023\/03\/kirjapalkinto22-l8a9797-scaled.jpg\",\"width\":2560,\"height\":1707},{\"@type\":\"BreadcrumbList\",\"@id\":\"https:\/\/shop.hippolyte.fi\/en\/product\/adele-hyry-chicken-legged-hunter-ladybug\/#breadcrumb\",\"itemListElement\":[{\"@type\":\"ListItem\",\"position\":1,\"name\":\"Etusivu\",\"item\":\"https:\/\/shop.hippolyte.fi\/en\/\"},{\"@type\":\"ListItem\",\"position\":2,\"name\":\"Shop\",\"item\":\"https:\/\/shop.hippolyte.fi\/en\/shop\/\"},{\"@type\":\"ListItem\",\"position\":3,\"name\":\"Adele Hyry: Chicken-Legged Hunter Ladybug\"}]},{\"@type\":\"WebSite\",\"@id\":\"https:\/\/shop.hippolyte.fi\/en\/#website\",\"url\":\"https:\/\/shop.hippolyte.fi\/en\/\",\"name\":\"Online shop for photographic art\",\"description\":\"Verkkokaupassa myyd\u00e4\u00e4n teoksia ja valokuvataidekirjoja. OTOS-tapahtuman aikana my\u00f6s tapahtuman teoksia.\",\"potentialAction\":[{\"@type\":\"SearchAction\",\"target\":{\"@type\":\"EntryPoint\",\"urlTemplate\":\"https:\/\/shop.hippolyte.fi\/en\/?s={search_term_string}\"},\"query-input\":{\"@type\":\"PropertyValueSpecification\",\"valueRequired\":true,\"valueName\":\"search_term_string\"}}],\"inLanguage\":\"en-US\"}]}<\/script>\n<!-- \/ Yoast SEO plugin. -->","yoast_head_json":{"title":"Adele Hyry: Chicken-Legged Hunter Ladybug - Online shop for photographic art","robots":{"index":"index","follow":"follow","max-snippet":"max-snippet:-1","max-image-preview":"max-image-preview:large","max-video-preview":"max-video-preview:-1"},"canonical":"https:\/\/shop.hippolyte.fi\/en\/product\/adele-hyry-chicken-legged-hunter-ladybug\/","og_locale":"en_US","og_type":"article","og_title":"Adele Hyry: Chicken-Legged Hunter Ladybug - Online shop for photographic art","og_description":"Photographs: Adele Hyry Graphic design: Adele Hyry Texts: Adele Hyry, Nimco Kulmiye Hussei Translations and proofreading: Adele Hyry, Hilla K\u00f6rkk\u00f6, Inari Nikkanen, Emma Thomas Language: Finnish, English Retouching and grading: Adele Hyry Published: Author's edition Released: December 2022 Edition: 300 Printing: Jelgavas Tipografija, Latvia ISBN 978-952-94-7080-8","og_url":"https:\/\/shop.hippolyte.fi\/en\/product\/adele-hyry-chicken-legged-hunter-ladybug\/","og_site_name":"Online shop for photographic art","article_modified_time":"2025-11-06T09:49:59+00:00","og_image":[{"width":2560,"height":1707,"url":"https:\/\/shop.hippolyte.fi\/wp-content\/uploads\/2023\/03\/kirjapalkinto22-l8a9797-scaled.jpg","type":"image\/jpeg"}],"twitter_card":"summary_large_image","twitter_misc":{"Est. reading time":"2 minutes"},"schema":{"@context":"https:\/\/schema.org","@graph":[{"@type":"WebPage","@id":"https:\/\/shop.hippolyte.fi\/en\/product\/adele-hyry-chicken-legged-hunter-ladybug\/","url":"https:\/\/shop.hippolyte.fi\/en\/product\/adele-hyry-chicken-legged-hunter-ladybug\/","name":"Adele Hyry: Chicken-Legged Hunter Ladybug - Online shop for photographic art","isPartOf":{"@id":"https:\/\/shop.hippolyte.fi\/en\/#website"},"primaryImageOfPage":{"@id":"https:\/\/shop.hippolyte.fi\/en\/product\/adele-hyry-chicken-legged-hunter-ladybug\/#primaryimage"},"image":{"@id":"https:\/\/shop.hippolyte.fi\/en\/product\/adele-hyry-chicken-legged-hunter-ladybug\/#primaryimage"},"thumbnailUrl":"https:\/\/shop.hippolyte.fi\/wp-content\/uploads\/2023\/03\/kirjapalkinto22-l8a9797-scaled.jpg","datePublished":"2023-03-15T14:38:08+00:00","dateModified":"2025-11-06T09:49:59+00:00","breadcrumb":{"@id":"https:\/\/shop.hippolyte.fi\/en\/product\/adele-hyry-chicken-legged-hunter-ladybug\/#breadcrumb"},"inLanguage":"en-US","potentialAction":[{"@type":"ReadAction","target":["https:\/\/shop.hippolyte.fi\/en\/product\/adele-hyry-chicken-legged-hunter-ladybug\/"]}]},{"@type":"ImageObject","inLanguage":"en-US","@id":"https:\/\/shop.hippolyte.fi\/en\/product\/adele-hyry-chicken-legged-hunter-ladybug\/#primaryimage","url":"https:\/\/shop.hippolyte.fi\/wp-content\/uploads\/2023\/03\/kirjapalkinto22-l8a9797-scaled.jpg","contentUrl":"https:\/\/shop.hippolyte.fi\/wp-content\/uploads\/2023\/03\/kirjapalkinto22-l8a9797-scaled.jpg","width":2560,"height":1707},{"@type":"BreadcrumbList","@id":"https:\/\/shop.hippolyte.fi\/en\/product\/adele-hyry-chicken-legged-hunter-ladybug\/#breadcrumb","itemListElement":[{"@type":"ListItem","position":1,"name":"Etusivu","item":"https:\/\/shop.hippolyte.fi\/en\/"},{"@type":"ListItem","position":2,"name":"Shop","item":"https:\/\/shop.hippolyte.fi\/en\/shop\/"},{"@type":"ListItem","position":3,"name":"Adele Hyry: Chicken-Legged Hunter Ladybug"}]},{"@type":"WebSite","@id":"https:\/\/shop.hippolyte.fi\/en\/#website","url":"https:\/\/shop.hippolyte.fi\/en\/","name":"Online shop for photographic art","description":"Verkkokaupassa myyd\u00e4\u00e4n teoksia ja valokuvataidekirjoja. OTOS-tapahtuman aikana my\u00f6s tapahtuman teoksia.","potentialAction":[{"@type":"SearchAction","target":{"@type":"EntryPoint","urlTemplate":"https:\/\/shop.hippolyte.fi\/en\/?s={search_term_string}"},"query-input":{"@type":"PropertyValueSpecification","valueRequired":true,"valueName":"search_term_string"}}],"inLanguage":"en-US"}]}},"_links":{"self":[{"href":"https:\/\/shop.hippolyte.fi\/en\/wp-json\/wp\/v2\/product\/1979","targetHints":{"allow":["GET"]}}],"collection":[{"href":"https:\/\/shop.hippolyte.fi\/en\/wp-json\/wp\/v2\/product"}],"about":[{"href":"https:\/\/shop.hippolyte.fi\/en\/wp-json\/wp\/v2\/types\/product"}],"wp:featuredmedia":[{"embeddable":true,"href":"https:\/\/shop.hippolyte.fi\/en\/wp-json\/wp\/v2\/media\/1978"}],"wp:attachment":[{"href":"https:\/\/shop.hippolyte.fi\/en\/wp-json\/wp\/v2\/media?parent=1979"}],"wp:term":[{"taxonomy":"product_brand","embeddable":true,"href":"https:\/\/shop.hippolyte.fi\/en\/wp-json\/wp\/v2\/product_brand?post=1979"},{"taxonomy":"product_cat","embeddable":true,"href":"https:\/\/shop.hippolyte.fi\/en\/wp-json\/wp\/v2\/product_cat?post=1979"},{"taxonomy":"product_tag","embeddable":true,"href":"https:\/\/shop.hippolyte.fi\/en\/wp-json\/wp\/v2\/product_tag?post=1979"},{"taxonomy":"artists","embeddable":true,"href":"https:\/\/shop.hippolyte.fi\/en\/wp-json\/wp\/v2\/artists?post=1979"},{"taxonomy":"location","embeddable":true,"href":"https:\/\/shop.hippolyte.fi\/en\/wp-json\/wp\/v2\/location?post=1979"},{"taxonomy":"publisher","embeddable":true,"href":"https:\/\/shop.hippolyte.fi\/en\/wp-json\/wp\/v2\/publisher?post=1979"},{"taxonomy":"years","embeddable":true,"href":"https:\/\/shop.hippolyte.fi\/en\/wp-json\/wp\/v2\/years?post=1979"}],"curies":[{"name":"wp","href":"https:\/\/api.w.org\/{rel}","templated":true}]}}