{"id":1993,"date":"2023-03-15T16:49:26","date_gmt":"2023-03-15T14:49:26","guid":{"rendered":"https:\/\/shop.hippolyte.fi\/?post_type=product&#038;p=1993"},"modified":"2025-11-06T11:49:58","modified_gmt":"2025-11-06T09:49:58","slug":"henrik-malmstrom","status":"publish","type":"product","link":"https:\/\/shop.hippolyte.fi\/en\/product\/henrik-malmstrom\/","title":{"rendered":"Henrik Malmstr\u00f6m:"},"content":{"rendered":"<p>Before the arrival of Christianity, Finland still possessed a vast mythological tradition, its own way of explaining the world, how the world was created and how it functions, a communal identity, dating back thousands of years.<\/p>\n<p>In 2012 Henrik Malmstr\u00f6m arrived in the region of Kainuu \u2014the cradle of the Finnish national epic\u2014 with the intention of illustrating this mythology with images. Once on spot, he was disappointed: \u201cThis region is now among the poorest in the country. The ancient culture no longer exists.\u201d He stayed, however, near the Paljakka Strict Nature Reserve, to photograph the old-growth forest growing there. During this time, Malmstr\u00f6m\u2019s attention was drawn to minor news items published in the local newspaper, about \u201cthings that happen in the region, around this forest. Tragicomic and violent events, that were in a way very characteristic of Finland and of small Finnish localities.\u201d<\/p>\n<p>In their strikingness and crudeness, Malmstr\u00f6m\u2019s photographs of the forest resemble the short news items: \u201cFor me, the violence and the forest are in resonance.\u201d Unknowingly, Malmstr\u00f6m assembles a modern and peculiar account of today\u2019s Finland \u2014a Finland that will also be lost in the course of time\u2014 in an era when we must learn to not believe everything we see.<\/p>\n","protected":false},"excerpt":{"rendered":"<p>Photographs and concepts: Henrik Malmstr\u00f6m<br \/>\nGraphic design: Ricardo Ba\u00e9z<br \/>\nTexts: Paavo J\u00e4rvensivu, L.E.G. and Tero Toivanen<br \/>\nTranslations: Eeva Talvikallio<br \/>\nLanguage: Finnish, English<br \/>\nRetouching: Bob Lightowler<br \/>\nPublisher: Pseudo Editions<br \/>\nReleased: September 2022<br \/>\nEdition: 210<br \/>\nPrinting: Printon AS, Tallinna<br \/>\nISBN 978-952-94-6116-5<\/p>\n","protected":false},"featured_media":1990,"template":"","meta":{"_acf_changed":false},"product_brand":[],"product_cat":[45,409,454],"product_tag":[],"artists":[219],"location":[55],"publisher":[443],"years":[435],"class_list":{"0":"post-1993","1":"product","2":"type-product","3":"status-publish","4":"has-post-thumbnail","6":"product_cat-bookshop","7":"product_cat-artist-books","8":"product_cat-photobook-awards","9":"product_shipping_class-posti-xxs-max-3-x-25-x-35-cm-2kg","10":"artists-henrik-malmstrom","11":"location-photographic-gallery-hippolyte","12":"publisher-pseudo-editions","13":"years-435","15":"first","16":"instock","17":"taxable","18":"shipping-taxable","19":"purchasable","20":"product-type-simple"},"acf":[],"yoast_head":"<!-- This site is optimized with the Yoast SEO plugin v26.0 - https:\/\/yoast.com\/wordpress\/plugins\/seo\/ -->\n<title>Henrik Malmstr\u00f6m: - Online shop for photographic art<\/title>\n<meta name=\"robots\" content=\"index, follow, max-snippet:-1, max-image-preview:large, max-video-preview:-1\" \/>\n<link rel=\"canonical\" href=\"https:\/\/shop.hippolyte.fi\/en\/product\/henrik-malmstrom\/\" \/>\n<meta property=\"og:locale\" content=\"en_US\" \/>\n<meta property=\"og:type\" content=\"article\" \/>\n<meta property=\"og:title\" content=\"Henrik Malmstr\u00f6m: - Online shop for photographic art\" \/>\n<meta property=\"og:description\" content=\"Photographs and concepts: Henrik Malmstr\u00f6m Graphic design: Ricardo Ba\u00e9z Texts: Paavo J\u00e4rvensivu, L.E.G. and Tero Toivanen Translations: Eeva Talvikallio Language: Finnish, English Retouching: Bob Lightowler Publisher: Pseudo Editions Released: September 2022 Edition: 210 Printing: Printon AS, Tallinna ISBN 978-952-94-6116-5\" \/>\n<meta property=\"og:url\" content=\"https:\/\/shop.hippolyte.fi\/en\/product\/henrik-malmstrom\/\" \/>\n<meta property=\"og:site_name\" content=\"Online shop for photographic art\" \/>\n<meta property=\"article:modified_time\" content=\"2025-11-06T09:49:58+00:00\" \/>\n<meta property=\"og:image\" content=\"https:\/\/shop.hippolyte.fi\/wp-content\/uploads\/2023\/03\/kirjapalkinto22-l8a9800-scaled.jpg\" \/>\n\t<meta property=\"og:image:width\" content=\"2560\" \/>\n\t<meta property=\"og:image:height\" content=\"1707\" \/>\n\t<meta property=\"og:image:type\" content=\"image\/jpeg\" \/>\n<meta name=\"twitter:card\" content=\"summary_large_image\" \/>\n<meta name=\"twitter:label1\" content=\"Est. reading time\" \/>\n\t<meta name=\"twitter:data1\" content=\"2 minutes\" \/>\n<script type=\"application\/ld+json\" class=\"yoast-schema-graph\">{\"@context\":\"https:\/\/schema.org\",\"@graph\":[{\"@type\":\"WebPage\",\"@id\":\"https:\/\/shop.hippolyte.fi\/en\/product\/henrik-malmstrom\/\",\"url\":\"https:\/\/shop.hippolyte.fi\/en\/product\/henrik-malmstrom\/\",\"name\":\"Henrik Malmstr\u00f6m: - Online shop for photographic art\",\"isPartOf\":{\"@id\":\"https:\/\/shop.hippolyte.fi\/en\/#website\"},\"primaryImageOfPage\":{\"@id\":\"https:\/\/shop.hippolyte.fi\/en\/product\/henrik-malmstrom\/#primaryimage\"},\"image\":{\"@id\":\"https:\/\/shop.hippolyte.fi\/en\/product\/henrik-malmstrom\/#primaryimage\"},\"thumbnailUrl\":\"https:\/\/shop.hippolyte.fi\/wp-content\/uploads\/2023\/03\/kirjapalkinto22-l8a9800-scaled.jpg\",\"datePublished\":\"2023-03-15T14:49:26+00:00\",\"dateModified\":\"2025-11-06T09:49:58+00:00\",\"breadcrumb\":{\"@id\":\"https:\/\/shop.hippolyte.fi\/en\/product\/henrik-malmstrom\/#breadcrumb\"},\"inLanguage\":\"en-US\",\"potentialAction\":[{\"@type\":\"ReadAction\",\"target\":[\"https:\/\/shop.hippolyte.fi\/en\/product\/henrik-malmstrom\/\"]}]},{\"@type\":\"ImageObject\",\"inLanguage\":\"en-US\",\"@id\":\"https:\/\/shop.hippolyte.fi\/en\/product\/henrik-malmstrom\/#primaryimage\",\"url\":\"https:\/\/shop.hippolyte.fi\/wp-content\/uploads\/2023\/03\/kirjapalkinto22-l8a9800-scaled.jpg\",\"contentUrl\":\"https:\/\/shop.hippolyte.fi\/wp-content\/uploads\/2023\/03\/kirjapalkinto22-l8a9800-scaled.jpg\",\"width\":2560,\"height\":1707},{\"@type\":\"BreadcrumbList\",\"@id\":\"https:\/\/shop.hippolyte.fi\/en\/product\/henrik-malmstrom\/#breadcrumb\",\"itemListElement\":[{\"@type\":\"ListItem\",\"position\":1,\"name\":\"Etusivu\",\"item\":\"https:\/\/shop.hippolyte.fi\/en\/\"},{\"@type\":\"ListItem\",\"position\":2,\"name\":\"Shop\",\"item\":\"https:\/\/shop.hippolyte.fi\/en\/shop\/\"},{\"@type\":\"ListItem\",\"position\":3,\"name\":\"Henrik Malmstr\u00f6m:\"}]},{\"@type\":\"WebSite\",\"@id\":\"https:\/\/shop.hippolyte.fi\/en\/#website\",\"url\":\"https:\/\/shop.hippolyte.fi\/en\/\",\"name\":\"Online shop for photographic art\",\"description\":\"Verkkokaupassa myyd\u00e4\u00e4n teoksia ja valokuvataidekirjoja. OTOS-tapahtuman aikana my\u00f6s tapahtuman teoksia.\",\"potentialAction\":[{\"@type\":\"SearchAction\",\"target\":{\"@type\":\"EntryPoint\",\"urlTemplate\":\"https:\/\/shop.hippolyte.fi\/en\/?s={search_term_string}\"},\"query-input\":{\"@type\":\"PropertyValueSpecification\",\"valueRequired\":true,\"valueName\":\"search_term_string\"}}],\"inLanguage\":\"en-US\"}]}<\/script>\n<!-- \/ Yoast SEO plugin. -->","yoast_head_json":{"title":"Henrik Malmstr\u00f6m: - Online shop for photographic art","robots":{"index":"index","follow":"follow","max-snippet":"max-snippet:-1","max-image-preview":"max-image-preview:large","max-video-preview":"max-video-preview:-1"},"canonical":"https:\/\/shop.hippolyte.fi\/en\/product\/henrik-malmstrom\/","og_locale":"en_US","og_type":"article","og_title":"Henrik Malmstr\u00f6m: - Online shop for photographic art","og_description":"Photographs and concepts: Henrik Malmstr\u00f6m Graphic design: Ricardo Ba\u00e9z Texts: Paavo J\u00e4rvensivu, L.E.G. and Tero Toivanen Translations: Eeva Talvikallio Language: Finnish, English Retouching: Bob Lightowler Publisher: Pseudo Editions Released: September 2022 Edition: 210 Printing: Printon AS, Tallinna ISBN 978-952-94-6116-5","og_url":"https:\/\/shop.hippolyte.fi\/en\/product\/henrik-malmstrom\/","og_site_name":"Online shop for photographic art","article_modified_time":"2025-11-06T09:49:58+00:00","og_image":[{"width":2560,"height":1707,"url":"https:\/\/shop.hippolyte.fi\/wp-content\/uploads\/2023\/03\/kirjapalkinto22-l8a9800-scaled.jpg","type":"image\/jpeg"}],"twitter_card":"summary_large_image","twitter_misc":{"Est. reading time":"2 minutes"},"schema":{"@context":"https:\/\/schema.org","@graph":[{"@type":"WebPage","@id":"https:\/\/shop.hippolyte.fi\/en\/product\/henrik-malmstrom\/","url":"https:\/\/shop.hippolyte.fi\/en\/product\/henrik-malmstrom\/","name":"Henrik Malmstr\u00f6m: - Online shop for photographic art","isPartOf":{"@id":"https:\/\/shop.hippolyte.fi\/en\/#website"},"primaryImageOfPage":{"@id":"https:\/\/shop.hippolyte.fi\/en\/product\/henrik-malmstrom\/#primaryimage"},"image":{"@id":"https:\/\/shop.hippolyte.fi\/en\/product\/henrik-malmstrom\/#primaryimage"},"thumbnailUrl":"https:\/\/shop.hippolyte.fi\/wp-content\/uploads\/2023\/03\/kirjapalkinto22-l8a9800-scaled.jpg","datePublished":"2023-03-15T14:49:26+00:00","dateModified":"2025-11-06T09:49:58+00:00","breadcrumb":{"@id":"https:\/\/shop.hippolyte.fi\/en\/product\/henrik-malmstrom\/#breadcrumb"},"inLanguage":"en-US","potentialAction":[{"@type":"ReadAction","target":["https:\/\/shop.hippolyte.fi\/en\/product\/henrik-malmstrom\/"]}]},{"@type":"ImageObject","inLanguage":"en-US","@id":"https:\/\/shop.hippolyte.fi\/en\/product\/henrik-malmstrom\/#primaryimage","url":"https:\/\/shop.hippolyte.fi\/wp-content\/uploads\/2023\/03\/kirjapalkinto22-l8a9800-scaled.jpg","contentUrl":"https:\/\/shop.hippolyte.fi\/wp-content\/uploads\/2023\/03\/kirjapalkinto22-l8a9800-scaled.jpg","width":2560,"height":1707},{"@type":"BreadcrumbList","@id":"https:\/\/shop.hippolyte.fi\/en\/product\/henrik-malmstrom\/#breadcrumb","itemListElement":[{"@type":"ListItem","position":1,"name":"Etusivu","item":"https:\/\/shop.hippolyte.fi\/en\/"},{"@type":"ListItem","position":2,"name":"Shop","item":"https:\/\/shop.hippolyte.fi\/en\/shop\/"},{"@type":"ListItem","position":3,"name":"Henrik Malmstr\u00f6m:"}]},{"@type":"WebSite","@id":"https:\/\/shop.hippolyte.fi\/en\/#website","url":"https:\/\/shop.hippolyte.fi\/en\/","name":"Online shop for photographic art","description":"Verkkokaupassa myyd\u00e4\u00e4n teoksia ja valokuvataidekirjoja. OTOS-tapahtuman aikana my\u00f6s tapahtuman teoksia.","potentialAction":[{"@type":"SearchAction","target":{"@type":"EntryPoint","urlTemplate":"https:\/\/shop.hippolyte.fi\/en\/?s={search_term_string}"},"query-input":{"@type":"PropertyValueSpecification","valueRequired":true,"valueName":"search_term_string"}}],"inLanguage":"en-US"}]}},"_links":{"self":[{"href":"https:\/\/shop.hippolyte.fi\/en\/wp-json\/wp\/v2\/product\/1993","targetHints":{"allow":["GET"]}}],"collection":[{"href":"https:\/\/shop.hippolyte.fi\/en\/wp-json\/wp\/v2\/product"}],"about":[{"href":"https:\/\/shop.hippolyte.fi\/en\/wp-json\/wp\/v2\/types\/product"}],"wp:featuredmedia":[{"embeddable":true,"href":"https:\/\/shop.hippolyte.fi\/en\/wp-json\/wp\/v2\/media\/1990"}],"wp:attachment":[{"href":"https:\/\/shop.hippolyte.fi\/en\/wp-json\/wp\/v2\/media?parent=1993"}],"wp:term":[{"taxonomy":"product_brand","embeddable":true,"href":"https:\/\/shop.hippolyte.fi\/en\/wp-json\/wp\/v2\/product_brand?post=1993"},{"taxonomy":"product_cat","embeddable":true,"href":"https:\/\/shop.hippolyte.fi\/en\/wp-json\/wp\/v2\/product_cat?post=1993"},{"taxonomy":"product_tag","embeddable":true,"href":"https:\/\/shop.hippolyte.fi\/en\/wp-json\/wp\/v2\/product_tag?post=1993"},{"taxonomy":"artists","embeddable":true,"href":"https:\/\/shop.hippolyte.fi\/en\/wp-json\/wp\/v2\/artists?post=1993"},{"taxonomy":"location","embeddable":true,"href":"https:\/\/shop.hippolyte.fi\/en\/wp-json\/wp\/v2\/location?post=1993"},{"taxonomy":"publisher","embeddable":true,"href":"https:\/\/shop.hippolyte.fi\/en\/wp-json\/wp\/v2\/publisher?post=1993"},{"taxonomy":"years","embeddable":true,"href":"https:\/\/shop.hippolyte.fi\/en\/wp-json\/wp\/v2\/years?post=1993"}],"curies":[{"name":"wp","href":"https:\/\/api.w.org\/{rel}","templated":true}]}}