{"id":1994,"date":"2023-03-15T16:46:46","date_gmt":"2023-03-15T14:46:46","guid":{"rendered":"https:\/\/shop.hippolyte.fi\/?post_type=product&#038;p=1994"},"modified":"2025-11-06T11:49:59","modified_gmt":"2025-11-06T09:49:59","slug":"tekla-inari-ida-uphill","status":"publish","type":"product","link":"https:\/\/shop.hippolyte.fi\/en\/product\/tekla-inari-ida-uphill\/","title":{"rendered":"Tekla Inari: Ida Uphill"},"content":{"rendered":"<p>&#8220;Ida Uphill&#8221; is Tekla Inari&#8217;s third photographic work in a book form. It elaborates the same crucial themes as the author&#8217;s two previous books, &#8220;Legacy (Musta taide 2015) and &#8220;Blue Years&#8221; (Kosmos 2017). In particular, Helsinki scenery and a viewpoint of the &#8220;creative precariat&#8221; (to which &#8220;Ida Uphill&#8221; is also dedicated) form common ground. The relationship and juxtapositioning of text and images is close-knit and intense. Writing has a central place in Inari&#8217;s book; she is a rare example of an artist who masters two mediums.<\/p>\n<p>Psychological sensitivity, bleak social realism, and a strong effort not to filter or embellish reality in any soothing way are Tekla Inari&#8217;s recurrent &#8220;trademarks&#8221;.<\/p>\n<p>The present work is, however, almost epic in its dimensions: the book, designed by the author in collaboration with Jaakko Suomalainen, has over 400 unnumbered pages. Additionally, the narrative strategy is prominently fictive: you can actually read &#8220;Ida Uphill&#8221; like a novel. Texts and images form a complex collage that gives a detailed, thorough and unfiltered view into the world of a young woman in Helsinki, her thoughts and feelings, dreams, and everyday routine. Inari herself describes her work as a &#8220;documentary fiction&#8221;.<\/p>\n<p>Ida Uphill is the book&#8217;s protagonist, whose experience of poverty, ailing mental health, capitalism and power, but also beauty, yearning, dreams and art are mapped sympathetically, without any intellectual or emotional distancing. The reader will not see Ida&#8217;s face. In the book, not many people at all are shown. All we are left is a comprehensive literary and visual study of Ida&#8217;s lonely and pressured world.<\/p>\n<p>The book has an English parallel text, translated by Kasper Salonen.<\/p>\n","protected":false},"excerpt":{"rendered":"<p>Photographs: Tekla Inari<br \/>\nGraphic design: Jaakko Suomalainen<br \/>\nTexts: Tekla Inari<br \/>\nTranslations: Kasper Salonen<br \/>\nLanguage: Finnish, English<br \/>\nRetouching and scanning: Petri Kuokka, Aarnipaja, Helsinki<br \/>\nPublisher: Bokeh<br \/>\nReleased: October 2022<br \/>\nEdition: 400<br \/>\nPrinting: Jelgavas Tipografija, Latvia<br \/>\nISBN 978-952-7501-01-6<\/p>\n","protected":false},"featured_media":1992,"template":"","meta":{"_acf_changed":false},"product_brand":[],"product_cat":[45,409,454],"product_tag":[],"artists":[],"location":[55],"publisher":[440],"years":[435],"class_list":{"0":"post-1994","1":"product","2":"type-product","3":"status-publish","4":"has-post-thumbnail","6":"product_cat-bookshop","7":"product_cat-artist-books","8":"product_cat-photobook-awards","9":"product_shipping_class-posti-xxs-max-3-x-25-x-35-cm-2kg","10":"location-photographic-gallery-hippolyte","11":"publisher-bokeh","12":"years-435","14":"first","15":"instock","16":"taxable","17":"shipping-taxable","18":"purchasable","19":"product-type-simple"},"acf":[],"yoast_head":"<!-- This site is optimized with the Yoast SEO plugin v26.0 - https:\/\/yoast.com\/wordpress\/plugins\/seo\/ -->\n<title>Tekla Inari: Ida Uphill - Online shop for photographic art<\/title>\n<meta name=\"robots\" content=\"index, follow, max-snippet:-1, max-image-preview:large, max-video-preview:-1\" \/>\n<link rel=\"canonical\" href=\"https:\/\/shop.hippolyte.fi\/en\/product\/tekla-inari-ida-uphill\/\" \/>\n<meta property=\"og:locale\" content=\"en_US\" \/>\n<meta property=\"og:type\" content=\"article\" \/>\n<meta property=\"og:title\" content=\"Tekla Inari: Ida Uphill - Online shop for photographic art\" \/>\n<meta property=\"og:description\" content=\"Photographs: Tekla Inari Graphic design: Jaakko Suomalainen Texts: Tekla Inari Translations: Kasper Salonen Language: Finnish, English Retouching and scanning: Petri Kuokka, Aarnipaja, Helsinki Publisher: Bokeh Released: October 2022 Edition: 400 Printing: Jelgavas Tipografija, Latvia ISBN 978-952-7501-01-6\" \/>\n<meta property=\"og:url\" content=\"https:\/\/shop.hippolyte.fi\/en\/product\/tekla-inari-ida-uphill\/\" \/>\n<meta property=\"og:site_name\" content=\"Online shop for photographic art\" \/>\n<meta property=\"article:modified_time\" content=\"2025-11-06T09:49:59+00:00\" \/>\n<meta property=\"og:image\" content=\"https:\/\/shop.hippolyte.fi\/wp-content\/uploads\/2023\/03\/kirjapalkinto22-l8a9811-web-scaled.jpg\" \/>\n\t<meta property=\"og:image:width\" content=\"2560\" \/>\n\t<meta property=\"og:image:height\" content=\"1707\" \/>\n\t<meta property=\"og:image:type\" content=\"image\/jpeg\" \/>\n<meta name=\"twitter:card\" content=\"summary_large_image\" \/>\n<meta name=\"twitter:label1\" content=\"Est. reading time\" \/>\n\t<meta name=\"twitter:data1\" content=\"2 minutes\" \/>\n<script type=\"application\/ld+json\" class=\"yoast-schema-graph\">{\"@context\":\"https:\/\/schema.org\",\"@graph\":[{\"@type\":\"WebPage\",\"@id\":\"https:\/\/shop.hippolyte.fi\/en\/product\/tekla-inari-ida-uphill\/\",\"url\":\"https:\/\/shop.hippolyte.fi\/en\/product\/tekla-inari-ida-uphill\/\",\"name\":\"Tekla Inari: Ida Uphill - Online shop for photographic art\",\"isPartOf\":{\"@id\":\"https:\/\/shop.hippolyte.fi\/en\/#website\"},\"primaryImageOfPage\":{\"@id\":\"https:\/\/shop.hippolyte.fi\/en\/product\/tekla-inari-ida-uphill\/#primaryimage\"},\"image\":{\"@id\":\"https:\/\/shop.hippolyte.fi\/en\/product\/tekla-inari-ida-uphill\/#primaryimage\"},\"thumbnailUrl\":\"https:\/\/shop.hippolyte.fi\/wp-content\/uploads\/2023\/03\/kirjapalkinto22-l8a9811-web-scaled.jpg\",\"datePublished\":\"2023-03-15T14:46:46+00:00\",\"dateModified\":\"2025-11-06T09:49:59+00:00\",\"breadcrumb\":{\"@id\":\"https:\/\/shop.hippolyte.fi\/en\/product\/tekla-inari-ida-uphill\/#breadcrumb\"},\"inLanguage\":\"en-US\",\"potentialAction\":[{\"@type\":\"ReadAction\",\"target\":[\"https:\/\/shop.hippolyte.fi\/en\/product\/tekla-inari-ida-uphill\/\"]}]},{\"@type\":\"ImageObject\",\"inLanguage\":\"en-US\",\"@id\":\"https:\/\/shop.hippolyte.fi\/en\/product\/tekla-inari-ida-uphill\/#primaryimage\",\"url\":\"https:\/\/shop.hippolyte.fi\/wp-content\/uploads\/2023\/03\/kirjapalkinto22-l8a9811-web-scaled.jpg\",\"contentUrl\":\"https:\/\/shop.hippolyte.fi\/wp-content\/uploads\/2023\/03\/kirjapalkinto22-l8a9811-web-scaled.jpg\",\"width\":2560,\"height\":1707},{\"@type\":\"BreadcrumbList\",\"@id\":\"https:\/\/shop.hippolyte.fi\/en\/product\/tekla-inari-ida-uphill\/#breadcrumb\",\"itemListElement\":[{\"@type\":\"ListItem\",\"position\":1,\"name\":\"Etusivu\",\"item\":\"https:\/\/shop.hippolyte.fi\/en\/\"},{\"@type\":\"ListItem\",\"position\":2,\"name\":\"Shop\",\"item\":\"https:\/\/shop.hippolyte.fi\/en\/shop\/\"},{\"@type\":\"ListItem\",\"position\":3,\"name\":\"Tekla Inari: Ida Uphill\"}]},{\"@type\":\"WebSite\",\"@id\":\"https:\/\/shop.hippolyte.fi\/en\/#website\",\"url\":\"https:\/\/shop.hippolyte.fi\/en\/\",\"name\":\"Online shop for photographic art\",\"description\":\"Verkkokaupassa myyd\u00e4\u00e4n teoksia ja valokuvataidekirjoja. OTOS-tapahtuman aikana my\u00f6s tapahtuman teoksia.\",\"potentialAction\":[{\"@type\":\"SearchAction\",\"target\":{\"@type\":\"EntryPoint\",\"urlTemplate\":\"https:\/\/shop.hippolyte.fi\/en\/?s={search_term_string}\"},\"query-input\":{\"@type\":\"PropertyValueSpecification\",\"valueRequired\":true,\"valueName\":\"search_term_string\"}}],\"inLanguage\":\"en-US\"}]}<\/script>\n<!-- \/ Yoast SEO plugin. -->","yoast_head_json":{"title":"Tekla Inari: Ida Uphill - Online shop for photographic art","robots":{"index":"index","follow":"follow","max-snippet":"max-snippet:-1","max-image-preview":"max-image-preview:large","max-video-preview":"max-video-preview:-1"},"canonical":"https:\/\/shop.hippolyte.fi\/en\/product\/tekla-inari-ida-uphill\/","og_locale":"en_US","og_type":"article","og_title":"Tekla Inari: Ida Uphill - Online shop for photographic art","og_description":"Photographs: Tekla Inari Graphic design: Jaakko Suomalainen Texts: Tekla Inari Translations: Kasper Salonen Language: Finnish, English Retouching and scanning: Petri Kuokka, Aarnipaja, Helsinki Publisher: Bokeh Released: October 2022 Edition: 400 Printing: Jelgavas Tipografija, Latvia ISBN 978-952-7501-01-6","og_url":"https:\/\/shop.hippolyte.fi\/en\/product\/tekla-inari-ida-uphill\/","og_site_name":"Online shop for photographic art","article_modified_time":"2025-11-06T09:49:59+00:00","og_image":[{"width":2560,"height":1707,"url":"https:\/\/shop.hippolyte.fi\/wp-content\/uploads\/2023\/03\/kirjapalkinto22-l8a9811-web-scaled.jpg","type":"image\/jpeg"}],"twitter_card":"summary_large_image","twitter_misc":{"Est. reading time":"2 minutes"},"schema":{"@context":"https:\/\/schema.org","@graph":[{"@type":"WebPage","@id":"https:\/\/shop.hippolyte.fi\/en\/product\/tekla-inari-ida-uphill\/","url":"https:\/\/shop.hippolyte.fi\/en\/product\/tekla-inari-ida-uphill\/","name":"Tekla Inari: Ida Uphill - Online shop for photographic art","isPartOf":{"@id":"https:\/\/shop.hippolyte.fi\/en\/#website"},"primaryImageOfPage":{"@id":"https:\/\/shop.hippolyte.fi\/en\/product\/tekla-inari-ida-uphill\/#primaryimage"},"image":{"@id":"https:\/\/shop.hippolyte.fi\/en\/product\/tekla-inari-ida-uphill\/#primaryimage"},"thumbnailUrl":"https:\/\/shop.hippolyte.fi\/wp-content\/uploads\/2023\/03\/kirjapalkinto22-l8a9811-web-scaled.jpg","datePublished":"2023-03-15T14:46:46+00:00","dateModified":"2025-11-06T09:49:59+00:00","breadcrumb":{"@id":"https:\/\/shop.hippolyte.fi\/en\/product\/tekla-inari-ida-uphill\/#breadcrumb"},"inLanguage":"en-US","potentialAction":[{"@type":"ReadAction","target":["https:\/\/shop.hippolyte.fi\/en\/product\/tekla-inari-ida-uphill\/"]}]},{"@type":"ImageObject","inLanguage":"en-US","@id":"https:\/\/shop.hippolyte.fi\/en\/product\/tekla-inari-ida-uphill\/#primaryimage","url":"https:\/\/shop.hippolyte.fi\/wp-content\/uploads\/2023\/03\/kirjapalkinto22-l8a9811-web-scaled.jpg","contentUrl":"https:\/\/shop.hippolyte.fi\/wp-content\/uploads\/2023\/03\/kirjapalkinto22-l8a9811-web-scaled.jpg","width":2560,"height":1707},{"@type":"BreadcrumbList","@id":"https:\/\/shop.hippolyte.fi\/en\/product\/tekla-inari-ida-uphill\/#breadcrumb","itemListElement":[{"@type":"ListItem","position":1,"name":"Etusivu","item":"https:\/\/shop.hippolyte.fi\/en\/"},{"@type":"ListItem","position":2,"name":"Shop","item":"https:\/\/shop.hippolyte.fi\/en\/shop\/"},{"@type":"ListItem","position":3,"name":"Tekla Inari: Ida Uphill"}]},{"@type":"WebSite","@id":"https:\/\/shop.hippolyte.fi\/en\/#website","url":"https:\/\/shop.hippolyte.fi\/en\/","name":"Online shop for photographic art","description":"Verkkokaupassa myyd\u00e4\u00e4n teoksia ja valokuvataidekirjoja. OTOS-tapahtuman aikana my\u00f6s tapahtuman teoksia.","potentialAction":[{"@type":"SearchAction","target":{"@type":"EntryPoint","urlTemplate":"https:\/\/shop.hippolyte.fi\/en\/?s={search_term_string}"},"query-input":{"@type":"PropertyValueSpecification","valueRequired":true,"valueName":"search_term_string"}}],"inLanguage":"en-US"}]}},"_links":{"self":[{"href":"https:\/\/shop.hippolyte.fi\/en\/wp-json\/wp\/v2\/product\/1994","targetHints":{"allow":["GET"]}}],"collection":[{"href":"https:\/\/shop.hippolyte.fi\/en\/wp-json\/wp\/v2\/product"}],"about":[{"href":"https:\/\/shop.hippolyte.fi\/en\/wp-json\/wp\/v2\/types\/product"}],"wp:featuredmedia":[{"embeddable":true,"href":"https:\/\/shop.hippolyte.fi\/en\/wp-json\/wp\/v2\/media\/1992"}],"wp:attachment":[{"href":"https:\/\/shop.hippolyte.fi\/en\/wp-json\/wp\/v2\/media?parent=1994"}],"wp:term":[{"taxonomy":"product_brand","embeddable":true,"href":"https:\/\/shop.hippolyte.fi\/en\/wp-json\/wp\/v2\/product_brand?post=1994"},{"taxonomy":"product_cat","embeddable":true,"href":"https:\/\/shop.hippolyte.fi\/en\/wp-json\/wp\/v2\/product_cat?post=1994"},{"taxonomy":"product_tag","embeddable":true,"href":"https:\/\/shop.hippolyte.fi\/en\/wp-json\/wp\/v2\/product_tag?post=1994"},{"taxonomy":"artists","embeddable":true,"href":"https:\/\/shop.hippolyte.fi\/en\/wp-json\/wp\/v2\/artists?post=1994"},{"taxonomy":"location","embeddable":true,"href":"https:\/\/shop.hippolyte.fi\/en\/wp-json\/wp\/v2\/location?post=1994"},{"taxonomy":"publisher","embeddable":true,"href":"https:\/\/shop.hippolyte.fi\/en\/wp-json\/wp\/v2\/publisher?post=1994"},{"taxonomy":"years","embeddable":true,"href":"https:\/\/shop.hippolyte.fi\/en\/wp-json\/wp\/v2\/years?post=1994"}],"curies":[{"name":"wp","href":"https:\/\/api.w.org\/{rel}","templated":true}]}}