{"id":217,"date":"2022-07-06T09:38:55","date_gmt":"2022-07-06T06:38:55","guid":{"rendered":"https:\/\/shop.hippolyte.fi\/teos\/sheung-yiu-ground-truth\/"},"modified":"2025-11-06T11:49:59","modified_gmt":"2025-11-06T09:49:59","slug":"sheung-yiu-ground-truth","status":"publish","type":"product","link":"https:\/\/shop.hippolyte.fi\/en\/product\/sheung-yiu-ground-truth\/","title":{"rendered":"Sheung Yiu: Ground Truth"},"content":{"rendered":"<p>In the multidimensional book Ground Truth, Sheung Yiu\u00a0interweaves archival imagery, documentary photography, experimental data and artistic work, to acquaint the reader with the mathematical models that provide us the tools to \u2018resurrect\u2019 trees from a two-dimensional image. Ground Truth highlights the complexity of seeing in the age of algorithms. What do we see when we are not around? What can we see when there is nothing there? Equipped with the phenomenal power of computation, photography and hyperspectral imaging, a group of scientists set out to approach the boundaries of satellite imaging in the forests of Finland. Using meticulous on-site measurements of physical structures and spectral properties of trees, \u2018ground truth\u2019 data are experimental results to verify the performance of predicting models. Their quest is to develop an improved interpretation model of satellite data for remote sensing research, which allows us to distinguish various features of the surface beyond what is shown optically in satellite imagery. The photographer moves in the forest with scientists and ponders on the relationship between traditional photography and visual technology phenomena. The different elements of the book form a thought-provoking, lively and playful entity.<\/p>\n<p><em>Ground Truth<\/em> is the winner of the Finnish Photobook Award 2021.<\/p>\n<p>&nbsp;<\/p>\n<div class=\"video-container\"><iframe loading=\"lazy\" title=\"Sheung Yiu: Ground Truth\" width=\"500\" height=\"281\" src=\"https:\/\/www.youtube.com\/embed\/0AwiLFORLC4?feature=oembed\" frameborder=\"0\" allow=\"accelerometer; autoplay; clipboard-write; encrypted-media; gyroscope; picture-in-picture; web-share\" referrerpolicy=\"strict-origin-when-cross-origin\" allowfullscreen><\/iframe><\/div>\n","protected":false},"excerpt":{"rendered":"<p>Photograps: Sheung Yiu<br \/>\nArchives: Finnish Forest Museum Lusto<br \/>\nGraphic design: Emery Norton<br \/>\nEditor: Vidha Saumya<br \/>\nLanguages: English<br \/>\nPublisher: The Eriskay Connection<br \/>\nRelease date: 2021<br \/>\nPages: 174 + 24 (attachment)<br \/>\nEdition: 850<br \/>\nPrinting and bound: Wilco Art Book<br \/>\nISBN 978-94-92051-74-5<\/p>\n","protected":false},"featured_media":161,"template":"","meta":{"_acf_changed":false},"product_brand":[],"product_cat":[45,409,454],"product_tag":[53],"artists":[58],"location":[55],"publisher":[432],"years":[436],"class_list":{"0":"post-217","1":"product","2":"type-product","3":"status-publish","4":"has-post-thumbnail","6":"product_cat-bookshop","7":"product_cat-artist-books","8":"product_cat-photobook-awards","9":"product_tag-photobookaward-en","10":"product_shipping_class-posti-xxs-max-3-x-25-x-35-cm-2kg","11":"artists-yiu-sheung","12":"location-photographic-gallery-hippolyte","13":"publisher-the-eriskay-connection","14":"years-436","16":"first","17":"instock","18":"taxable","19":"shipping-taxable","20":"purchasable","21":"product-type-simple"},"acf":[],"yoast_head":"<!-- This site is optimized with the Yoast SEO plugin v26.0 - https:\/\/yoast.com\/wordpress\/plugins\/seo\/ -->\n<title>Sheung Yiu: Ground Truth - Online shop for photographic art<\/title>\n<meta name=\"robots\" content=\"index, follow, max-snippet:-1, max-image-preview:large, max-video-preview:-1\" \/>\n<link rel=\"canonical\" href=\"https:\/\/shop.hippolyte.fi\/en\/product\/sheung-yiu-ground-truth\/\" \/>\n<meta property=\"og:locale\" content=\"en_US\" \/>\n<meta property=\"og:type\" content=\"article\" \/>\n<meta property=\"og:title\" content=\"Sheung Yiu: Ground Truth - Online shop for photographic art\" \/>\n<meta property=\"og:description\" content=\"Photograps: Sheung Yiu Archives: Finnish Forest Museum Lusto Graphic design: Emery Norton Editor: Vidha Saumya Languages: English Publisher: The Eriskay Connection Release date: 2021 Pages: 174 + 24 (attachment) Edition: 850 Printing and bound: Wilco Art Book ISBN 978-94-92051-74-5\" \/>\n<meta property=\"og:url\" content=\"https:\/\/shop.hippolyte.fi\/en\/product\/sheung-yiu-ground-truth\/\" \/>\n<meta property=\"og:site_name\" content=\"Online shop for photographic art\" \/>\n<meta property=\"article:modified_time\" content=\"2025-11-06T09:49:59+00:00\" \/>\n<meta property=\"og:image\" content=\"https:\/\/shop.hippolyte.fi\/wp-content\/uploads\/2022\/07\/KP2021_L8A4112-scaled.jpg\" \/>\n\t<meta property=\"og:image:width\" content=\"2560\" \/>\n\t<meta property=\"og:image:height\" content=\"1707\" \/>\n\t<meta property=\"og:image:type\" content=\"image\/jpeg\" \/>\n<meta name=\"twitter:card\" content=\"summary_large_image\" \/>\n<meta name=\"twitter:label1\" content=\"Est. reading time\" \/>\n\t<meta name=\"twitter:data1\" content=\"1 minute\" \/>\n<script type=\"application\/ld+json\" class=\"yoast-schema-graph\">{\"@context\":\"https:\/\/schema.org\",\"@graph\":[{\"@type\":\"WebPage\",\"@id\":\"https:\/\/shop.hippolyte.fi\/en\/product\/sheung-yiu-ground-truth\/\",\"url\":\"https:\/\/shop.hippolyte.fi\/en\/product\/sheung-yiu-ground-truth\/\",\"name\":\"Sheung Yiu: Ground Truth - Online shop for photographic art\",\"isPartOf\":{\"@id\":\"https:\/\/shop.hippolyte.fi\/en\/#website\"},\"primaryImageOfPage\":{\"@id\":\"https:\/\/shop.hippolyte.fi\/en\/product\/sheung-yiu-ground-truth\/#primaryimage\"},\"image\":{\"@id\":\"https:\/\/shop.hippolyte.fi\/en\/product\/sheung-yiu-ground-truth\/#primaryimage\"},\"thumbnailUrl\":\"https:\/\/shop.hippolyte.fi\/wp-content\/uploads\/2022\/07\/KP2021_L8A4112-scaled.jpg\",\"datePublished\":\"2022-07-06T06:38:55+00:00\",\"dateModified\":\"2025-11-06T09:49:59+00:00\",\"breadcrumb\":{\"@id\":\"https:\/\/shop.hippolyte.fi\/en\/product\/sheung-yiu-ground-truth\/#breadcrumb\"},\"inLanguage\":\"en-US\",\"potentialAction\":[{\"@type\":\"ReadAction\",\"target\":[\"https:\/\/shop.hippolyte.fi\/en\/product\/sheung-yiu-ground-truth\/\"]}]},{\"@type\":\"ImageObject\",\"inLanguage\":\"en-US\",\"@id\":\"https:\/\/shop.hippolyte.fi\/en\/product\/sheung-yiu-ground-truth\/#primaryimage\",\"url\":\"https:\/\/shop.hippolyte.fi\/wp-content\/uploads\/2022\/07\/KP2021_L8A4112-scaled.jpg\",\"contentUrl\":\"https:\/\/shop.hippolyte.fi\/wp-content\/uploads\/2022\/07\/KP2021_L8A4112-scaled.jpg\",\"width\":2560,\"height\":1707},{\"@type\":\"BreadcrumbList\",\"@id\":\"https:\/\/shop.hippolyte.fi\/en\/product\/sheung-yiu-ground-truth\/#breadcrumb\",\"itemListElement\":[{\"@type\":\"ListItem\",\"position\":1,\"name\":\"Etusivu\",\"item\":\"https:\/\/shop.hippolyte.fi\/en\/\"},{\"@type\":\"ListItem\",\"position\":2,\"name\":\"Shop\",\"item\":\"https:\/\/shop.hippolyte.fi\/en\/shop\/\"},{\"@type\":\"ListItem\",\"position\":3,\"name\":\"Sheung Yiu: Ground Truth\"}]},{\"@type\":\"WebSite\",\"@id\":\"https:\/\/shop.hippolyte.fi\/en\/#website\",\"url\":\"https:\/\/shop.hippolyte.fi\/en\/\",\"name\":\"Online shop for photographic art\",\"description\":\"Verkkokaupassa myyd\u00e4\u00e4n teoksia ja valokuvataidekirjoja. OTOS-tapahtuman aikana my\u00f6s tapahtuman teoksia.\",\"potentialAction\":[{\"@type\":\"SearchAction\",\"target\":{\"@type\":\"EntryPoint\",\"urlTemplate\":\"https:\/\/shop.hippolyte.fi\/en\/?s={search_term_string}\"},\"query-input\":{\"@type\":\"PropertyValueSpecification\",\"valueRequired\":true,\"valueName\":\"search_term_string\"}}],\"inLanguage\":\"en-US\"}]}<\/script>\n<!-- \/ Yoast SEO plugin. -->","yoast_head_json":{"title":"Sheung Yiu: Ground Truth - Online shop for photographic art","robots":{"index":"index","follow":"follow","max-snippet":"max-snippet:-1","max-image-preview":"max-image-preview:large","max-video-preview":"max-video-preview:-1"},"canonical":"https:\/\/shop.hippolyte.fi\/en\/product\/sheung-yiu-ground-truth\/","og_locale":"en_US","og_type":"article","og_title":"Sheung Yiu: Ground Truth - Online shop for photographic art","og_description":"Photograps: Sheung Yiu Archives: Finnish Forest Museum Lusto Graphic design: Emery Norton Editor: Vidha Saumya Languages: English Publisher: The Eriskay Connection Release date: 2021 Pages: 174 + 24 (attachment) Edition: 850 Printing and bound: Wilco Art Book ISBN 978-94-92051-74-5","og_url":"https:\/\/shop.hippolyte.fi\/en\/product\/sheung-yiu-ground-truth\/","og_site_name":"Online shop for photographic art","article_modified_time":"2025-11-06T09:49:59+00:00","og_image":[{"width":2560,"height":1707,"url":"https:\/\/shop.hippolyte.fi\/wp-content\/uploads\/2022\/07\/KP2021_L8A4112-scaled.jpg","type":"image\/jpeg"}],"twitter_card":"summary_large_image","twitter_misc":{"Est. reading time":"1 minute"},"schema":{"@context":"https:\/\/schema.org","@graph":[{"@type":"WebPage","@id":"https:\/\/shop.hippolyte.fi\/en\/product\/sheung-yiu-ground-truth\/","url":"https:\/\/shop.hippolyte.fi\/en\/product\/sheung-yiu-ground-truth\/","name":"Sheung Yiu: Ground Truth - Online shop for photographic art","isPartOf":{"@id":"https:\/\/shop.hippolyte.fi\/en\/#website"},"primaryImageOfPage":{"@id":"https:\/\/shop.hippolyte.fi\/en\/product\/sheung-yiu-ground-truth\/#primaryimage"},"image":{"@id":"https:\/\/shop.hippolyte.fi\/en\/product\/sheung-yiu-ground-truth\/#primaryimage"},"thumbnailUrl":"https:\/\/shop.hippolyte.fi\/wp-content\/uploads\/2022\/07\/KP2021_L8A4112-scaled.jpg","datePublished":"2022-07-06T06:38:55+00:00","dateModified":"2025-11-06T09:49:59+00:00","breadcrumb":{"@id":"https:\/\/shop.hippolyte.fi\/en\/product\/sheung-yiu-ground-truth\/#breadcrumb"},"inLanguage":"en-US","potentialAction":[{"@type":"ReadAction","target":["https:\/\/shop.hippolyte.fi\/en\/product\/sheung-yiu-ground-truth\/"]}]},{"@type":"ImageObject","inLanguage":"en-US","@id":"https:\/\/shop.hippolyte.fi\/en\/product\/sheung-yiu-ground-truth\/#primaryimage","url":"https:\/\/shop.hippolyte.fi\/wp-content\/uploads\/2022\/07\/KP2021_L8A4112-scaled.jpg","contentUrl":"https:\/\/shop.hippolyte.fi\/wp-content\/uploads\/2022\/07\/KP2021_L8A4112-scaled.jpg","width":2560,"height":1707},{"@type":"BreadcrumbList","@id":"https:\/\/shop.hippolyte.fi\/en\/product\/sheung-yiu-ground-truth\/#breadcrumb","itemListElement":[{"@type":"ListItem","position":1,"name":"Etusivu","item":"https:\/\/shop.hippolyte.fi\/en\/"},{"@type":"ListItem","position":2,"name":"Shop","item":"https:\/\/shop.hippolyte.fi\/en\/shop\/"},{"@type":"ListItem","position":3,"name":"Sheung Yiu: Ground Truth"}]},{"@type":"WebSite","@id":"https:\/\/shop.hippolyte.fi\/en\/#website","url":"https:\/\/shop.hippolyte.fi\/en\/","name":"Online shop for photographic art","description":"Verkkokaupassa myyd\u00e4\u00e4n teoksia ja valokuvataidekirjoja. OTOS-tapahtuman aikana my\u00f6s tapahtuman teoksia.","potentialAction":[{"@type":"SearchAction","target":{"@type":"EntryPoint","urlTemplate":"https:\/\/shop.hippolyte.fi\/en\/?s={search_term_string}"},"query-input":{"@type":"PropertyValueSpecification","valueRequired":true,"valueName":"search_term_string"}}],"inLanguage":"en-US"}]}},"_links":{"self":[{"href":"https:\/\/shop.hippolyte.fi\/en\/wp-json\/wp\/v2\/product\/217","targetHints":{"allow":["GET"]}}],"collection":[{"href":"https:\/\/shop.hippolyte.fi\/en\/wp-json\/wp\/v2\/product"}],"about":[{"href":"https:\/\/shop.hippolyte.fi\/en\/wp-json\/wp\/v2\/types\/product"}],"wp:featuredmedia":[{"embeddable":true,"href":"https:\/\/shop.hippolyte.fi\/en\/wp-json\/wp\/v2\/media\/161"}],"wp:attachment":[{"href":"https:\/\/shop.hippolyte.fi\/en\/wp-json\/wp\/v2\/media?parent=217"}],"wp:term":[{"taxonomy":"product_brand","embeddable":true,"href":"https:\/\/shop.hippolyte.fi\/en\/wp-json\/wp\/v2\/product_brand?post=217"},{"taxonomy":"product_cat","embeddable":true,"href":"https:\/\/shop.hippolyte.fi\/en\/wp-json\/wp\/v2\/product_cat?post=217"},{"taxonomy":"product_tag","embeddable":true,"href":"https:\/\/shop.hippolyte.fi\/en\/wp-json\/wp\/v2\/product_tag?post=217"},{"taxonomy":"artists","embeddable":true,"href":"https:\/\/shop.hippolyte.fi\/en\/wp-json\/wp\/v2\/artists?post=217"},{"taxonomy":"location","embeddable":true,"href":"https:\/\/shop.hippolyte.fi\/en\/wp-json\/wp\/v2\/location?post=217"},{"taxonomy":"publisher","embeddable":true,"href":"https:\/\/shop.hippolyte.fi\/en\/wp-json\/wp\/v2\/publisher?post=217"},{"taxonomy":"years","embeddable":true,"href":"https:\/\/shop.hippolyte.fi\/en\/wp-json\/wp\/v2\/years?post=217"}],"curies":[{"name":"wp","href":"https:\/\/api.w.org\/{rel}","templated":true}]}}