{"id":220,"date":"2022-07-06T09:43:56","date_gmt":"2022-07-06T06:43:56","guid":{"rendered":"https:\/\/shop.hippolyte.fi\/teos\/elina-brotherus-seabound-a-logbook\/"},"modified":"2025-11-06T11:49:59","modified_gmt":"2025-11-06T09:49:59","slug":"elina-brotherus-seabound-a-logbook","status":"publish","type":"product","link":"https:\/\/shop.hippolyte.fi\/en\/product\/elina-brotherus-seabound-a-logbook\/","title":{"rendered":"Elina Brotherus: Seabound. A logbook"},"content":{"rendered":"<p>The book gathers together the series\u00a0<em>Seaboud<\/em>\u00a0photographed by Elina Brotherus in Norway. In the skillfully planned book, the photographs run rhythmically and the spreads open beautifully. The book radiates a northern light. The photographs include many references, such as 19th century paintings\u00a0in S\u00f8rlandets Kunstmuseum\u2019s collection,\u00a0event scores and other references by Yoko Ono, John Baldessari, VALIE EXPORT or Geoffrey Hendricks.\u00a0The &#8220;log&#8221; in the end of the book offers a peek behind the scenes: it shows how the artist gets prepared and how she functions on location. The use of different papers gives rhythm to the book and provides a haptic, tactile feel. Magnified details as transitional images make the viewer zoom in and out, as if coming closer to the work in an exhibition.<\/p>\n<p><em>Seabound. A logbook<\/em> is the winner of the Finnish Photobook Award 2021.<\/p>\n<div class=\"video-container\"><iframe loading=\"lazy\" title=\"Elina Brotherus: Seabound. A logbook\" width=\"500\" height=\"281\" src=\"https:\/\/www.youtube.com\/embed\/YXeWwfmNYzo?feature=oembed\" frameborder=\"0\" allow=\"accelerometer; autoplay; clipboard-write; encrypted-media; gyroscope; picture-in-picture; web-share\" referrerpolicy=\"strict-origin-when-cross-origin\" allowfullscreen><\/iframe><\/div>\n","protected":false},"excerpt":{"rendered":"<p>Photographs: Elina Brotherus<br \/>\nConcept and graphic design: Ilona Ilottu, dog design<br \/>\nTexts: Timo Valjakka, Nicolai Tangen, Elina Brotherus<br \/>\nColour separation: Petri Kuokka, Aarnipaja, Helsinki<br \/>\nPublished: Kehrer Verlag, Heidelberg<br \/>\nRelease date: May 2021<br \/>\nEdition: 1000<br \/>\nPrinting: Offizin Scheufele, Stuttgart<br \/>\nBound: Gro\u00dfbuchbinderei Josef Spinner, Ottersweier<br \/>\nISBN 978-3-96900-033-5<\/p>\n","protected":false},"featured_media":164,"template":"","meta":{"_acf_changed":false},"product_brand":[],"product_cat":[45,409,454],"product_tag":[53],"artists":[59],"location":[55],"publisher":[418],"years":[436],"class_list":{"0":"post-220","1":"product","2":"type-product","3":"status-publish","4":"has-post-thumbnail","6":"product_cat-bookshop","7":"product_cat-artist-books","8":"product_cat-photobook-awards","9":"product_tag-photobookaward-en","10":"product_shipping_class-posti-s-max-11-x-32-x-42-cm-25-kg","11":"artists-brotherus-elina","12":"location-photographic-gallery-hippolyte","13":"publisher-kehrer-verlag","14":"years-436","16":"first","17":"instock","18":"purchasable","19":"product-type-simple"},"acf":[],"yoast_head":"<!-- This site is optimized with the Yoast SEO plugin v26.0 - https:\/\/yoast.com\/wordpress\/plugins\/seo\/ -->\n<title>Elina Brotherus: Seabound. A logbook - Online shop for photographic art<\/title>\n<meta name=\"robots\" content=\"index, follow, max-snippet:-1, max-image-preview:large, max-video-preview:-1\" \/>\n<link rel=\"canonical\" href=\"https:\/\/shop.hippolyte.fi\/en\/product\/elina-brotherus-seabound-a-logbook\/\" \/>\n<meta property=\"og:locale\" content=\"en_US\" \/>\n<meta property=\"og:type\" content=\"article\" \/>\n<meta property=\"og:title\" content=\"Elina Brotherus: Seabound. A logbook - Online shop for photographic art\" \/>\n<meta property=\"og:description\" content=\"Photographs: Elina Brotherus Concept and graphic design: Ilona Ilottu, dog design Texts: Timo Valjakka, Nicolai Tangen, Elina Brotherus Colour separation: Petri Kuokka, Aarnipaja, Helsinki Published: Kehrer Verlag, Heidelberg Release date: May 2021 Edition: 1000 Printing: Offizin Scheufele, Stuttgart Bound: Gro\u00dfbuchbinderei Josef Spinner, Ottersweier ISBN 978-3-96900-033-5\" \/>\n<meta property=\"og:url\" content=\"https:\/\/shop.hippolyte.fi\/en\/product\/elina-brotherus-seabound-a-logbook\/\" \/>\n<meta property=\"og:site_name\" content=\"Online shop for photographic art\" \/>\n<meta property=\"article:modified_time\" content=\"2025-11-06T09:49:59+00:00\" \/>\n<meta property=\"og:image\" content=\"https:\/\/shop.hippolyte.fi\/wp-content\/uploads\/2022\/07\/KP2021_L8A4106-scaled.jpg\" \/>\n\t<meta property=\"og:image:width\" content=\"2560\" \/>\n\t<meta property=\"og:image:height\" content=\"1706\" \/>\n\t<meta property=\"og:image:type\" content=\"image\/jpeg\" \/>\n<meta name=\"twitter:card\" content=\"summary_large_image\" \/>\n<meta name=\"twitter:label1\" content=\"Est. reading time\" \/>\n\t<meta name=\"twitter:data1\" content=\"1 minute\" \/>\n<script type=\"application\/ld+json\" class=\"yoast-schema-graph\">{\"@context\":\"https:\/\/schema.org\",\"@graph\":[{\"@type\":\"WebPage\",\"@id\":\"https:\/\/shop.hippolyte.fi\/en\/product\/elina-brotherus-seabound-a-logbook\/\",\"url\":\"https:\/\/shop.hippolyte.fi\/en\/product\/elina-brotherus-seabound-a-logbook\/\",\"name\":\"Elina Brotherus: Seabound. A logbook - Online shop for photographic art\",\"isPartOf\":{\"@id\":\"https:\/\/shop.hippolyte.fi\/en\/#website\"},\"primaryImageOfPage\":{\"@id\":\"https:\/\/shop.hippolyte.fi\/en\/product\/elina-brotherus-seabound-a-logbook\/#primaryimage\"},\"image\":{\"@id\":\"https:\/\/shop.hippolyte.fi\/en\/product\/elina-brotherus-seabound-a-logbook\/#primaryimage\"},\"thumbnailUrl\":\"https:\/\/shop.hippolyte.fi\/wp-content\/uploads\/2022\/07\/KP2021_L8A4106-scaled.jpg\",\"datePublished\":\"2022-07-06T06:43:56+00:00\",\"dateModified\":\"2025-11-06T09:49:59+00:00\",\"breadcrumb\":{\"@id\":\"https:\/\/shop.hippolyte.fi\/en\/product\/elina-brotherus-seabound-a-logbook\/#breadcrumb\"},\"inLanguage\":\"en-US\",\"potentialAction\":[{\"@type\":\"ReadAction\",\"target\":[\"https:\/\/shop.hippolyte.fi\/en\/product\/elina-brotherus-seabound-a-logbook\/\"]}]},{\"@type\":\"ImageObject\",\"inLanguage\":\"en-US\",\"@id\":\"https:\/\/shop.hippolyte.fi\/en\/product\/elina-brotherus-seabound-a-logbook\/#primaryimage\",\"url\":\"https:\/\/shop.hippolyte.fi\/wp-content\/uploads\/2022\/07\/KP2021_L8A4106-scaled.jpg\",\"contentUrl\":\"https:\/\/shop.hippolyte.fi\/wp-content\/uploads\/2022\/07\/KP2021_L8A4106-scaled.jpg\",\"width\":2560,\"height\":1706},{\"@type\":\"BreadcrumbList\",\"@id\":\"https:\/\/shop.hippolyte.fi\/en\/product\/elina-brotherus-seabound-a-logbook\/#breadcrumb\",\"itemListElement\":[{\"@type\":\"ListItem\",\"position\":1,\"name\":\"Etusivu\",\"item\":\"https:\/\/shop.hippolyte.fi\/en\/\"},{\"@type\":\"ListItem\",\"position\":2,\"name\":\"Shop\",\"item\":\"https:\/\/shop.hippolyte.fi\/en\/shop\/\"},{\"@type\":\"ListItem\",\"position\":3,\"name\":\"Elina Brotherus: Seabound. A logbook\"}]},{\"@type\":\"WebSite\",\"@id\":\"https:\/\/shop.hippolyte.fi\/en\/#website\",\"url\":\"https:\/\/shop.hippolyte.fi\/en\/\",\"name\":\"Online shop for photographic art\",\"description\":\"Verkkokaupassa myyd\u00e4\u00e4n teoksia ja valokuvataidekirjoja. OTOS-tapahtuman aikana my\u00f6s tapahtuman teoksia.\",\"potentialAction\":[{\"@type\":\"SearchAction\",\"target\":{\"@type\":\"EntryPoint\",\"urlTemplate\":\"https:\/\/shop.hippolyte.fi\/en\/?s={search_term_string}\"},\"query-input\":{\"@type\":\"PropertyValueSpecification\",\"valueRequired\":true,\"valueName\":\"search_term_string\"}}],\"inLanguage\":\"en-US\"}]}<\/script>\n<!-- \/ Yoast SEO plugin. -->","yoast_head_json":{"title":"Elina Brotherus: Seabound. A logbook - Online shop for photographic art","robots":{"index":"index","follow":"follow","max-snippet":"max-snippet:-1","max-image-preview":"max-image-preview:large","max-video-preview":"max-video-preview:-1"},"canonical":"https:\/\/shop.hippolyte.fi\/en\/product\/elina-brotherus-seabound-a-logbook\/","og_locale":"en_US","og_type":"article","og_title":"Elina Brotherus: Seabound. A logbook - Online shop for photographic art","og_description":"Photographs: Elina Brotherus Concept and graphic design: Ilona Ilottu, dog design Texts: Timo Valjakka, Nicolai Tangen, Elina Brotherus Colour separation: Petri Kuokka, Aarnipaja, Helsinki Published: Kehrer Verlag, Heidelberg Release date: May 2021 Edition: 1000 Printing: Offizin Scheufele, Stuttgart Bound: Gro\u00dfbuchbinderei Josef Spinner, Ottersweier ISBN 978-3-96900-033-5","og_url":"https:\/\/shop.hippolyte.fi\/en\/product\/elina-brotherus-seabound-a-logbook\/","og_site_name":"Online shop for photographic art","article_modified_time":"2025-11-06T09:49:59+00:00","og_image":[{"width":2560,"height":1706,"url":"https:\/\/shop.hippolyte.fi\/wp-content\/uploads\/2022\/07\/KP2021_L8A4106-scaled.jpg","type":"image\/jpeg"}],"twitter_card":"summary_large_image","twitter_misc":{"Est. reading time":"1 minute"},"schema":{"@context":"https:\/\/schema.org","@graph":[{"@type":"WebPage","@id":"https:\/\/shop.hippolyte.fi\/en\/product\/elina-brotherus-seabound-a-logbook\/","url":"https:\/\/shop.hippolyte.fi\/en\/product\/elina-brotherus-seabound-a-logbook\/","name":"Elina Brotherus: Seabound. A logbook - Online shop for photographic art","isPartOf":{"@id":"https:\/\/shop.hippolyte.fi\/en\/#website"},"primaryImageOfPage":{"@id":"https:\/\/shop.hippolyte.fi\/en\/product\/elina-brotherus-seabound-a-logbook\/#primaryimage"},"image":{"@id":"https:\/\/shop.hippolyte.fi\/en\/product\/elina-brotherus-seabound-a-logbook\/#primaryimage"},"thumbnailUrl":"https:\/\/shop.hippolyte.fi\/wp-content\/uploads\/2022\/07\/KP2021_L8A4106-scaled.jpg","datePublished":"2022-07-06T06:43:56+00:00","dateModified":"2025-11-06T09:49:59+00:00","breadcrumb":{"@id":"https:\/\/shop.hippolyte.fi\/en\/product\/elina-brotherus-seabound-a-logbook\/#breadcrumb"},"inLanguage":"en-US","potentialAction":[{"@type":"ReadAction","target":["https:\/\/shop.hippolyte.fi\/en\/product\/elina-brotherus-seabound-a-logbook\/"]}]},{"@type":"ImageObject","inLanguage":"en-US","@id":"https:\/\/shop.hippolyte.fi\/en\/product\/elina-brotherus-seabound-a-logbook\/#primaryimage","url":"https:\/\/shop.hippolyte.fi\/wp-content\/uploads\/2022\/07\/KP2021_L8A4106-scaled.jpg","contentUrl":"https:\/\/shop.hippolyte.fi\/wp-content\/uploads\/2022\/07\/KP2021_L8A4106-scaled.jpg","width":2560,"height":1706},{"@type":"BreadcrumbList","@id":"https:\/\/shop.hippolyte.fi\/en\/product\/elina-brotherus-seabound-a-logbook\/#breadcrumb","itemListElement":[{"@type":"ListItem","position":1,"name":"Etusivu","item":"https:\/\/shop.hippolyte.fi\/en\/"},{"@type":"ListItem","position":2,"name":"Shop","item":"https:\/\/shop.hippolyte.fi\/en\/shop\/"},{"@type":"ListItem","position":3,"name":"Elina Brotherus: Seabound. A logbook"}]},{"@type":"WebSite","@id":"https:\/\/shop.hippolyte.fi\/en\/#website","url":"https:\/\/shop.hippolyte.fi\/en\/","name":"Online shop for photographic art","description":"Verkkokaupassa myyd\u00e4\u00e4n teoksia ja valokuvataidekirjoja. OTOS-tapahtuman aikana my\u00f6s tapahtuman teoksia.","potentialAction":[{"@type":"SearchAction","target":{"@type":"EntryPoint","urlTemplate":"https:\/\/shop.hippolyte.fi\/en\/?s={search_term_string}"},"query-input":{"@type":"PropertyValueSpecification","valueRequired":true,"valueName":"search_term_string"}}],"inLanguage":"en-US"}]}},"_links":{"self":[{"href":"https:\/\/shop.hippolyte.fi\/en\/wp-json\/wp\/v2\/product\/220","targetHints":{"allow":["GET"]}}],"collection":[{"href":"https:\/\/shop.hippolyte.fi\/en\/wp-json\/wp\/v2\/product"}],"about":[{"href":"https:\/\/shop.hippolyte.fi\/en\/wp-json\/wp\/v2\/types\/product"}],"wp:featuredmedia":[{"embeddable":true,"href":"https:\/\/shop.hippolyte.fi\/en\/wp-json\/wp\/v2\/media\/164"}],"wp:attachment":[{"href":"https:\/\/shop.hippolyte.fi\/en\/wp-json\/wp\/v2\/media?parent=220"}],"wp:term":[{"taxonomy":"product_brand","embeddable":true,"href":"https:\/\/shop.hippolyte.fi\/en\/wp-json\/wp\/v2\/product_brand?post=220"},{"taxonomy":"product_cat","embeddable":true,"href":"https:\/\/shop.hippolyte.fi\/en\/wp-json\/wp\/v2\/product_cat?post=220"},{"taxonomy":"product_tag","embeddable":true,"href":"https:\/\/shop.hippolyte.fi\/en\/wp-json\/wp\/v2\/product_tag?post=220"},{"taxonomy":"artists","embeddable":true,"href":"https:\/\/shop.hippolyte.fi\/en\/wp-json\/wp\/v2\/artists?post=220"},{"taxonomy":"location","embeddable":true,"href":"https:\/\/shop.hippolyte.fi\/en\/wp-json\/wp\/v2\/location?post=220"},{"taxonomy":"publisher","embeddable":true,"href":"https:\/\/shop.hippolyte.fi\/en\/wp-json\/wp\/v2\/publisher?post=220"},{"taxonomy":"years","embeddable":true,"href":"https:\/\/shop.hippolyte.fi\/en\/wp-json\/wp\/v2\/years?post=220"}],"curies":[{"name":"wp","href":"https:\/\/api.w.org\/{rel}","templated":true}]}}