{"id":222,"date":"2022-07-04T11:00:29","date_gmt":"2022-07-04T08:00:29","guid":{"rendered":"https:\/\/shop.hippolyte.fi\/teos\/222\/"},"modified":"2025-11-06T11:49:59","modified_gmt":"2025-11-06T09:49:59","slug":"marko-hamalainen-silence-moves-with-the-wind","status":"publish","type":"product","link":"https:\/\/shop.hippolyte.fi\/en\/product\/marko-hamalainen-silence-moves-with-the-wind\/","title":{"rendered":"Marko H\u00e4m\u00e4l\u00e4inen: Silence moves with the wind"},"content":{"rendered":"<p>The poetic book of Marko H\u00e4m\u00e4l\u00e4inen\u00a0tracks his travels in the northern wilderness with a gentle stride. The vast, limitless whiteness of the snowy desert along with the mythical twilight of the polar night create a feeling of meditation for the traveler, at times turning the wintery scenes to dreamscapes. Yet there is a heavy burden on the shoulders of the traveler, despite all the beauty. Photographed over the course of a decade in Finnish Lapland, the work conveys the stark beauty of the arctic scenery. With the years passing, H\u00e4m\u00e4l\u00e4inen has recorded the inexorable change in the winter weather of the northern highlands. Wet snow and sudden fogs occur more and more instead of punishing, extreme cold spells. The book, consisting of black and white photos and essays and notes written during the treks, is his first publication.<\/p>\n<p><em>Silence moves with the wind<\/em> is a Photobook Award 2021 finalist.<\/p>\n<div class=\"video-container\"><iframe loading=\"lazy\" title=\"Marko H\u00e4m\u00e4l\u00e4inen, Hiljaisuus liikkuu tuulessa \/ Silence moves with the wind\" width=\"500\" height=\"281\" src=\"https:\/\/www.youtube.com\/embed\/uh_SaZnhX_U?feature=oembed\" frameborder=\"0\" allow=\"accelerometer; autoplay; clipboard-write; encrypted-media; gyroscope; picture-in-picture; web-share\" referrerpolicy=\"strict-origin-when-cross-origin\" allowfullscreen><\/iframe><\/div>\n","protected":false},"excerpt":{"rendered":"<p>Photographs and texts: Marko H\u00e4m\u00e4l\u00e4inen<br \/>\nLanguages: Finnish, English<br \/>\nGraphic design: Tiina Ekosaari<br \/>\nColour separation: Petri Kuokka<br \/>\nPublisher: self-published<br \/>\nRelease date: April 2021<br \/>\nEdition: 800<br \/>\nPrinting and bound: Livonia Print, Latvia<br \/>\nISBN: 978-952-94-4125-9<\/p>\n","protected":false},"featured_media":167,"template":"","meta":{"_acf_changed":false},"product_brand":[],"product_cat":[45,409,454],"product_tag":[],"artists":[60],"location":[55],"publisher":[411],"years":[436],"class_list":{"0":"post-222","1":"product","2":"type-product","3":"status-publish","4":"has-post-thumbnail","6":"product_cat-bookshop","7":"product_cat-artist-books","8":"product_cat-photobook-awards","9":"product_shipping_class-posti-xxs-max-3-x-25-x-35-cm-2kg","10":"artists-hamalainen-marko","11":"location-photographic-gallery-hippolyte","12":"publisher-itsejulkaistu","13":"years-436","15":"first","16":"instock","17":"taxable","18":"shipping-taxable","19":"purchasable","20":"product-type-simple"},"acf":[],"yoast_head":"<!-- This site is optimized with the Yoast SEO plugin v26.0 - https:\/\/yoast.com\/wordpress\/plugins\/seo\/ -->\n<title>Marko H\u00e4m\u00e4l\u00e4inen: Silence moves with the wind - Online shop for photographic art<\/title>\n<meta name=\"robots\" content=\"index, follow, max-snippet:-1, max-image-preview:large, max-video-preview:-1\" \/>\n<link rel=\"canonical\" href=\"https:\/\/shop.hippolyte.fi\/en\/product\/marko-hamalainen-silence-moves-with-the-wind\/\" \/>\n<meta property=\"og:locale\" content=\"en_US\" \/>\n<meta property=\"og:type\" content=\"article\" \/>\n<meta property=\"og:title\" content=\"Marko H\u00e4m\u00e4l\u00e4inen: Silence moves with the wind - Online shop for photographic art\" \/>\n<meta property=\"og:description\" content=\"Photographs and texts: Marko H\u00e4m\u00e4l\u00e4inen Languages: Finnish, English Graphic design: Tiina Ekosaari Colour separation: Petri Kuokka Publisher: self-published Release date: April 2021 Edition: 800 Printing and bound: Livonia Print, Latvia ISBN: 978-952-94-4125-9\" \/>\n<meta property=\"og:url\" content=\"https:\/\/shop.hippolyte.fi\/en\/product\/marko-hamalainen-silence-moves-with-the-wind\/\" \/>\n<meta property=\"og:site_name\" content=\"Online shop for photographic art\" \/>\n<meta property=\"article:modified_time\" content=\"2025-11-06T09:49:59+00:00\" \/>\n<meta property=\"og:image\" content=\"https:\/\/shop.hippolyte.fi\/wp-content\/uploads\/2022\/07\/KP2021_L8A4113-scaled.jpg\" \/>\n\t<meta property=\"og:image:width\" content=\"2560\" \/>\n\t<meta property=\"og:image:height\" content=\"1706\" \/>\n\t<meta property=\"og:image:type\" content=\"image\/jpeg\" \/>\n<meta name=\"twitter:card\" content=\"summary_large_image\" \/>\n<meta name=\"twitter:label1\" content=\"Est. reading time\" \/>\n\t<meta name=\"twitter:data1\" content=\"1 minute\" \/>\n<script type=\"application\/ld+json\" class=\"yoast-schema-graph\">{\"@context\":\"https:\/\/schema.org\",\"@graph\":[{\"@type\":\"WebPage\",\"@id\":\"https:\/\/shop.hippolyte.fi\/en\/product\/marko-hamalainen-silence-moves-with-the-wind\/\",\"url\":\"https:\/\/shop.hippolyte.fi\/en\/product\/marko-hamalainen-silence-moves-with-the-wind\/\",\"name\":\"Marko H\u00e4m\u00e4l\u00e4inen: Silence moves with the wind - Online shop for photographic art\",\"isPartOf\":{\"@id\":\"https:\/\/shop.hippolyte.fi\/en\/#website\"},\"primaryImageOfPage\":{\"@id\":\"https:\/\/shop.hippolyte.fi\/en\/product\/marko-hamalainen-silence-moves-with-the-wind\/#primaryimage\"},\"image\":{\"@id\":\"https:\/\/shop.hippolyte.fi\/en\/product\/marko-hamalainen-silence-moves-with-the-wind\/#primaryimage\"},\"thumbnailUrl\":\"https:\/\/shop.hippolyte.fi\/wp-content\/uploads\/2022\/07\/KP2021_L8A4113-scaled.jpg\",\"datePublished\":\"2022-07-04T08:00:29+00:00\",\"dateModified\":\"2025-11-06T09:49:59+00:00\",\"breadcrumb\":{\"@id\":\"https:\/\/shop.hippolyte.fi\/en\/product\/marko-hamalainen-silence-moves-with-the-wind\/#breadcrumb\"},\"inLanguage\":\"en-US\",\"potentialAction\":[{\"@type\":\"ReadAction\",\"target\":[\"https:\/\/shop.hippolyte.fi\/en\/product\/marko-hamalainen-silence-moves-with-the-wind\/\"]}]},{\"@type\":\"ImageObject\",\"inLanguage\":\"en-US\",\"@id\":\"https:\/\/shop.hippolyte.fi\/en\/product\/marko-hamalainen-silence-moves-with-the-wind\/#primaryimage\",\"url\":\"https:\/\/shop.hippolyte.fi\/wp-content\/uploads\/2022\/07\/KP2021_L8A4113-scaled.jpg\",\"contentUrl\":\"https:\/\/shop.hippolyte.fi\/wp-content\/uploads\/2022\/07\/KP2021_L8A4113-scaled.jpg\",\"width\":2560,\"height\":1706},{\"@type\":\"BreadcrumbList\",\"@id\":\"https:\/\/shop.hippolyte.fi\/en\/product\/marko-hamalainen-silence-moves-with-the-wind\/#breadcrumb\",\"itemListElement\":[{\"@type\":\"ListItem\",\"position\":1,\"name\":\"Etusivu\",\"item\":\"https:\/\/shop.hippolyte.fi\/en\/\"},{\"@type\":\"ListItem\",\"position\":2,\"name\":\"Shop\",\"item\":\"https:\/\/shop.hippolyte.fi\/en\/shop\/\"},{\"@type\":\"ListItem\",\"position\":3,\"name\":\"Marko H\u00e4m\u00e4l\u00e4inen: Silence moves with the wind\"}]},{\"@type\":\"WebSite\",\"@id\":\"https:\/\/shop.hippolyte.fi\/en\/#website\",\"url\":\"https:\/\/shop.hippolyte.fi\/en\/\",\"name\":\"Online shop for photographic art\",\"description\":\"Verkkokaupassa myyd\u00e4\u00e4n teoksia ja valokuvataidekirjoja. OTOS-tapahtuman aikana my\u00f6s tapahtuman teoksia.\",\"potentialAction\":[{\"@type\":\"SearchAction\",\"target\":{\"@type\":\"EntryPoint\",\"urlTemplate\":\"https:\/\/shop.hippolyte.fi\/en\/?s={search_term_string}\"},\"query-input\":{\"@type\":\"PropertyValueSpecification\",\"valueRequired\":true,\"valueName\":\"search_term_string\"}}],\"inLanguage\":\"en-US\"}]}<\/script>\n<!-- \/ Yoast SEO plugin. -->","yoast_head_json":{"title":"Marko H\u00e4m\u00e4l\u00e4inen: Silence moves with the wind - Online shop for photographic art","robots":{"index":"index","follow":"follow","max-snippet":"max-snippet:-1","max-image-preview":"max-image-preview:large","max-video-preview":"max-video-preview:-1"},"canonical":"https:\/\/shop.hippolyte.fi\/en\/product\/marko-hamalainen-silence-moves-with-the-wind\/","og_locale":"en_US","og_type":"article","og_title":"Marko H\u00e4m\u00e4l\u00e4inen: Silence moves with the wind - Online shop for photographic art","og_description":"Photographs and texts: Marko H\u00e4m\u00e4l\u00e4inen Languages: Finnish, English Graphic design: Tiina Ekosaari Colour separation: Petri Kuokka Publisher: self-published Release date: April 2021 Edition: 800 Printing and bound: Livonia Print, Latvia ISBN: 978-952-94-4125-9","og_url":"https:\/\/shop.hippolyte.fi\/en\/product\/marko-hamalainen-silence-moves-with-the-wind\/","og_site_name":"Online shop for photographic art","article_modified_time":"2025-11-06T09:49:59+00:00","og_image":[{"width":2560,"height":1706,"url":"https:\/\/shop.hippolyte.fi\/wp-content\/uploads\/2022\/07\/KP2021_L8A4113-scaled.jpg","type":"image\/jpeg"}],"twitter_card":"summary_large_image","twitter_misc":{"Est. reading time":"1 minute"},"schema":{"@context":"https:\/\/schema.org","@graph":[{"@type":"WebPage","@id":"https:\/\/shop.hippolyte.fi\/en\/product\/marko-hamalainen-silence-moves-with-the-wind\/","url":"https:\/\/shop.hippolyte.fi\/en\/product\/marko-hamalainen-silence-moves-with-the-wind\/","name":"Marko H\u00e4m\u00e4l\u00e4inen: Silence moves with the wind - Online shop for photographic art","isPartOf":{"@id":"https:\/\/shop.hippolyte.fi\/en\/#website"},"primaryImageOfPage":{"@id":"https:\/\/shop.hippolyte.fi\/en\/product\/marko-hamalainen-silence-moves-with-the-wind\/#primaryimage"},"image":{"@id":"https:\/\/shop.hippolyte.fi\/en\/product\/marko-hamalainen-silence-moves-with-the-wind\/#primaryimage"},"thumbnailUrl":"https:\/\/shop.hippolyte.fi\/wp-content\/uploads\/2022\/07\/KP2021_L8A4113-scaled.jpg","datePublished":"2022-07-04T08:00:29+00:00","dateModified":"2025-11-06T09:49:59+00:00","breadcrumb":{"@id":"https:\/\/shop.hippolyte.fi\/en\/product\/marko-hamalainen-silence-moves-with-the-wind\/#breadcrumb"},"inLanguage":"en-US","potentialAction":[{"@type":"ReadAction","target":["https:\/\/shop.hippolyte.fi\/en\/product\/marko-hamalainen-silence-moves-with-the-wind\/"]}]},{"@type":"ImageObject","inLanguage":"en-US","@id":"https:\/\/shop.hippolyte.fi\/en\/product\/marko-hamalainen-silence-moves-with-the-wind\/#primaryimage","url":"https:\/\/shop.hippolyte.fi\/wp-content\/uploads\/2022\/07\/KP2021_L8A4113-scaled.jpg","contentUrl":"https:\/\/shop.hippolyte.fi\/wp-content\/uploads\/2022\/07\/KP2021_L8A4113-scaled.jpg","width":2560,"height":1706},{"@type":"BreadcrumbList","@id":"https:\/\/shop.hippolyte.fi\/en\/product\/marko-hamalainen-silence-moves-with-the-wind\/#breadcrumb","itemListElement":[{"@type":"ListItem","position":1,"name":"Etusivu","item":"https:\/\/shop.hippolyte.fi\/en\/"},{"@type":"ListItem","position":2,"name":"Shop","item":"https:\/\/shop.hippolyte.fi\/en\/shop\/"},{"@type":"ListItem","position":3,"name":"Marko H\u00e4m\u00e4l\u00e4inen: Silence moves with the wind"}]},{"@type":"WebSite","@id":"https:\/\/shop.hippolyte.fi\/en\/#website","url":"https:\/\/shop.hippolyte.fi\/en\/","name":"Online shop for photographic art","description":"Verkkokaupassa myyd\u00e4\u00e4n teoksia ja valokuvataidekirjoja. OTOS-tapahtuman aikana my\u00f6s tapahtuman teoksia.","potentialAction":[{"@type":"SearchAction","target":{"@type":"EntryPoint","urlTemplate":"https:\/\/shop.hippolyte.fi\/en\/?s={search_term_string}"},"query-input":{"@type":"PropertyValueSpecification","valueRequired":true,"valueName":"search_term_string"}}],"inLanguage":"en-US"}]}},"_links":{"self":[{"href":"https:\/\/shop.hippolyte.fi\/en\/wp-json\/wp\/v2\/product\/222","targetHints":{"allow":["GET"]}}],"collection":[{"href":"https:\/\/shop.hippolyte.fi\/en\/wp-json\/wp\/v2\/product"}],"about":[{"href":"https:\/\/shop.hippolyte.fi\/en\/wp-json\/wp\/v2\/types\/product"}],"wp:featuredmedia":[{"embeddable":true,"href":"https:\/\/shop.hippolyte.fi\/en\/wp-json\/wp\/v2\/media\/167"}],"wp:attachment":[{"href":"https:\/\/shop.hippolyte.fi\/en\/wp-json\/wp\/v2\/media?parent=222"}],"wp:term":[{"taxonomy":"product_brand","embeddable":true,"href":"https:\/\/shop.hippolyte.fi\/en\/wp-json\/wp\/v2\/product_brand?post=222"},{"taxonomy":"product_cat","embeddable":true,"href":"https:\/\/shop.hippolyte.fi\/en\/wp-json\/wp\/v2\/product_cat?post=222"},{"taxonomy":"product_tag","embeddable":true,"href":"https:\/\/shop.hippolyte.fi\/en\/wp-json\/wp\/v2\/product_tag?post=222"},{"taxonomy":"artists","embeddable":true,"href":"https:\/\/shop.hippolyte.fi\/en\/wp-json\/wp\/v2\/artists?post=222"},{"taxonomy":"location","embeddable":true,"href":"https:\/\/shop.hippolyte.fi\/en\/wp-json\/wp\/v2\/location?post=222"},{"taxonomy":"publisher","embeddable":true,"href":"https:\/\/shop.hippolyte.fi\/en\/wp-json\/wp\/v2\/publisher?post=222"},{"taxonomy":"years","embeddable":true,"href":"https:\/\/shop.hippolyte.fi\/en\/wp-json\/wp\/v2\/years?post=222"}],"curies":[{"name":"wp","href":"https:\/\/api.w.org\/{rel}","templated":true}]}}