{"id":226,"date":"2022-07-04T10:08:00","date_gmt":"2022-07-04T07:08:00","guid":{"rendered":"https:\/\/shop.hippolyte.fi\/teos\/niko-luoma-for-each-minute-sixty-five-seconds\/"},"modified":"2025-11-06T11:49:59","modified_gmt":"2025-11-06T09:49:59","slug":"niko-luoma-for-each-minute-sixty-five-seconds","status":"publish","type":"product","link":"https:\/\/shop.hippolyte.fi\/en\/product\/niko-luoma-for-each-minute-sixty-five-seconds\/","title":{"rendered":"Niko Luoma: For Each Minute, Sixty-Five Seconds"},"content":{"rendered":"<p>Niko Luoma&#8217;s brilliant artist book presents\u00a0works from the artis&#8217;s series Adaptations, as well as the process behind them. The works in the series are based on masterpieces of art history &#8211; paintings made by other artists, which Luoma has used as a starting point and made his own versions of them using his own unique working method. The abstract photographs are created according to a precise advance plan with hundreds, sometimes even thousands, of exposures on film. The working process is meditative and slow, and this slowed time is also indicated by the title of the book For Each Minute, Sixty-Five Seconds. The book is a visually impactful and carefully finalised photographic art book.<\/p>\n<p><em>For Each Minute, Sixty-Five Seconds<\/em> is a Photobook Award 2021 finalist.<\/p>\n<div class=\"video-container\"><iframe loading=\"lazy\" title=\"Niko Luoma: For Each Minute \u2013 Sixty-five Seconds\" width=\"500\" height=\"281\" src=\"https:\/\/www.youtube.com\/embed\/5ZuHMxSk5S4?feature=oembed\" frameborder=\"0\" allow=\"accelerometer; autoplay; clipboard-write; encrypted-media; gyroscope; picture-in-picture; web-share\" referrerpolicy=\"strict-origin-when-cross-origin\" allowfullscreen><\/iframe><\/div>\n","protected":false},"excerpt":{"rendered":"<div class=\"row  one-col-row no-row-hoverimage  row-11\">\n<div class=\"row-inner \">\n<div class=\"column-wrap \">\n<div class=\"col no-offset push-2 span-8 align-top no-parallax type-text  no_100vh-carousel\" data-type=\"text\" data-yvel=\"1\">\n<div class=\"text lay-textformat-parent \">\n<p>Photographs: Niko Luoma<br \/>\nTexts: Timothy Persons, Lyle Rexer ja Duncan Wooldridge<br \/>\nGraphic design: Juha Nenonen, Bigger Splash, Helsinki<br \/>\nColour separation: Petri Kuokka, Aarnipaja<br \/>\nLanguage: English<br \/>\nPublisher: Hatje Cantz, Berliini<br \/>\nRelease date: July 2021<br \/>\nEdition: 1200<br \/>\nPrinting and bound: Livonia print, Riga<br \/>\nISBN 978-3-7757-4689-2<\/p>\n<\/div>\n<\/div>\n<\/div>\n<\/div>\n<\/div>\n","protected":false},"featured_media":89,"template":"","meta":{"_acf_changed":false},"product_brand":[],"product_cat":[45,409,454],"product_tag":[],"artists":[61],"location":[55],"publisher":[417],"years":[436],"class_list":{"0":"post-226","1":"product","2":"type-product","3":"status-publish","4":"has-post-thumbnail","6":"product_cat-bookshop","7":"product_cat-artist-books","8":"product_cat-photobook-awards","9":"product_shipping_class-posti-s-max-11-x-32-x-42-cm-25-kg","10":"artists-luoma-niko","11":"location-photographic-gallery-hippolyte","12":"publisher-hatje-cantz","13":"years-436","15":"first","16":"instock","17":"taxable","18":"shipping-taxable","19":"purchasable","20":"product-type-simple"},"acf":[],"yoast_head":"<!-- This site is optimized with the Yoast SEO plugin v26.0 - https:\/\/yoast.com\/wordpress\/plugins\/seo\/ -->\n<title>Niko Luoma: For Each Minute, Sixty-Five Seconds - Online shop for photographic art<\/title>\n<meta name=\"robots\" content=\"index, follow, max-snippet:-1, max-image-preview:large, max-video-preview:-1\" \/>\n<link rel=\"canonical\" href=\"https:\/\/shop.hippolyte.fi\/en\/product\/niko-luoma-for-each-minute-sixty-five-seconds\/\" \/>\n<meta property=\"og:locale\" content=\"en_US\" \/>\n<meta property=\"og:type\" content=\"article\" \/>\n<meta property=\"og:title\" content=\"Niko Luoma: For Each Minute, Sixty-Five Seconds - Online shop for photographic art\" \/>\n<meta property=\"og:description\" content=\"Photographs: Niko Luoma Texts: Timothy Persons, Lyle Rexer ja Duncan Wooldridge Graphic design: Juha Nenonen, Bigger Splash, Helsinki Colour separation: Petri Kuokka, Aarnipaja Language: English Publisher: Hatje Cantz, Berliini Release date: July 2021 Edition: 1200 Printing and bound: Livonia print, Riga ISBN 978-3-7757-4689-2\" \/>\n<meta property=\"og:url\" content=\"https:\/\/shop.hippolyte.fi\/en\/product\/niko-luoma-for-each-minute-sixty-five-seconds\/\" \/>\n<meta property=\"og:site_name\" content=\"Online shop for photographic art\" \/>\n<meta property=\"article:modified_time\" content=\"2025-11-06T09:49:59+00:00\" \/>\n<meta property=\"og:image\" content=\"https:\/\/shop.hippolyte.fi\/wp-content\/uploads\/2022\/06\/temp-image-12-scaled.jpg\" \/>\n\t<meta property=\"og:image:width\" content=\"2560\" \/>\n\t<meta property=\"og:image:height\" content=\"1707\" \/>\n\t<meta property=\"og:image:type\" content=\"image\/jpeg\" \/>\n<meta name=\"twitter:card\" content=\"summary_large_image\" \/>\n<meta name=\"twitter:label1\" content=\"Est. reading time\" \/>\n\t<meta name=\"twitter:data1\" content=\"1 minute\" \/>\n<script type=\"application\/ld+json\" class=\"yoast-schema-graph\">{\"@context\":\"https:\/\/schema.org\",\"@graph\":[{\"@type\":\"WebPage\",\"@id\":\"https:\/\/shop.hippolyte.fi\/en\/product\/niko-luoma-for-each-minute-sixty-five-seconds\/\",\"url\":\"https:\/\/shop.hippolyte.fi\/en\/product\/niko-luoma-for-each-minute-sixty-five-seconds\/\",\"name\":\"Niko Luoma: For Each Minute, Sixty-Five Seconds - Online shop for photographic art\",\"isPartOf\":{\"@id\":\"https:\/\/shop.hippolyte.fi\/en\/#website\"},\"primaryImageOfPage\":{\"@id\":\"https:\/\/shop.hippolyte.fi\/en\/product\/niko-luoma-for-each-minute-sixty-five-seconds\/#primaryimage\"},\"image\":{\"@id\":\"https:\/\/shop.hippolyte.fi\/en\/product\/niko-luoma-for-each-minute-sixty-five-seconds\/#primaryimage\"},\"thumbnailUrl\":\"https:\/\/shop.hippolyte.fi\/wp-content\/uploads\/2022\/06\/temp-image-12-scaled.jpg\",\"datePublished\":\"2022-07-04T07:08:00+00:00\",\"dateModified\":\"2025-11-06T09:49:59+00:00\",\"breadcrumb\":{\"@id\":\"https:\/\/shop.hippolyte.fi\/en\/product\/niko-luoma-for-each-minute-sixty-five-seconds\/#breadcrumb\"},\"inLanguage\":\"en-US\",\"potentialAction\":[{\"@type\":\"ReadAction\",\"target\":[\"https:\/\/shop.hippolyte.fi\/en\/product\/niko-luoma-for-each-minute-sixty-five-seconds\/\"]}]},{\"@type\":\"ImageObject\",\"inLanguage\":\"en-US\",\"@id\":\"https:\/\/shop.hippolyte.fi\/en\/product\/niko-luoma-for-each-minute-sixty-five-seconds\/#primaryimage\",\"url\":\"https:\/\/shop.hippolyte.fi\/wp-content\/uploads\/2022\/06\/temp-image-12-scaled.jpg\",\"contentUrl\":\"https:\/\/shop.hippolyte.fi\/wp-content\/uploads\/2022\/06\/temp-image-12-scaled.jpg\",\"width\":2560,\"height\":1707},{\"@type\":\"BreadcrumbList\",\"@id\":\"https:\/\/shop.hippolyte.fi\/en\/product\/niko-luoma-for-each-minute-sixty-five-seconds\/#breadcrumb\",\"itemListElement\":[{\"@type\":\"ListItem\",\"position\":1,\"name\":\"Etusivu\",\"item\":\"https:\/\/shop.hippolyte.fi\/en\/\"},{\"@type\":\"ListItem\",\"position\":2,\"name\":\"Shop\",\"item\":\"https:\/\/shop.hippolyte.fi\/en\/shop\/\"},{\"@type\":\"ListItem\",\"position\":3,\"name\":\"Niko Luoma: For Each Minute, Sixty-Five Seconds\"}]},{\"@type\":\"WebSite\",\"@id\":\"https:\/\/shop.hippolyte.fi\/en\/#website\",\"url\":\"https:\/\/shop.hippolyte.fi\/en\/\",\"name\":\"Online shop for photographic art\",\"description\":\"Verkkokaupassa myyd\u00e4\u00e4n teoksia ja valokuvataidekirjoja. OTOS-tapahtuman aikana my\u00f6s tapahtuman teoksia.\",\"potentialAction\":[{\"@type\":\"SearchAction\",\"target\":{\"@type\":\"EntryPoint\",\"urlTemplate\":\"https:\/\/shop.hippolyte.fi\/en\/?s={search_term_string}\"},\"query-input\":{\"@type\":\"PropertyValueSpecification\",\"valueRequired\":true,\"valueName\":\"search_term_string\"}}],\"inLanguage\":\"en-US\"}]}<\/script>\n<!-- \/ Yoast SEO plugin. -->","yoast_head_json":{"title":"Niko Luoma: For Each Minute, Sixty-Five Seconds - Online shop for photographic art","robots":{"index":"index","follow":"follow","max-snippet":"max-snippet:-1","max-image-preview":"max-image-preview:large","max-video-preview":"max-video-preview:-1"},"canonical":"https:\/\/shop.hippolyte.fi\/en\/product\/niko-luoma-for-each-minute-sixty-five-seconds\/","og_locale":"en_US","og_type":"article","og_title":"Niko Luoma: For Each Minute, Sixty-Five Seconds - Online shop for photographic art","og_description":"Photographs: Niko Luoma Texts: Timothy Persons, Lyle Rexer ja Duncan Wooldridge Graphic design: Juha Nenonen, Bigger Splash, Helsinki Colour separation: Petri Kuokka, Aarnipaja Language: English Publisher: Hatje Cantz, Berliini Release date: July 2021 Edition: 1200 Printing and bound: Livonia print, Riga ISBN 978-3-7757-4689-2","og_url":"https:\/\/shop.hippolyte.fi\/en\/product\/niko-luoma-for-each-minute-sixty-five-seconds\/","og_site_name":"Online shop for photographic art","article_modified_time":"2025-11-06T09:49:59+00:00","og_image":[{"width":2560,"height":1707,"url":"https:\/\/shop.hippolyte.fi\/wp-content\/uploads\/2022\/06\/temp-image-12-scaled.jpg","type":"image\/jpeg"}],"twitter_card":"summary_large_image","twitter_misc":{"Est. reading time":"1 minute"},"schema":{"@context":"https:\/\/schema.org","@graph":[{"@type":"WebPage","@id":"https:\/\/shop.hippolyte.fi\/en\/product\/niko-luoma-for-each-minute-sixty-five-seconds\/","url":"https:\/\/shop.hippolyte.fi\/en\/product\/niko-luoma-for-each-minute-sixty-five-seconds\/","name":"Niko Luoma: For Each Minute, Sixty-Five Seconds - Online shop for photographic art","isPartOf":{"@id":"https:\/\/shop.hippolyte.fi\/en\/#website"},"primaryImageOfPage":{"@id":"https:\/\/shop.hippolyte.fi\/en\/product\/niko-luoma-for-each-minute-sixty-five-seconds\/#primaryimage"},"image":{"@id":"https:\/\/shop.hippolyte.fi\/en\/product\/niko-luoma-for-each-minute-sixty-five-seconds\/#primaryimage"},"thumbnailUrl":"https:\/\/shop.hippolyte.fi\/wp-content\/uploads\/2022\/06\/temp-image-12-scaled.jpg","datePublished":"2022-07-04T07:08:00+00:00","dateModified":"2025-11-06T09:49:59+00:00","breadcrumb":{"@id":"https:\/\/shop.hippolyte.fi\/en\/product\/niko-luoma-for-each-minute-sixty-five-seconds\/#breadcrumb"},"inLanguage":"en-US","potentialAction":[{"@type":"ReadAction","target":["https:\/\/shop.hippolyte.fi\/en\/product\/niko-luoma-for-each-minute-sixty-five-seconds\/"]}]},{"@type":"ImageObject","inLanguage":"en-US","@id":"https:\/\/shop.hippolyte.fi\/en\/product\/niko-luoma-for-each-minute-sixty-five-seconds\/#primaryimage","url":"https:\/\/shop.hippolyte.fi\/wp-content\/uploads\/2022\/06\/temp-image-12-scaled.jpg","contentUrl":"https:\/\/shop.hippolyte.fi\/wp-content\/uploads\/2022\/06\/temp-image-12-scaled.jpg","width":2560,"height":1707},{"@type":"BreadcrumbList","@id":"https:\/\/shop.hippolyte.fi\/en\/product\/niko-luoma-for-each-minute-sixty-five-seconds\/#breadcrumb","itemListElement":[{"@type":"ListItem","position":1,"name":"Etusivu","item":"https:\/\/shop.hippolyte.fi\/en\/"},{"@type":"ListItem","position":2,"name":"Shop","item":"https:\/\/shop.hippolyte.fi\/en\/shop\/"},{"@type":"ListItem","position":3,"name":"Niko Luoma: For Each Minute, Sixty-Five Seconds"}]},{"@type":"WebSite","@id":"https:\/\/shop.hippolyte.fi\/en\/#website","url":"https:\/\/shop.hippolyte.fi\/en\/","name":"Online shop for photographic art","description":"Verkkokaupassa myyd\u00e4\u00e4n teoksia ja valokuvataidekirjoja. OTOS-tapahtuman aikana my\u00f6s tapahtuman teoksia.","potentialAction":[{"@type":"SearchAction","target":{"@type":"EntryPoint","urlTemplate":"https:\/\/shop.hippolyte.fi\/en\/?s={search_term_string}"},"query-input":{"@type":"PropertyValueSpecification","valueRequired":true,"valueName":"search_term_string"}}],"inLanguage":"en-US"}]}},"_links":{"self":[{"href":"https:\/\/shop.hippolyte.fi\/en\/wp-json\/wp\/v2\/product\/226","targetHints":{"allow":["GET"]}}],"collection":[{"href":"https:\/\/shop.hippolyte.fi\/en\/wp-json\/wp\/v2\/product"}],"about":[{"href":"https:\/\/shop.hippolyte.fi\/en\/wp-json\/wp\/v2\/types\/product"}],"wp:featuredmedia":[{"embeddable":true,"href":"https:\/\/shop.hippolyte.fi\/en\/wp-json\/wp\/v2\/media\/89"}],"wp:attachment":[{"href":"https:\/\/shop.hippolyte.fi\/en\/wp-json\/wp\/v2\/media?parent=226"}],"wp:term":[{"taxonomy":"product_brand","embeddable":true,"href":"https:\/\/shop.hippolyte.fi\/en\/wp-json\/wp\/v2\/product_brand?post=226"},{"taxonomy":"product_cat","embeddable":true,"href":"https:\/\/shop.hippolyte.fi\/en\/wp-json\/wp\/v2\/product_cat?post=226"},{"taxonomy":"product_tag","embeddable":true,"href":"https:\/\/shop.hippolyte.fi\/en\/wp-json\/wp\/v2\/product_tag?post=226"},{"taxonomy":"artists","embeddable":true,"href":"https:\/\/shop.hippolyte.fi\/en\/wp-json\/wp\/v2\/artists?post=226"},{"taxonomy":"location","embeddable":true,"href":"https:\/\/shop.hippolyte.fi\/en\/wp-json\/wp\/v2\/location?post=226"},{"taxonomy":"publisher","embeddable":true,"href":"https:\/\/shop.hippolyte.fi\/en\/wp-json\/wp\/v2\/publisher?post=226"},{"taxonomy":"years","embeddable":true,"href":"https:\/\/shop.hippolyte.fi\/en\/wp-json\/wp\/v2\/years?post=226"}],"curies":[{"name":"wp","href":"https:\/\/api.w.org\/{rel}","templated":true}]}}