{"id":228,"date":"2022-07-04T11:19:30","date_gmt":"2022-07-04T08:19:30","guid":{"rendered":"https:\/\/shop.hippolyte.fi\/teos\/laura-horelli-changes-in-direction-a-journal\/"},"modified":"2025-11-06T11:49:59","modified_gmt":"2025-11-06T09:49:59","slug":"laura-horelli-changes-in-direction-a-journal","status":"publish","type":"product","link":"https:\/\/shop.hippolyte.fi\/en\/product\/laura-horelli-changes-in-direction-a-journal\/","title":{"rendered":"Laura Horelli: Changes in Direction \u2013 a Journal"},"content":{"rendered":"<p>Changes in Direction \u2013 a Journal offers various African-European perspectives to contemporary decolonisation debates. The Finnish-German artist Laura Horelli engages with the traumatic and complex histories of colonialism and international solidarity in Eastern Germany, Finland and Namibia. She stages micro-historical interventions in public spaces.\u00a0The artist\u2019s compilation of research, interviews and discussions in this bilingual German-English volume are enriched by contributions by the Namibian performance artist Nashilongweshipwe Mushaandja, the German curator-theorist Doreen Mende and the Finnish writer Olli L\u00f6ytty. Initially an exhibition project and film screenings shown in Berlin, Freiburg i. Br., Malm\u00f6, Helsinki and Windhoek, Horelli and the curator Heidi Brunnschweiler put together a volume that celebrates and critically reflects on art as a process.<\/p>\n<p><em>Changes in Direction \u2013 a Journal<\/em> is a Photobook Award 2021 finalist.<\/p>\n<div class=\"video-container\"><iframe loading=\"lazy\" title=\"Laura Horelli: Changes in Direction \u2013 a Journal\" width=\"500\" height=\"281\" src=\"https:\/\/www.youtube.com\/embed\/_00ZhtQEfII?feature=oembed\" frameborder=\"0\" allow=\"accelerometer; autoplay; clipboard-write; encrypted-media; gyroscope; picture-in-picture; web-share\" referrerpolicy=\"strict-origin-when-cross-origin\" allowfullscreen><\/iframe><\/div>\n","protected":false},"excerpt":{"rendered":"<div class=\"row  one-col-row no-row-hoverimage  row-5\">\n<div class=\"row-inner \">\n<div class=\"column-wrap \">\n<div class=\"col no-offset push-2 span-8 align-middle no-parallax type-text  no_100vh-carousel\" data-type=\"text\" data-yvel=\"1\">\n<div class=\"text lay-textformat-parent \">\n<p>Editors: Laura Horelli ja Heidi Brunnschweiler<br \/>\nPhotographs: several photographers and archives<br \/>\nTexts: Nashilongweshipwe Mushaandja, Doreen Mende, Olli L\u00f6ytty<br \/>\nLanguages: English, German<br \/>\nGraphic design: Archive Appendix, Lilia Di Bella<br \/>\nPublisher: Archive Books, Berlin<br \/>\nRelease date: April 2021<br \/>\nPages: 280<br \/>\nEdition: 800<br \/>\nPrinting: Druckhaus Gera<br \/>\nISBN 9 783948 2122506<\/p>\n<\/div>\n<\/div>\n<\/div>\n<\/div>\n<\/div>\n","protected":false},"featured_media":171,"template":"","meta":{"_acf_changed":false},"product_brand":[],"product_cat":[45,408,409,454],"product_tag":[],"artists":[62],"location":[55],"publisher":[439],"years":[436],"class_list":{"0":"post-228","1":"product","2":"type-product","3":"status-publish","4":"has-post-thumbnail","6":"product_cat-bookshop","7":"product_cat-art-textbooks","8":"product_cat-artist-books","9":"product_cat-photobook-awards","10":"product_shipping_class-posti-xxs-max-3-x-25-x-35-cm-2kg","11":"artists-horelli-laura","12":"location-photographic-gallery-hippolyte","13":"publisher-archive-books","14":"years-436","16":"first","17":"instock","18":"taxable","19":"shipping-taxable","20":"purchasable","21":"product-type-simple"},"acf":[],"yoast_head":"<!-- This site is optimized with the Yoast SEO plugin v26.0 - https:\/\/yoast.com\/wordpress\/plugins\/seo\/ -->\n<title>Laura Horelli: Changes in Direction \u2013 a Journal - Online shop for photographic art<\/title>\n<meta name=\"robots\" content=\"index, follow, max-snippet:-1, max-image-preview:large, max-video-preview:-1\" \/>\n<link rel=\"canonical\" href=\"https:\/\/shop.hippolyte.fi\/en\/product\/laura-horelli-changes-in-direction-a-journal\/\" \/>\n<meta property=\"og:locale\" content=\"en_US\" \/>\n<meta property=\"og:type\" content=\"article\" \/>\n<meta property=\"og:title\" content=\"Laura Horelli: Changes in Direction \u2013 a Journal - Online shop for photographic art\" \/>\n<meta property=\"og:description\" content=\"Editors: Laura Horelli ja Heidi Brunnschweiler Photographs: several photographers and archives Texts: Nashilongweshipwe Mushaandja, Doreen Mende, Olli L\u00f6ytty Languages: English, German Graphic design: Archive Appendix, Lilia Di Bella Publisher: Archive Books, Berlin Release date: April 2021 Pages: 280 Edition: 800 Printing: Druckhaus Gera ISBN 9 783948 2122506\" \/>\n<meta property=\"og:url\" content=\"https:\/\/shop.hippolyte.fi\/en\/product\/laura-horelli-changes-in-direction-a-journal\/\" \/>\n<meta property=\"og:site_name\" content=\"Online shop for photographic art\" \/>\n<meta property=\"article:modified_time\" content=\"2025-11-06T09:49:59+00:00\" \/>\n<meta property=\"og:image\" content=\"https:\/\/shop.hippolyte.fi\/wp-content\/uploads\/2022\/07\/KP2021_L8A4193-scaled.jpg\" \/>\n\t<meta property=\"og:image:width\" content=\"2560\" \/>\n\t<meta property=\"og:image:height\" content=\"1707\" \/>\n\t<meta property=\"og:image:type\" content=\"image\/jpeg\" \/>\n<meta name=\"twitter:card\" content=\"summary_large_image\" \/>\n<meta name=\"twitter:label1\" content=\"Est. reading time\" \/>\n\t<meta name=\"twitter:data1\" content=\"1 minute\" \/>\n<script type=\"application\/ld+json\" class=\"yoast-schema-graph\">{\"@context\":\"https:\/\/schema.org\",\"@graph\":[{\"@type\":\"WebPage\",\"@id\":\"https:\/\/shop.hippolyte.fi\/en\/product\/laura-horelli-changes-in-direction-a-journal\/\",\"url\":\"https:\/\/shop.hippolyte.fi\/en\/product\/laura-horelli-changes-in-direction-a-journal\/\",\"name\":\"Laura Horelli: Changes in Direction \u2013 a Journal - Online shop for photographic art\",\"isPartOf\":{\"@id\":\"https:\/\/shop.hippolyte.fi\/en\/#website\"},\"primaryImageOfPage\":{\"@id\":\"https:\/\/shop.hippolyte.fi\/en\/product\/laura-horelli-changes-in-direction-a-journal\/#primaryimage\"},\"image\":{\"@id\":\"https:\/\/shop.hippolyte.fi\/en\/product\/laura-horelli-changes-in-direction-a-journal\/#primaryimage\"},\"thumbnailUrl\":\"https:\/\/shop.hippolyte.fi\/wp-content\/uploads\/2022\/07\/KP2021_L8A4193-scaled.jpg\",\"datePublished\":\"2022-07-04T08:19:30+00:00\",\"dateModified\":\"2025-11-06T09:49:59+00:00\",\"breadcrumb\":{\"@id\":\"https:\/\/shop.hippolyte.fi\/en\/product\/laura-horelli-changes-in-direction-a-journal\/#breadcrumb\"},\"inLanguage\":\"en-US\",\"potentialAction\":[{\"@type\":\"ReadAction\",\"target\":[\"https:\/\/shop.hippolyte.fi\/en\/product\/laura-horelli-changes-in-direction-a-journal\/\"]}]},{\"@type\":\"ImageObject\",\"inLanguage\":\"en-US\",\"@id\":\"https:\/\/shop.hippolyte.fi\/en\/product\/laura-horelli-changes-in-direction-a-journal\/#primaryimage\",\"url\":\"https:\/\/shop.hippolyte.fi\/wp-content\/uploads\/2022\/07\/KP2021_L8A4193-scaled.jpg\",\"contentUrl\":\"https:\/\/shop.hippolyte.fi\/wp-content\/uploads\/2022\/07\/KP2021_L8A4193-scaled.jpg\",\"width\":2560,\"height\":1707},{\"@type\":\"BreadcrumbList\",\"@id\":\"https:\/\/shop.hippolyte.fi\/en\/product\/laura-horelli-changes-in-direction-a-journal\/#breadcrumb\",\"itemListElement\":[{\"@type\":\"ListItem\",\"position\":1,\"name\":\"Etusivu\",\"item\":\"https:\/\/shop.hippolyte.fi\/en\/\"},{\"@type\":\"ListItem\",\"position\":2,\"name\":\"Shop\",\"item\":\"https:\/\/shop.hippolyte.fi\/en\/shop\/\"},{\"@type\":\"ListItem\",\"position\":3,\"name\":\"Laura Horelli: Changes in Direction \u2013 a Journal\"}]},{\"@type\":\"WebSite\",\"@id\":\"https:\/\/shop.hippolyte.fi\/en\/#website\",\"url\":\"https:\/\/shop.hippolyte.fi\/en\/\",\"name\":\"Online shop for photographic art\",\"description\":\"Verkkokaupassa myyd\u00e4\u00e4n teoksia ja valokuvataidekirjoja. OTOS-tapahtuman aikana my\u00f6s tapahtuman teoksia.\",\"potentialAction\":[{\"@type\":\"SearchAction\",\"target\":{\"@type\":\"EntryPoint\",\"urlTemplate\":\"https:\/\/shop.hippolyte.fi\/en\/?s={search_term_string}\"},\"query-input\":{\"@type\":\"PropertyValueSpecification\",\"valueRequired\":true,\"valueName\":\"search_term_string\"}}],\"inLanguage\":\"en-US\"}]}<\/script>\n<!-- \/ Yoast SEO plugin. -->","yoast_head_json":{"title":"Laura Horelli: Changes in Direction \u2013 a Journal - Online shop for photographic art","robots":{"index":"index","follow":"follow","max-snippet":"max-snippet:-1","max-image-preview":"max-image-preview:large","max-video-preview":"max-video-preview:-1"},"canonical":"https:\/\/shop.hippolyte.fi\/en\/product\/laura-horelli-changes-in-direction-a-journal\/","og_locale":"en_US","og_type":"article","og_title":"Laura Horelli: Changes in Direction \u2013 a Journal - Online shop for photographic art","og_description":"Editors: Laura Horelli ja Heidi Brunnschweiler Photographs: several photographers and archives Texts: Nashilongweshipwe Mushaandja, Doreen Mende, Olli L\u00f6ytty Languages: English, German Graphic design: Archive Appendix, Lilia Di Bella Publisher: Archive Books, Berlin Release date: April 2021 Pages: 280 Edition: 800 Printing: Druckhaus Gera ISBN 9 783948 2122506","og_url":"https:\/\/shop.hippolyte.fi\/en\/product\/laura-horelli-changes-in-direction-a-journal\/","og_site_name":"Online shop for photographic art","article_modified_time":"2025-11-06T09:49:59+00:00","og_image":[{"width":2560,"height":1707,"url":"https:\/\/shop.hippolyte.fi\/wp-content\/uploads\/2022\/07\/KP2021_L8A4193-scaled.jpg","type":"image\/jpeg"}],"twitter_card":"summary_large_image","twitter_misc":{"Est. reading time":"1 minute"},"schema":{"@context":"https:\/\/schema.org","@graph":[{"@type":"WebPage","@id":"https:\/\/shop.hippolyte.fi\/en\/product\/laura-horelli-changes-in-direction-a-journal\/","url":"https:\/\/shop.hippolyte.fi\/en\/product\/laura-horelli-changes-in-direction-a-journal\/","name":"Laura Horelli: Changes in Direction \u2013 a Journal - Online shop for photographic art","isPartOf":{"@id":"https:\/\/shop.hippolyte.fi\/en\/#website"},"primaryImageOfPage":{"@id":"https:\/\/shop.hippolyte.fi\/en\/product\/laura-horelli-changes-in-direction-a-journal\/#primaryimage"},"image":{"@id":"https:\/\/shop.hippolyte.fi\/en\/product\/laura-horelli-changes-in-direction-a-journal\/#primaryimage"},"thumbnailUrl":"https:\/\/shop.hippolyte.fi\/wp-content\/uploads\/2022\/07\/KP2021_L8A4193-scaled.jpg","datePublished":"2022-07-04T08:19:30+00:00","dateModified":"2025-11-06T09:49:59+00:00","breadcrumb":{"@id":"https:\/\/shop.hippolyte.fi\/en\/product\/laura-horelli-changes-in-direction-a-journal\/#breadcrumb"},"inLanguage":"en-US","potentialAction":[{"@type":"ReadAction","target":["https:\/\/shop.hippolyte.fi\/en\/product\/laura-horelli-changes-in-direction-a-journal\/"]}]},{"@type":"ImageObject","inLanguage":"en-US","@id":"https:\/\/shop.hippolyte.fi\/en\/product\/laura-horelli-changes-in-direction-a-journal\/#primaryimage","url":"https:\/\/shop.hippolyte.fi\/wp-content\/uploads\/2022\/07\/KP2021_L8A4193-scaled.jpg","contentUrl":"https:\/\/shop.hippolyte.fi\/wp-content\/uploads\/2022\/07\/KP2021_L8A4193-scaled.jpg","width":2560,"height":1707},{"@type":"BreadcrumbList","@id":"https:\/\/shop.hippolyte.fi\/en\/product\/laura-horelli-changes-in-direction-a-journal\/#breadcrumb","itemListElement":[{"@type":"ListItem","position":1,"name":"Etusivu","item":"https:\/\/shop.hippolyte.fi\/en\/"},{"@type":"ListItem","position":2,"name":"Shop","item":"https:\/\/shop.hippolyte.fi\/en\/shop\/"},{"@type":"ListItem","position":3,"name":"Laura Horelli: Changes in Direction \u2013 a Journal"}]},{"@type":"WebSite","@id":"https:\/\/shop.hippolyte.fi\/en\/#website","url":"https:\/\/shop.hippolyte.fi\/en\/","name":"Online shop for photographic art","description":"Verkkokaupassa myyd\u00e4\u00e4n teoksia ja valokuvataidekirjoja. OTOS-tapahtuman aikana my\u00f6s tapahtuman teoksia.","potentialAction":[{"@type":"SearchAction","target":{"@type":"EntryPoint","urlTemplate":"https:\/\/shop.hippolyte.fi\/en\/?s={search_term_string}"},"query-input":{"@type":"PropertyValueSpecification","valueRequired":true,"valueName":"search_term_string"}}],"inLanguage":"en-US"}]}},"_links":{"self":[{"href":"https:\/\/shop.hippolyte.fi\/en\/wp-json\/wp\/v2\/product\/228","targetHints":{"allow":["GET"]}}],"collection":[{"href":"https:\/\/shop.hippolyte.fi\/en\/wp-json\/wp\/v2\/product"}],"about":[{"href":"https:\/\/shop.hippolyte.fi\/en\/wp-json\/wp\/v2\/types\/product"}],"wp:featuredmedia":[{"embeddable":true,"href":"https:\/\/shop.hippolyte.fi\/en\/wp-json\/wp\/v2\/media\/171"}],"wp:attachment":[{"href":"https:\/\/shop.hippolyte.fi\/en\/wp-json\/wp\/v2\/media?parent=228"}],"wp:term":[{"taxonomy":"product_brand","embeddable":true,"href":"https:\/\/shop.hippolyte.fi\/en\/wp-json\/wp\/v2\/product_brand?post=228"},{"taxonomy":"product_cat","embeddable":true,"href":"https:\/\/shop.hippolyte.fi\/en\/wp-json\/wp\/v2\/product_cat?post=228"},{"taxonomy":"product_tag","embeddable":true,"href":"https:\/\/shop.hippolyte.fi\/en\/wp-json\/wp\/v2\/product_tag?post=228"},{"taxonomy":"artists","embeddable":true,"href":"https:\/\/shop.hippolyte.fi\/en\/wp-json\/wp\/v2\/artists?post=228"},{"taxonomy":"location","embeddable":true,"href":"https:\/\/shop.hippolyte.fi\/en\/wp-json\/wp\/v2\/location?post=228"},{"taxonomy":"publisher","embeddable":true,"href":"https:\/\/shop.hippolyte.fi\/en\/wp-json\/wp\/v2\/publisher?post=228"},{"taxonomy":"years","embeddable":true,"href":"https:\/\/shop.hippolyte.fi\/en\/wp-json\/wp\/v2\/years?post=228"}],"curies":[{"name":"wp","href":"https:\/\/api.w.org\/{rel}","templated":true}]}}