{"id":230,"date":"2022-06-04T11:39:35","date_gmt":"2022-06-04T08:39:35","guid":{"rendered":"https:\/\/shop.hippolyte.fi\/teos\/pauliina-heinanen-kotimatkalla-pa-vag-hem\/"},"modified":"2025-11-06T11:49:59","modified_gmt":"2025-11-06T09:49:59","slug":"pauliina-heinanen-kotimatkalla-pa-vag-hem","status":"publish","type":"product","link":"https:\/\/shop.hippolyte.fi\/en\/product\/pauliina-heinanen-kotimatkalla-pa-vag-hem\/","title":{"rendered":"Pauliina Hein\u00e4nen: Kotimatkalla\/P\u00e5 v\u00e4g hem"},"content":{"rendered":"<p><em>Kotimatkalla \/ P\u00e5 v\u00e4g hem<\/em>\u00a0is an ensemble of two identically sized photo books packed together in one box. The diptych format supports the theme of the books: Pauliina Hein\u00e4nen has learned about the experiences of both her grandmother and grandfather as Finnish war children in Sweden. What kind of a trace does rootlessness leave in a person? The photographer approaches the questions of trauma through sensitive, symbolic images and short texts, vividly piecing together various materials through graphic design. The craft-like binding gives the personal and emotional book its final touch.<\/p>\n<p><em>Kotimatkalla\/P\u00e5 v\u00e4g hem<\/em> is a Photobook Award 2020 finalist.<\/p>\n<p>&nbsp;<\/p>\n<div class=\"video-container\"><iframe loading=\"lazy\" title=\"HEINA\u0308NEN.mp4\" src=\"https:\/\/player.vimeo.com\/video\/523515224?dnt=1&amp;app_id=122963\" width=\"500\" height=\"281\" frameborder=\"0\" allow=\"autoplay; fullscreen; picture-in-picture; clipboard-write\"><\/iframe><\/div>\n","protected":false},"excerpt":{"rendered":"<p>Photographs and texts: Pauliina Hein\u00e4nen<br \/>\nLanguages: Finnish, Swedish<br \/>\nGraphic Design: Pauliina Hein\u00e4nen<br \/>\nColour separation: Petri Kuokka \/ Aarnipaja Ky<br \/>\nPublisher: monography<br \/>\nPublished: May 2020<br \/>\nPages: Two separate books, 88 &amp; 88 pages<br \/>\nEdition: 300 kpl<br \/>\nPrinter: Tallinna Raamatutr\u00fckikoda O\u00fc<br \/>\nISBN: 978-952-94-2562-4<\/p>\n","protected":false},"featured_media":176,"template":"","meta":{"_acf_changed":false},"product_brand":[],"product_cat":[45,409,454],"product_tag":[],"artists":[63],"location":[55],"publisher":[411],"years":[448],"class_list":{"0":"post-230","1":"product","2":"type-product","3":"status-publish","4":"has-post-thumbnail","6":"product_cat-bookshop","7":"product_cat-artist-books","8":"product_cat-photobook-awards","9":"product_shipping_class-posti-xxs-max-3-x-25-x-35-cm-2kg","10":"artists-heinanen-pauliina","11":"location-photographic-gallery-hippolyte","12":"publisher-itsejulkaistu","13":"years-448","15":"first","16":"instock","17":"taxable","18":"shipping-taxable","19":"purchasable","20":"product-type-simple"},"acf":[],"yoast_head":"<!-- This site is optimized with the Yoast SEO plugin v26.0 - https:\/\/yoast.com\/wordpress\/plugins\/seo\/ -->\n<title>Pauliina Hein\u00e4nen: Kotimatkalla\/P\u00e5 v\u00e4g hem - Online shop for photographic art<\/title>\n<meta name=\"robots\" content=\"index, follow, max-snippet:-1, max-image-preview:large, max-video-preview:-1\" \/>\n<link rel=\"canonical\" href=\"https:\/\/shop.hippolyte.fi\/en\/product\/pauliina-heinanen-kotimatkalla-pa-vag-hem\/\" \/>\n<meta property=\"og:locale\" content=\"en_US\" \/>\n<meta property=\"og:type\" content=\"article\" \/>\n<meta property=\"og:title\" content=\"Pauliina Hein\u00e4nen: Kotimatkalla\/P\u00e5 v\u00e4g hem - Online shop for photographic art\" \/>\n<meta property=\"og:description\" content=\"Photographs and texts: Pauliina Hein\u00e4nen Languages: Finnish, Swedish Graphic Design: Pauliina Hein\u00e4nen Colour separation: Petri Kuokka \/ Aarnipaja Ky Publisher: monography Published: May 2020 Pages: Two separate books, 88 &amp; 88 pages Edition: 300 kpl Printer: Tallinna Raamatutr\u00fckikoda O\u00fc ISBN: 978-952-94-2562-4\" \/>\n<meta property=\"og:url\" content=\"https:\/\/shop.hippolyte.fi\/en\/product\/pauliina-heinanen-kotimatkalla-pa-vag-hem\/\" \/>\n<meta property=\"og:site_name\" content=\"Online shop for photographic art\" \/>\n<meta property=\"article:modified_time\" content=\"2025-11-06T09:49:59+00:00\" \/>\n<meta property=\"og:image\" content=\"https:\/\/shop.hippolyte.fi\/wp-content\/uploads\/2022\/07\/Kirjapalkinto-final_L8A7033_1080x1080-INSTA.jpg\" \/>\n\t<meta property=\"og:image:width\" content=\"1080\" \/>\n\t<meta property=\"og:image:height\" content=\"1080\" \/>\n\t<meta property=\"og:image:type\" content=\"image\/jpeg\" \/>\n<meta name=\"twitter:card\" content=\"summary_large_image\" \/>\n<meta name=\"twitter:label1\" content=\"Est. reading time\" \/>\n\t<meta name=\"twitter:data1\" content=\"1 minute\" \/>\n<script type=\"application\/ld+json\" class=\"yoast-schema-graph\">{\"@context\":\"https:\/\/schema.org\",\"@graph\":[{\"@type\":\"WebPage\",\"@id\":\"https:\/\/shop.hippolyte.fi\/en\/product\/pauliina-heinanen-kotimatkalla-pa-vag-hem\/\",\"url\":\"https:\/\/shop.hippolyte.fi\/en\/product\/pauliina-heinanen-kotimatkalla-pa-vag-hem\/\",\"name\":\"Pauliina Hein\u00e4nen: Kotimatkalla\/P\u00e5 v\u00e4g hem - Online shop for photographic art\",\"isPartOf\":{\"@id\":\"https:\/\/shop.hippolyte.fi\/en\/#website\"},\"primaryImageOfPage\":{\"@id\":\"https:\/\/shop.hippolyte.fi\/en\/product\/pauliina-heinanen-kotimatkalla-pa-vag-hem\/#primaryimage\"},\"image\":{\"@id\":\"https:\/\/shop.hippolyte.fi\/en\/product\/pauliina-heinanen-kotimatkalla-pa-vag-hem\/#primaryimage\"},\"thumbnailUrl\":\"https:\/\/shop.hippolyte.fi\/wp-content\/uploads\/2022\/07\/Kirjapalkinto-final_L8A7033_1080x1080-INSTA.jpg\",\"datePublished\":\"2022-06-04T08:39:35+00:00\",\"dateModified\":\"2025-11-06T09:49:59+00:00\",\"breadcrumb\":{\"@id\":\"https:\/\/shop.hippolyte.fi\/en\/product\/pauliina-heinanen-kotimatkalla-pa-vag-hem\/#breadcrumb\"},\"inLanguage\":\"en-US\",\"potentialAction\":[{\"@type\":\"ReadAction\",\"target\":[\"https:\/\/shop.hippolyte.fi\/en\/product\/pauliina-heinanen-kotimatkalla-pa-vag-hem\/\"]}]},{\"@type\":\"ImageObject\",\"inLanguage\":\"en-US\",\"@id\":\"https:\/\/shop.hippolyte.fi\/en\/product\/pauliina-heinanen-kotimatkalla-pa-vag-hem\/#primaryimage\",\"url\":\"https:\/\/shop.hippolyte.fi\/wp-content\/uploads\/2022\/07\/Kirjapalkinto-final_L8A7033_1080x1080-INSTA.jpg\",\"contentUrl\":\"https:\/\/shop.hippolyte.fi\/wp-content\/uploads\/2022\/07\/Kirjapalkinto-final_L8A7033_1080x1080-INSTA.jpg\",\"width\":1080,\"height\":1080,\"caption\":\"20210308 Valokuvataide KIRJAPALKINTO, Valokuvataiteilijoiden liitto, Valokuvataiteen museo, kuvaaja: Minna Kurjenluoma\"},{\"@type\":\"BreadcrumbList\",\"@id\":\"https:\/\/shop.hippolyte.fi\/en\/product\/pauliina-heinanen-kotimatkalla-pa-vag-hem\/#breadcrumb\",\"itemListElement\":[{\"@type\":\"ListItem\",\"position\":1,\"name\":\"Etusivu\",\"item\":\"https:\/\/shop.hippolyte.fi\/en\/\"},{\"@type\":\"ListItem\",\"position\":2,\"name\":\"Shop\",\"item\":\"https:\/\/shop.hippolyte.fi\/en\/shop\/\"},{\"@type\":\"ListItem\",\"position\":3,\"name\":\"Pauliina Hein\u00e4nen: Kotimatkalla\/P\u00e5 v\u00e4g hem\"}]},{\"@type\":\"WebSite\",\"@id\":\"https:\/\/shop.hippolyte.fi\/en\/#website\",\"url\":\"https:\/\/shop.hippolyte.fi\/en\/\",\"name\":\"Online shop for photographic art\",\"description\":\"Verkkokaupassa myyd\u00e4\u00e4n teoksia ja valokuvataidekirjoja. OTOS-tapahtuman aikana my\u00f6s tapahtuman teoksia.\",\"potentialAction\":[{\"@type\":\"SearchAction\",\"target\":{\"@type\":\"EntryPoint\",\"urlTemplate\":\"https:\/\/shop.hippolyte.fi\/en\/?s={search_term_string}\"},\"query-input\":{\"@type\":\"PropertyValueSpecification\",\"valueRequired\":true,\"valueName\":\"search_term_string\"}}],\"inLanguage\":\"en-US\"}]}<\/script>\n<!-- \/ Yoast SEO plugin. -->","yoast_head_json":{"title":"Pauliina Hein\u00e4nen: Kotimatkalla\/P\u00e5 v\u00e4g hem - Online shop for photographic art","robots":{"index":"index","follow":"follow","max-snippet":"max-snippet:-1","max-image-preview":"max-image-preview:large","max-video-preview":"max-video-preview:-1"},"canonical":"https:\/\/shop.hippolyte.fi\/en\/product\/pauliina-heinanen-kotimatkalla-pa-vag-hem\/","og_locale":"en_US","og_type":"article","og_title":"Pauliina Hein\u00e4nen: Kotimatkalla\/P\u00e5 v\u00e4g hem - Online shop for photographic art","og_description":"Photographs and texts: Pauliina Hein\u00e4nen Languages: Finnish, Swedish Graphic Design: Pauliina Hein\u00e4nen Colour separation: Petri Kuokka \/ Aarnipaja Ky Publisher: monography Published: May 2020 Pages: Two separate books, 88 &amp; 88 pages Edition: 300 kpl Printer: Tallinna Raamatutr\u00fckikoda O\u00fc ISBN: 978-952-94-2562-4","og_url":"https:\/\/shop.hippolyte.fi\/en\/product\/pauliina-heinanen-kotimatkalla-pa-vag-hem\/","og_site_name":"Online shop for photographic art","article_modified_time":"2025-11-06T09:49:59+00:00","og_image":[{"width":1080,"height":1080,"url":"https:\/\/shop.hippolyte.fi\/wp-content\/uploads\/2022\/07\/Kirjapalkinto-final_L8A7033_1080x1080-INSTA.jpg","type":"image\/jpeg"}],"twitter_card":"summary_large_image","twitter_misc":{"Est. reading time":"1 minute"},"schema":{"@context":"https:\/\/schema.org","@graph":[{"@type":"WebPage","@id":"https:\/\/shop.hippolyte.fi\/en\/product\/pauliina-heinanen-kotimatkalla-pa-vag-hem\/","url":"https:\/\/shop.hippolyte.fi\/en\/product\/pauliina-heinanen-kotimatkalla-pa-vag-hem\/","name":"Pauliina Hein\u00e4nen: Kotimatkalla\/P\u00e5 v\u00e4g hem - Online shop for photographic art","isPartOf":{"@id":"https:\/\/shop.hippolyte.fi\/en\/#website"},"primaryImageOfPage":{"@id":"https:\/\/shop.hippolyte.fi\/en\/product\/pauliina-heinanen-kotimatkalla-pa-vag-hem\/#primaryimage"},"image":{"@id":"https:\/\/shop.hippolyte.fi\/en\/product\/pauliina-heinanen-kotimatkalla-pa-vag-hem\/#primaryimage"},"thumbnailUrl":"https:\/\/shop.hippolyte.fi\/wp-content\/uploads\/2022\/07\/Kirjapalkinto-final_L8A7033_1080x1080-INSTA.jpg","datePublished":"2022-06-04T08:39:35+00:00","dateModified":"2025-11-06T09:49:59+00:00","breadcrumb":{"@id":"https:\/\/shop.hippolyte.fi\/en\/product\/pauliina-heinanen-kotimatkalla-pa-vag-hem\/#breadcrumb"},"inLanguage":"en-US","potentialAction":[{"@type":"ReadAction","target":["https:\/\/shop.hippolyte.fi\/en\/product\/pauliina-heinanen-kotimatkalla-pa-vag-hem\/"]}]},{"@type":"ImageObject","inLanguage":"en-US","@id":"https:\/\/shop.hippolyte.fi\/en\/product\/pauliina-heinanen-kotimatkalla-pa-vag-hem\/#primaryimage","url":"https:\/\/shop.hippolyte.fi\/wp-content\/uploads\/2022\/07\/Kirjapalkinto-final_L8A7033_1080x1080-INSTA.jpg","contentUrl":"https:\/\/shop.hippolyte.fi\/wp-content\/uploads\/2022\/07\/Kirjapalkinto-final_L8A7033_1080x1080-INSTA.jpg","width":1080,"height":1080,"caption":"20210308 Valokuvataide KIRJAPALKINTO, Valokuvataiteilijoiden liitto, Valokuvataiteen museo, kuvaaja: Minna Kurjenluoma"},{"@type":"BreadcrumbList","@id":"https:\/\/shop.hippolyte.fi\/en\/product\/pauliina-heinanen-kotimatkalla-pa-vag-hem\/#breadcrumb","itemListElement":[{"@type":"ListItem","position":1,"name":"Etusivu","item":"https:\/\/shop.hippolyte.fi\/en\/"},{"@type":"ListItem","position":2,"name":"Shop","item":"https:\/\/shop.hippolyte.fi\/en\/shop\/"},{"@type":"ListItem","position":3,"name":"Pauliina Hein\u00e4nen: Kotimatkalla\/P\u00e5 v\u00e4g hem"}]},{"@type":"WebSite","@id":"https:\/\/shop.hippolyte.fi\/en\/#website","url":"https:\/\/shop.hippolyte.fi\/en\/","name":"Online shop for photographic art","description":"Verkkokaupassa myyd\u00e4\u00e4n teoksia ja valokuvataidekirjoja. OTOS-tapahtuman aikana my\u00f6s tapahtuman teoksia.","potentialAction":[{"@type":"SearchAction","target":{"@type":"EntryPoint","urlTemplate":"https:\/\/shop.hippolyte.fi\/en\/?s={search_term_string}"},"query-input":{"@type":"PropertyValueSpecification","valueRequired":true,"valueName":"search_term_string"}}],"inLanguage":"en-US"}]}},"_links":{"self":[{"href":"https:\/\/shop.hippolyte.fi\/en\/wp-json\/wp\/v2\/product\/230","targetHints":{"allow":["GET"]}}],"collection":[{"href":"https:\/\/shop.hippolyte.fi\/en\/wp-json\/wp\/v2\/product"}],"about":[{"href":"https:\/\/shop.hippolyte.fi\/en\/wp-json\/wp\/v2\/types\/product"}],"wp:featuredmedia":[{"embeddable":true,"href":"https:\/\/shop.hippolyte.fi\/en\/wp-json\/wp\/v2\/media\/176"}],"wp:attachment":[{"href":"https:\/\/shop.hippolyte.fi\/en\/wp-json\/wp\/v2\/media?parent=230"}],"wp:term":[{"taxonomy":"product_brand","embeddable":true,"href":"https:\/\/shop.hippolyte.fi\/en\/wp-json\/wp\/v2\/product_brand?post=230"},{"taxonomy":"product_cat","embeddable":true,"href":"https:\/\/shop.hippolyte.fi\/en\/wp-json\/wp\/v2\/product_cat?post=230"},{"taxonomy":"product_tag","embeddable":true,"href":"https:\/\/shop.hippolyte.fi\/en\/wp-json\/wp\/v2\/product_tag?post=230"},{"taxonomy":"artists","embeddable":true,"href":"https:\/\/shop.hippolyte.fi\/en\/wp-json\/wp\/v2\/artists?post=230"},{"taxonomy":"location","embeddable":true,"href":"https:\/\/shop.hippolyte.fi\/en\/wp-json\/wp\/v2\/location?post=230"},{"taxonomy":"publisher","embeddable":true,"href":"https:\/\/shop.hippolyte.fi\/en\/wp-json\/wp\/v2\/publisher?post=230"},{"taxonomy":"years","embeddable":true,"href":"https:\/\/shop.hippolyte.fi\/en\/wp-json\/wp\/v2\/years?post=230"}],"curies":[{"name":"wp","href":"https:\/\/api.w.org\/{rel}","templated":true}]}}