{"id":232,"date":"2022-06-04T11:35:03","date_gmt":"2022-06-04T08:35:03","guid":{"rendered":"https:\/\/shop.hippolyte.fi\/teos\/sanna-kannisto-observing-eye\/"},"modified":"2025-11-06T11:49:59","modified_gmt":"2025-11-06T09:49:59","slug":"sanna-kannisto-observing-eye","status":"publish","type":"product","link":"https:\/\/shop.hippolyte.fi\/en\/product\/sanna-kannisto-observing-eye\/","title":{"rendered":"Sanna Kannisto: Observing Eye"},"content":{"rendered":"<p>\u201c<em>While shooting I\u2019m close to the birds and observe them, but also they are actively watching me. From my point of view the observation is mutual<\/em>.\u201d Sanna Kannisto\u2019s book about our feathered friends is astonishing, asthe reader gets to see and admire the birds from a close distance in the extremely detailed images. The book is rich and measured in its artistic endeavour both in structure and every detail. It also provides a background on Kannisto\u2019s working methods at the interface between science and art: Kannisto has collaborated for years with researchers around the world.<\/p>\n<p><em>Observing Eye<\/em> is a Photobook Award 2020 finalist.<\/p>\n<div class=\"video-container\"><iframe loading=\"lazy\" title=\"KANNISTO.mp4\" src=\"https:\/\/player.vimeo.com\/video\/523516664?dnt=1&amp;app_id=122963\" width=\"500\" height=\"281\" frameborder=\"0\" allow=\"autoplay; fullscreen; picture-in-picture; clipboard-write\"><\/iframe><\/div>\n","protected":false},"excerpt":{"rendered":"<p>Photographs: Sanna Kannisto<br \/>\nTexts: Barbara Hofmann-Johnson<br \/>\nLanguage: English<br \/>\nGraphic Design: Juha Nenonen \/ Bigger Splash<br \/>\nPublisher: Hatje Cantz Verlag GbmH<br \/>\nPublished: August 2020<br \/>\nPages: 144<br \/>\nEdition: 1500 kpl<br \/>\nISBN: 978-3-7757-4791-2<\/p>\n","protected":false},"featured_media":181,"template":"","meta":{"_acf_changed":false},"product_brand":[],"product_cat":[45,409,454],"product_tag":[],"artists":[64],"location":[55],"publisher":[417],"years":[448],"class_list":{"0":"post-232","1":"product","2":"type-product","3":"status-publish","4":"has-post-thumbnail","6":"product_cat-bookshop","7":"product_cat-artist-books","8":"product_cat-photobook-awards","9":"product_shipping_class-posti-s-max-11-x-32-x-42-cm-25-kg","10":"artists-kannisto-sanna","11":"location-photographic-gallery-hippolyte","12":"publisher-hatje-cantz","13":"years-448","15":"first","16":"instock","17":"taxable","18":"shipping-taxable","19":"purchasable","20":"product-type-simple"},"acf":[],"yoast_head":"<!-- This site is optimized with the Yoast SEO plugin v26.0 - https:\/\/yoast.com\/wordpress\/plugins\/seo\/ -->\n<title>Sanna Kannisto: Observing Eye - Online shop for photographic art<\/title>\n<meta name=\"robots\" content=\"index, follow, max-snippet:-1, max-image-preview:large, max-video-preview:-1\" \/>\n<link rel=\"canonical\" href=\"https:\/\/shop.hippolyte.fi\/en\/product\/sanna-kannisto-observing-eye\/\" \/>\n<meta property=\"og:locale\" content=\"en_US\" \/>\n<meta property=\"og:type\" content=\"article\" \/>\n<meta property=\"og:title\" content=\"Sanna Kannisto: Observing Eye - Online shop for photographic art\" \/>\n<meta property=\"og:description\" content=\"Photographs: Sanna Kannisto Texts: Barbara Hofmann-Johnson Language: English Graphic Design: Juha Nenonen \/ Bigger Splash Publisher: Hatje Cantz Verlag GbmH Published: August 2020 Pages: 144 Edition: 1500 kpl ISBN: 978-3-7757-4791-2\" \/>\n<meta property=\"og:url\" content=\"https:\/\/shop.hippolyte.fi\/en\/product\/sanna-kannisto-observing-eye\/\" \/>\n<meta property=\"og:site_name\" content=\"Online shop for photographic art\" \/>\n<meta property=\"article:modified_time\" content=\"2025-11-06T09:49:59+00:00\" \/>\n<meta property=\"og:image\" content=\"https:\/\/shop.hippolyte.fi\/wp-content\/uploads\/2022\/07\/Kirjapalkinto-final_L8A7067_1080x1080-INSTA.jpg\" \/>\n\t<meta property=\"og:image:width\" content=\"1080\" \/>\n\t<meta property=\"og:image:height\" content=\"1080\" \/>\n\t<meta property=\"og:image:type\" content=\"image\/jpeg\" \/>\n<meta name=\"twitter:card\" content=\"summary_large_image\" \/>\n<meta name=\"twitter:label1\" content=\"Est. reading time\" \/>\n\t<meta name=\"twitter:data1\" content=\"1 minute\" \/>\n<script type=\"application\/ld+json\" class=\"yoast-schema-graph\">{\"@context\":\"https:\/\/schema.org\",\"@graph\":[{\"@type\":\"WebPage\",\"@id\":\"https:\/\/shop.hippolyte.fi\/en\/product\/sanna-kannisto-observing-eye\/\",\"url\":\"https:\/\/shop.hippolyte.fi\/en\/product\/sanna-kannisto-observing-eye\/\",\"name\":\"Sanna Kannisto: Observing Eye - Online shop for photographic art\",\"isPartOf\":{\"@id\":\"https:\/\/shop.hippolyte.fi\/en\/#website\"},\"primaryImageOfPage\":{\"@id\":\"https:\/\/shop.hippolyte.fi\/en\/product\/sanna-kannisto-observing-eye\/#primaryimage\"},\"image\":{\"@id\":\"https:\/\/shop.hippolyte.fi\/en\/product\/sanna-kannisto-observing-eye\/#primaryimage\"},\"thumbnailUrl\":\"https:\/\/shop.hippolyte.fi\/wp-content\/uploads\/2022\/07\/Kirjapalkinto-final_L8A7067_1080x1080-INSTA.jpg\",\"datePublished\":\"2022-06-04T08:35:03+00:00\",\"dateModified\":\"2025-11-06T09:49:59+00:00\",\"breadcrumb\":{\"@id\":\"https:\/\/shop.hippolyte.fi\/en\/product\/sanna-kannisto-observing-eye\/#breadcrumb\"},\"inLanguage\":\"en-US\",\"potentialAction\":[{\"@type\":\"ReadAction\",\"target\":[\"https:\/\/shop.hippolyte.fi\/en\/product\/sanna-kannisto-observing-eye\/\"]}]},{\"@type\":\"ImageObject\",\"inLanguage\":\"en-US\",\"@id\":\"https:\/\/shop.hippolyte.fi\/en\/product\/sanna-kannisto-observing-eye\/#primaryimage\",\"url\":\"https:\/\/shop.hippolyte.fi\/wp-content\/uploads\/2022\/07\/Kirjapalkinto-final_L8A7067_1080x1080-INSTA.jpg\",\"contentUrl\":\"https:\/\/shop.hippolyte.fi\/wp-content\/uploads\/2022\/07\/Kirjapalkinto-final_L8A7067_1080x1080-INSTA.jpg\",\"width\":1080,\"height\":1080,\"caption\":\"20210308 Valokuvataide KIRJAPALKINTO, Valokuvataiteilijoiden liitto, Valokuvataiteen museo, kuvaaja: Minna Kurjenluoma\"},{\"@type\":\"BreadcrumbList\",\"@id\":\"https:\/\/shop.hippolyte.fi\/en\/product\/sanna-kannisto-observing-eye\/#breadcrumb\",\"itemListElement\":[{\"@type\":\"ListItem\",\"position\":1,\"name\":\"Etusivu\",\"item\":\"https:\/\/shop.hippolyte.fi\/en\/\"},{\"@type\":\"ListItem\",\"position\":2,\"name\":\"Shop\",\"item\":\"https:\/\/shop.hippolyte.fi\/en\/shop\/\"},{\"@type\":\"ListItem\",\"position\":3,\"name\":\"Sanna Kannisto: Observing Eye\"}]},{\"@type\":\"WebSite\",\"@id\":\"https:\/\/shop.hippolyte.fi\/en\/#website\",\"url\":\"https:\/\/shop.hippolyte.fi\/en\/\",\"name\":\"Online shop for photographic art\",\"description\":\"Verkkokaupassa myyd\u00e4\u00e4n teoksia ja valokuvataidekirjoja. OTOS-tapahtuman aikana my\u00f6s tapahtuman teoksia.\",\"potentialAction\":[{\"@type\":\"SearchAction\",\"target\":{\"@type\":\"EntryPoint\",\"urlTemplate\":\"https:\/\/shop.hippolyte.fi\/en\/?s={search_term_string}\"},\"query-input\":{\"@type\":\"PropertyValueSpecification\",\"valueRequired\":true,\"valueName\":\"search_term_string\"}}],\"inLanguage\":\"en-US\"}]}<\/script>\n<!-- \/ Yoast SEO plugin. -->","yoast_head_json":{"title":"Sanna Kannisto: Observing Eye - Online shop for photographic art","robots":{"index":"index","follow":"follow","max-snippet":"max-snippet:-1","max-image-preview":"max-image-preview:large","max-video-preview":"max-video-preview:-1"},"canonical":"https:\/\/shop.hippolyte.fi\/en\/product\/sanna-kannisto-observing-eye\/","og_locale":"en_US","og_type":"article","og_title":"Sanna Kannisto: Observing Eye - Online shop for photographic art","og_description":"Photographs: Sanna Kannisto Texts: Barbara Hofmann-Johnson Language: English Graphic Design: Juha Nenonen \/ Bigger Splash Publisher: Hatje Cantz Verlag GbmH Published: August 2020 Pages: 144 Edition: 1500 kpl ISBN: 978-3-7757-4791-2","og_url":"https:\/\/shop.hippolyte.fi\/en\/product\/sanna-kannisto-observing-eye\/","og_site_name":"Online shop for photographic art","article_modified_time":"2025-11-06T09:49:59+00:00","og_image":[{"width":1080,"height":1080,"url":"https:\/\/shop.hippolyte.fi\/wp-content\/uploads\/2022\/07\/Kirjapalkinto-final_L8A7067_1080x1080-INSTA.jpg","type":"image\/jpeg"}],"twitter_card":"summary_large_image","twitter_misc":{"Est. reading time":"1 minute"},"schema":{"@context":"https:\/\/schema.org","@graph":[{"@type":"WebPage","@id":"https:\/\/shop.hippolyte.fi\/en\/product\/sanna-kannisto-observing-eye\/","url":"https:\/\/shop.hippolyte.fi\/en\/product\/sanna-kannisto-observing-eye\/","name":"Sanna Kannisto: Observing Eye - Online shop for photographic art","isPartOf":{"@id":"https:\/\/shop.hippolyte.fi\/en\/#website"},"primaryImageOfPage":{"@id":"https:\/\/shop.hippolyte.fi\/en\/product\/sanna-kannisto-observing-eye\/#primaryimage"},"image":{"@id":"https:\/\/shop.hippolyte.fi\/en\/product\/sanna-kannisto-observing-eye\/#primaryimage"},"thumbnailUrl":"https:\/\/shop.hippolyte.fi\/wp-content\/uploads\/2022\/07\/Kirjapalkinto-final_L8A7067_1080x1080-INSTA.jpg","datePublished":"2022-06-04T08:35:03+00:00","dateModified":"2025-11-06T09:49:59+00:00","breadcrumb":{"@id":"https:\/\/shop.hippolyte.fi\/en\/product\/sanna-kannisto-observing-eye\/#breadcrumb"},"inLanguage":"en-US","potentialAction":[{"@type":"ReadAction","target":["https:\/\/shop.hippolyte.fi\/en\/product\/sanna-kannisto-observing-eye\/"]}]},{"@type":"ImageObject","inLanguage":"en-US","@id":"https:\/\/shop.hippolyte.fi\/en\/product\/sanna-kannisto-observing-eye\/#primaryimage","url":"https:\/\/shop.hippolyte.fi\/wp-content\/uploads\/2022\/07\/Kirjapalkinto-final_L8A7067_1080x1080-INSTA.jpg","contentUrl":"https:\/\/shop.hippolyte.fi\/wp-content\/uploads\/2022\/07\/Kirjapalkinto-final_L8A7067_1080x1080-INSTA.jpg","width":1080,"height":1080,"caption":"20210308 Valokuvataide KIRJAPALKINTO, Valokuvataiteilijoiden liitto, Valokuvataiteen museo, kuvaaja: Minna Kurjenluoma"},{"@type":"BreadcrumbList","@id":"https:\/\/shop.hippolyte.fi\/en\/product\/sanna-kannisto-observing-eye\/#breadcrumb","itemListElement":[{"@type":"ListItem","position":1,"name":"Etusivu","item":"https:\/\/shop.hippolyte.fi\/en\/"},{"@type":"ListItem","position":2,"name":"Shop","item":"https:\/\/shop.hippolyte.fi\/en\/shop\/"},{"@type":"ListItem","position":3,"name":"Sanna Kannisto: Observing Eye"}]},{"@type":"WebSite","@id":"https:\/\/shop.hippolyte.fi\/en\/#website","url":"https:\/\/shop.hippolyte.fi\/en\/","name":"Online shop for photographic art","description":"Verkkokaupassa myyd\u00e4\u00e4n teoksia ja valokuvataidekirjoja. OTOS-tapahtuman aikana my\u00f6s tapahtuman teoksia.","potentialAction":[{"@type":"SearchAction","target":{"@type":"EntryPoint","urlTemplate":"https:\/\/shop.hippolyte.fi\/en\/?s={search_term_string}"},"query-input":{"@type":"PropertyValueSpecification","valueRequired":true,"valueName":"search_term_string"}}],"inLanguage":"en-US"}]}},"_links":{"self":[{"href":"https:\/\/shop.hippolyte.fi\/en\/wp-json\/wp\/v2\/product\/232","targetHints":{"allow":["GET"]}}],"collection":[{"href":"https:\/\/shop.hippolyte.fi\/en\/wp-json\/wp\/v2\/product"}],"about":[{"href":"https:\/\/shop.hippolyte.fi\/en\/wp-json\/wp\/v2\/types\/product"}],"wp:featuredmedia":[{"embeddable":true,"href":"https:\/\/shop.hippolyte.fi\/en\/wp-json\/wp\/v2\/media\/181"}],"wp:attachment":[{"href":"https:\/\/shop.hippolyte.fi\/en\/wp-json\/wp\/v2\/media?parent=232"}],"wp:term":[{"taxonomy":"product_brand","embeddable":true,"href":"https:\/\/shop.hippolyte.fi\/en\/wp-json\/wp\/v2\/product_brand?post=232"},{"taxonomy":"product_cat","embeddable":true,"href":"https:\/\/shop.hippolyte.fi\/en\/wp-json\/wp\/v2\/product_cat?post=232"},{"taxonomy":"product_tag","embeddable":true,"href":"https:\/\/shop.hippolyte.fi\/en\/wp-json\/wp\/v2\/product_tag?post=232"},{"taxonomy":"artists","embeddable":true,"href":"https:\/\/shop.hippolyte.fi\/en\/wp-json\/wp\/v2\/artists?post=232"},{"taxonomy":"location","embeddable":true,"href":"https:\/\/shop.hippolyte.fi\/en\/wp-json\/wp\/v2\/location?post=232"},{"taxonomy":"publisher","embeddable":true,"href":"https:\/\/shop.hippolyte.fi\/en\/wp-json\/wp\/v2\/publisher?post=232"},{"taxonomy":"years","embeddable":true,"href":"https:\/\/shop.hippolyte.fi\/en\/wp-json\/wp\/v2\/years?post=232"}],"curies":[{"name":"wp","href":"https:\/\/api.w.org\/{rel}","templated":true}]}}