{"id":234,"date":"2022-06-04T11:45:31","date_gmt":"2022-06-04T08:45:31","guid":{"rendered":"https:\/\/shop.hippolyte.fi\/teos\/maria-lax-some-kind-of-heavenly-fire\/"},"modified":"2025-11-06T11:49:59","modified_gmt":"2025-11-06T09:49:59","slug":"maria-lax-some-kind-of-heavenly-fire","status":"publish","type":"product","link":"https:\/\/shop.hippolyte.fi\/en\/product\/maria-lax-some-kind-of-heavenly-fire\/","title":{"rendered":"Maria Lax: Some Kind of Heavenly Fire"},"content":{"rendered":"<p>Maria Lax\u2019s small, compact book takes readers to regions succumbed to UFO fever in Northern Finland in the 1960s. Lax\u2019s poetic journey to a truly peculiar historical moment begins with her lost grandfather\u2019s scrapbook and notes. The willingness to believe in extra-terrestrials exist in parallel with the fears generated by the structural changes in agricultural life of the time. The book skillfully combines different materials &#8211; mysterious night imagery, old family album photos, scraps held together by tape \u2013 to create a concise and visually compellind world outside of everyday experiences.<\/p>\n<p><em>Some Kind of Heavenly Fire<\/em> is a Photobook Award 2020 finalist.<\/p>\n<div class=\"video-container\"><iframe loading=\"lazy\" title=\"LAX\" src=\"https:\/\/player.vimeo.com\/video\/523517925?dnt=1&amp;app_id=122963\" width=\"500\" height=\"281\" frameborder=\"0\" allow=\"autoplay; fullscreen; picture-in-picture; clipboard-write; encrypted-media\"><\/iframe><\/div>\n","protected":false},"excerpt":{"rendered":"<p>Photographs and texts: Maria Lax<br \/>\nLanguages: English<br \/>\nGraphic Design: Jan Hillman<br \/>\nPublisher: Setanta Books<br \/>\nPublished: February 2020<br \/>\nPages: 84<br \/>\nEdition: 750 kpl<br \/>\nISBN: 978-0956220530<\/p>\n","protected":false},"featured_media":185,"template":"","meta":{"_acf_changed":false},"product_brand":[],"product_cat":[45,409,454],"product_tag":[],"artists":[65],"location":[55],"publisher":[441],"years":[448],"class_list":{"0":"post-234","1":"product","2":"type-product","3":"status-publish","4":"has-post-thumbnail","6":"product_cat-bookshop","7":"product_cat-artist-books","8":"product_cat-photobook-awards","9":"product_shipping_class-posti-xxs-max-3-x-25-x-35-cm-2kg","10":"artists-lax-maria","11":"location-photographic-gallery-hippolyte","12":"publisher-setanta-books","13":"years-448","15":"first","16":"outofstock","17":"taxable","18":"shipping-taxable","19":"purchasable","20":"product-type-simple"},"acf":[],"yoast_head":"<!-- This site is optimized with the Yoast SEO plugin v26.0 - https:\/\/yoast.com\/wordpress\/plugins\/seo\/ -->\n<title>Maria Lax: Some Kind of Heavenly Fire - Online shop for photographic art<\/title>\n<meta name=\"robots\" content=\"index, follow, max-snippet:-1, max-image-preview:large, max-video-preview:-1\" \/>\n<link rel=\"canonical\" href=\"https:\/\/shop.hippolyte.fi\/en\/product\/maria-lax-some-kind-of-heavenly-fire\/\" \/>\n<meta property=\"og:locale\" content=\"en_US\" \/>\n<meta property=\"og:type\" content=\"article\" \/>\n<meta property=\"og:title\" content=\"Maria Lax: Some Kind of Heavenly Fire - Online shop for photographic art\" \/>\n<meta property=\"og:description\" content=\"Photographs and texts: Maria Lax Languages: English Graphic Design: Jan Hillman Publisher: Setanta Books Published: February 2020 Pages: 84 Edition: 750 kpl ISBN: 978-0956220530\" \/>\n<meta property=\"og:url\" content=\"https:\/\/shop.hippolyte.fi\/en\/product\/maria-lax-some-kind-of-heavenly-fire\/\" \/>\n<meta property=\"og:site_name\" content=\"Online shop for photographic art\" \/>\n<meta property=\"article:modified_time\" content=\"2025-11-06T09:49:59+00:00\" \/>\n<meta property=\"og:image\" content=\"https:\/\/shop.hippolyte.fi\/wp-content\/uploads\/2022\/07\/Kirjapalkinto-final_L8A7089_1080x1080-INSTA.jpg\" \/>\n\t<meta property=\"og:image:width\" content=\"1080\" \/>\n\t<meta property=\"og:image:height\" content=\"1080\" \/>\n\t<meta property=\"og:image:type\" content=\"image\/jpeg\" \/>\n<meta name=\"twitter:card\" content=\"summary_large_image\" \/>\n<meta name=\"twitter:label1\" content=\"Est. reading time\" \/>\n\t<meta name=\"twitter:data1\" content=\"1 minute\" \/>\n<script type=\"application\/ld+json\" class=\"yoast-schema-graph\">{\"@context\":\"https:\/\/schema.org\",\"@graph\":[{\"@type\":\"WebPage\",\"@id\":\"https:\/\/shop.hippolyte.fi\/en\/product\/maria-lax-some-kind-of-heavenly-fire\/\",\"url\":\"https:\/\/shop.hippolyte.fi\/en\/product\/maria-lax-some-kind-of-heavenly-fire\/\",\"name\":\"Maria Lax: Some Kind of Heavenly Fire - Online shop for photographic art\",\"isPartOf\":{\"@id\":\"https:\/\/shop.hippolyte.fi\/en\/#website\"},\"primaryImageOfPage\":{\"@id\":\"https:\/\/shop.hippolyte.fi\/en\/product\/maria-lax-some-kind-of-heavenly-fire\/#primaryimage\"},\"image\":{\"@id\":\"https:\/\/shop.hippolyte.fi\/en\/product\/maria-lax-some-kind-of-heavenly-fire\/#primaryimage\"},\"thumbnailUrl\":\"https:\/\/shop.hippolyte.fi\/wp-content\/uploads\/2022\/07\/Kirjapalkinto-final_L8A7089_1080x1080-INSTA.jpg\",\"datePublished\":\"2022-06-04T08:45:31+00:00\",\"dateModified\":\"2025-11-06T09:49:59+00:00\",\"breadcrumb\":{\"@id\":\"https:\/\/shop.hippolyte.fi\/en\/product\/maria-lax-some-kind-of-heavenly-fire\/#breadcrumb\"},\"inLanguage\":\"en-US\",\"potentialAction\":[{\"@type\":\"ReadAction\",\"target\":[\"https:\/\/shop.hippolyte.fi\/en\/product\/maria-lax-some-kind-of-heavenly-fire\/\"]}]},{\"@type\":\"ImageObject\",\"inLanguage\":\"en-US\",\"@id\":\"https:\/\/shop.hippolyte.fi\/en\/product\/maria-lax-some-kind-of-heavenly-fire\/#primaryimage\",\"url\":\"https:\/\/shop.hippolyte.fi\/wp-content\/uploads\/2022\/07\/Kirjapalkinto-final_L8A7089_1080x1080-INSTA.jpg\",\"contentUrl\":\"https:\/\/shop.hippolyte.fi\/wp-content\/uploads\/2022\/07\/Kirjapalkinto-final_L8A7089_1080x1080-INSTA.jpg\",\"width\":1080,\"height\":1080,\"caption\":\"20210308 Valokuvataide KIRJAPALKINTO, Valokuvataiteilijoiden liitto, Valokuvataiteen museo, kuvaaja: Minna Kurjenluoma\"},{\"@type\":\"BreadcrumbList\",\"@id\":\"https:\/\/shop.hippolyte.fi\/en\/product\/maria-lax-some-kind-of-heavenly-fire\/#breadcrumb\",\"itemListElement\":[{\"@type\":\"ListItem\",\"position\":1,\"name\":\"Etusivu\",\"item\":\"https:\/\/shop.hippolyte.fi\/en\/\"},{\"@type\":\"ListItem\",\"position\":2,\"name\":\"Shop\",\"item\":\"https:\/\/shop.hippolyte.fi\/en\/shop\/\"},{\"@type\":\"ListItem\",\"position\":3,\"name\":\"Maria Lax: Some Kind of Heavenly Fire\"}]},{\"@type\":\"WebSite\",\"@id\":\"https:\/\/shop.hippolyte.fi\/en\/#website\",\"url\":\"https:\/\/shop.hippolyte.fi\/en\/\",\"name\":\"Online shop for photographic art\",\"description\":\"Verkkokaupassa myyd\u00e4\u00e4n teoksia ja valokuvataidekirjoja. OTOS-tapahtuman aikana my\u00f6s tapahtuman teoksia.\",\"potentialAction\":[{\"@type\":\"SearchAction\",\"target\":{\"@type\":\"EntryPoint\",\"urlTemplate\":\"https:\/\/shop.hippolyte.fi\/en\/?s={search_term_string}\"},\"query-input\":{\"@type\":\"PropertyValueSpecification\",\"valueRequired\":true,\"valueName\":\"search_term_string\"}}],\"inLanguage\":\"en-US\"}]}<\/script>\n<!-- \/ Yoast SEO plugin. -->","yoast_head_json":{"title":"Maria Lax: Some Kind of Heavenly Fire - Online shop for photographic art","robots":{"index":"index","follow":"follow","max-snippet":"max-snippet:-1","max-image-preview":"max-image-preview:large","max-video-preview":"max-video-preview:-1"},"canonical":"https:\/\/shop.hippolyte.fi\/en\/product\/maria-lax-some-kind-of-heavenly-fire\/","og_locale":"en_US","og_type":"article","og_title":"Maria Lax: Some Kind of Heavenly Fire - Online shop for photographic art","og_description":"Photographs and texts: Maria Lax Languages: English Graphic Design: Jan Hillman Publisher: Setanta Books Published: February 2020 Pages: 84 Edition: 750 kpl ISBN: 978-0956220530","og_url":"https:\/\/shop.hippolyte.fi\/en\/product\/maria-lax-some-kind-of-heavenly-fire\/","og_site_name":"Online shop for photographic art","article_modified_time":"2025-11-06T09:49:59+00:00","og_image":[{"width":1080,"height":1080,"url":"https:\/\/shop.hippolyte.fi\/wp-content\/uploads\/2022\/07\/Kirjapalkinto-final_L8A7089_1080x1080-INSTA.jpg","type":"image\/jpeg"}],"twitter_card":"summary_large_image","twitter_misc":{"Est. reading time":"1 minute"},"schema":{"@context":"https:\/\/schema.org","@graph":[{"@type":"WebPage","@id":"https:\/\/shop.hippolyte.fi\/en\/product\/maria-lax-some-kind-of-heavenly-fire\/","url":"https:\/\/shop.hippolyte.fi\/en\/product\/maria-lax-some-kind-of-heavenly-fire\/","name":"Maria Lax: Some Kind of Heavenly Fire - Online shop for photographic art","isPartOf":{"@id":"https:\/\/shop.hippolyte.fi\/en\/#website"},"primaryImageOfPage":{"@id":"https:\/\/shop.hippolyte.fi\/en\/product\/maria-lax-some-kind-of-heavenly-fire\/#primaryimage"},"image":{"@id":"https:\/\/shop.hippolyte.fi\/en\/product\/maria-lax-some-kind-of-heavenly-fire\/#primaryimage"},"thumbnailUrl":"https:\/\/shop.hippolyte.fi\/wp-content\/uploads\/2022\/07\/Kirjapalkinto-final_L8A7089_1080x1080-INSTA.jpg","datePublished":"2022-06-04T08:45:31+00:00","dateModified":"2025-11-06T09:49:59+00:00","breadcrumb":{"@id":"https:\/\/shop.hippolyte.fi\/en\/product\/maria-lax-some-kind-of-heavenly-fire\/#breadcrumb"},"inLanguage":"en-US","potentialAction":[{"@type":"ReadAction","target":["https:\/\/shop.hippolyte.fi\/en\/product\/maria-lax-some-kind-of-heavenly-fire\/"]}]},{"@type":"ImageObject","inLanguage":"en-US","@id":"https:\/\/shop.hippolyte.fi\/en\/product\/maria-lax-some-kind-of-heavenly-fire\/#primaryimage","url":"https:\/\/shop.hippolyte.fi\/wp-content\/uploads\/2022\/07\/Kirjapalkinto-final_L8A7089_1080x1080-INSTA.jpg","contentUrl":"https:\/\/shop.hippolyte.fi\/wp-content\/uploads\/2022\/07\/Kirjapalkinto-final_L8A7089_1080x1080-INSTA.jpg","width":1080,"height":1080,"caption":"20210308 Valokuvataide KIRJAPALKINTO, Valokuvataiteilijoiden liitto, Valokuvataiteen museo, kuvaaja: Minna Kurjenluoma"},{"@type":"BreadcrumbList","@id":"https:\/\/shop.hippolyte.fi\/en\/product\/maria-lax-some-kind-of-heavenly-fire\/#breadcrumb","itemListElement":[{"@type":"ListItem","position":1,"name":"Etusivu","item":"https:\/\/shop.hippolyte.fi\/en\/"},{"@type":"ListItem","position":2,"name":"Shop","item":"https:\/\/shop.hippolyte.fi\/en\/shop\/"},{"@type":"ListItem","position":3,"name":"Maria Lax: Some Kind of Heavenly Fire"}]},{"@type":"WebSite","@id":"https:\/\/shop.hippolyte.fi\/en\/#website","url":"https:\/\/shop.hippolyte.fi\/en\/","name":"Online shop for photographic art","description":"Verkkokaupassa myyd\u00e4\u00e4n teoksia ja valokuvataidekirjoja. OTOS-tapahtuman aikana my\u00f6s tapahtuman teoksia.","potentialAction":[{"@type":"SearchAction","target":{"@type":"EntryPoint","urlTemplate":"https:\/\/shop.hippolyte.fi\/en\/?s={search_term_string}"},"query-input":{"@type":"PropertyValueSpecification","valueRequired":true,"valueName":"search_term_string"}}],"inLanguage":"en-US"}]}},"_links":{"self":[{"href":"https:\/\/shop.hippolyte.fi\/en\/wp-json\/wp\/v2\/product\/234","targetHints":{"allow":["GET"]}}],"collection":[{"href":"https:\/\/shop.hippolyte.fi\/en\/wp-json\/wp\/v2\/product"}],"about":[{"href":"https:\/\/shop.hippolyte.fi\/en\/wp-json\/wp\/v2\/types\/product"}],"wp:featuredmedia":[{"embeddable":true,"href":"https:\/\/shop.hippolyte.fi\/en\/wp-json\/wp\/v2\/media\/185"}],"wp:attachment":[{"href":"https:\/\/shop.hippolyte.fi\/en\/wp-json\/wp\/v2\/media?parent=234"}],"wp:term":[{"taxonomy":"product_brand","embeddable":true,"href":"https:\/\/shop.hippolyte.fi\/en\/wp-json\/wp\/v2\/product_brand?post=234"},{"taxonomy":"product_cat","embeddable":true,"href":"https:\/\/shop.hippolyte.fi\/en\/wp-json\/wp\/v2\/product_cat?post=234"},{"taxonomy":"product_tag","embeddable":true,"href":"https:\/\/shop.hippolyte.fi\/en\/wp-json\/wp\/v2\/product_tag?post=234"},{"taxonomy":"artists","embeddable":true,"href":"https:\/\/shop.hippolyte.fi\/en\/wp-json\/wp\/v2\/artists?post=234"},{"taxonomy":"location","embeddable":true,"href":"https:\/\/shop.hippolyte.fi\/en\/wp-json\/wp\/v2\/location?post=234"},{"taxonomy":"publisher","embeddable":true,"href":"https:\/\/shop.hippolyte.fi\/en\/wp-json\/wp\/v2\/publisher?post=234"},{"taxonomy":"years","embeddable":true,"href":"https:\/\/shop.hippolyte.fi\/en\/wp-json\/wp\/v2\/years?post=234"}],"curies":[{"name":"wp","href":"https:\/\/api.w.org\/{rel}","templated":true}]}}