{"id":236,"date":"2022-06-04T11:00:05","date_gmt":"2022-06-04T08:00:05","guid":{"rendered":"https:\/\/shop.hippolyte.fi\/teos\/santeri-tuori-time-is-no-longer-round\/"},"modified":"2025-11-06T11:49:59","modified_gmt":"2025-11-06T09:49:59","slug":"santeri-tuori-time-is-no-longer-round","status":"publish","type":"product","link":"https:\/\/shop.hippolyte.fi\/en\/product\/santeri-tuori-time-is-no-longer-round\/","title":{"rendered":"Santeri Tuori: Time Is No Longer Round"},"content":{"rendered":"<p>This large scale book brings together Santeri Tuori\u2019s extensive collection of trees and skies from recent years, including images e.g. from K\u00f6kar island where Tuori has photographed the same places and trees for 14 years, over and over again. The book\u2019s layered images of trees and skies are composed of overlapping photographs taken at varied times; the result is like condensed time. Tuori\u2019s photographs are seductively beautiful and the book as a physical object, with its high-quality print and insightful paper selections, is exquisitely polished.<\/p>\n<p><em>Time Is No Longer Round<\/em> is a Photobook Award 2020 finalist.<\/p>\n<div class=\"video-container\"><iframe loading=\"lazy\" title=\"TUORI.mp4\" src=\"https:\/\/player.vimeo.com\/video\/523520904?dnt=1&amp;app_id=122963\" width=\"500\" height=\"281\" frameborder=\"0\" allow=\"autoplay; fullscreen; picture-in-picture; clipboard-write; encrypted-media\"><\/iframe><\/div>\n","protected":false},"excerpt":{"rendered":"<p>Photographs: Santeri Tuori<br \/>\nTexts: Alistair Hicks, Birta Gudjonsdottir &amp; Timothy Persons<br \/>\nLanguages: English<br \/>\nGraphic Design: Hans Gremmen<br \/>\nColour separation: Petri Kuokka \/ Aarnipaja Ky<br \/>\nPublisher: Hatje Cantz Verlag GmbH<br \/>\nPublished: February 2020<br \/>\nPages: 180<br \/>\nEdition: 1500 kpl<br \/>\nPrinter: Livonia Press<br \/>\nISBN: 978-3-7757-4701-1<\/p>\n","protected":false},"featured_media":189,"template":"","meta":{"_acf_changed":false},"product_brand":[],"product_cat":[45,409,454],"product_tag":[],"artists":[66],"location":[55],"publisher":[417],"years":[448],"class_list":{"0":"post-236","1":"product","2":"type-product","3":"status-publish","4":"has-post-thumbnail","6":"product_cat-bookshop","7":"product_cat-artist-books","8":"product_cat-photobook-awards","9":"product_shipping_class-posti-s-max-11-x-32-x-42-cm-25-kg","10":"artists-tuori-santeri","11":"location-photographic-gallery-hippolyte","12":"publisher-hatje-cantz","13":"years-448","15":"first","16":"instock","17":"taxable","18":"shipping-taxable","19":"purchasable","20":"product-type-simple"},"acf":[],"yoast_head":"<!-- This site is optimized with the Yoast SEO plugin v26.0 - https:\/\/yoast.com\/wordpress\/plugins\/seo\/ -->\n<title>Santeri Tuori: Time Is No Longer Round - Online shop for photographic art<\/title>\n<meta name=\"robots\" content=\"index, follow, max-snippet:-1, max-image-preview:large, max-video-preview:-1\" \/>\n<link rel=\"canonical\" href=\"https:\/\/shop.hippolyte.fi\/en\/product\/santeri-tuori-time-is-no-longer-round\/\" \/>\n<meta property=\"og:locale\" content=\"en_US\" \/>\n<meta property=\"og:type\" content=\"article\" \/>\n<meta property=\"og:title\" content=\"Santeri Tuori: Time Is No Longer Round - Online shop for photographic art\" \/>\n<meta property=\"og:description\" content=\"Photographs: Santeri Tuori Texts: Alistair Hicks, Birta Gudjonsdottir &amp; Timothy Persons Languages: English Graphic Design: Hans Gremmen Colour separation: Petri Kuokka \/ Aarnipaja Ky Publisher: Hatje Cantz Verlag GmbH Published: February 2020 Pages: 180 Edition: 1500 kpl Printer: Livonia Press ISBN: 978-3-7757-4701-1\" \/>\n<meta property=\"og:url\" content=\"https:\/\/shop.hippolyte.fi\/en\/product\/santeri-tuori-time-is-no-longer-round\/\" \/>\n<meta property=\"og:site_name\" content=\"Online shop for photographic art\" \/>\n<meta property=\"article:modified_time\" content=\"2025-11-06T09:49:59+00:00\" \/>\n<meta property=\"og:image\" content=\"https:\/\/shop.hippolyte.fi\/wp-content\/uploads\/2022\/07\/Kirjapalkinto-final_L8A7073_1080x1080-INSTA.jpg\" \/>\n\t<meta property=\"og:image:width\" content=\"1080\" \/>\n\t<meta property=\"og:image:height\" content=\"1080\" \/>\n\t<meta property=\"og:image:type\" content=\"image\/jpeg\" \/>\n<meta name=\"twitter:card\" content=\"summary_large_image\" \/>\n<meta name=\"twitter:label1\" content=\"Est. reading time\" \/>\n\t<meta name=\"twitter:data1\" content=\"1 minute\" \/>\n<script type=\"application\/ld+json\" class=\"yoast-schema-graph\">{\"@context\":\"https:\/\/schema.org\",\"@graph\":[{\"@type\":\"WebPage\",\"@id\":\"https:\/\/shop.hippolyte.fi\/en\/product\/santeri-tuori-time-is-no-longer-round\/\",\"url\":\"https:\/\/shop.hippolyte.fi\/en\/product\/santeri-tuori-time-is-no-longer-round\/\",\"name\":\"Santeri Tuori: Time Is No Longer Round - Online shop for photographic art\",\"isPartOf\":{\"@id\":\"https:\/\/shop.hippolyte.fi\/en\/#website\"},\"primaryImageOfPage\":{\"@id\":\"https:\/\/shop.hippolyte.fi\/en\/product\/santeri-tuori-time-is-no-longer-round\/#primaryimage\"},\"image\":{\"@id\":\"https:\/\/shop.hippolyte.fi\/en\/product\/santeri-tuori-time-is-no-longer-round\/#primaryimage\"},\"thumbnailUrl\":\"https:\/\/shop.hippolyte.fi\/wp-content\/uploads\/2022\/07\/Kirjapalkinto-final_L8A7073_1080x1080-INSTA.jpg\",\"datePublished\":\"2022-06-04T08:00:05+00:00\",\"dateModified\":\"2025-11-06T09:49:59+00:00\",\"breadcrumb\":{\"@id\":\"https:\/\/shop.hippolyte.fi\/en\/product\/santeri-tuori-time-is-no-longer-round\/#breadcrumb\"},\"inLanguage\":\"en-US\",\"potentialAction\":[{\"@type\":\"ReadAction\",\"target\":[\"https:\/\/shop.hippolyte.fi\/en\/product\/santeri-tuori-time-is-no-longer-round\/\"]}]},{\"@type\":\"ImageObject\",\"inLanguage\":\"en-US\",\"@id\":\"https:\/\/shop.hippolyte.fi\/en\/product\/santeri-tuori-time-is-no-longer-round\/#primaryimage\",\"url\":\"https:\/\/shop.hippolyte.fi\/wp-content\/uploads\/2022\/07\/Kirjapalkinto-final_L8A7073_1080x1080-INSTA.jpg\",\"contentUrl\":\"https:\/\/shop.hippolyte.fi\/wp-content\/uploads\/2022\/07\/Kirjapalkinto-final_L8A7073_1080x1080-INSTA.jpg\",\"width\":1080,\"height\":1080,\"caption\":\"20210308 Valokuvataide KIRJAPALKINTO, Valokuvataiteilijoiden liitto, Valokuvataiteen museo, kuvaaja: Minna Kurjenluoma\"},{\"@type\":\"BreadcrumbList\",\"@id\":\"https:\/\/shop.hippolyte.fi\/en\/product\/santeri-tuori-time-is-no-longer-round\/#breadcrumb\",\"itemListElement\":[{\"@type\":\"ListItem\",\"position\":1,\"name\":\"Etusivu\",\"item\":\"https:\/\/shop.hippolyte.fi\/en\/\"},{\"@type\":\"ListItem\",\"position\":2,\"name\":\"Shop\",\"item\":\"https:\/\/shop.hippolyte.fi\/en\/shop\/\"},{\"@type\":\"ListItem\",\"position\":3,\"name\":\"Santeri Tuori: Time Is No Longer Round\"}]},{\"@type\":\"WebSite\",\"@id\":\"https:\/\/shop.hippolyte.fi\/en\/#website\",\"url\":\"https:\/\/shop.hippolyte.fi\/en\/\",\"name\":\"Online shop for photographic art\",\"description\":\"Verkkokaupassa myyd\u00e4\u00e4n teoksia ja valokuvataidekirjoja. OTOS-tapahtuman aikana my\u00f6s tapahtuman teoksia.\",\"potentialAction\":[{\"@type\":\"SearchAction\",\"target\":{\"@type\":\"EntryPoint\",\"urlTemplate\":\"https:\/\/shop.hippolyte.fi\/en\/?s={search_term_string}\"},\"query-input\":{\"@type\":\"PropertyValueSpecification\",\"valueRequired\":true,\"valueName\":\"search_term_string\"}}],\"inLanguage\":\"en-US\"}]}<\/script>\n<!-- \/ Yoast SEO plugin. -->","yoast_head_json":{"title":"Santeri Tuori: Time Is No Longer Round - Online shop for photographic art","robots":{"index":"index","follow":"follow","max-snippet":"max-snippet:-1","max-image-preview":"max-image-preview:large","max-video-preview":"max-video-preview:-1"},"canonical":"https:\/\/shop.hippolyte.fi\/en\/product\/santeri-tuori-time-is-no-longer-round\/","og_locale":"en_US","og_type":"article","og_title":"Santeri Tuori: Time Is No Longer Round - Online shop for photographic art","og_description":"Photographs: Santeri Tuori Texts: Alistair Hicks, Birta Gudjonsdottir &amp; Timothy Persons Languages: English Graphic Design: Hans Gremmen Colour separation: Petri Kuokka \/ Aarnipaja Ky Publisher: Hatje Cantz Verlag GmbH Published: February 2020 Pages: 180 Edition: 1500 kpl Printer: Livonia Press ISBN: 978-3-7757-4701-1","og_url":"https:\/\/shop.hippolyte.fi\/en\/product\/santeri-tuori-time-is-no-longer-round\/","og_site_name":"Online shop for photographic art","article_modified_time":"2025-11-06T09:49:59+00:00","og_image":[{"width":1080,"height":1080,"url":"https:\/\/shop.hippolyte.fi\/wp-content\/uploads\/2022\/07\/Kirjapalkinto-final_L8A7073_1080x1080-INSTA.jpg","type":"image\/jpeg"}],"twitter_card":"summary_large_image","twitter_misc":{"Est. reading time":"1 minute"},"schema":{"@context":"https:\/\/schema.org","@graph":[{"@type":"WebPage","@id":"https:\/\/shop.hippolyte.fi\/en\/product\/santeri-tuori-time-is-no-longer-round\/","url":"https:\/\/shop.hippolyte.fi\/en\/product\/santeri-tuori-time-is-no-longer-round\/","name":"Santeri Tuori: Time Is No Longer Round - Online shop for photographic art","isPartOf":{"@id":"https:\/\/shop.hippolyte.fi\/en\/#website"},"primaryImageOfPage":{"@id":"https:\/\/shop.hippolyte.fi\/en\/product\/santeri-tuori-time-is-no-longer-round\/#primaryimage"},"image":{"@id":"https:\/\/shop.hippolyte.fi\/en\/product\/santeri-tuori-time-is-no-longer-round\/#primaryimage"},"thumbnailUrl":"https:\/\/shop.hippolyte.fi\/wp-content\/uploads\/2022\/07\/Kirjapalkinto-final_L8A7073_1080x1080-INSTA.jpg","datePublished":"2022-06-04T08:00:05+00:00","dateModified":"2025-11-06T09:49:59+00:00","breadcrumb":{"@id":"https:\/\/shop.hippolyte.fi\/en\/product\/santeri-tuori-time-is-no-longer-round\/#breadcrumb"},"inLanguage":"en-US","potentialAction":[{"@type":"ReadAction","target":["https:\/\/shop.hippolyte.fi\/en\/product\/santeri-tuori-time-is-no-longer-round\/"]}]},{"@type":"ImageObject","inLanguage":"en-US","@id":"https:\/\/shop.hippolyte.fi\/en\/product\/santeri-tuori-time-is-no-longer-round\/#primaryimage","url":"https:\/\/shop.hippolyte.fi\/wp-content\/uploads\/2022\/07\/Kirjapalkinto-final_L8A7073_1080x1080-INSTA.jpg","contentUrl":"https:\/\/shop.hippolyte.fi\/wp-content\/uploads\/2022\/07\/Kirjapalkinto-final_L8A7073_1080x1080-INSTA.jpg","width":1080,"height":1080,"caption":"20210308 Valokuvataide KIRJAPALKINTO, Valokuvataiteilijoiden liitto, Valokuvataiteen museo, kuvaaja: Minna Kurjenluoma"},{"@type":"BreadcrumbList","@id":"https:\/\/shop.hippolyte.fi\/en\/product\/santeri-tuori-time-is-no-longer-round\/#breadcrumb","itemListElement":[{"@type":"ListItem","position":1,"name":"Etusivu","item":"https:\/\/shop.hippolyte.fi\/en\/"},{"@type":"ListItem","position":2,"name":"Shop","item":"https:\/\/shop.hippolyte.fi\/en\/shop\/"},{"@type":"ListItem","position":3,"name":"Santeri Tuori: Time Is No Longer Round"}]},{"@type":"WebSite","@id":"https:\/\/shop.hippolyte.fi\/en\/#website","url":"https:\/\/shop.hippolyte.fi\/en\/","name":"Online shop for photographic art","description":"Verkkokaupassa myyd\u00e4\u00e4n teoksia ja valokuvataidekirjoja. OTOS-tapahtuman aikana my\u00f6s tapahtuman teoksia.","potentialAction":[{"@type":"SearchAction","target":{"@type":"EntryPoint","urlTemplate":"https:\/\/shop.hippolyte.fi\/en\/?s={search_term_string}"},"query-input":{"@type":"PropertyValueSpecification","valueRequired":true,"valueName":"search_term_string"}}],"inLanguage":"en-US"}]}},"_links":{"self":[{"href":"https:\/\/shop.hippolyte.fi\/en\/wp-json\/wp\/v2\/product\/236","targetHints":{"allow":["GET"]}}],"collection":[{"href":"https:\/\/shop.hippolyte.fi\/en\/wp-json\/wp\/v2\/product"}],"about":[{"href":"https:\/\/shop.hippolyte.fi\/en\/wp-json\/wp\/v2\/types\/product"}],"wp:featuredmedia":[{"embeddable":true,"href":"https:\/\/shop.hippolyte.fi\/en\/wp-json\/wp\/v2\/media\/189"}],"wp:attachment":[{"href":"https:\/\/shop.hippolyte.fi\/en\/wp-json\/wp\/v2\/media?parent=236"}],"wp:term":[{"taxonomy":"product_brand","embeddable":true,"href":"https:\/\/shop.hippolyte.fi\/en\/wp-json\/wp\/v2\/product_brand?post=236"},{"taxonomy":"product_cat","embeddable":true,"href":"https:\/\/shop.hippolyte.fi\/en\/wp-json\/wp\/v2\/product_cat?post=236"},{"taxonomy":"product_tag","embeddable":true,"href":"https:\/\/shop.hippolyte.fi\/en\/wp-json\/wp\/v2\/product_tag?post=236"},{"taxonomy":"artists","embeddable":true,"href":"https:\/\/shop.hippolyte.fi\/en\/wp-json\/wp\/v2\/artists?post=236"},{"taxonomy":"location","embeddable":true,"href":"https:\/\/shop.hippolyte.fi\/en\/wp-json\/wp\/v2\/location?post=236"},{"taxonomy":"publisher","embeddable":true,"href":"https:\/\/shop.hippolyte.fi\/en\/wp-json\/wp\/v2\/publisher?post=236"},{"taxonomy":"years","embeddable":true,"href":"https:\/\/shop.hippolyte.fi\/en\/wp-json\/wp\/v2\/years?post=236"}],"curies":[{"name":"wp","href":"https:\/\/api.w.org\/{rel}","templated":true}]}}