{"id":238,"date":"2022-06-04T09:37:07","date_gmt":"2022-06-04T06:37:07","guid":{"rendered":"https:\/\/shop.hippolyte.fi\/teos\/arno-rafael-minkkinen-two-hundred-seasons\/"},"modified":"2025-11-06T11:49:59","modified_gmt":"2025-11-06T09:49:59","slug":"arno-rafael-minkkinen-two-hundred-seasons","status":"publish","type":"product","link":"https:\/\/shop.hippolyte.fi\/en\/product\/arno-rafael-minkkinen-two-hundred-seasons\/","title":{"rendered":"Arno Rafael Minkkinen: Two Hundred Seasons"},"content":{"rendered":"<p>In addition to nominating the finalists for the Photobook Award, the jury awarded an honorable mention to Arno Rafael Minkkinen&#8217;s magnificent monograph\u00a0<em>Minkkinen &#8211; Two Hundred Seasons<\/em>\u00a0published in 2019. The large-scale photobook brings together a 50 years-worth of lifelong works by the photographer born in Helsinki in 1945, but who has lived his adult life in the United States. The works are characterized by a fascinatingly surreal undertone and the use of one\u2019s own body. Throughout his career Minkkinen has photographed his naked body combined with nature or urban landscape. The book has a high quality in terms of its graphic look, material choices and print quality. For decades, Minkkinen has maintained close contacts with Finland and Finnish photographers. He brought with him a breeze of the international scene to his native country as early as in the 1970s. Minkkinen has been an important, charismatic teacher for many generations of photographers at Aalto University and its predecessor University of Art and Design Helsinki.<\/p>\n<div class=\"video-container\"><iframe loading=\"lazy\" title=\"MINKKINEN.mp4\" src=\"https:\/\/player.vimeo.com\/video\/523519597?dnt=1&amp;app_id=122963\" width=\"500\" height=\"281\" frameborder=\"0\" allow=\"autoplay; fullscreen; picture-in-picture; clipboard-write\"><\/iframe><\/div>\n","protected":false},"excerpt":{"rendered":"<div class=\"row  one-col-row no-row-hoverimage  row-13\">\n<div class=\"row-inner \">\n<div class=\"column-wrap \">\n<div class=\"col no-offset push-2 span-8 align-top no-parallax type-text  no_100vh-carousel\" data-type=\"text\" data-yvel=\"1\">\n<div class=\"text lay-textformat-parent \">\n<p><span lang=\"EN-US\">Photographs<\/span><span lang=\"EN-US\">: Arno Rafael Minkkinen<br \/>\n<\/span><span lang=\"EN-US\">Texts<\/span><span lang=\"EN-US\">: Keith F. Davis, Vicki Goldberg, Arno Rafael Minkkinen<br \/>\n<\/span><span lang=\"EN-US\">Language<\/span><span lang=\"EN-US\">: English<br \/>\n<\/span><span lang=\"EN-US\">Graphic Design<\/span><span lang=\"EN-US\">: Martin Lutz<br \/>\n<\/span><span lang=\"EN-US\">Colour separation<\/span><span lang=\"EN-US\">: Erik Cleve<br \/>\n<\/span><span lang=\"EN-US\">Publisher<\/span><span lang=\"EN-US\">: Kehrer Verlag<br \/>\n<\/span><span lang=\"EN-US\">Printer<\/span><span lang=\"EN-US\">: Grammlich Offsetdruckerei, Pliezhausen<br \/>\n<\/span><span lang=\"EN-US\">Published<\/span><span lang=\"EN-US\">: November 2019<br \/>\n<\/span><span lang=\"EN-US\">Pages<\/span><span lang=\"EN-US\">: 330<br \/>\n<\/span><span lang=\"EN-US\">Edition<\/span><span lang=\"EN-GB\">: 3000 kpl<br \/>\nISBN: 978-3-86828-922-0<\/span><\/p>\n<\/div>\n<\/div>\n<\/div>\n<\/div>\n<\/div>\n","protected":false},"featured_media":192,"template":"","meta":{"_acf_changed":false},"product_brand":[],"product_cat":[45,409,454],"product_tag":[],"artists":[67],"location":[55],"publisher":[418],"years":[449],"class_list":{"0":"post-238","1":"product","2":"type-product","3":"status-publish","4":"has-post-thumbnail","6":"product_cat-bookshop","7":"product_cat-artist-books","8":"product_cat-photobook-awards","9":"product_shipping_class-posti-s-max-11-x-32-x-42-cm-25-kg","10":"artists-minkkinen-arno-rafael","11":"location-photographic-gallery-hippolyte","12":"publisher-kehrer-verlag","13":"years-449","15":"first","16":"instock","17":"taxable","18":"shipping-taxable","19":"purchasable","20":"product-type-simple"},"acf":[],"yoast_head":"<!-- This site is optimized with the Yoast SEO plugin v26.0 - https:\/\/yoast.com\/wordpress\/plugins\/seo\/ -->\n<title>Arno Rafael Minkkinen: Two Hundred Seasons - Online shop for photographic art<\/title>\n<meta name=\"robots\" content=\"index, follow, max-snippet:-1, max-image-preview:large, max-video-preview:-1\" \/>\n<link rel=\"canonical\" href=\"https:\/\/shop.hippolyte.fi\/en\/product\/arno-rafael-minkkinen-two-hundred-seasons\/\" \/>\n<meta property=\"og:locale\" content=\"en_US\" \/>\n<meta property=\"og:type\" content=\"article\" \/>\n<meta property=\"og:title\" content=\"Arno Rafael Minkkinen: Two Hundred Seasons - Online shop for photographic art\" \/>\n<meta property=\"og:description\" content=\"Photographs: Arno Rafael Minkkinen Texts: Keith F. Davis, Vicki Goldberg, Arno Rafael Minkkinen Language: English Graphic Design: Martin Lutz Colour separation: Erik Cleve Publisher: Kehrer Verlag Printer: Grammlich Offsetdruckerei, Pliezhausen Published: November 2019 Pages: 330 Edition: 3000 kpl ISBN: 978-3-86828-922-0\" \/>\n<meta property=\"og:url\" content=\"https:\/\/shop.hippolyte.fi\/en\/product\/arno-rafael-minkkinen-two-hundred-seasons\/\" \/>\n<meta property=\"og:site_name\" content=\"Online shop for photographic art\" \/>\n<meta property=\"article:modified_time\" content=\"2025-11-06T09:49:59+00:00\" \/>\n<meta property=\"og:image\" content=\"https:\/\/shop.hippolyte.fi\/wp-content\/uploads\/2022\/07\/Kirjapalkinto-final_L8A7022_1080x1080-INSTA.jpg\" \/>\n\t<meta property=\"og:image:width\" content=\"1080\" \/>\n\t<meta property=\"og:image:height\" content=\"1080\" \/>\n\t<meta property=\"og:image:type\" content=\"image\/jpeg\" \/>\n<meta name=\"twitter:card\" content=\"summary_large_image\" \/>\n<meta name=\"twitter:label1\" content=\"Est. reading time\" \/>\n\t<meta name=\"twitter:data1\" content=\"1 minute\" \/>\n<script type=\"application\/ld+json\" class=\"yoast-schema-graph\">{\"@context\":\"https:\/\/schema.org\",\"@graph\":[{\"@type\":\"WebPage\",\"@id\":\"https:\/\/shop.hippolyte.fi\/en\/product\/arno-rafael-minkkinen-two-hundred-seasons\/\",\"url\":\"https:\/\/shop.hippolyte.fi\/en\/product\/arno-rafael-minkkinen-two-hundred-seasons\/\",\"name\":\"Arno Rafael Minkkinen: Two Hundred Seasons - Online shop for photographic art\",\"isPartOf\":{\"@id\":\"https:\/\/shop.hippolyte.fi\/en\/#website\"},\"primaryImageOfPage\":{\"@id\":\"https:\/\/shop.hippolyte.fi\/en\/product\/arno-rafael-minkkinen-two-hundred-seasons\/#primaryimage\"},\"image\":{\"@id\":\"https:\/\/shop.hippolyte.fi\/en\/product\/arno-rafael-minkkinen-two-hundred-seasons\/#primaryimage\"},\"thumbnailUrl\":\"https:\/\/shop.hippolyte.fi\/wp-content\/uploads\/2022\/07\/Kirjapalkinto-final_L8A7022_1080x1080-INSTA.jpg\",\"datePublished\":\"2022-06-04T06:37:07+00:00\",\"dateModified\":\"2025-11-06T09:49:59+00:00\",\"breadcrumb\":{\"@id\":\"https:\/\/shop.hippolyte.fi\/en\/product\/arno-rafael-minkkinen-two-hundred-seasons\/#breadcrumb\"},\"inLanguage\":\"en-US\",\"potentialAction\":[{\"@type\":\"ReadAction\",\"target\":[\"https:\/\/shop.hippolyte.fi\/en\/product\/arno-rafael-minkkinen-two-hundred-seasons\/\"]}]},{\"@type\":\"ImageObject\",\"inLanguage\":\"en-US\",\"@id\":\"https:\/\/shop.hippolyte.fi\/en\/product\/arno-rafael-minkkinen-two-hundred-seasons\/#primaryimage\",\"url\":\"https:\/\/shop.hippolyte.fi\/wp-content\/uploads\/2022\/07\/Kirjapalkinto-final_L8A7022_1080x1080-INSTA.jpg\",\"contentUrl\":\"https:\/\/shop.hippolyte.fi\/wp-content\/uploads\/2022\/07\/Kirjapalkinto-final_L8A7022_1080x1080-INSTA.jpg\",\"width\":1080,\"height\":1080,\"caption\":\"20210308 Valokuvataide KIRJAPALKINTO, Valokuvataiteilijoiden liitto, Valokuvataiteen museo, kuvaaja: Minna Kurjenluoma\"},{\"@type\":\"BreadcrumbList\",\"@id\":\"https:\/\/shop.hippolyte.fi\/en\/product\/arno-rafael-minkkinen-two-hundred-seasons\/#breadcrumb\",\"itemListElement\":[{\"@type\":\"ListItem\",\"position\":1,\"name\":\"Etusivu\",\"item\":\"https:\/\/shop.hippolyte.fi\/en\/\"},{\"@type\":\"ListItem\",\"position\":2,\"name\":\"Shop\",\"item\":\"https:\/\/shop.hippolyte.fi\/en\/shop\/\"},{\"@type\":\"ListItem\",\"position\":3,\"name\":\"Arno Rafael Minkkinen: Two Hundred Seasons\"}]},{\"@type\":\"WebSite\",\"@id\":\"https:\/\/shop.hippolyte.fi\/en\/#website\",\"url\":\"https:\/\/shop.hippolyte.fi\/en\/\",\"name\":\"Online shop for photographic art\",\"description\":\"Verkkokaupassa myyd\u00e4\u00e4n teoksia ja valokuvataidekirjoja. OTOS-tapahtuman aikana my\u00f6s tapahtuman teoksia.\",\"potentialAction\":[{\"@type\":\"SearchAction\",\"target\":{\"@type\":\"EntryPoint\",\"urlTemplate\":\"https:\/\/shop.hippolyte.fi\/en\/?s={search_term_string}\"},\"query-input\":{\"@type\":\"PropertyValueSpecification\",\"valueRequired\":true,\"valueName\":\"search_term_string\"}}],\"inLanguage\":\"en-US\"}]}<\/script>\n<!-- \/ Yoast SEO plugin. -->","yoast_head_json":{"title":"Arno Rafael Minkkinen: Two Hundred Seasons - Online shop for photographic art","robots":{"index":"index","follow":"follow","max-snippet":"max-snippet:-1","max-image-preview":"max-image-preview:large","max-video-preview":"max-video-preview:-1"},"canonical":"https:\/\/shop.hippolyte.fi\/en\/product\/arno-rafael-minkkinen-two-hundred-seasons\/","og_locale":"en_US","og_type":"article","og_title":"Arno Rafael Minkkinen: Two Hundred Seasons - Online shop for photographic art","og_description":"Photographs: Arno Rafael Minkkinen Texts: Keith F. Davis, Vicki Goldberg, Arno Rafael Minkkinen Language: English Graphic Design: Martin Lutz Colour separation: Erik Cleve Publisher: Kehrer Verlag Printer: Grammlich Offsetdruckerei, Pliezhausen Published: November 2019 Pages: 330 Edition: 3000 kpl ISBN: 978-3-86828-922-0","og_url":"https:\/\/shop.hippolyte.fi\/en\/product\/arno-rafael-minkkinen-two-hundred-seasons\/","og_site_name":"Online shop for photographic art","article_modified_time":"2025-11-06T09:49:59+00:00","og_image":[{"width":1080,"height":1080,"url":"https:\/\/shop.hippolyte.fi\/wp-content\/uploads\/2022\/07\/Kirjapalkinto-final_L8A7022_1080x1080-INSTA.jpg","type":"image\/jpeg"}],"twitter_card":"summary_large_image","twitter_misc":{"Est. reading time":"1 minute"},"schema":{"@context":"https:\/\/schema.org","@graph":[{"@type":"WebPage","@id":"https:\/\/shop.hippolyte.fi\/en\/product\/arno-rafael-minkkinen-two-hundred-seasons\/","url":"https:\/\/shop.hippolyte.fi\/en\/product\/arno-rafael-minkkinen-two-hundred-seasons\/","name":"Arno Rafael Minkkinen: Two Hundred Seasons - Online shop for photographic art","isPartOf":{"@id":"https:\/\/shop.hippolyte.fi\/en\/#website"},"primaryImageOfPage":{"@id":"https:\/\/shop.hippolyte.fi\/en\/product\/arno-rafael-minkkinen-two-hundred-seasons\/#primaryimage"},"image":{"@id":"https:\/\/shop.hippolyte.fi\/en\/product\/arno-rafael-minkkinen-two-hundred-seasons\/#primaryimage"},"thumbnailUrl":"https:\/\/shop.hippolyte.fi\/wp-content\/uploads\/2022\/07\/Kirjapalkinto-final_L8A7022_1080x1080-INSTA.jpg","datePublished":"2022-06-04T06:37:07+00:00","dateModified":"2025-11-06T09:49:59+00:00","breadcrumb":{"@id":"https:\/\/shop.hippolyte.fi\/en\/product\/arno-rafael-minkkinen-two-hundred-seasons\/#breadcrumb"},"inLanguage":"en-US","potentialAction":[{"@type":"ReadAction","target":["https:\/\/shop.hippolyte.fi\/en\/product\/arno-rafael-minkkinen-two-hundred-seasons\/"]}]},{"@type":"ImageObject","inLanguage":"en-US","@id":"https:\/\/shop.hippolyte.fi\/en\/product\/arno-rafael-minkkinen-two-hundred-seasons\/#primaryimage","url":"https:\/\/shop.hippolyte.fi\/wp-content\/uploads\/2022\/07\/Kirjapalkinto-final_L8A7022_1080x1080-INSTA.jpg","contentUrl":"https:\/\/shop.hippolyte.fi\/wp-content\/uploads\/2022\/07\/Kirjapalkinto-final_L8A7022_1080x1080-INSTA.jpg","width":1080,"height":1080,"caption":"20210308 Valokuvataide KIRJAPALKINTO, Valokuvataiteilijoiden liitto, Valokuvataiteen museo, kuvaaja: Minna Kurjenluoma"},{"@type":"BreadcrumbList","@id":"https:\/\/shop.hippolyte.fi\/en\/product\/arno-rafael-minkkinen-two-hundred-seasons\/#breadcrumb","itemListElement":[{"@type":"ListItem","position":1,"name":"Etusivu","item":"https:\/\/shop.hippolyte.fi\/en\/"},{"@type":"ListItem","position":2,"name":"Shop","item":"https:\/\/shop.hippolyte.fi\/en\/shop\/"},{"@type":"ListItem","position":3,"name":"Arno Rafael Minkkinen: Two Hundred Seasons"}]},{"@type":"WebSite","@id":"https:\/\/shop.hippolyte.fi\/en\/#website","url":"https:\/\/shop.hippolyte.fi\/en\/","name":"Online shop for photographic art","description":"Verkkokaupassa myyd\u00e4\u00e4n teoksia ja valokuvataidekirjoja. OTOS-tapahtuman aikana my\u00f6s tapahtuman teoksia.","potentialAction":[{"@type":"SearchAction","target":{"@type":"EntryPoint","urlTemplate":"https:\/\/shop.hippolyte.fi\/en\/?s={search_term_string}"},"query-input":{"@type":"PropertyValueSpecification","valueRequired":true,"valueName":"search_term_string"}}],"inLanguage":"en-US"}]}},"_links":{"self":[{"href":"https:\/\/shop.hippolyte.fi\/en\/wp-json\/wp\/v2\/product\/238","targetHints":{"allow":["GET"]}}],"collection":[{"href":"https:\/\/shop.hippolyte.fi\/en\/wp-json\/wp\/v2\/product"}],"about":[{"href":"https:\/\/shop.hippolyte.fi\/en\/wp-json\/wp\/v2\/types\/product"}],"wp:featuredmedia":[{"embeddable":true,"href":"https:\/\/shop.hippolyte.fi\/en\/wp-json\/wp\/v2\/media\/192"}],"wp:attachment":[{"href":"https:\/\/shop.hippolyte.fi\/en\/wp-json\/wp\/v2\/media?parent=238"}],"wp:term":[{"taxonomy":"product_brand","embeddable":true,"href":"https:\/\/shop.hippolyte.fi\/en\/wp-json\/wp\/v2\/product_brand?post=238"},{"taxonomy":"product_cat","embeddable":true,"href":"https:\/\/shop.hippolyte.fi\/en\/wp-json\/wp\/v2\/product_cat?post=238"},{"taxonomy":"product_tag","embeddable":true,"href":"https:\/\/shop.hippolyte.fi\/en\/wp-json\/wp\/v2\/product_tag?post=238"},{"taxonomy":"artists","embeddable":true,"href":"https:\/\/shop.hippolyte.fi\/en\/wp-json\/wp\/v2\/artists?post=238"},{"taxonomy":"location","embeddable":true,"href":"https:\/\/shop.hippolyte.fi\/en\/wp-json\/wp\/v2\/location?post=238"},{"taxonomy":"publisher","embeddable":true,"href":"https:\/\/shop.hippolyte.fi\/en\/wp-json\/wp\/v2\/publisher?post=238"},{"taxonomy":"years","embeddable":true,"href":"https:\/\/shop.hippolyte.fi\/en\/wp-json\/wp\/v2\/years?post=238"}],"curies":[{"name":"wp","href":"https:\/\/api.w.org\/{rel}","templated":true}]}}