{"id":242,"date":"2022-05-04T12:58:44","date_gmt":"2022-05-04T09:58:44","guid":{"rendered":"https:\/\/shop.hippolyte.fi\/teos\/anni-leppala-hyle-curtain-backrop\/"},"modified":"2025-11-06T11:49:59","modified_gmt":"2025-11-06T09:49:59","slug":"anni-leppala-hyle-curtain-backrop","status":"publish","type":"product","link":"https:\/\/shop.hippolyte.fi\/en\/product\/anni-leppala-hyle-curtain-backrop\/","title":{"rendered":"Anni Lepp\u00e4l\u00e4: hyle | curtain | backrop"},"content":{"rendered":"<p>The book compiles Anni Lepp\u00e4l\u00e4&#8217;s photographs from 2002\u20132019 and forms an immersive world for the reader to dive in. The themes of the book, typical for Lepp\u00e4l\u00e4&#8217;s photographic art, are time, memories, loss and the world of early teenage girlhood. The elegant looking book holds the reader in its grip, as each spread opens with a new kind of graphic appearance. Lepp\u00e4l\u00e4&#8217;s many familiar photographs get a new interpretation in the book. The book is temptingly saturated with colour and it forms a breathing whole, nuanced in its imagery and execution,<\/p>\n<p><em>hyle | curtain | backrop<\/em> is a Photobook Award 2019 finalist.<\/p>\n<div class=\"video-container\"><iframe loading=\"lazy\" title=\"Anni Lepp\u00e4l\u00e4, hyle | curtain | backdrop\" src=\"https:\/\/player.vimeo.com\/video\/414663756?dnt=1&amp;app_id=122963\" width=\"500\" height=\"281\" frameborder=\"0\" allow=\"autoplay; fullscreen; picture-in-picture; clipboard-write\"><\/iframe><\/div>\n","protected":false},"excerpt":{"rendered":"<p>Anni Lepp\u00e4l\u00e4: hyle | curtain | backrop<br \/>\nPhotographs: Anni Lepp\u00e4l\u00e4<br \/>\nLayout: Anni Lepp\u00e4l\u00e4, Liisa Seppo, Tuomo Rainio<br \/>\nPublisher: Kehrer Verlag<br \/>\nRelease date: September 2019<br \/>\nPages: 128<br \/>\nISBN: 978-3-86828-942-8<\/p>\n","protected":false},"featured_media":200,"template":"","meta":{"_acf_changed":false},"product_brand":[],"product_cat":[45,409,454],"product_tag":[],"artists":[69],"location":[55],"publisher":[418],"years":[449],"class_list":{"0":"post-242","1":"product","2":"type-product","3":"status-publish","4":"has-post-thumbnail","6":"product_cat-bookshop","7":"product_cat-artist-books","8":"product_cat-photobook-awards","9":"product_shipping_class-posti-xxs-max-3-x-25-x-35-cm-2kg","10":"artists-leppala-anni","11":"location-photographic-gallery-hippolyte","12":"publisher-kehrer-verlag","13":"years-449","15":"first","16":"instock","17":"taxable","18":"shipping-taxable","19":"purchasable","20":"product-type-simple"},"acf":[],"yoast_head":"<!-- This site is optimized with the Yoast SEO plugin v26.0 - https:\/\/yoast.com\/wordpress\/plugins\/seo\/ -->\n<title>Anni Lepp\u00e4l\u00e4: hyle | curtain | backrop - Online shop for photographic art<\/title>\n<meta name=\"robots\" content=\"index, follow, max-snippet:-1, max-image-preview:large, max-video-preview:-1\" \/>\n<link rel=\"canonical\" href=\"https:\/\/shop.hippolyte.fi\/en\/product\/anni-leppala-hyle-curtain-backrop\/\" \/>\n<meta property=\"og:locale\" content=\"en_US\" \/>\n<meta property=\"og:type\" content=\"article\" \/>\n<meta property=\"og:title\" content=\"Anni Lepp\u00e4l\u00e4: hyle | curtain | backrop - Online shop for photographic art\" \/>\n<meta property=\"og:description\" content=\"Anni Lepp\u00e4l\u00e4: hyle | curtain | backrop Photographs: Anni Lepp\u00e4l\u00e4 Layout: Anni Lepp\u00e4l\u00e4, Liisa Seppo, Tuomo Rainio Publisher: Kehrer Verlag Release date: September 2019 Pages: 128 ISBN: 978-3-86828-942-8\" \/>\n<meta property=\"og:url\" content=\"https:\/\/shop.hippolyte.fi\/en\/product\/anni-leppala-hyle-curtain-backrop\/\" \/>\n<meta property=\"og:site_name\" content=\"Online shop for photographic art\" \/>\n<meta property=\"article:modified_time\" content=\"2025-11-06T09:49:59+00:00\" \/>\n<meta property=\"og:image\" content=\"https:\/\/shop.hippolyte.fi\/wp-content\/uploads\/2022\/07\/AL_Hyle.jpeg\" \/>\n\t<meta property=\"og:image:width\" content=\"1280\" \/>\n\t<meta property=\"og:image:height\" content=\"1110\" \/>\n\t<meta property=\"og:image:type\" content=\"image\/jpeg\" \/>\n<meta name=\"twitter:card\" content=\"summary_large_image\" \/>\n<meta name=\"twitter:label1\" content=\"Est. reading time\" \/>\n\t<meta name=\"twitter:data1\" content=\"1 minute\" \/>\n<script type=\"application\/ld+json\" class=\"yoast-schema-graph\">{\"@context\":\"https:\/\/schema.org\",\"@graph\":[{\"@type\":\"WebPage\",\"@id\":\"https:\/\/shop.hippolyte.fi\/en\/product\/anni-leppala-hyle-curtain-backrop\/\",\"url\":\"https:\/\/shop.hippolyte.fi\/en\/product\/anni-leppala-hyle-curtain-backrop\/\",\"name\":\"Anni Lepp\u00e4l\u00e4: hyle | curtain | backrop - Online shop for photographic art\",\"isPartOf\":{\"@id\":\"https:\/\/shop.hippolyte.fi\/en\/#website\"},\"primaryImageOfPage\":{\"@id\":\"https:\/\/shop.hippolyte.fi\/en\/product\/anni-leppala-hyle-curtain-backrop\/#primaryimage\"},\"image\":{\"@id\":\"https:\/\/shop.hippolyte.fi\/en\/product\/anni-leppala-hyle-curtain-backrop\/#primaryimage\"},\"thumbnailUrl\":\"https:\/\/shop.hippolyte.fi\/wp-content\/uploads\/2022\/07\/AL_Hyle.jpeg\",\"datePublished\":\"2022-05-04T09:58:44+00:00\",\"dateModified\":\"2025-11-06T09:49:59+00:00\",\"breadcrumb\":{\"@id\":\"https:\/\/shop.hippolyte.fi\/en\/product\/anni-leppala-hyle-curtain-backrop\/#breadcrumb\"},\"inLanguage\":\"en-US\",\"potentialAction\":[{\"@type\":\"ReadAction\",\"target\":[\"https:\/\/shop.hippolyte.fi\/en\/product\/anni-leppala-hyle-curtain-backrop\/\"]}]},{\"@type\":\"ImageObject\",\"inLanguage\":\"en-US\",\"@id\":\"https:\/\/shop.hippolyte.fi\/en\/product\/anni-leppala-hyle-curtain-backrop\/#primaryimage\",\"url\":\"https:\/\/shop.hippolyte.fi\/wp-content\/uploads\/2022\/07\/AL_Hyle.jpeg\",\"contentUrl\":\"https:\/\/shop.hippolyte.fi\/wp-content\/uploads\/2022\/07\/AL_Hyle.jpeg\",\"width\":1280,\"height\":1110},{\"@type\":\"BreadcrumbList\",\"@id\":\"https:\/\/shop.hippolyte.fi\/en\/product\/anni-leppala-hyle-curtain-backrop\/#breadcrumb\",\"itemListElement\":[{\"@type\":\"ListItem\",\"position\":1,\"name\":\"Etusivu\",\"item\":\"https:\/\/shop.hippolyte.fi\/en\/\"},{\"@type\":\"ListItem\",\"position\":2,\"name\":\"Shop\",\"item\":\"https:\/\/shop.hippolyte.fi\/en\/shop\/\"},{\"@type\":\"ListItem\",\"position\":3,\"name\":\"Anni Lepp\u00e4l\u00e4: hyle | curtain | backrop\"}]},{\"@type\":\"WebSite\",\"@id\":\"https:\/\/shop.hippolyte.fi\/en\/#website\",\"url\":\"https:\/\/shop.hippolyte.fi\/en\/\",\"name\":\"Online shop for photographic art\",\"description\":\"Verkkokaupassa myyd\u00e4\u00e4n teoksia ja valokuvataidekirjoja. OTOS-tapahtuman aikana my\u00f6s tapahtuman teoksia.\",\"potentialAction\":[{\"@type\":\"SearchAction\",\"target\":{\"@type\":\"EntryPoint\",\"urlTemplate\":\"https:\/\/shop.hippolyte.fi\/en\/?s={search_term_string}\"},\"query-input\":{\"@type\":\"PropertyValueSpecification\",\"valueRequired\":true,\"valueName\":\"search_term_string\"}}],\"inLanguage\":\"en-US\"}]}<\/script>\n<!-- \/ Yoast SEO plugin. -->","yoast_head_json":{"title":"Anni Lepp\u00e4l\u00e4: hyle | curtain | backrop - Online shop for photographic art","robots":{"index":"index","follow":"follow","max-snippet":"max-snippet:-1","max-image-preview":"max-image-preview:large","max-video-preview":"max-video-preview:-1"},"canonical":"https:\/\/shop.hippolyte.fi\/en\/product\/anni-leppala-hyle-curtain-backrop\/","og_locale":"en_US","og_type":"article","og_title":"Anni Lepp\u00e4l\u00e4: hyle | curtain | backrop - Online shop for photographic art","og_description":"Anni Lepp\u00e4l\u00e4: hyle | curtain | backrop Photographs: Anni Lepp\u00e4l\u00e4 Layout: Anni Lepp\u00e4l\u00e4, Liisa Seppo, Tuomo Rainio Publisher: Kehrer Verlag Release date: September 2019 Pages: 128 ISBN: 978-3-86828-942-8","og_url":"https:\/\/shop.hippolyte.fi\/en\/product\/anni-leppala-hyle-curtain-backrop\/","og_site_name":"Online shop for photographic art","article_modified_time":"2025-11-06T09:49:59+00:00","og_image":[{"width":1280,"height":1110,"url":"https:\/\/shop.hippolyte.fi\/wp-content\/uploads\/2022\/07\/AL_Hyle.jpeg","type":"image\/jpeg"}],"twitter_card":"summary_large_image","twitter_misc":{"Est. reading time":"1 minute"},"schema":{"@context":"https:\/\/schema.org","@graph":[{"@type":"WebPage","@id":"https:\/\/shop.hippolyte.fi\/en\/product\/anni-leppala-hyle-curtain-backrop\/","url":"https:\/\/shop.hippolyte.fi\/en\/product\/anni-leppala-hyle-curtain-backrop\/","name":"Anni Lepp\u00e4l\u00e4: hyle | curtain | backrop - Online shop for photographic art","isPartOf":{"@id":"https:\/\/shop.hippolyte.fi\/en\/#website"},"primaryImageOfPage":{"@id":"https:\/\/shop.hippolyte.fi\/en\/product\/anni-leppala-hyle-curtain-backrop\/#primaryimage"},"image":{"@id":"https:\/\/shop.hippolyte.fi\/en\/product\/anni-leppala-hyle-curtain-backrop\/#primaryimage"},"thumbnailUrl":"https:\/\/shop.hippolyte.fi\/wp-content\/uploads\/2022\/07\/AL_Hyle.jpeg","datePublished":"2022-05-04T09:58:44+00:00","dateModified":"2025-11-06T09:49:59+00:00","breadcrumb":{"@id":"https:\/\/shop.hippolyte.fi\/en\/product\/anni-leppala-hyle-curtain-backrop\/#breadcrumb"},"inLanguage":"en-US","potentialAction":[{"@type":"ReadAction","target":["https:\/\/shop.hippolyte.fi\/en\/product\/anni-leppala-hyle-curtain-backrop\/"]}]},{"@type":"ImageObject","inLanguage":"en-US","@id":"https:\/\/shop.hippolyte.fi\/en\/product\/anni-leppala-hyle-curtain-backrop\/#primaryimage","url":"https:\/\/shop.hippolyte.fi\/wp-content\/uploads\/2022\/07\/AL_Hyle.jpeg","contentUrl":"https:\/\/shop.hippolyte.fi\/wp-content\/uploads\/2022\/07\/AL_Hyle.jpeg","width":1280,"height":1110},{"@type":"BreadcrumbList","@id":"https:\/\/shop.hippolyte.fi\/en\/product\/anni-leppala-hyle-curtain-backrop\/#breadcrumb","itemListElement":[{"@type":"ListItem","position":1,"name":"Etusivu","item":"https:\/\/shop.hippolyte.fi\/en\/"},{"@type":"ListItem","position":2,"name":"Shop","item":"https:\/\/shop.hippolyte.fi\/en\/shop\/"},{"@type":"ListItem","position":3,"name":"Anni Lepp\u00e4l\u00e4: hyle | curtain | backrop"}]},{"@type":"WebSite","@id":"https:\/\/shop.hippolyte.fi\/en\/#website","url":"https:\/\/shop.hippolyte.fi\/en\/","name":"Online shop for photographic art","description":"Verkkokaupassa myyd\u00e4\u00e4n teoksia ja valokuvataidekirjoja. OTOS-tapahtuman aikana my\u00f6s tapahtuman teoksia.","potentialAction":[{"@type":"SearchAction","target":{"@type":"EntryPoint","urlTemplate":"https:\/\/shop.hippolyte.fi\/en\/?s={search_term_string}"},"query-input":{"@type":"PropertyValueSpecification","valueRequired":true,"valueName":"search_term_string"}}],"inLanguage":"en-US"}]}},"_links":{"self":[{"href":"https:\/\/shop.hippolyte.fi\/en\/wp-json\/wp\/v2\/product\/242","targetHints":{"allow":["GET"]}}],"collection":[{"href":"https:\/\/shop.hippolyte.fi\/en\/wp-json\/wp\/v2\/product"}],"about":[{"href":"https:\/\/shop.hippolyte.fi\/en\/wp-json\/wp\/v2\/types\/product"}],"wp:featuredmedia":[{"embeddable":true,"href":"https:\/\/shop.hippolyte.fi\/en\/wp-json\/wp\/v2\/media\/200"}],"wp:attachment":[{"href":"https:\/\/shop.hippolyte.fi\/en\/wp-json\/wp\/v2\/media?parent=242"}],"wp:term":[{"taxonomy":"product_brand","embeddable":true,"href":"https:\/\/shop.hippolyte.fi\/en\/wp-json\/wp\/v2\/product_brand?post=242"},{"taxonomy":"product_cat","embeddable":true,"href":"https:\/\/shop.hippolyte.fi\/en\/wp-json\/wp\/v2\/product_cat?post=242"},{"taxonomy":"product_tag","embeddable":true,"href":"https:\/\/shop.hippolyte.fi\/en\/wp-json\/wp\/v2\/product_tag?post=242"},{"taxonomy":"artists","embeddable":true,"href":"https:\/\/shop.hippolyte.fi\/en\/wp-json\/wp\/v2\/artists?post=242"},{"taxonomy":"location","embeddable":true,"href":"https:\/\/shop.hippolyte.fi\/en\/wp-json\/wp\/v2\/location?post=242"},{"taxonomy":"publisher","embeddable":true,"href":"https:\/\/shop.hippolyte.fi\/en\/wp-json\/wp\/v2\/publisher?post=242"},{"taxonomy":"years","embeddable":true,"href":"https:\/\/shop.hippolyte.fi\/en\/wp-json\/wp\/v2\/years?post=242"}],"curies":[{"name":"wp","href":"https:\/\/api.w.org\/{rel}","templated":true}]}}