{"id":246,"date":"2022-05-04T12:10:06","date_gmt":"2022-05-04T09:10:06","guid":{"rendered":"https:\/\/shop.hippolyte.fi\/teos\/marco-melander-and-saara-salmi-the-fantastic-world-of-atelieri-o-haapala\/"},"modified":"2025-11-06T11:49:59","modified_gmt":"2025-11-06T09:49:59","slug":"marco-melander-and-saara-salmi-the-fantastic-world-of-atelieri-o-haapala","status":"publish","type":"product","link":"https:\/\/shop.hippolyte.fi\/en\/product\/marco-melander-and-saara-salmi-the-fantastic-world-of-atelieri-o-haapala\/","title":{"rendered":"Marco Melander and Saara Salmi: The Fantastic World of Atelieri O. Haapala"},"content":{"rendered":"<p>The Neo-Victorian photography studio Atelieri O. Haapala has collected its finest portraits into a glorious coffee table book that celebrates escapism. Drawing its inspiration from more than a century old photographic culture, the Helsinki-based photo duo\u2019s camera has along the years captured international burlesque stars, vintage enthusiasts and countless others, who find themselves enraptured by beautiful portraits. Active between 2008\u20132016, Atelieri O. Haapala is the joint art project of visual artist Saara Salmi and photographer Marco Melander.<\/p>\n<p><em>The Fantastic World of Atelieri O. Haapala<\/em> is a Finnish Photobook Award 2019 finalist.<\/p>\n<div class=\"video-container\"><iframe loading=\"lazy\" title=\"Marco Melander &amp; Saara Salmi, Atelieri O. Haapala ja sen ihmeellinen maailma\" src=\"https:\/\/player.vimeo.com\/video\/414663940?dnt=1&amp;app_id=122963\" width=\"500\" height=\"281\" frameborder=\"0\" allow=\"autoplay; fullscreen; picture-in-picture; clipboard-write\"><\/iframe><\/div>\n","protected":false},"excerpt":{"rendered":"<p>Marco Melander and Saara Salmi: The Fantastic World of Atelieri O. Haapala<br \/>\nEditing and texts: Maria Faarinen, Lasse Patokorpi, Elina Heikka<br \/>\nGraphic design: Paula Laitinen<br \/>\nPublisher: Demasqu\u00e9e Publishing<br \/>\nRelease date: October 2018<br \/>\nPrinting: Bookwell Oy<br \/>\nPages: 256<br \/>\nISBN: 978-952-94-0688-3\u00a0256<\/p>\n","protected":false},"featured_media":206,"template":"","meta":{"_acf_changed":false},"product_brand":[],"product_cat":[45,409,454],"product_tag":[],"artists":[71,72],"location":[55],"publisher":[444],"years":[450],"class_list":{"0":"post-246","1":"product","2":"type-product","3":"status-publish","4":"has-post-thumbnail","6":"product_cat-bookshop","7":"product_cat-artist-books","8":"product_cat-photobook-awards","9":"product_shipping_class-posti-xxs-max-3-x-25-x-35-cm-2kg","10":"artists-melander-marco","11":"artists-salmi-saara","12":"location-photographic-gallery-hippolyte","13":"publisher-demasquee-publishing","14":"years-450","16":"first","17":"instock","18":"taxable","19":"shipping-taxable","20":"purchasable","21":"product-type-simple"},"acf":[],"yoast_head":"<!-- This site is optimized with the Yoast SEO plugin v26.0 - https:\/\/yoast.com\/wordpress\/plugins\/seo\/ -->\n<title>Marco Melander and Saara Salmi: The Fantastic World of Atelieri O. Haapala - Online shop for photographic art<\/title>\n<meta name=\"robots\" content=\"index, follow, max-snippet:-1, max-image-preview:large, max-video-preview:-1\" \/>\n<link rel=\"canonical\" href=\"https:\/\/shop.hippolyte.fi\/en\/product\/marco-melander-and-saara-salmi-the-fantastic-world-of-atelieri-o-haapala\/\" \/>\n<meta property=\"og:locale\" content=\"en_US\" \/>\n<meta property=\"og:type\" content=\"article\" \/>\n<meta property=\"og:title\" content=\"Marco Melander and Saara Salmi: The Fantastic World of Atelieri O. Haapala - Online shop for photographic art\" \/>\n<meta property=\"og:description\" content=\"Marco Melander and Saara Salmi: The Fantastic World of Atelieri O. Haapala Editing and texts: Maria Faarinen, Lasse Patokorpi, Elina Heikka Graphic design: Paula Laitinen Publisher: Demasqu\u00e9e Publishing Release date: October 2018 Printing: Bookwell Oy Pages: 256 ISBN: 978-952-94-0688-3\u00a0256\" \/>\n<meta property=\"og:url\" content=\"https:\/\/shop.hippolyte.fi\/en\/product\/marco-melander-and-saara-salmi-the-fantastic-world-of-atelieri-o-haapala\/\" \/>\n<meta property=\"og:site_name\" content=\"Online shop for photographic art\" \/>\n<meta property=\"article:modified_time\" content=\"2025-11-06T09:49:59+00:00\" \/>\n<meta property=\"og:image\" content=\"https:\/\/shop.hippolyte.fi\/wp-content\/uploads\/2022\/07\/O.Haapala.jpeg\" \/>\n\t<meta property=\"og:image:width\" content=\"1280\" \/>\n\t<meta property=\"og:image:height\" content=\"1280\" \/>\n\t<meta property=\"og:image:type\" content=\"image\/jpeg\" \/>\n<meta name=\"twitter:card\" content=\"summary_large_image\" \/>\n<script type=\"application\/ld+json\" class=\"yoast-schema-graph\">{\"@context\":\"https:\/\/schema.org\",\"@graph\":[{\"@type\":\"WebPage\",\"@id\":\"https:\/\/shop.hippolyte.fi\/en\/product\/marco-melander-and-saara-salmi-the-fantastic-world-of-atelieri-o-haapala\/\",\"url\":\"https:\/\/shop.hippolyte.fi\/en\/product\/marco-melander-and-saara-salmi-the-fantastic-world-of-atelieri-o-haapala\/\",\"name\":\"Marco Melander and Saara Salmi: The Fantastic World of Atelieri O. Haapala - Online shop for photographic art\",\"isPartOf\":{\"@id\":\"https:\/\/shop.hippolyte.fi\/en\/#website\"},\"primaryImageOfPage\":{\"@id\":\"https:\/\/shop.hippolyte.fi\/en\/product\/marco-melander-and-saara-salmi-the-fantastic-world-of-atelieri-o-haapala\/#primaryimage\"},\"image\":{\"@id\":\"https:\/\/shop.hippolyte.fi\/en\/product\/marco-melander-and-saara-salmi-the-fantastic-world-of-atelieri-o-haapala\/#primaryimage\"},\"thumbnailUrl\":\"https:\/\/shop.hippolyte.fi\/wp-content\/uploads\/2022\/07\/O.Haapala.jpeg\",\"datePublished\":\"2022-05-04T09:10:06+00:00\",\"dateModified\":\"2025-11-06T09:49:59+00:00\",\"breadcrumb\":{\"@id\":\"https:\/\/shop.hippolyte.fi\/en\/product\/marco-melander-and-saara-salmi-the-fantastic-world-of-atelieri-o-haapala\/#breadcrumb\"},\"inLanguage\":\"en-US\",\"potentialAction\":[{\"@type\":\"ReadAction\",\"target\":[\"https:\/\/shop.hippolyte.fi\/en\/product\/marco-melander-and-saara-salmi-the-fantastic-world-of-atelieri-o-haapala\/\"]}]},{\"@type\":\"ImageObject\",\"inLanguage\":\"en-US\",\"@id\":\"https:\/\/shop.hippolyte.fi\/en\/product\/marco-melander-and-saara-salmi-the-fantastic-world-of-atelieri-o-haapala\/#primaryimage\",\"url\":\"https:\/\/shop.hippolyte.fi\/wp-content\/uploads\/2022\/07\/O.Haapala.jpeg\",\"contentUrl\":\"https:\/\/shop.hippolyte.fi\/wp-content\/uploads\/2022\/07\/O.Haapala.jpeg\",\"width\":1280,\"height\":1280},{\"@type\":\"BreadcrumbList\",\"@id\":\"https:\/\/shop.hippolyte.fi\/en\/product\/marco-melander-and-saara-salmi-the-fantastic-world-of-atelieri-o-haapala\/#breadcrumb\",\"itemListElement\":[{\"@type\":\"ListItem\",\"position\":1,\"name\":\"Etusivu\",\"item\":\"https:\/\/shop.hippolyte.fi\/en\/\"},{\"@type\":\"ListItem\",\"position\":2,\"name\":\"Shop\",\"item\":\"https:\/\/shop.hippolyte.fi\/en\/shop\/\"},{\"@type\":\"ListItem\",\"position\":3,\"name\":\"Marco Melander and Saara Salmi: The Fantastic World of Atelieri O. Haapala\"}]},{\"@type\":\"WebSite\",\"@id\":\"https:\/\/shop.hippolyte.fi\/en\/#website\",\"url\":\"https:\/\/shop.hippolyte.fi\/en\/\",\"name\":\"Online shop for photographic art\",\"description\":\"Verkkokaupassa myyd\u00e4\u00e4n teoksia ja valokuvataidekirjoja. OTOS-tapahtuman aikana my\u00f6s tapahtuman teoksia.\",\"potentialAction\":[{\"@type\":\"SearchAction\",\"target\":{\"@type\":\"EntryPoint\",\"urlTemplate\":\"https:\/\/shop.hippolyte.fi\/en\/?s={search_term_string}\"},\"query-input\":{\"@type\":\"PropertyValueSpecification\",\"valueRequired\":true,\"valueName\":\"search_term_string\"}}],\"inLanguage\":\"en-US\"}]}<\/script>\n<!-- \/ Yoast SEO plugin. -->","yoast_head_json":{"title":"Marco Melander and Saara Salmi: The Fantastic World of Atelieri O. Haapala - Online shop for photographic art","robots":{"index":"index","follow":"follow","max-snippet":"max-snippet:-1","max-image-preview":"max-image-preview:large","max-video-preview":"max-video-preview:-1"},"canonical":"https:\/\/shop.hippolyte.fi\/en\/product\/marco-melander-and-saara-salmi-the-fantastic-world-of-atelieri-o-haapala\/","og_locale":"en_US","og_type":"article","og_title":"Marco Melander and Saara Salmi: The Fantastic World of Atelieri O. Haapala - Online shop for photographic art","og_description":"Marco Melander and Saara Salmi: The Fantastic World of Atelieri O. Haapala Editing and texts: Maria Faarinen, Lasse Patokorpi, Elina Heikka Graphic design: Paula Laitinen Publisher: Demasqu\u00e9e Publishing Release date: October 2018 Printing: Bookwell Oy Pages: 256 ISBN: 978-952-94-0688-3\u00a0256","og_url":"https:\/\/shop.hippolyte.fi\/en\/product\/marco-melander-and-saara-salmi-the-fantastic-world-of-atelieri-o-haapala\/","og_site_name":"Online shop for photographic art","article_modified_time":"2025-11-06T09:49:59+00:00","og_image":[{"width":1280,"height":1280,"url":"https:\/\/shop.hippolyte.fi\/wp-content\/uploads\/2022\/07\/O.Haapala.jpeg","type":"image\/jpeg"}],"twitter_card":"summary_large_image","schema":{"@context":"https:\/\/schema.org","@graph":[{"@type":"WebPage","@id":"https:\/\/shop.hippolyte.fi\/en\/product\/marco-melander-and-saara-salmi-the-fantastic-world-of-atelieri-o-haapala\/","url":"https:\/\/shop.hippolyte.fi\/en\/product\/marco-melander-and-saara-salmi-the-fantastic-world-of-atelieri-o-haapala\/","name":"Marco Melander and Saara Salmi: The Fantastic World of Atelieri O. Haapala - Online shop for photographic art","isPartOf":{"@id":"https:\/\/shop.hippolyte.fi\/en\/#website"},"primaryImageOfPage":{"@id":"https:\/\/shop.hippolyte.fi\/en\/product\/marco-melander-and-saara-salmi-the-fantastic-world-of-atelieri-o-haapala\/#primaryimage"},"image":{"@id":"https:\/\/shop.hippolyte.fi\/en\/product\/marco-melander-and-saara-salmi-the-fantastic-world-of-atelieri-o-haapala\/#primaryimage"},"thumbnailUrl":"https:\/\/shop.hippolyte.fi\/wp-content\/uploads\/2022\/07\/O.Haapala.jpeg","datePublished":"2022-05-04T09:10:06+00:00","dateModified":"2025-11-06T09:49:59+00:00","breadcrumb":{"@id":"https:\/\/shop.hippolyte.fi\/en\/product\/marco-melander-and-saara-salmi-the-fantastic-world-of-atelieri-o-haapala\/#breadcrumb"},"inLanguage":"en-US","potentialAction":[{"@type":"ReadAction","target":["https:\/\/shop.hippolyte.fi\/en\/product\/marco-melander-and-saara-salmi-the-fantastic-world-of-atelieri-o-haapala\/"]}]},{"@type":"ImageObject","inLanguage":"en-US","@id":"https:\/\/shop.hippolyte.fi\/en\/product\/marco-melander-and-saara-salmi-the-fantastic-world-of-atelieri-o-haapala\/#primaryimage","url":"https:\/\/shop.hippolyte.fi\/wp-content\/uploads\/2022\/07\/O.Haapala.jpeg","contentUrl":"https:\/\/shop.hippolyte.fi\/wp-content\/uploads\/2022\/07\/O.Haapala.jpeg","width":1280,"height":1280},{"@type":"BreadcrumbList","@id":"https:\/\/shop.hippolyte.fi\/en\/product\/marco-melander-and-saara-salmi-the-fantastic-world-of-atelieri-o-haapala\/#breadcrumb","itemListElement":[{"@type":"ListItem","position":1,"name":"Etusivu","item":"https:\/\/shop.hippolyte.fi\/en\/"},{"@type":"ListItem","position":2,"name":"Shop","item":"https:\/\/shop.hippolyte.fi\/en\/shop\/"},{"@type":"ListItem","position":3,"name":"Marco Melander and Saara Salmi: The Fantastic World of Atelieri O. Haapala"}]},{"@type":"WebSite","@id":"https:\/\/shop.hippolyte.fi\/en\/#website","url":"https:\/\/shop.hippolyte.fi\/en\/","name":"Online shop for photographic art","description":"Verkkokaupassa myyd\u00e4\u00e4n teoksia ja valokuvataidekirjoja. OTOS-tapahtuman aikana my\u00f6s tapahtuman teoksia.","potentialAction":[{"@type":"SearchAction","target":{"@type":"EntryPoint","urlTemplate":"https:\/\/shop.hippolyte.fi\/en\/?s={search_term_string}"},"query-input":{"@type":"PropertyValueSpecification","valueRequired":true,"valueName":"search_term_string"}}],"inLanguage":"en-US"}]}},"_links":{"self":[{"href":"https:\/\/shop.hippolyte.fi\/en\/wp-json\/wp\/v2\/product\/246","targetHints":{"allow":["GET"]}}],"collection":[{"href":"https:\/\/shop.hippolyte.fi\/en\/wp-json\/wp\/v2\/product"}],"about":[{"href":"https:\/\/shop.hippolyte.fi\/en\/wp-json\/wp\/v2\/types\/product"}],"wp:featuredmedia":[{"embeddable":true,"href":"https:\/\/shop.hippolyte.fi\/en\/wp-json\/wp\/v2\/media\/206"}],"wp:attachment":[{"href":"https:\/\/shop.hippolyte.fi\/en\/wp-json\/wp\/v2\/media?parent=246"}],"wp:term":[{"taxonomy":"product_brand","embeddable":true,"href":"https:\/\/shop.hippolyte.fi\/en\/wp-json\/wp\/v2\/product_brand?post=246"},{"taxonomy":"product_cat","embeddable":true,"href":"https:\/\/shop.hippolyte.fi\/en\/wp-json\/wp\/v2\/product_cat?post=246"},{"taxonomy":"product_tag","embeddable":true,"href":"https:\/\/shop.hippolyte.fi\/en\/wp-json\/wp\/v2\/product_tag?post=246"},{"taxonomy":"artists","embeddable":true,"href":"https:\/\/shop.hippolyte.fi\/en\/wp-json\/wp\/v2\/artists?post=246"},{"taxonomy":"location","embeddable":true,"href":"https:\/\/shop.hippolyte.fi\/en\/wp-json\/wp\/v2\/location?post=246"},{"taxonomy":"publisher","embeddable":true,"href":"https:\/\/shop.hippolyte.fi\/en\/wp-json\/wp\/v2\/publisher?post=246"},{"taxonomy":"years","embeddable":true,"href":"https:\/\/shop.hippolyte.fi\/en\/wp-json\/wp\/v2\/years?post=246"}],"curies":[{"name":"wp","href":"https:\/\/api.w.org\/{rel}","templated":true}]}}