{"id":288,"date":"2022-04-06T10:10:59","date_gmt":"2022-04-06T07:10:59","guid":{"rendered":"https:\/\/shop.hippolyte.fi\/teos\/karina-sirkku-kurz-ungleichgewicht\/"},"modified":"2025-11-06T11:49:59","modified_gmt":"2025-11-06T09:49:59","slug":"karina-sirkku-kurz-ungleichgewicht","status":"publish","type":"product","link":"https:\/\/shop.hippolyte.fi\/en\/product\/karina-sirkku-kurz-ungleichgewicht\/","title":{"rendered":"Karina-Sirkku Kurz: Ungleichgewicht"},"content":{"rendered":"<p>Ungleichgewich (engl. imbalance) approaches eating disorders by presenting the bodies of people suffering from them as reflecting surfaces of internal conflicts. The work, consisting of images and citations, is based upon narratives of people with whom Kurz has collaborated intensively.<\/p>\n<p><em>Ungleichgewich<\/em> is the winner of the Finnish Photobook Award 2017.<\/p>\n","protected":false},"excerpt":{"rendered":"<p>Artist: Karina-Sirkku Kurz<br \/>\nEditor: Karina-Sirkku Kurz, Stephanie von Spreter<br \/>\nTexts: Anne Golaz, Karina-Sirkku Kurz, Isabella Marcinski<br \/>\nDesign: Studio YUKIKO<br \/>\nLanguages: English, German<br \/>\nPublication date: 2016<br \/>\nPages: 104<br \/>\nISBN: 978-3-86828-681-6<\/p>\n","protected":false},"featured_media":262,"template":"","meta":{"_acf_changed":false},"product_brand":[],"product_cat":[45,409,454],"product_tag":[53],"artists":[76],"location":[55],"publisher":[418],"years":[452],"class_list":{"0":"post-288","1":"product","2":"type-product","3":"status-publish","4":"has-post-thumbnail","6":"product_cat-bookshop","7":"product_cat-artist-books","8":"product_cat-photobook-awards","9":"product_tag-photobookaward-en","10":"product_shipping_class-posti-xxs-max-3-x-25-x-35-cm-2kg","11":"artists-kurz-karina-sirkku","12":"location-photographic-gallery-hippolyte","13":"publisher-kehrer-verlag","14":"years-452","16":"first","17":"instock","18":"taxable","19":"shipping-taxable","20":"purchasable","21":"product-type-simple"},"acf":[],"yoast_head":"<!-- This site is optimized with the Yoast SEO plugin v26.0 - https:\/\/yoast.com\/wordpress\/plugins\/seo\/ -->\n<title>Karina-Sirkku Kurz: Ungleichgewicht - Online shop for photographic art<\/title>\n<meta name=\"robots\" content=\"index, follow, max-snippet:-1, max-image-preview:large, max-video-preview:-1\" \/>\n<link rel=\"canonical\" href=\"https:\/\/shop.hippolyte.fi\/en\/product\/karina-sirkku-kurz-ungleichgewicht\/\" \/>\n<meta property=\"og:locale\" content=\"en_US\" \/>\n<meta property=\"og:type\" content=\"article\" \/>\n<meta property=\"og:title\" content=\"Karina-Sirkku Kurz: Ungleichgewicht - Online shop for photographic art\" \/>\n<meta property=\"og:description\" content=\"Artist: Karina-Sirkku Kurz Editor: Karina-Sirkku Kurz, Stephanie von Spreter Texts: Anne Golaz, Karina-Sirkku Kurz, Isabella Marcinski Design: Studio YUKIKO Languages: English, German Publication date: 2016 Pages: 104 ISBN: 978-3-86828-681-6\" \/>\n<meta property=\"og:url\" content=\"https:\/\/shop.hippolyte.fi\/en\/product\/karina-sirkku-kurz-ungleichgewicht\/\" \/>\n<meta property=\"og:site_name\" content=\"Online shop for photographic art\" \/>\n<meta property=\"article:modified_time\" content=\"2025-11-06T09:49:59+00:00\" \/>\n<meta property=\"og:image\" content=\"https:\/\/shop.hippolyte.fi\/wp-content\/uploads\/2022\/07\/01_BOOKS.jpeg\" \/>\n\t<meta property=\"og:image:width\" content=\"827\" \/>\n\t<meta property=\"og:image:height\" content=\"620\" \/>\n\t<meta property=\"og:image:type\" content=\"image\/jpeg\" \/>\n<meta name=\"twitter:card\" content=\"summary_large_image\" \/>\n<script type=\"application\/ld+json\" class=\"yoast-schema-graph\">{\"@context\":\"https:\/\/schema.org\",\"@graph\":[{\"@type\":\"WebPage\",\"@id\":\"https:\/\/shop.hippolyte.fi\/en\/product\/karina-sirkku-kurz-ungleichgewicht\/\",\"url\":\"https:\/\/shop.hippolyte.fi\/en\/product\/karina-sirkku-kurz-ungleichgewicht\/\",\"name\":\"Karina-Sirkku Kurz: Ungleichgewicht - Online shop for photographic art\",\"isPartOf\":{\"@id\":\"https:\/\/shop.hippolyte.fi\/en\/#website\"},\"primaryImageOfPage\":{\"@id\":\"https:\/\/shop.hippolyte.fi\/en\/product\/karina-sirkku-kurz-ungleichgewicht\/#primaryimage\"},\"image\":{\"@id\":\"https:\/\/shop.hippolyte.fi\/en\/product\/karina-sirkku-kurz-ungleichgewicht\/#primaryimage\"},\"thumbnailUrl\":\"https:\/\/shop.hippolyte.fi\/wp-content\/uploads\/2022\/07\/01_BOOKS.jpeg\",\"datePublished\":\"2022-04-06T07:10:59+00:00\",\"dateModified\":\"2025-11-06T09:49:59+00:00\",\"breadcrumb\":{\"@id\":\"https:\/\/shop.hippolyte.fi\/en\/product\/karina-sirkku-kurz-ungleichgewicht\/#breadcrumb\"},\"inLanguage\":\"en-US\",\"potentialAction\":[{\"@type\":\"ReadAction\",\"target\":[\"https:\/\/shop.hippolyte.fi\/en\/product\/karina-sirkku-kurz-ungleichgewicht\/\"]}]},{\"@type\":\"ImageObject\",\"inLanguage\":\"en-US\",\"@id\":\"https:\/\/shop.hippolyte.fi\/en\/product\/karina-sirkku-kurz-ungleichgewicht\/#primaryimage\",\"url\":\"https:\/\/shop.hippolyte.fi\/wp-content\/uploads\/2022\/07\/01_BOOKS.jpeg\",\"contentUrl\":\"https:\/\/shop.hippolyte.fi\/wp-content\/uploads\/2022\/07\/01_BOOKS.jpeg\",\"width\":827,\"height\":620},{\"@type\":\"BreadcrumbList\",\"@id\":\"https:\/\/shop.hippolyte.fi\/en\/product\/karina-sirkku-kurz-ungleichgewicht\/#breadcrumb\",\"itemListElement\":[{\"@type\":\"ListItem\",\"position\":1,\"name\":\"Etusivu\",\"item\":\"https:\/\/shop.hippolyte.fi\/en\/\"},{\"@type\":\"ListItem\",\"position\":2,\"name\":\"Shop\",\"item\":\"https:\/\/shop.hippolyte.fi\/en\/shop\/\"},{\"@type\":\"ListItem\",\"position\":3,\"name\":\"Karina-Sirkku Kurz: Ungleichgewicht\"}]},{\"@type\":\"WebSite\",\"@id\":\"https:\/\/shop.hippolyte.fi\/en\/#website\",\"url\":\"https:\/\/shop.hippolyte.fi\/en\/\",\"name\":\"Online shop for photographic art\",\"description\":\"Verkkokaupassa myyd\u00e4\u00e4n teoksia ja valokuvataidekirjoja. OTOS-tapahtuman aikana my\u00f6s tapahtuman teoksia.\",\"potentialAction\":[{\"@type\":\"SearchAction\",\"target\":{\"@type\":\"EntryPoint\",\"urlTemplate\":\"https:\/\/shop.hippolyte.fi\/en\/?s={search_term_string}\"},\"query-input\":{\"@type\":\"PropertyValueSpecification\",\"valueRequired\":true,\"valueName\":\"search_term_string\"}}],\"inLanguage\":\"en-US\"}]}<\/script>\n<!-- \/ Yoast SEO plugin. -->","yoast_head_json":{"title":"Karina-Sirkku Kurz: Ungleichgewicht - Online shop for photographic art","robots":{"index":"index","follow":"follow","max-snippet":"max-snippet:-1","max-image-preview":"max-image-preview:large","max-video-preview":"max-video-preview:-1"},"canonical":"https:\/\/shop.hippolyte.fi\/en\/product\/karina-sirkku-kurz-ungleichgewicht\/","og_locale":"en_US","og_type":"article","og_title":"Karina-Sirkku Kurz: Ungleichgewicht - Online shop for photographic art","og_description":"Artist: Karina-Sirkku Kurz Editor: Karina-Sirkku Kurz, Stephanie von Spreter Texts: Anne Golaz, Karina-Sirkku Kurz, Isabella Marcinski Design: Studio YUKIKO Languages: English, German Publication date: 2016 Pages: 104 ISBN: 978-3-86828-681-6","og_url":"https:\/\/shop.hippolyte.fi\/en\/product\/karina-sirkku-kurz-ungleichgewicht\/","og_site_name":"Online shop for photographic art","article_modified_time":"2025-11-06T09:49:59+00:00","og_image":[{"width":827,"height":620,"url":"https:\/\/shop.hippolyte.fi\/wp-content\/uploads\/2022\/07\/01_BOOKS.jpeg","type":"image\/jpeg"}],"twitter_card":"summary_large_image","schema":{"@context":"https:\/\/schema.org","@graph":[{"@type":"WebPage","@id":"https:\/\/shop.hippolyte.fi\/en\/product\/karina-sirkku-kurz-ungleichgewicht\/","url":"https:\/\/shop.hippolyte.fi\/en\/product\/karina-sirkku-kurz-ungleichgewicht\/","name":"Karina-Sirkku Kurz: Ungleichgewicht - Online shop for photographic art","isPartOf":{"@id":"https:\/\/shop.hippolyte.fi\/en\/#website"},"primaryImageOfPage":{"@id":"https:\/\/shop.hippolyte.fi\/en\/product\/karina-sirkku-kurz-ungleichgewicht\/#primaryimage"},"image":{"@id":"https:\/\/shop.hippolyte.fi\/en\/product\/karina-sirkku-kurz-ungleichgewicht\/#primaryimage"},"thumbnailUrl":"https:\/\/shop.hippolyte.fi\/wp-content\/uploads\/2022\/07\/01_BOOKS.jpeg","datePublished":"2022-04-06T07:10:59+00:00","dateModified":"2025-11-06T09:49:59+00:00","breadcrumb":{"@id":"https:\/\/shop.hippolyte.fi\/en\/product\/karina-sirkku-kurz-ungleichgewicht\/#breadcrumb"},"inLanguage":"en-US","potentialAction":[{"@type":"ReadAction","target":["https:\/\/shop.hippolyte.fi\/en\/product\/karina-sirkku-kurz-ungleichgewicht\/"]}]},{"@type":"ImageObject","inLanguage":"en-US","@id":"https:\/\/shop.hippolyte.fi\/en\/product\/karina-sirkku-kurz-ungleichgewicht\/#primaryimage","url":"https:\/\/shop.hippolyte.fi\/wp-content\/uploads\/2022\/07\/01_BOOKS.jpeg","contentUrl":"https:\/\/shop.hippolyte.fi\/wp-content\/uploads\/2022\/07\/01_BOOKS.jpeg","width":827,"height":620},{"@type":"BreadcrumbList","@id":"https:\/\/shop.hippolyte.fi\/en\/product\/karina-sirkku-kurz-ungleichgewicht\/#breadcrumb","itemListElement":[{"@type":"ListItem","position":1,"name":"Etusivu","item":"https:\/\/shop.hippolyte.fi\/en\/"},{"@type":"ListItem","position":2,"name":"Shop","item":"https:\/\/shop.hippolyte.fi\/en\/shop\/"},{"@type":"ListItem","position":3,"name":"Karina-Sirkku Kurz: Ungleichgewicht"}]},{"@type":"WebSite","@id":"https:\/\/shop.hippolyte.fi\/en\/#website","url":"https:\/\/shop.hippolyte.fi\/en\/","name":"Online shop for photographic art","description":"Verkkokaupassa myyd\u00e4\u00e4n teoksia ja valokuvataidekirjoja. OTOS-tapahtuman aikana my\u00f6s tapahtuman teoksia.","potentialAction":[{"@type":"SearchAction","target":{"@type":"EntryPoint","urlTemplate":"https:\/\/shop.hippolyte.fi\/en\/?s={search_term_string}"},"query-input":{"@type":"PropertyValueSpecification","valueRequired":true,"valueName":"search_term_string"}}],"inLanguage":"en-US"}]}},"_links":{"self":[{"href":"https:\/\/shop.hippolyte.fi\/en\/wp-json\/wp\/v2\/product\/288","targetHints":{"allow":["GET"]}}],"collection":[{"href":"https:\/\/shop.hippolyte.fi\/en\/wp-json\/wp\/v2\/product"}],"about":[{"href":"https:\/\/shop.hippolyte.fi\/en\/wp-json\/wp\/v2\/types\/product"}],"wp:featuredmedia":[{"embeddable":true,"href":"https:\/\/shop.hippolyte.fi\/en\/wp-json\/wp\/v2\/media\/262"}],"wp:attachment":[{"href":"https:\/\/shop.hippolyte.fi\/en\/wp-json\/wp\/v2\/media?parent=288"}],"wp:term":[{"taxonomy":"product_brand","embeddable":true,"href":"https:\/\/shop.hippolyte.fi\/en\/wp-json\/wp\/v2\/product_brand?post=288"},{"taxonomy":"product_cat","embeddable":true,"href":"https:\/\/shop.hippolyte.fi\/en\/wp-json\/wp\/v2\/product_cat?post=288"},{"taxonomy":"product_tag","embeddable":true,"href":"https:\/\/shop.hippolyte.fi\/en\/wp-json\/wp\/v2\/product_tag?post=288"},{"taxonomy":"artists","embeddable":true,"href":"https:\/\/shop.hippolyte.fi\/en\/wp-json\/wp\/v2\/artists?post=288"},{"taxonomy":"location","embeddable":true,"href":"https:\/\/shop.hippolyte.fi\/en\/wp-json\/wp\/v2\/location?post=288"},{"taxonomy":"publisher","embeddable":true,"href":"https:\/\/shop.hippolyte.fi\/en\/wp-json\/wp\/v2\/publisher?post=288"},{"taxonomy":"years","embeddable":true,"href":"https:\/\/shop.hippolyte.fi\/en\/wp-json\/wp\/v2\/years?post=288"}],"curies":[{"name":"wp","href":"https:\/\/api.w.org\/{rel}","templated":true}]}}