{"id":291,"date":"2022-04-05T11:22:58","date_gmt":"2022-04-05T08:22:58","guid":{"rendered":"https:\/\/shop.hippolyte.fi\/teos\/karl-henrik-edlund-bright-hours\/"},"modified":"2025-11-06T11:49:59","modified_gmt":"2025-11-06T09:49:59","slug":"karl-henrik-edlund-bright-hours","status":"publish","type":"product","link":"https:\/\/shop.hippolyte.fi\/en\/product\/karl-henrik-edlund-bright-hours\/","title":{"rendered":"Karl Henrik Edlund: Bright Hours"},"content":{"rendered":"<p><i>Bright Hours<\/i> refers to something an uncertain place that does not exist, something fragile and indefinite. The project is based on journeys that took place over the course of six years (2008\u20132013) to the Arctic North, Kola Peninsula and Nenets Autonomous Okrug in northwest Russia. The book also contains photographs from other places, like Saint Petersburg and the \u00c5land islands.<\/p>\n","protected":false},"excerpt":{"rendered":"<p>Photographs and texts: Karl Henrik Edlund<br \/>\nTranslator: Maria Morris<br \/>\nDesign: G\u00f6sta Flemming, Karl Henrik Edlund<br \/>\nEditors: G\u00f6sta Flemming, Karl Henrik Edlund<br \/>\nWeight: 885 grammaa<br \/>\nRelease date: 2016<br \/>\nPublisher: Journal<br \/>\nPages: 102<br \/>\nLanguage: English<br \/>\nISBN: 9789187939204<\/p>\n","protected":false},"featured_media":268,"template":"","meta":{"_acf_changed":false},"product_brand":[],"product_cat":[45,409,454],"product_tag":[],"artists":[78],"location":[55],"publisher":[438],"years":[452],"class_list":{"0":"post-291","1":"product","2":"type-product","3":"status-publish","4":"has-post-thumbnail","6":"product_cat-bookshop","7":"product_cat-artist-books","8":"product_cat-photobook-awards","9":"product_shipping_class-posti-s-max-11-x-32-x-42-cm-25-kg","10":"artists-edlund-karl-henrik","11":"location-photographic-gallery-hippolyte","12":"publisher-journal","13":"years-452","15":"first","16":"instock","17":"taxable","18":"shipping-taxable","19":"purchasable","20":"product-type-simple"},"acf":[],"yoast_head":"<!-- This site is optimized with the Yoast SEO plugin v26.0 - https:\/\/yoast.com\/wordpress\/plugins\/seo\/ -->\n<title>Karl Henrik Edlund: Bright Hours - Online shop for photographic art<\/title>\n<meta name=\"robots\" content=\"index, follow, max-snippet:-1, max-image-preview:large, max-video-preview:-1\" \/>\n<link rel=\"canonical\" href=\"https:\/\/shop.hippolyte.fi\/en\/product\/karl-henrik-edlund-bright-hours\/\" \/>\n<meta property=\"og:locale\" content=\"en_US\" \/>\n<meta property=\"og:type\" content=\"article\" \/>\n<meta property=\"og:title\" content=\"Karl Henrik Edlund: Bright Hours - Online shop for photographic art\" \/>\n<meta property=\"og:description\" content=\"Photographs and texts: Karl Henrik Edlund Translator: Maria Morris Design: G\u00f6sta Flemming, Karl Henrik Edlund Editors: G\u00f6sta Flemming, Karl Henrik Edlund Weight: 885 grammaa Release date: 2016 Publisher: Journal Pages: 102 Language: English ISBN: 9789187939204\" \/>\n<meta property=\"og:url\" content=\"https:\/\/shop.hippolyte.fi\/en\/product\/karl-henrik-edlund-bright-hours\/\" \/>\n<meta property=\"og:site_name\" content=\"Online shop for photographic art\" \/>\n<meta property=\"article:modified_time\" content=\"2025-11-06T09:49:59+00:00\" \/>\n<meta property=\"og:image\" content=\"https:\/\/shop.hippolyte.fi\/wp-content\/uploads\/2022\/07\/edlund-brighthours-02-kopio-scaled.jpeg\" \/>\n\t<meta property=\"og:image:width\" content=\"2560\" \/>\n\t<meta property=\"og:image:height\" content=\"1707\" \/>\n\t<meta property=\"og:image:type\" content=\"image\/jpeg\" \/>\n<meta name=\"twitter:card\" content=\"summary_large_image\" \/>\n<meta name=\"twitter:label1\" content=\"Est. reading time\" \/>\n\t<meta name=\"twitter:data1\" content=\"1 minute\" \/>\n<script type=\"application\/ld+json\" class=\"yoast-schema-graph\">{\"@context\":\"https:\/\/schema.org\",\"@graph\":[{\"@type\":\"WebPage\",\"@id\":\"https:\/\/shop.hippolyte.fi\/en\/product\/karl-henrik-edlund-bright-hours\/\",\"url\":\"https:\/\/shop.hippolyte.fi\/en\/product\/karl-henrik-edlund-bright-hours\/\",\"name\":\"Karl Henrik Edlund: Bright Hours - Online shop for photographic art\",\"isPartOf\":{\"@id\":\"https:\/\/shop.hippolyte.fi\/en\/#website\"},\"primaryImageOfPage\":{\"@id\":\"https:\/\/shop.hippolyte.fi\/en\/product\/karl-henrik-edlund-bright-hours\/#primaryimage\"},\"image\":{\"@id\":\"https:\/\/shop.hippolyte.fi\/en\/product\/karl-henrik-edlund-bright-hours\/#primaryimage\"},\"thumbnailUrl\":\"https:\/\/shop.hippolyte.fi\/wp-content\/uploads\/2022\/07\/edlund-brighthours-02-kopio-scaled.jpeg\",\"datePublished\":\"2022-04-05T08:22:58+00:00\",\"dateModified\":\"2025-11-06T09:49:59+00:00\",\"breadcrumb\":{\"@id\":\"https:\/\/shop.hippolyte.fi\/en\/product\/karl-henrik-edlund-bright-hours\/#breadcrumb\"},\"inLanguage\":\"en-US\",\"potentialAction\":[{\"@type\":\"ReadAction\",\"target\":[\"https:\/\/shop.hippolyte.fi\/en\/product\/karl-henrik-edlund-bright-hours\/\"]}]},{\"@type\":\"ImageObject\",\"inLanguage\":\"en-US\",\"@id\":\"https:\/\/shop.hippolyte.fi\/en\/product\/karl-henrik-edlund-bright-hours\/#primaryimage\",\"url\":\"https:\/\/shop.hippolyte.fi\/wp-content\/uploads\/2022\/07\/edlund-brighthours-02-kopio-scaled.jpeg\",\"contentUrl\":\"https:\/\/shop.hippolyte.fi\/wp-content\/uploads\/2022\/07\/edlund-brighthours-02-kopio-scaled.jpeg\",\"width\":2560,\"height\":1707},{\"@type\":\"BreadcrumbList\",\"@id\":\"https:\/\/shop.hippolyte.fi\/en\/product\/karl-henrik-edlund-bright-hours\/#breadcrumb\",\"itemListElement\":[{\"@type\":\"ListItem\",\"position\":1,\"name\":\"Etusivu\",\"item\":\"https:\/\/shop.hippolyte.fi\/en\/\"},{\"@type\":\"ListItem\",\"position\":2,\"name\":\"Shop\",\"item\":\"https:\/\/shop.hippolyte.fi\/en\/shop\/\"},{\"@type\":\"ListItem\",\"position\":3,\"name\":\"Karl Henrik Edlund: Bright Hours\"}]},{\"@type\":\"WebSite\",\"@id\":\"https:\/\/shop.hippolyte.fi\/en\/#website\",\"url\":\"https:\/\/shop.hippolyte.fi\/en\/\",\"name\":\"Online shop for photographic art\",\"description\":\"Verkkokaupassa myyd\u00e4\u00e4n teoksia ja valokuvataidekirjoja. OTOS-tapahtuman aikana my\u00f6s tapahtuman teoksia.\",\"potentialAction\":[{\"@type\":\"SearchAction\",\"target\":{\"@type\":\"EntryPoint\",\"urlTemplate\":\"https:\/\/shop.hippolyte.fi\/en\/?s={search_term_string}\"},\"query-input\":{\"@type\":\"PropertyValueSpecification\",\"valueRequired\":true,\"valueName\":\"search_term_string\"}}],\"inLanguage\":\"en-US\"}]}<\/script>\n<!-- \/ Yoast SEO plugin. -->","yoast_head_json":{"title":"Karl Henrik Edlund: Bright Hours - Online shop for photographic art","robots":{"index":"index","follow":"follow","max-snippet":"max-snippet:-1","max-image-preview":"max-image-preview:large","max-video-preview":"max-video-preview:-1"},"canonical":"https:\/\/shop.hippolyte.fi\/en\/product\/karl-henrik-edlund-bright-hours\/","og_locale":"en_US","og_type":"article","og_title":"Karl Henrik Edlund: Bright Hours - Online shop for photographic art","og_description":"Photographs and texts: Karl Henrik Edlund Translator: Maria Morris Design: G\u00f6sta Flemming, Karl Henrik Edlund Editors: G\u00f6sta Flemming, Karl Henrik Edlund Weight: 885 grammaa Release date: 2016 Publisher: Journal Pages: 102 Language: English ISBN: 9789187939204","og_url":"https:\/\/shop.hippolyte.fi\/en\/product\/karl-henrik-edlund-bright-hours\/","og_site_name":"Online shop for photographic art","article_modified_time":"2025-11-06T09:49:59+00:00","og_image":[{"width":2560,"height":1707,"url":"https:\/\/shop.hippolyte.fi\/wp-content\/uploads\/2022\/07\/edlund-brighthours-02-kopio-scaled.jpeg","type":"image\/jpeg"}],"twitter_card":"summary_large_image","twitter_misc":{"Est. reading time":"1 minute"},"schema":{"@context":"https:\/\/schema.org","@graph":[{"@type":"WebPage","@id":"https:\/\/shop.hippolyte.fi\/en\/product\/karl-henrik-edlund-bright-hours\/","url":"https:\/\/shop.hippolyte.fi\/en\/product\/karl-henrik-edlund-bright-hours\/","name":"Karl Henrik Edlund: Bright Hours - Online shop for photographic art","isPartOf":{"@id":"https:\/\/shop.hippolyte.fi\/en\/#website"},"primaryImageOfPage":{"@id":"https:\/\/shop.hippolyte.fi\/en\/product\/karl-henrik-edlund-bright-hours\/#primaryimage"},"image":{"@id":"https:\/\/shop.hippolyte.fi\/en\/product\/karl-henrik-edlund-bright-hours\/#primaryimage"},"thumbnailUrl":"https:\/\/shop.hippolyte.fi\/wp-content\/uploads\/2022\/07\/edlund-brighthours-02-kopio-scaled.jpeg","datePublished":"2022-04-05T08:22:58+00:00","dateModified":"2025-11-06T09:49:59+00:00","breadcrumb":{"@id":"https:\/\/shop.hippolyte.fi\/en\/product\/karl-henrik-edlund-bright-hours\/#breadcrumb"},"inLanguage":"en-US","potentialAction":[{"@type":"ReadAction","target":["https:\/\/shop.hippolyte.fi\/en\/product\/karl-henrik-edlund-bright-hours\/"]}]},{"@type":"ImageObject","inLanguage":"en-US","@id":"https:\/\/shop.hippolyte.fi\/en\/product\/karl-henrik-edlund-bright-hours\/#primaryimage","url":"https:\/\/shop.hippolyte.fi\/wp-content\/uploads\/2022\/07\/edlund-brighthours-02-kopio-scaled.jpeg","contentUrl":"https:\/\/shop.hippolyte.fi\/wp-content\/uploads\/2022\/07\/edlund-brighthours-02-kopio-scaled.jpeg","width":2560,"height":1707},{"@type":"BreadcrumbList","@id":"https:\/\/shop.hippolyte.fi\/en\/product\/karl-henrik-edlund-bright-hours\/#breadcrumb","itemListElement":[{"@type":"ListItem","position":1,"name":"Etusivu","item":"https:\/\/shop.hippolyte.fi\/en\/"},{"@type":"ListItem","position":2,"name":"Shop","item":"https:\/\/shop.hippolyte.fi\/en\/shop\/"},{"@type":"ListItem","position":3,"name":"Karl Henrik Edlund: Bright Hours"}]},{"@type":"WebSite","@id":"https:\/\/shop.hippolyte.fi\/en\/#website","url":"https:\/\/shop.hippolyte.fi\/en\/","name":"Online shop for photographic art","description":"Verkkokaupassa myyd\u00e4\u00e4n teoksia ja valokuvataidekirjoja. OTOS-tapahtuman aikana my\u00f6s tapahtuman teoksia.","potentialAction":[{"@type":"SearchAction","target":{"@type":"EntryPoint","urlTemplate":"https:\/\/shop.hippolyte.fi\/en\/?s={search_term_string}"},"query-input":{"@type":"PropertyValueSpecification","valueRequired":true,"valueName":"search_term_string"}}],"inLanguage":"en-US"}]}},"_links":{"self":[{"href":"https:\/\/shop.hippolyte.fi\/en\/wp-json\/wp\/v2\/product\/291","targetHints":{"allow":["GET"]}}],"collection":[{"href":"https:\/\/shop.hippolyte.fi\/en\/wp-json\/wp\/v2\/product"}],"about":[{"href":"https:\/\/shop.hippolyte.fi\/en\/wp-json\/wp\/v2\/types\/product"}],"wp:featuredmedia":[{"embeddable":true,"href":"https:\/\/shop.hippolyte.fi\/en\/wp-json\/wp\/v2\/media\/268"}],"wp:attachment":[{"href":"https:\/\/shop.hippolyte.fi\/en\/wp-json\/wp\/v2\/media?parent=291"}],"wp:term":[{"taxonomy":"product_brand","embeddable":true,"href":"https:\/\/shop.hippolyte.fi\/en\/wp-json\/wp\/v2\/product_brand?post=291"},{"taxonomy":"product_cat","embeddable":true,"href":"https:\/\/shop.hippolyte.fi\/en\/wp-json\/wp\/v2\/product_cat?post=291"},{"taxonomy":"product_tag","embeddable":true,"href":"https:\/\/shop.hippolyte.fi\/en\/wp-json\/wp\/v2\/product_tag?post=291"},{"taxonomy":"artists","embeddable":true,"href":"https:\/\/shop.hippolyte.fi\/en\/wp-json\/wp\/v2\/artists?post=291"},{"taxonomy":"location","embeddable":true,"href":"https:\/\/shop.hippolyte.fi\/en\/wp-json\/wp\/v2\/location?post=291"},{"taxonomy":"publisher","embeddable":true,"href":"https:\/\/shop.hippolyte.fi\/en\/wp-json\/wp\/v2\/publisher?post=291"},{"taxonomy":"years","embeddable":true,"href":"https:\/\/shop.hippolyte.fi\/en\/wp-json\/wp\/v2\/years?post=291"}],"curies":[{"name":"wp","href":"https:\/\/api.w.org\/{rel}","templated":true}]}}