{"id":292,"date":"2022-04-04T11:34:19","date_gmt":"2022-04-04T08:34:19","guid":{"rendered":"https:\/\/shop.hippolyte.fi\/teos\/hertta-kiiski-i-was-an-apple-and-i-got-peeled-but-it-was-a-good-thing\/"},"modified":"2025-11-11T21:22:52","modified_gmt":"2025-11-11T19:22:52","slug":"hertta-kiiski-i-was-an-apple-and-i-got-peeled-but-it-was-a-good-thing","status":"publish","type":"product","link":"https:\/\/shop.hippolyte.fi\/en\/product\/hertta-kiiski-i-was-an-apple-and-i-got-peeled-but-it-was-a-good-thing\/","title":{"rendered":"Hertta Kiiski: I Was an Apple and I Got Peeled \u2013 But It Was a Good Thing"},"content":{"rendered":"<p>Hertta Kiiski&#8217;s photobook is about time and its passing. She has collected the material for the book over the course of seven years. She has photographed her daughters and surroundings with different types of cameras at home, summer houses and residencies.<\/p>\n<p><em>I Was an Apple and I Got Peeled \u2013 But It Was a Good Thing<\/em> is a Finnish Photobook Award 2017 finalist.<\/p>\n","protected":false},"excerpt":{"rendered":"<p>Photographs: Hertta Kiiski<br \/>\nDesign: Hertta Kiiski ja Johanna Lundberg<br \/>\nLanguage: English<br \/>\nRelease date: 2016<br \/>\nPages: 160<br \/>\nISBN: 978-3-86828-726-4<\/p>\n","protected":false},"featured_media":271,"template":"","meta":{"_acf_changed":false},"product_brand":[],"product_cat":[45,409,454],"product_tag":[],"artists":[79],"location":[55],"publisher":[418],"years":[452],"class_list":{"0":"post-292","1":"product","2":"type-product","3":"status-publish","4":"has-post-thumbnail","6":"product_cat-bookshop","7":"product_cat-artist-books","8":"product_cat-photobook-awards","9":"product_shipping_class-posti-xxs-max-3-x-25-x-35-cm-2kg","10":"artists-kiiski-hertta","11":"location-photographic-gallery-hippolyte","12":"publisher-kehrer-verlag","13":"years-452","15":"first","16":"instock","17":"taxable","18":"shipping-taxable","19":"purchasable","20":"product-type-simple"},"acf":[],"yoast_head":"<!-- This site is optimized with the Yoast SEO plugin v26.0 - https:\/\/yoast.com\/wordpress\/plugins\/seo\/ -->\n<title>Hertta Kiiski: I Was an Apple and I Got Peeled \u2013 But It Was a Good Thing - Online shop for photographic art<\/title>\n<meta name=\"robots\" content=\"index, follow, max-snippet:-1, max-image-preview:large, max-video-preview:-1\" \/>\n<link rel=\"canonical\" href=\"https:\/\/shop.hippolyte.fi\/en\/product\/hertta-kiiski-i-was-an-apple-and-i-got-peeled-but-it-was-a-good-thing\/\" \/>\n<meta property=\"og:locale\" content=\"en_US\" \/>\n<meta property=\"og:type\" content=\"article\" \/>\n<meta property=\"og:title\" content=\"Hertta Kiiski: I Was an Apple and I Got Peeled \u2013 But It Was a Good Thing - Online shop for photographic art\" \/>\n<meta property=\"og:description\" content=\"Photographs: Hertta Kiiski Design: Hertta Kiiski ja Johanna Lundberg Language: English Release date: 2016 Pages: 160 ISBN: 978-3-86828-726-4\" \/>\n<meta property=\"og:url\" content=\"https:\/\/shop.hippolyte.fi\/en\/product\/hertta-kiiski-i-was-an-apple-and-i-got-peeled-but-it-was-a-good-thing\/\" \/>\n<meta property=\"og:site_name\" content=\"Online shop for photographic art\" \/>\n<meta property=\"article:modified_time\" content=\"2025-11-11T19:22:52+00:00\" \/>\n<meta property=\"og:image\" content=\"https:\/\/shop.hippolyte.fi\/wp-content\/uploads\/2022\/07\/HerttaKiiski_IWaAAIGP-BIWaGT-_1-scaled.jpeg\" \/>\n\t<meta property=\"og:image:width\" content=\"1767\" \/>\n\t<meta property=\"og:image:height\" content=\"2560\" \/>\n\t<meta property=\"og:image:type\" content=\"image\/jpeg\" \/>\n<meta name=\"twitter:card\" content=\"summary_large_image\" \/>\n<meta name=\"twitter:label1\" content=\"Est. reading time\" \/>\n\t<meta name=\"twitter:data1\" content=\"1 minute\" \/>\n<script type=\"application\/ld+json\" class=\"yoast-schema-graph\">{\"@context\":\"https:\/\/schema.org\",\"@graph\":[{\"@type\":\"WebPage\",\"@id\":\"https:\/\/shop.hippolyte.fi\/en\/product\/hertta-kiiski-i-was-an-apple-and-i-got-peeled-but-it-was-a-good-thing\/\",\"url\":\"https:\/\/shop.hippolyte.fi\/en\/product\/hertta-kiiski-i-was-an-apple-and-i-got-peeled-but-it-was-a-good-thing\/\",\"name\":\"Hertta Kiiski: I Was an Apple and I Got Peeled \u2013 But It Was a Good Thing - Online shop for photographic art\",\"isPartOf\":{\"@id\":\"https:\/\/shop.hippolyte.fi\/en\/#website\"},\"primaryImageOfPage\":{\"@id\":\"https:\/\/shop.hippolyte.fi\/en\/product\/hertta-kiiski-i-was-an-apple-and-i-got-peeled-but-it-was-a-good-thing\/#primaryimage\"},\"image\":{\"@id\":\"https:\/\/shop.hippolyte.fi\/en\/product\/hertta-kiiski-i-was-an-apple-and-i-got-peeled-but-it-was-a-good-thing\/#primaryimage\"},\"thumbnailUrl\":\"https:\/\/shop.hippolyte.fi\/wp-content\/uploads\/2022\/07\/HerttaKiiski_IWaAAIGP-BIWaGT-_1-scaled.jpeg\",\"datePublished\":\"2022-04-04T08:34:19+00:00\",\"dateModified\":\"2025-11-11T19:22:52+00:00\",\"breadcrumb\":{\"@id\":\"https:\/\/shop.hippolyte.fi\/en\/product\/hertta-kiiski-i-was-an-apple-and-i-got-peeled-but-it-was-a-good-thing\/#breadcrumb\"},\"inLanguage\":\"en-US\",\"potentialAction\":[{\"@type\":\"ReadAction\",\"target\":[\"https:\/\/shop.hippolyte.fi\/en\/product\/hertta-kiiski-i-was-an-apple-and-i-got-peeled-but-it-was-a-good-thing\/\"]}]},{\"@type\":\"ImageObject\",\"inLanguage\":\"en-US\",\"@id\":\"https:\/\/shop.hippolyte.fi\/en\/product\/hertta-kiiski-i-was-an-apple-and-i-got-peeled-but-it-was-a-good-thing\/#primaryimage\",\"url\":\"https:\/\/shop.hippolyte.fi\/wp-content\/uploads\/2022\/07\/HerttaKiiski_IWaAAIGP-BIWaGT-_1-scaled.jpeg\",\"contentUrl\":\"https:\/\/shop.hippolyte.fi\/wp-content\/uploads\/2022\/07\/HerttaKiiski_IWaAAIGP-BIWaGT-_1-scaled.jpeg\",\"width\":1767,\"height\":2560,\"caption\":\"I Was an Apple and I Got Peeled \u2013 But it Was a Good Thing, 2016, Kehrer Verlag\"},{\"@type\":\"BreadcrumbList\",\"@id\":\"https:\/\/shop.hippolyte.fi\/en\/product\/hertta-kiiski-i-was-an-apple-and-i-got-peeled-but-it-was-a-good-thing\/#breadcrumb\",\"itemListElement\":[{\"@type\":\"ListItem\",\"position\":1,\"name\":\"Etusivu\",\"item\":\"https:\/\/shop.hippolyte.fi\/en\/\"},{\"@type\":\"ListItem\",\"position\":2,\"name\":\"Shop\",\"item\":\"https:\/\/shop.hippolyte.fi\/en\/shop\/\"},{\"@type\":\"ListItem\",\"position\":3,\"name\":\"Hertta Kiiski: I Was an Apple and I Got Peeled \u2013 But It Was a Good Thing\"}]},{\"@type\":\"WebSite\",\"@id\":\"https:\/\/shop.hippolyte.fi\/en\/#website\",\"url\":\"https:\/\/shop.hippolyte.fi\/en\/\",\"name\":\"Online shop for photographic art\",\"description\":\"Verkkokaupassa myyd\u00e4\u00e4n teoksia ja valokuvataidekirjoja. OTOS-tapahtuman aikana my\u00f6s tapahtuman teoksia.\",\"potentialAction\":[{\"@type\":\"SearchAction\",\"target\":{\"@type\":\"EntryPoint\",\"urlTemplate\":\"https:\/\/shop.hippolyte.fi\/en\/?s={search_term_string}\"},\"query-input\":{\"@type\":\"PropertyValueSpecification\",\"valueRequired\":true,\"valueName\":\"search_term_string\"}}],\"inLanguage\":\"en-US\"}]}<\/script>\n<!-- \/ Yoast SEO plugin. -->","yoast_head_json":{"title":"Hertta Kiiski: I Was an Apple and I Got Peeled \u2013 But It Was a Good Thing - Online shop for photographic art","robots":{"index":"index","follow":"follow","max-snippet":"max-snippet:-1","max-image-preview":"max-image-preview:large","max-video-preview":"max-video-preview:-1"},"canonical":"https:\/\/shop.hippolyte.fi\/en\/product\/hertta-kiiski-i-was-an-apple-and-i-got-peeled-but-it-was-a-good-thing\/","og_locale":"en_US","og_type":"article","og_title":"Hertta Kiiski: I Was an Apple and I Got Peeled \u2013 But It Was a Good Thing - Online shop for photographic art","og_description":"Photographs: Hertta Kiiski Design: Hertta Kiiski ja Johanna Lundberg Language: English Release date: 2016 Pages: 160 ISBN: 978-3-86828-726-4","og_url":"https:\/\/shop.hippolyte.fi\/en\/product\/hertta-kiiski-i-was-an-apple-and-i-got-peeled-but-it-was-a-good-thing\/","og_site_name":"Online shop for photographic art","article_modified_time":"2025-11-11T19:22:52+00:00","og_image":[{"width":1767,"height":2560,"url":"https:\/\/shop.hippolyte.fi\/wp-content\/uploads\/2022\/07\/HerttaKiiski_IWaAAIGP-BIWaGT-_1-scaled.jpeg","type":"image\/jpeg"}],"twitter_card":"summary_large_image","twitter_misc":{"Est. reading time":"1 minute"},"schema":{"@context":"https:\/\/schema.org","@graph":[{"@type":"WebPage","@id":"https:\/\/shop.hippolyte.fi\/en\/product\/hertta-kiiski-i-was-an-apple-and-i-got-peeled-but-it-was-a-good-thing\/","url":"https:\/\/shop.hippolyte.fi\/en\/product\/hertta-kiiski-i-was-an-apple-and-i-got-peeled-but-it-was-a-good-thing\/","name":"Hertta Kiiski: I Was an Apple and I Got Peeled \u2013 But It Was a Good Thing - Online shop for photographic art","isPartOf":{"@id":"https:\/\/shop.hippolyte.fi\/en\/#website"},"primaryImageOfPage":{"@id":"https:\/\/shop.hippolyte.fi\/en\/product\/hertta-kiiski-i-was-an-apple-and-i-got-peeled-but-it-was-a-good-thing\/#primaryimage"},"image":{"@id":"https:\/\/shop.hippolyte.fi\/en\/product\/hertta-kiiski-i-was-an-apple-and-i-got-peeled-but-it-was-a-good-thing\/#primaryimage"},"thumbnailUrl":"https:\/\/shop.hippolyte.fi\/wp-content\/uploads\/2022\/07\/HerttaKiiski_IWaAAIGP-BIWaGT-_1-scaled.jpeg","datePublished":"2022-04-04T08:34:19+00:00","dateModified":"2025-11-11T19:22:52+00:00","breadcrumb":{"@id":"https:\/\/shop.hippolyte.fi\/en\/product\/hertta-kiiski-i-was-an-apple-and-i-got-peeled-but-it-was-a-good-thing\/#breadcrumb"},"inLanguage":"en-US","potentialAction":[{"@type":"ReadAction","target":["https:\/\/shop.hippolyte.fi\/en\/product\/hertta-kiiski-i-was-an-apple-and-i-got-peeled-but-it-was-a-good-thing\/"]}]},{"@type":"ImageObject","inLanguage":"en-US","@id":"https:\/\/shop.hippolyte.fi\/en\/product\/hertta-kiiski-i-was-an-apple-and-i-got-peeled-but-it-was-a-good-thing\/#primaryimage","url":"https:\/\/shop.hippolyte.fi\/wp-content\/uploads\/2022\/07\/HerttaKiiski_IWaAAIGP-BIWaGT-_1-scaled.jpeg","contentUrl":"https:\/\/shop.hippolyte.fi\/wp-content\/uploads\/2022\/07\/HerttaKiiski_IWaAAIGP-BIWaGT-_1-scaled.jpeg","width":1767,"height":2560,"caption":"I Was an Apple and I Got Peeled \u2013 But it Was a Good Thing, 2016, Kehrer Verlag"},{"@type":"BreadcrumbList","@id":"https:\/\/shop.hippolyte.fi\/en\/product\/hertta-kiiski-i-was-an-apple-and-i-got-peeled-but-it-was-a-good-thing\/#breadcrumb","itemListElement":[{"@type":"ListItem","position":1,"name":"Etusivu","item":"https:\/\/shop.hippolyte.fi\/en\/"},{"@type":"ListItem","position":2,"name":"Shop","item":"https:\/\/shop.hippolyte.fi\/en\/shop\/"},{"@type":"ListItem","position":3,"name":"Hertta Kiiski: I Was an Apple and I Got Peeled \u2013 But It Was a Good Thing"}]},{"@type":"WebSite","@id":"https:\/\/shop.hippolyte.fi\/en\/#website","url":"https:\/\/shop.hippolyte.fi\/en\/","name":"Online shop for photographic art","description":"Verkkokaupassa myyd\u00e4\u00e4n teoksia ja valokuvataidekirjoja. OTOS-tapahtuman aikana my\u00f6s tapahtuman teoksia.","potentialAction":[{"@type":"SearchAction","target":{"@type":"EntryPoint","urlTemplate":"https:\/\/shop.hippolyte.fi\/en\/?s={search_term_string}"},"query-input":{"@type":"PropertyValueSpecification","valueRequired":true,"valueName":"search_term_string"}}],"inLanguage":"en-US"}]}},"_links":{"self":[{"href":"https:\/\/shop.hippolyte.fi\/en\/wp-json\/wp\/v2\/product\/292","targetHints":{"allow":["GET"]}}],"collection":[{"href":"https:\/\/shop.hippolyte.fi\/en\/wp-json\/wp\/v2\/product"}],"about":[{"href":"https:\/\/shop.hippolyte.fi\/en\/wp-json\/wp\/v2\/types\/product"}],"wp:featuredmedia":[{"embeddable":true,"href":"https:\/\/shop.hippolyte.fi\/en\/wp-json\/wp\/v2\/media\/271"}],"wp:attachment":[{"href":"https:\/\/shop.hippolyte.fi\/en\/wp-json\/wp\/v2\/media?parent=292"}],"wp:term":[{"taxonomy":"product_brand","embeddable":true,"href":"https:\/\/shop.hippolyte.fi\/en\/wp-json\/wp\/v2\/product_brand?post=292"},{"taxonomy":"product_cat","embeddable":true,"href":"https:\/\/shop.hippolyte.fi\/en\/wp-json\/wp\/v2\/product_cat?post=292"},{"taxonomy":"product_tag","embeddable":true,"href":"https:\/\/shop.hippolyte.fi\/en\/wp-json\/wp\/v2\/product_tag?post=292"},{"taxonomy":"artists","embeddable":true,"href":"https:\/\/shop.hippolyte.fi\/en\/wp-json\/wp\/v2\/artists?post=292"},{"taxonomy":"location","embeddable":true,"href":"https:\/\/shop.hippolyte.fi\/en\/wp-json\/wp\/v2\/location?post=292"},{"taxonomy":"publisher","embeddable":true,"href":"https:\/\/shop.hippolyte.fi\/en\/wp-json\/wp\/v2\/publisher?post=292"},{"taxonomy":"years","embeddable":true,"href":"https:\/\/shop.hippolyte.fi\/en\/wp-json\/wp\/v2\/years?post=292"}],"curies":[{"name":"wp","href":"https:\/\/api.w.org\/{rel}","templated":true}]}}