{"id":294,"date":"2022-05-01T11:54:57","date_gmt":"2022-05-01T08:54:57","guid":{"rendered":"https:\/\/shop.hippolyte.fi\/teos\/johanna-bruun-ja-ida-enegren-open-on-thai-massage-windows-in-finland\/"},"modified":"2025-11-06T11:49:59","modified_gmt":"2025-11-06T09:49:59","slug":"johanna-bruun-ja-ida-enegren-open-on-thai-massage-windows-in-finland","status":"publish","type":"product","link":"https:\/\/shop.hippolyte.fi\/en\/product\/johanna-bruun-ja-ida-enegren-open-on-thai-massage-windows-in-finland\/","title":{"rendered":"Johanna Bruun ja Ida Enegren:  OPEN \u2013 On Thai Massage Windows in Finland"},"content":{"rendered":"<p>The book is about Thai massage windows and their aesthetics. The imagery of the documentary book consists of portraits of women working as Thai masseuses in Finland and of photographs of Thai massage places&#8217; windows. The book, skillfully combining images and text, discusses the planning of the windows and ponders on questions of taste, style, beauty and meaning of creativity. Even though it is the decorations of the windows that work as the starting point for the book, the interviews lead to conversations on life, worries, dreams, and hopes. The books has a fresh appearance and it includes texts in both English and Thai languages.<\/p>\n<p><em>OPEN \u2013 On Thai Massage Windows in Finland<\/em> is a Finnish Photobook Award 2017 finalist.<\/p>\n","protected":false},"excerpt":{"rendered":"<p>Photographs: Ida Enegren<br \/>\nTexts and graphic design: Johanna Bruun &amp; Ida Enegren<br \/>\nRelease date: 2018<br \/>\nPages: 255<br \/>\nISBN: 978-952-94-0287-8<\/p>\n","protected":false},"featured_media":277,"template":"","meta":{"_acf_changed":false},"product_brand":[],"product_cat":[45,409,454],"product_tag":[],"artists":[81,82],"location":[55],"publisher":[411],"years":[450],"class_list":{"0":"post-294","1":"product","2":"type-product","3":"status-publish","4":"has-post-thumbnail","6":"product_cat-bookshop","7":"product_cat-artist-books","8":"product_cat-photobook-awards","9":"product_shipping_class-posti-xxs-max-3-x-25-x-35-cm-2kg","10":"artists-bruun-johanna","11":"artists-enegren-ida","12":"location-photographic-gallery-hippolyte","13":"publisher-itsejulkaistu","14":"years-450","16":"first","17":"instock","18":"taxable","19":"shipping-taxable","20":"purchasable","21":"product-type-simple"},"acf":[],"yoast_head":"<!-- This site is optimized with the Yoast SEO plugin v26.0 - https:\/\/yoast.com\/wordpress\/plugins\/seo\/ -->\n<title>Johanna Bruun ja Ida Enegren: OPEN \u2013 On Thai Massage Windows in Finland - Online shop for photographic art<\/title>\n<meta name=\"robots\" content=\"index, follow, max-snippet:-1, max-image-preview:large, max-video-preview:-1\" \/>\n<link rel=\"canonical\" href=\"https:\/\/shop.hippolyte.fi\/en\/product\/johanna-bruun-ja-ida-enegren-open-on-thai-massage-windows-in-finland\/\" \/>\n<meta property=\"og:locale\" content=\"en_US\" \/>\n<meta property=\"og:type\" content=\"article\" \/>\n<meta property=\"og:title\" content=\"Johanna Bruun ja Ida Enegren: OPEN \u2013 On Thai Massage Windows in Finland - Online shop for photographic art\" \/>\n<meta property=\"og:description\" content=\"Photographs: Ida Enegren Texts and graphic design: Johanna Bruun &amp; Ida Enegren Release date: 2018 Pages: 255 ISBN: 978-952-94-0287-8\" \/>\n<meta property=\"og:url\" content=\"https:\/\/shop.hippolyte.fi\/en\/product\/johanna-bruun-ja-ida-enegren-open-on-thai-massage-windows-in-finland\/\" \/>\n<meta property=\"og:site_name\" content=\"Online shop for photographic art\" \/>\n<meta property=\"article:modified_time\" content=\"2025-11-06T09:49:59+00:00\" \/>\n<meta property=\"og:image\" content=\"https:\/\/shop.hippolyte.fi\/wp-content\/uploads\/2022\/07\/johanna_bruun__ida_enegren_on_thai_massage_windows_in_finland.jpeg\" \/>\n\t<meta property=\"og:image:width\" content=\"1000\" \/>\n\t<meta property=\"og:image:height\" content=\"1500\" \/>\n\t<meta property=\"og:image:type\" content=\"image\/jpeg\" \/>\n<meta name=\"twitter:card\" content=\"summary_large_image\" \/>\n<meta name=\"twitter:label1\" content=\"Est. reading time\" \/>\n\t<meta name=\"twitter:data1\" content=\"1 minute\" \/>\n<script type=\"application\/ld+json\" class=\"yoast-schema-graph\">{\"@context\":\"https:\/\/schema.org\",\"@graph\":[{\"@type\":\"WebPage\",\"@id\":\"https:\/\/shop.hippolyte.fi\/en\/product\/johanna-bruun-ja-ida-enegren-open-on-thai-massage-windows-in-finland\/\",\"url\":\"https:\/\/shop.hippolyte.fi\/en\/product\/johanna-bruun-ja-ida-enegren-open-on-thai-massage-windows-in-finland\/\",\"name\":\"Johanna Bruun ja Ida Enegren: OPEN \u2013 On Thai Massage Windows in Finland - Online shop for photographic art\",\"isPartOf\":{\"@id\":\"https:\/\/shop.hippolyte.fi\/en\/#website\"},\"primaryImageOfPage\":{\"@id\":\"https:\/\/shop.hippolyte.fi\/en\/product\/johanna-bruun-ja-ida-enegren-open-on-thai-massage-windows-in-finland\/#primaryimage\"},\"image\":{\"@id\":\"https:\/\/shop.hippolyte.fi\/en\/product\/johanna-bruun-ja-ida-enegren-open-on-thai-massage-windows-in-finland\/#primaryimage\"},\"thumbnailUrl\":\"https:\/\/shop.hippolyte.fi\/wp-content\/uploads\/2022\/07\/johanna_bruun__ida_enegren_on_thai_massage_windows_in_finland.jpeg\",\"datePublished\":\"2022-05-01T08:54:57+00:00\",\"dateModified\":\"2025-11-06T09:49:59+00:00\",\"breadcrumb\":{\"@id\":\"https:\/\/shop.hippolyte.fi\/en\/product\/johanna-bruun-ja-ida-enegren-open-on-thai-massage-windows-in-finland\/#breadcrumb\"},\"inLanguage\":\"en-US\",\"potentialAction\":[{\"@type\":\"ReadAction\",\"target\":[\"https:\/\/shop.hippolyte.fi\/en\/product\/johanna-bruun-ja-ida-enegren-open-on-thai-massage-windows-in-finland\/\"]}]},{\"@type\":\"ImageObject\",\"inLanguage\":\"en-US\",\"@id\":\"https:\/\/shop.hippolyte.fi\/en\/product\/johanna-bruun-ja-ida-enegren-open-on-thai-massage-windows-in-finland\/#primaryimage\",\"url\":\"https:\/\/shop.hippolyte.fi\/wp-content\/uploads\/2022\/07\/johanna_bruun__ida_enegren_on_thai_massage_windows_in_finland.jpeg\",\"contentUrl\":\"https:\/\/shop.hippolyte.fi\/wp-content\/uploads\/2022\/07\/johanna_bruun__ida_enegren_on_thai_massage_windows_in_finland.jpeg\",\"width\":1000,\"height\":1500},{\"@type\":\"BreadcrumbList\",\"@id\":\"https:\/\/shop.hippolyte.fi\/en\/product\/johanna-bruun-ja-ida-enegren-open-on-thai-massage-windows-in-finland\/#breadcrumb\",\"itemListElement\":[{\"@type\":\"ListItem\",\"position\":1,\"name\":\"Etusivu\",\"item\":\"https:\/\/shop.hippolyte.fi\/en\/\"},{\"@type\":\"ListItem\",\"position\":2,\"name\":\"Shop\",\"item\":\"https:\/\/shop.hippolyte.fi\/en\/shop\/\"},{\"@type\":\"ListItem\",\"position\":3,\"name\":\"Johanna Bruun ja Ida Enegren: OPEN \u2013 On Thai Massage Windows in Finland\"}]},{\"@type\":\"WebSite\",\"@id\":\"https:\/\/shop.hippolyte.fi\/en\/#website\",\"url\":\"https:\/\/shop.hippolyte.fi\/en\/\",\"name\":\"Online shop for photographic art\",\"description\":\"Verkkokaupassa myyd\u00e4\u00e4n teoksia ja valokuvataidekirjoja. OTOS-tapahtuman aikana my\u00f6s tapahtuman teoksia.\",\"potentialAction\":[{\"@type\":\"SearchAction\",\"target\":{\"@type\":\"EntryPoint\",\"urlTemplate\":\"https:\/\/shop.hippolyte.fi\/en\/?s={search_term_string}\"},\"query-input\":{\"@type\":\"PropertyValueSpecification\",\"valueRequired\":true,\"valueName\":\"search_term_string\"}}],\"inLanguage\":\"en-US\"}]}<\/script>\n<!-- \/ Yoast SEO plugin. -->","yoast_head_json":{"title":"Johanna Bruun ja Ida Enegren: OPEN \u2013 On Thai Massage Windows in Finland - Online shop for photographic art","robots":{"index":"index","follow":"follow","max-snippet":"max-snippet:-1","max-image-preview":"max-image-preview:large","max-video-preview":"max-video-preview:-1"},"canonical":"https:\/\/shop.hippolyte.fi\/en\/product\/johanna-bruun-ja-ida-enegren-open-on-thai-massage-windows-in-finland\/","og_locale":"en_US","og_type":"article","og_title":"Johanna Bruun ja Ida Enegren: OPEN \u2013 On Thai Massage Windows in Finland - Online shop for photographic art","og_description":"Photographs: Ida Enegren Texts and graphic design: Johanna Bruun &amp; Ida Enegren Release date: 2018 Pages: 255 ISBN: 978-952-94-0287-8","og_url":"https:\/\/shop.hippolyte.fi\/en\/product\/johanna-bruun-ja-ida-enegren-open-on-thai-massage-windows-in-finland\/","og_site_name":"Online shop for photographic art","article_modified_time":"2025-11-06T09:49:59+00:00","og_image":[{"width":1000,"height":1500,"url":"https:\/\/shop.hippolyte.fi\/wp-content\/uploads\/2022\/07\/johanna_bruun__ida_enegren_on_thai_massage_windows_in_finland.jpeg","type":"image\/jpeg"}],"twitter_card":"summary_large_image","twitter_misc":{"Est. reading time":"1 minute"},"schema":{"@context":"https:\/\/schema.org","@graph":[{"@type":"WebPage","@id":"https:\/\/shop.hippolyte.fi\/en\/product\/johanna-bruun-ja-ida-enegren-open-on-thai-massage-windows-in-finland\/","url":"https:\/\/shop.hippolyte.fi\/en\/product\/johanna-bruun-ja-ida-enegren-open-on-thai-massage-windows-in-finland\/","name":"Johanna Bruun ja Ida Enegren: OPEN \u2013 On Thai Massage Windows in Finland - Online shop for photographic art","isPartOf":{"@id":"https:\/\/shop.hippolyte.fi\/en\/#website"},"primaryImageOfPage":{"@id":"https:\/\/shop.hippolyte.fi\/en\/product\/johanna-bruun-ja-ida-enegren-open-on-thai-massage-windows-in-finland\/#primaryimage"},"image":{"@id":"https:\/\/shop.hippolyte.fi\/en\/product\/johanna-bruun-ja-ida-enegren-open-on-thai-massage-windows-in-finland\/#primaryimage"},"thumbnailUrl":"https:\/\/shop.hippolyte.fi\/wp-content\/uploads\/2022\/07\/johanna_bruun__ida_enegren_on_thai_massage_windows_in_finland.jpeg","datePublished":"2022-05-01T08:54:57+00:00","dateModified":"2025-11-06T09:49:59+00:00","breadcrumb":{"@id":"https:\/\/shop.hippolyte.fi\/en\/product\/johanna-bruun-ja-ida-enegren-open-on-thai-massage-windows-in-finland\/#breadcrumb"},"inLanguage":"en-US","potentialAction":[{"@type":"ReadAction","target":["https:\/\/shop.hippolyte.fi\/en\/product\/johanna-bruun-ja-ida-enegren-open-on-thai-massage-windows-in-finland\/"]}]},{"@type":"ImageObject","inLanguage":"en-US","@id":"https:\/\/shop.hippolyte.fi\/en\/product\/johanna-bruun-ja-ida-enegren-open-on-thai-massage-windows-in-finland\/#primaryimage","url":"https:\/\/shop.hippolyte.fi\/wp-content\/uploads\/2022\/07\/johanna_bruun__ida_enegren_on_thai_massage_windows_in_finland.jpeg","contentUrl":"https:\/\/shop.hippolyte.fi\/wp-content\/uploads\/2022\/07\/johanna_bruun__ida_enegren_on_thai_massage_windows_in_finland.jpeg","width":1000,"height":1500},{"@type":"BreadcrumbList","@id":"https:\/\/shop.hippolyte.fi\/en\/product\/johanna-bruun-ja-ida-enegren-open-on-thai-massage-windows-in-finland\/#breadcrumb","itemListElement":[{"@type":"ListItem","position":1,"name":"Etusivu","item":"https:\/\/shop.hippolyte.fi\/en\/"},{"@type":"ListItem","position":2,"name":"Shop","item":"https:\/\/shop.hippolyte.fi\/en\/shop\/"},{"@type":"ListItem","position":3,"name":"Johanna Bruun ja Ida Enegren: OPEN \u2013 On Thai Massage Windows in Finland"}]},{"@type":"WebSite","@id":"https:\/\/shop.hippolyte.fi\/en\/#website","url":"https:\/\/shop.hippolyte.fi\/en\/","name":"Online shop for photographic art","description":"Verkkokaupassa myyd\u00e4\u00e4n teoksia ja valokuvataidekirjoja. OTOS-tapahtuman aikana my\u00f6s tapahtuman teoksia.","potentialAction":[{"@type":"SearchAction","target":{"@type":"EntryPoint","urlTemplate":"https:\/\/shop.hippolyte.fi\/en\/?s={search_term_string}"},"query-input":{"@type":"PropertyValueSpecification","valueRequired":true,"valueName":"search_term_string"}}],"inLanguage":"en-US"}]}},"_links":{"self":[{"href":"https:\/\/shop.hippolyte.fi\/en\/wp-json\/wp\/v2\/product\/294","targetHints":{"allow":["GET"]}}],"collection":[{"href":"https:\/\/shop.hippolyte.fi\/en\/wp-json\/wp\/v2\/product"}],"about":[{"href":"https:\/\/shop.hippolyte.fi\/en\/wp-json\/wp\/v2\/types\/product"}],"wp:featuredmedia":[{"embeddable":true,"href":"https:\/\/shop.hippolyte.fi\/en\/wp-json\/wp\/v2\/media\/277"}],"wp:attachment":[{"href":"https:\/\/shop.hippolyte.fi\/en\/wp-json\/wp\/v2\/media?parent=294"}],"wp:term":[{"taxonomy":"product_brand","embeddable":true,"href":"https:\/\/shop.hippolyte.fi\/en\/wp-json\/wp\/v2\/product_brand?post=294"},{"taxonomy":"product_cat","embeddable":true,"href":"https:\/\/shop.hippolyte.fi\/en\/wp-json\/wp\/v2\/product_cat?post=294"},{"taxonomy":"product_tag","embeddable":true,"href":"https:\/\/shop.hippolyte.fi\/en\/wp-json\/wp\/v2\/product_tag?post=294"},{"taxonomy":"artists","embeddable":true,"href":"https:\/\/shop.hippolyte.fi\/en\/wp-json\/wp\/v2\/artists?post=294"},{"taxonomy":"location","embeddable":true,"href":"https:\/\/shop.hippolyte.fi\/en\/wp-json\/wp\/v2\/location?post=294"},{"taxonomy":"publisher","embeddable":true,"href":"https:\/\/shop.hippolyte.fi\/en\/wp-json\/wp\/v2\/publisher?post=294"},{"taxonomy":"years","embeddable":true,"href":"https:\/\/shop.hippolyte.fi\/en\/wp-json\/wp\/v2\/years?post=294"}],"curies":[{"name":"wp","href":"https:\/\/api.w.org\/{rel}","templated":true}]}}