{"id":295,"date":"2022-05-01T10:58:36","date_gmt":"2022-05-01T07:58:36","guid":{"rendered":"https:\/\/shop.hippolyte.fi\/teos\/ville-kumpulainen-out-of-sight\/"},"modified":"2025-11-06T11:49:59","modified_gmt":"2025-11-06T09:49:59","slug":"ville-kumpulainen-out-of-sight","status":"publish","type":"product","link":"https:\/\/shop.hippolyte.fi\/en\/product\/ville-kumpulainen-out-of-sight\/","title":{"rendered":"Ville Kumpulainen: Out of Sight"},"content":{"rendered":"<p>&#8220;In the book, I mix and mold my family&#8217;s archival photographs, and photographs that I own or have found to find thoughts that deal with what I couldn&#8217;t otherwise verbalise&#8221;, Ville Kumpulainen writes. The layout of the book, divided in four chapters, leaves room for empty space, which skillfully builds association networks between the images. &#8220;The photographs grow roots from the reality to the unknown. Through my memories, I transfer my wounded essence into the elements and persons in the pictures.&#8221;<\/p>\n<p><em>Out of Sight<\/em> is a Finnish Photobook Award 2018 finalist.<\/p>\n","protected":false},"excerpt":{"rendered":"<div class=\"product-excerpt\" data-content-field=\"excerpt\">\n<p class=\"\">Photographs: Ville Kumpulainen<br \/>\nTexts: Timothy Persons ja Tiina Lehikoinen<br \/>\nReproduction: Jan Scheffler<br \/>\nGraphic design: Inka Bell<br \/>\nPublisher: Hatje Cantz Verlag<br \/>\nPages: 88<br \/>\nRelease date: 2017<br \/>\nISBN: 978-3-7757-4373-0<\/p>\n<\/div>\n","protected":false},"featured_media":280,"template":"","meta":{"_acf_changed":false},"product_brand":[],"product_cat":[45,409,454],"product_tag":[],"artists":[84],"location":[55],"publisher":[417],"years":[451],"class_list":{"0":"post-295","1":"product","2":"type-product","3":"status-publish","4":"has-post-thumbnail","6":"product_cat-bookshop","7":"product_cat-artist-books","8":"product_cat-photobook-awards","9":"product_shipping_class-posti-xxs-max-3-x-25-x-35-cm-2kg","10":"artists-kumpulainen-ville","11":"location-photographic-gallery-hippolyte","12":"publisher-hatje-cantz","13":"years-451","15":"first","16":"instock","17":"taxable","18":"shipping-taxable","19":"purchasable","20":"product-type-simple"},"acf":[],"yoast_head":"<!-- This site is optimized with the Yoast SEO plugin v26.0 - https:\/\/yoast.com\/wordpress\/plugins\/seo\/ -->\n<title>Ville Kumpulainen: Out of Sight - Online shop for photographic art<\/title>\n<meta name=\"robots\" content=\"index, follow, max-snippet:-1, max-image-preview:large, max-video-preview:-1\" \/>\n<link rel=\"canonical\" href=\"https:\/\/shop.hippolyte.fi\/en\/product\/ville-kumpulainen-out-of-sight\/\" \/>\n<meta property=\"og:locale\" content=\"en_US\" \/>\n<meta property=\"og:type\" content=\"article\" \/>\n<meta property=\"og:title\" content=\"Ville Kumpulainen: Out of Sight - Online shop for photographic art\" \/>\n<meta property=\"og:description\" content=\"Photographs: Ville Kumpulainen Texts: Timothy Persons ja Tiina Lehikoinen Reproduction: Jan Scheffler Graphic design: Inka Bell Publisher: Hatje Cantz Verlag Pages: 88 Release date: 2017 ISBN: 978-3-7757-4373-0\" \/>\n<meta property=\"og:url\" content=\"https:\/\/shop.hippolyte.fi\/en\/product\/ville-kumpulainen-out-of-sight\/\" \/>\n<meta property=\"og:site_name\" content=\"Online shop for photographic art\" \/>\n<meta property=\"article:modified_time\" content=\"2025-11-06T09:49:59+00:00\" \/>\n<meta property=\"og:image\" content=\"https:\/\/shop.hippolyte.fi\/wp-content\/uploads\/2022\/07\/ville_kumpulainen_out_of_sight.jpeg\" \/>\n\t<meta property=\"og:image:width\" content=\"1000\" \/>\n\t<meta property=\"og:image:height\" content=\"1500\" \/>\n\t<meta property=\"og:image:type\" content=\"image\/jpeg\" \/>\n<meta name=\"twitter:card\" content=\"summary_large_image\" \/>\n<script type=\"application\/ld+json\" class=\"yoast-schema-graph\">{\"@context\":\"https:\/\/schema.org\",\"@graph\":[{\"@type\":\"WebPage\",\"@id\":\"https:\/\/shop.hippolyte.fi\/en\/product\/ville-kumpulainen-out-of-sight\/\",\"url\":\"https:\/\/shop.hippolyte.fi\/en\/product\/ville-kumpulainen-out-of-sight\/\",\"name\":\"Ville Kumpulainen: Out of Sight - Online shop for photographic art\",\"isPartOf\":{\"@id\":\"https:\/\/shop.hippolyte.fi\/en\/#website\"},\"primaryImageOfPage\":{\"@id\":\"https:\/\/shop.hippolyte.fi\/en\/product\/ville-kumpulainen-out-of-sight\/#primaryimage\"},\"image\":{\"@id\":\"https:\/\/shop.hippolyte.fi\/en\/product\/ville-kumpulainen-out-of-sight\/#primaryimage\"},\"thumbnailUrl\":\"https:\/\/shop.hippolyte.fi\/wp-content\/uploads\/2022\/07\/ville_kumpulainen_out_of_sight.jpeg\",\"datePublished\":\"2022-05-01T07:58:36+00:00\",\"dateModified\":\"2025-11-06T09:49:59+00:00\",\"breadcrumb\":{\"@id\":\"https:\/\/shop.hippolyte.fi\/en\/product\/ville-kumpulainen-out-of-sight\/#breadcrumb\"},\"inLanguage\":\"en-US\",\"potentialAction\":[{\"@type\":\"ReadAction\",\"target\":[\"https:\/\/shop.hippolyte.fi\/en\/product\/ville-kumpulainen-out-of-sight\/\"]}]},{\"@type\":\"ImageObject\",\"inLanguage\":\"en-US\",\"@id\":\"https:\/\/shop.hippolyte.fi\/en\/product\/ville-kumpulainen-out-of-sight\/#primaryimage\",\"url\":\"https:\/\/shop.hippolyte.fi\/wp-content\/uploads\/2022\/07\/ville_kumpulainen_out_of_sight.jpeg\",\"contentUrl\":\"https:\/\/shop.hippolyte.fi\/wp-content\/uploads\/2022\/07\/ville_kumpulainen_out_of_sight.jpeg\",\"width\":1000,\"height\":1500},{\"@type\":\"BreadcrumbList\",\"@id\":\"https:\/\/shop.hippolyte.fi\/en\/product\/ville-kumpulainen-out-of-sight\/#breadcrumb\",\"itemListElement\":[{\"@type\":\"ListItem\",\"position\":1,\"name\":\"Etusivu\",\"item\":\"https:\/\/shop.hippolyte.fi\/en\/\"},{\"@type\":\"ListItem\",\"position\":2,\"name\":\"Shop\",\"item\":\"https:\/\/shop.hippolyte.fi\/en\/shop\/\"},{\"@type\":\"ListItem\",\"position\":3,\"name\":\"Ville Kumpulainen: Out of Sight\"}]},{\"@type\":\"WebSite\",\"@id\":\"https:\/\/shop.hippolyte.fi\/en\/#website\",\"url\":\"https:\/\/shop.hippolyte.fi\/en\/\",\"name\":\"Online shop for photographic art\",\"description\":\"Verkkokaupassa myyd\u00e4\u00e4n teoksia ja valokuvataidekirjoja. OTOS-tapahtuman aikana my\u00f6s tapahtuman teoksia.\",\"potentialAction\":[{\"@type\":\"SearchAction\",\"target\":{\"@type\":\"EntryPoint\",\"urlTemplate\":\"https:\/\/shop.hippolyte.fi\/en\/?s={search_term_string}\"},\"query-input\":{\"@type\":\"PropertyValueSpecification\",\"valueRequired\":true,\"valueName\":\"search_term_string\"}}],\"inLanguage\":\"en-US\"}]}<\/script>\n<!-- \/ Yoast SEO plugin. -->","yoast_head_json":{"title":"Ville Kumpulainen: Out of Sight - Online shop for photographic art","robots":{"index":"index","follow":"follow","max-snippet":"max-snippet:-1","max-image-preview":"max-image-preview:large","max-video-preview":"max-video-preview:-1"},"canonical":"https:\/\/shop.hippolyte.fi\/en\/product\/ville-kumpulainen-out-of-sight\/","og_locale":"en_US","og_type":"article","og_title":"Ville Kumpulainen: Out of Sight - Online shop for photographic art","og_description":"Photographs: Ville Kumpulainen Texts: Timothy Persons ja Tiina Lehikoinen Reproduction: Jan Scheffler Graphic design: Inka Bell Publisher: Hatje Cantz Verlag Pages: 88 Release date: 2017 ISBN: 978-3-7757-4373-0","og_url":"https:\/\/shop.hippolyte.fi\/en\/product\/ville-kumpulainen-out-of-sight\/","og_site_name":"Online shop for photographic art","article_modified_time":"2025-11-06T09:49:59+00:00","og_image":[{"width":1000,"height":1500,"url":"https:\/\/shop.hippolyte.fi\/wp-content\/uploads\/2022\/07\/ville_kumpulainen_out_of_sight.jpeg","type":"image\/jpeg"}],"twitter_card":"summary_large_image","schema":{"@context":"https:\/\/schema.org","@graph":[{"@type":"WebPage","@id":"https:\/\/shop.hippolyte.fi\/en\/product\/ville-kumpulainen-out-of-sight\/","url":"https:\/\/shop.hippolyte.fi\/en\/product\/ville-kumpulainen-out-of-sight\/","name":"Ville Kumpulainen: Out of Sight - Online shop for photographic art","isPartOf":{"@id":"https:\/\/shop.hippolyte.fi\/en\/#website"},"primaryImageOfPage":{"@id":"https:\/\/shop.hippolyte.fi\/en\/product\/ville-kumpulainen-out-of-sight\/#primaryimage"},"image":{"@id":"https:\/\/shop.hippolyte.fi\/en\/product\/ville-kumpulainen-out-of-sight\/#primaryimage"},"thumbnailUrl":"https:\/\/shop.hippolyte.fi\/wp-content\/uploads\/2022\/07\/ville_kumpulainen_out_of_sight.jpeg","datePublished":"2022-05-01T07:58:36+00:00","dateModified":"2025-11-06T09:49:59+00:00","breadcrumb":{"@id":"https:\/\/shop.hippolyte.fi\/en\/product\/ville-kumpulainen-out-of-sight\/#breadcrumb"},"inLanguage":"en-US","potentialAction":[{"@type":"ReadAction","target":["https:\/\/shop.hippolyte.fi\/en\/product\/ville-kumpulainen-out-of-sight\/"]}]},{"@type":"ImageObject","inLanguage":"en-US","@id":"https:\/\/shop.hippolyte.fi\/en\/product\/ville-kumpulainen-out-of-sight\/#primaryimage","url":"https:\/\/shop.hippolyte.fi\/wp-content\/uploads\/2022\/07\/ville_kumpulainen_out_of_sight.jpeg","contentUrl":"https:\/\/shop.hippolyte.fi\/wp-content\/uploads\/2022\/07\/ville_kumpulainen_out_of_sight.jpeg","width":1000,"height":1500},{"@type":"BreadcrumbList","@id":"https:\/\/shop.hippolyte.fi\/en\/product\/ville-kumpulainen-out-of-sight\/#breadcrumb","itemListElement":[{"@type":"ListItem","position":1,"name":"Etusivu","item":"https:\/\/shop.hippolyte.fi\/en\/"},{"@type":"ListItem","position":2,"name":"Shop","item":"https:\/\/shop.hippolyte.fi\/en\/shop\/"},{"@type":"ListItem","position":3,"name":"Ville Kumpulainen: Out of Sight"}]},{"@type":"WebSite","@id":"https:\/\/shop.hippolyte.fi\/en\/#website","url":"https:\/\/shop.hippolyte.fi\/en\/","name":"Online shop for photographic art","description":"Verkkokaupassa myyd\u00e4\u00e4n teoksia ja valokuvataidekirjoja. OTOS-tapahtuman aikana my\u00f6s tapahtuman teoksia.","potentialAction":[{"@type":"SearchAction","target":{"@type":"EntryPoint","urlTemplate":"https:\/\/shop.hippolyte.fi\/en\/?s={search_term_string}"},"query-input":{"@type":"PropertyValueSpecification","valueRequired":true,"valueName":"search_term_string"}}],"inLanguage":"en-US"}]}},"_links":{"self":[{"href":"https:\/\/shop.hippolyte.fi\/en\/wp-json\/wp\/v2\/product\/295","targetHints":{"allow":["GET"]}}],"collection":[{"href":"https:\/\/shop.hippolyte.fi\/en\/wp-json\/wp\/v2\/product"}],"about":[{"href":"https:\/\/shop.hippolyte.fi\/en\/wp-json\/wp\/v2\/types\/product"}],"wp:featuredmedia":[{"embeddable":true,"href":"https:\/\/shop.hippolyte.fi\/en\/wp-json\/wp\/v2\/media\/280"}],"wp:attachment":[{"href":"https:\/\/shop.hippolyte.fi\/en\/wp-json\/wp\/v2\/media?parent=295"}],"wp:term":[{"taxonomy":"product_brand","embeddable":true,"href":"https:\/\/shop.hippolyte.fi\/en\/wp-json\/wp\/v2\/product_brand?post=295"},{"taxonomy":"product_cat","embeddable":true,"href":"https:\/\/shop.hippolyte.fi\/en\/wp-json\/wp\/v2\/product_cat?post=295"},{"taxonomy":"product_tag","embeddable":true,"href":"https:\/\/shop.hippolyte.fi\/en\/wp-json\/wp\/v2\/product_tag?post=295"},{"taxonomy":"artists","embeddable":true,"href":"https:\/\/shop.hippolyte.fi\/en\/wp-json\/wp\/v2\/artists?post=295"},{"taxonomy":"location","embeddable":true,"href":"https:\/\/shop.hippolyte.fi\/en\/wp-json\/wp\/v2\/location?post=295"},{"taxonomy":"publisher","embeddable":true,"href":"https:\/\/shop.hippolyte.fi\/en\/wp-json\/wp\/v2\/publisher?post=295"},{"taxonomy":"years","embeddable":true,"href":"https:\/\/shop.hippolyte.fi\/en\/wp-json\/wp\/v2\/years?post=295"}],"curies":[{"name":"wp","href":"https:\/\/api.w.org\/{rel}","templated":true}]}}