{"id":3765,"date":"2024-04-05T15:18:18","date_gmt":"2024-04-05T12:18:18","guid":{"rendered":"https:\/\/shop.hippolyte.fi\/?post_type=product&#038;p=3765"},"modified":"2025-11-06T11:49:58","modified_gmt":"2025-11-06T09:49:58","slug":"henrik-malmstrom-kopio","status":"publish","type":"product","link":"https:\/\/shop.hippolyte.fi\/en\/product\/henrik-malmstrom-kopio\/","title":{"rendered":"Janne Riikonen: Notes for Our Legacy"},"content":{"rendered":"<p>Billboards are strategically set up in high traffic areas, designed to catch our attention. They are positioned atop buildings, along highways, and in market squares. Even in the absence of advertising content, a billboard remains a medium of communication. When empty of advertisement, what message does it convey? The book Notes For Our Legacy serves as a statement against the unsustainable culture of consumption and the values typically conveyed on billboards.<\/p>\n<p>\u201cFor as long as I can recall, I&#8217;ve been bothered by advertisements\u2014their appearance, mere quantity and the values they most often promote. I wish I didn&#8217;t have to see them. The primary message of advertisements is very clear. Whether it&#8217;s a product, a service, an education, or a political agenda; they aim to sell something. Yet beneath this primary message lies a more subtle, subliminal note of inadequacy \u2013 You can do, look and behave better. The work is a manifestation agains these messages, both primary and secondary. The values they promote and with whose terms all of this is done. The constant exposure to advertisements has inevitably contributed to people becoming more materialistic and focused on status. I believe that in a society not as saturated with advertisements, we would be more compassionate and considerate towards one another.\u201d<\/p>\n<p>&#8211; Janne Riikonen<\/p>\n","protected":false},"excerpt":{"rendered":"<p>Photographs and concepts: Janne Riikonen<br \/>\nGraphic design: Janne Riikonen<br \/>\nLanguage: English<br \/>\nPublisher: Kult Books<br \/>\nReleased: October 2023<br \/>\nEdition: 300<br \/>\nPrinting: Dolce (Greece)<br \/>\nBinding: Future Format (Greece)<br \/>\nISBN 978-952-94-6116-5<\/p>\n","protected":false},"featured_media":3767,"template":"","meta":{"_acf_changed":false},"product_brand":[],"product_cat":[45,409,454],"product_tag":[],"artists":[393],"location":[],"publisher":[415],"years":[434],"class_list":{"0":"post-3765","1":"product","2":"type-product","3":"status-publish","4":"has-post-thumbnail","6":"product_cat-bookshop","7":"product_cat-artist-books","8":"product_cat-photobook-awards","9":"product_shipping_class-posti-xxs-max-3-x-25-x-35-cm-2kg","10":"artists-riikonen-janne","11":"publisher-kult-books","12":"years-434","14":"first","15":"instock","16":"taxable","17":"shipping-taxable","18":"purchasable","19":"product-type-simple"},"acf":[],"yoast_head":"<!-- This site is optimized with the Yoast SEO plugin v26.0 - https:\/\/yoast.com\/wordpress\/plugins\/seo\/ -->\n<title>Janne Riikonen: Notes for Our Legacy - Online shop for photographic art<\/title>\n<meta name=\"robots\" content=\"index, follow, max-snippet:-1, max-image-preview:large, max-video-preview:-1\" \/>\n<link rel=\"canonical\" href=\"https:\/\/shop.hippolyte.fi\/en\/product\/henrik-malmstrom-kopio\/\" \/>\n<meta property=\"og:locale\" content=\"en_US\" \/>\n<meta property=\"og:type\" content=\"article\" \/>\n<meta property=\"og:title\" content=\"Janne Riikonen: Notes for Our Legacy - Online shop for photographic art\" \/>\n<meta property=\"og:description\" content=\"Photographs and concepts: Janne Riikonen Graphic design: Janne Riikonen Language: English Publisher: Kult Books Released: October 2023 Edition: 300 Printing: Dolce (Greece) Binding: Future Format (Greece) ISBN 978-952-94-6116-5\" \/>\n<meta property=\"og:url\" content=\"https:\/\/shop.hippolyte.fi\/en\/product\/henrik-malmstrom-kopio\/\" \/>\n<meta property=\"og:site_name\" content=\"Online shop for photographic art\" \/>\n<meta property=\"article:modified_time\" content=\"2025-11-06T09:49:58+00:00\" \/>\n<meta property=\"og:image\" content=\"https:\/\/shop.hippolyte.fi\/wp-content\/uploads\/2024\/04\/kp23janneriikonen-l8a4799.jpg\" \/>\n\t<meta property=\"og:image:width\" content=\"1024\" \/>\n\t<meta property=\"og:image:height\" content=\"683\" \/>\n\t<meta property=\"og:image:type\" content=\"image\/jpeg\" \/>\n<meta name=\"twitter:card\" content=\"summary_large_image\" \/>\n<meta name=\"twitter:label1\" content=\"Est. reading time\" \/>\n\t<meta name=\"twitter:data1\" content=\"2 minutes\" \/>\n<script type=\"application\/ld+json\" class=\"yoast-schema-graph\">{\"@context\":\"https:\/\/schema.org\",\"@graph\":[{\"@type\":\"WebPage\",\"@id\":\"https:\/\/shop.hippolyte.fi\/en\/product\/henrik-malmstrom-kopio\/\",\"url\":\"https:\/\/shop.hippolyte.fi\/en\/product\/henrik-malmstrom-kopio\/\",\"name\":\"Janne Riikonen: Notes for Our Legacy - Online shop for photographic art\",\"isPartOf\":{\"@id\":\"https:\/\/shop.hippolyte.fi\/en\/#website\"},\"primaryImageOfPage\":{\"@id\":\"https:\/\/shop.hippolyte.fi\/en\/product\/henrik-malmstrom-kopio\/#primaryimage\"},\"image\":{\"@id\":\"https:\/\/shop.hippolyte.fi\/en\/product\/henrik-malmstrom-kopio\/#primaryimage\"},\"thumbnailUrl\":\"https:\/\/shop.hippolyte.fi\/wp-content\/uploads\/2024\/04\/kp23janneriikonen-l8a4799.jpg\",\"datePublished\":\"2024-04-05T12:18:18+00:00\",\"dateModified\":\"2025-11-06T09:49:58+00:00\",\"breadcrumb\":{\"@id\":\"https:\/\/shop.hippolyte.fi\/en\/product\/henrik-malmstrom-kopio\/#breadcrumb\"},\"inLanguage\":\"en-US\",\"potentialAction\":[{\"@type\":\"ReadAction\",\"target\":[\"https:\/\/shop.hippolyte.fi\/en\/product\/henrik-malmstrom-kopio\/\"]}]},{\"@type\":\"ImageObject\",\"inLanguage\":\"en-US\",\"@id\":\"https:\/\/shop.hippolyte.fi\/en\/product\/henrik-malmstrom-kopio\/#primaryimage\",\"url\":\"https:\/\/shop.hippolyte.fi\/wp-content\/uploads\/2024\/04\/kp23janneriikonen-l8a4799.jpg\",\"contentUrl\":\"https:\/\/shop.hippolyte.fi\/wp-content\/uploads\/2024\/04\/kp23janneriikonen-l8a4799.jpg\",\"width\":1024,\"height\":683},{\"@type\":\"BreadcrumbList\",\"@id\":\"https:\/\/shop.hippolyte.fi\/en\/product\/henrik-malmstrom-kopio\/#breadcrumb\",\"itemListElement\":[{\"@type\":\"ListItem\",\"position\":1,\"name\":\"Etusivu\",\"item\":\"https:\/\/shop.hippolyte.fi\/en\/\"},{\"@type\":\"ListItem\",\"position\":2,\"name\":\"Shop\",\"item\":\"https:\/\/shop.hippolyte.fi\/en\/shop\/\"},{\"@type\":\"ListItem\",\"position\":3,\"name\":\"Janne Riikonen: Notes for Our Legacy\"}]},{\"@type\":\"WebSite\",\"@id\":\"https:\/\/shop.hippolyte.fi\/en\/#website\",\"url\":\"https:\/\/shop.hippolyte.fi\/en\/\",\"name\":\"Online shop for photographic art\",\"description\":\"Verkkokaupassa myyd\u00e4\u00e4n teoksia ja valokuvataidekirjoja. OTOS-tapahtuman aikana my\u00f6s tapahtuman teoksia.\",\"potentialAction\":[{\"@type\":\"SearchAction\",\"target\":{\"@type\":\"EntryPoint\",\"urlTemplate\":\"https:\/\/shop.hippolyte.fi\/en\/?s={search_term_string}\"},\"query-input\":{\"@type\":\"PropertyValueSpecification\",\"valueRequired\":true,\"valueName\":\"search_term_string\"}}],\"inLanguage\":\"en-US\"}]}<\/script>\n<!-- \/ Yoast SEO plugin. -->","yoast_head_json":{"title":"Janne Riikonen: Notes for Our Legacy - Online shop for photographic art","robots":{"index":"index","follow":"follow","max-snippet":"max-snippet:-1","max-image-preview":"max-image-preview:large","max-video-preview":"max-video-preview:-1"},"canonical":"https:\/\/shop.hippolyte.fi\/en\/product\/henrik-malmstrom-kopio\/","og_locale":"en_US","og_type":"article","og_title":"Janne Riikonen: Notes for Our Legacy - Online shop for photographic art","og_description":"Photographs and concepts: Janne Riikonen Graphic design: Janne Riikonen Language: English Publisher: Kult Books Released: October 2023 Edition: 300 Printing: Dolce (Greece) Binding: Future Format (Greece) ISBN 978-952-94-6116-5","og_url":"https:\/\/shop.hippolyte.fi\/en\/product\/henrik-malmstrom-kopio\/","og_site_name":"Online shop for photographic art","article_modified_time":"2025-11-06T09:49:58+00:00","og_image":[{"width":1024,"height":683,"url":"https:\/\/shop.hippolyte.fi\/wp-content\/uploads\/2024\/04\/kp23janneriikonen-l8a4799.jpg","type":"image\/jpeg"}],"twitter_card":"summary_large_image","twitter_misc":{"Est. reading time":"2 minutes"},"schema":{"@context":"https:\/\/schema.org","@graph":[{"@type":"WebPage","@id":"https:\/\/shop.hippolyte.fi\/en\/product\/henrik-malmstrom-kopio\/","url":"https:\/\/shop.hippolyte.fi\/en\/product\/henrik-malmstrom-kopio\/","name":"Janne Riikonen: Notes for Our Legacy - Online shop for photographic art","isPartOf":{"@id":"https:\/\/shop.hippolyte.fi\/en\/#website"},"primaryImageOfPage":{"@id":"https:\/\/shop.hippolyte.fi\/en\/product\/henrik-malmstrom-kopio\/#primaryimage"},"image":{"@id":"https:\/\/shop.hippolyte.fi\/en\/product\/henrik-malmstrom-kopio\/#primaryimage"},"thumbnailUrl":"https:\/\/shop.hippolyte.fi\/wp-content\/uploads\/2024\/04\/kp23janneriikonen-l8a4799.jpg","datePublished":"2024-04-05T12:18:18+00:00","dateModified":"2025-11-06T09:49:58+00:00","breadcrumb":{"@id":"https:\/\/shop.hippolyte.fi\/en\/product\/henrik-malmstrom-kopio\/#breadcrumb"},"inLanguage":"en-US","potentialAction":[{"@type":"ReadAction","target":["https:\/\/shop.hippolyte.fi\/en\/product\/henrik-malmstrom-kopio\/"]}]},{"@type":"ImageObject","inLanguage":"en-US","@id":"https:\/\/shop.hippolyte.fi\/en\/product\/henrik-malmstrom-kopio\/#primaryimage","url":"https:\/\/shop.hippolyte.fi\/wp-content\/uploads\/2024\/04\/kp23janneriikonen-l8a4799.jpg","contentUrl":"https:\/\/shop.hippolyte.fi\/wp-content\/uploads\/2024\/04\/kp23janneriikonen-l8a4799.jpg","width":1024,"height":683},{"@type":"BreadcrumbList","@id":"https:\/\/shop.hippolyte.fi\/en\/product\/henrik-malmstrom-kopio\/#breadcrumb","itemListElement":[{"@type":"ListItem","position":1,"name":"Etusivu","item":"https:\/\/shop.hippolyte.fi\/en\/"},{"@type":"ListItem","position":2,"name":"Shop","item":"https:\/\/shop.hippolyte.fi\/en\/shop\/"},{"@type":"ListItem","position":3,"name":"Janne Riikonen: Notes for Our Legacy"}]},{"@type":"WebSite","@id":"https:\/\/shop.hippolyte.fi\/en\/#website","url":"https:\/\/shop.hippolyte.fi\/en\/","name":"Online shop for photographic art","description":"Verkkokaupassa myyd\u00e4\u00e4n teoksia ja valokuvataidekirjoja. OTOS-tapahtuman aikana my\u00f6s tapahtuman teoksia.","potentialAction":[{"@type":"SearchAction","target":{"@type":"EntryPoint","urlTemplate":"https:\/\/shop.hippolyte.fi\/en\/?s={search_term_string}"},"query-input":{"@type":"PropertyValueSpecification","valueRequired":true,"valueName":"search_term_string"}}],"inLanguage":"en-US"}]}},"_links":{"self":[{"href":"https:\/\/shop.hippolyte.fi\/en\/wp-json\/wp\/v2\/product\/3765","targetHints":{"allow":["GET"]}}],"collection":[{"href":"https:\/\/shop.hippolyte.fi\/en\/wp-json\/wp\/v2\/product"}],"about":[{"href":"https:\/\/shop.hippolyte.fi\/en\/wp-json\/wp\/v2\/types\/product"}],"wp:featuredmedia":[{"embeddable":true,"href":"https:\/\/shop.hippolyte.fi\/en\/wp-json\/wp\/v2\/media\/3767"}],"wp:attachment":[{"href":"https:\/\/shop.hippolyte.fi\/en\/wp-json\/wp\/v2\/media?parent=3765"}],"wp:term":[{"taxonomy":"product_brand","embeddable":true,"href":"https:\/\/shop.hippolyte.fi\/en\/wp-json\/wp\/v2\/product_brand?post=3765"},{"taxonomy":"product_cat","embeddable":true,"href":"https:\/\/shop.hippolyte.fi\/en\/wp-json\/wp\/v2\/product_cat?post=3765"},{"taxonomy":"product_tag","embeddable":true,"href":"https:\/\/shop.hippolyte.fi\/en\/wp-json\/wp\/v2\/product_tag?post=3765"},{"taxonomy":"artists","embeddable":true,"href":"https:\/\/shop.hippolyte.fi\/en\/wp-json\/wp\/v2\/artists?post=3765"},{"taxonomy":"location","embeddable":true,"href":"https:\/\/shop.hippolyte.fi\/en\/wp-json\/wp\/v2\/location?post=3765"},{"taxonomy":"publisher","embeddable":true,"href":"https:\/\/shop.hippolyte.fi\/en\/wp-json\/wp\/v2\/publisher?post=3765"},{"taxonomy":"years","embeddable":true,"href":"https:\/\/shop.hippolyte.fi\/en\/wp-json\/wp\/v2\/years?post=3765"}],"curies":[{"name":"wp","href":"https:\/\/api.w.org\/{rel}","templated":true}]}}