{"id":3769,"date":"2024-04-05T15:20:50","date_gmt":"2024-04-05T12:20:50","guid":{"rendered":"https:\/\/shop.hippolyte.fi\/?post_type=product&#038;p=3769"},"modified":"2025-11-06T11:49:58","modified_gmt":"2025-11-06T09:49:58","slug":"henrik-malmstrom-kopio-kopio","status":"publish","type":"product","link":"https:\/\/shop.hippolyte.fi\/en\/product\/henrik-malmstrom-kopio-kopio\/","title":{"rendered":"Aura Saarikoski: Grey M\u00e9lange"},"content":{"rendered":"<p>On the way home from a birthday celebration, Saarikoski found herself weeping on a street corner in the embrace of a comforter. A dark stain of tears and mascara remained on the comforter&#8217;s shirt, directly over their heart. As time passed and the shirt remained unwashed, the stain accumulated significance, bearing witness to both grief and solace. Grey M\u00e9lange is a book that combines photographs and text to explore the conditions and ethics of autofiction and how lived experiences can be transformed into art.<\/p>\n<p>The publication is based on an exhibition of the same name held by Aura Saarikoski at the Hippolyte Gallery in January 2022. Both the exhibition and the publication are based on the events described above, which took place some years ago. Throughout the book, pictures of the exhibition&#8217;s setup and location, as well as works featured in the show, are presented alongside text that features conversations between the comforter and the comforted, as they contemplate who should be credited for the work. The book navigates the roles of the main character and the supporting cast, and explores the power of the narrator, whose voice ultimately belongs in the autobiographical work, and how we remember and shape our own memories into a version that resonates with our lives.<\/p>\n<p>The publication was designed by graphic and font designer Jaakko Suomalainen in collaboration with Aura Saarikoski. The texts are in Finnish and English, and Kasper Salonen is responsible for the translations in the publication.<\/p>\n","protected":false},"excerpt":{"rendered":"<p>Photographs and concepts: Aura Saarikoski<br \/>\nGraphic design: Jaakko Suomalainen<br \/>\nTexts: Aura Saarikoski<br \/>\nTranslations: Kasper Salonen<br \/>\nLanguage: Finnish, English<br \/>\nRetouching: Petri Kuokka<br \/>\nPublisher: Khaos Publishing<br \/>\nReleased: May 2022<br \/>\nEdition: 210<br \/>\nPrinting: Printon AS, Tallinna<br \/>\nISBN 978-952-94-6116-5<\/p>\n","protected":false},"featured_media":3771,"template":"","meta":{"_acf_changed":false},"product_brand":[],"product_cat":[45,409,454],"product_tag":[],"artists":[363],"location":[],"publisher":[426],"years":[434],"class_list":{"0":"post-3769","1":"product","2":"type-product","3":"status-publish","4":"has-post-thumbnail","6":"product_cat-bookshop","7":"product_cat-artist-books","8":"product_cat-photobook-awards","9":"product_shipping_class-posti-xxs-max-3-x-25-x-35-cm-2kg","10":"artists-saarikoski-aura","11":"publisher-khaos-publishing","12":"years-434","14":"first","15":"instock","16":"taxable","17":"shipping-taxable","18":"purchasable","19":"product-type-simple"},"acf":[],"yoast_head":"<!-- This site is optimized with the Yoast SEO plugin v26.0 - https:\/\/yoast.com\/wordpress\/plugins\/seo\/ -->\n<title>Aura Saarikoski: Grey M\u00e9lange - Online shop for photographic art<\/title>\n<meta name=\"robots\" content=\"index, follow, max-snippet:-1, max-image-preview:large, max-video-preview:-1\" \/>\n<link rel=\"canonical\" href=\"https:\/\/shop.hippolyte.fi\/en\/product\/henrik-malmstrom-kopio-kopio\/\" \/>\n<meta property=\"og:locale\" content=\"en_US\" \/>\n<meta property=\"og:type\" content=\"article\" \/>\n<meta property=\"og:title\" content=\"Aura Saarikoski: Grey M\u00e9lange - Online shop for photographic art\" \/>\n<meta property=\"og:description\" content=\"Photographs and concepts: Aura Saarikoski Graphic design: Jaakko Suomalainen Texts: Aura Saarikoski Translations: Kasper Salonen Language: Finnish, English Retouching: Petri Kuokka Publisher: Khaos Publishing Released: May 2022 Edition: 210 Printing: Printon AS, Tallinna ISBN 978-952-94-6116-5\" \/>\n<meta property=\"og:url\" content=\"https:\/\/shop.hippolyte.fi\/en\/product\/henrik-malmstrom-kopio-kopio\/\" \/>\n<meta property=\"og:site_name\" content=\"Online shop for photographic art\" \/>\n<meta property=\"article:modified_time\" content=\"2025-11-06T09:49:58+00:00\" \/>\n<meta property=\"og:image\" content=\"https:\/\/shop.hippolyte.fi\/wp-content\/uploads\/2024\/04\/kp23aurasaarikoski-l8a4797.jpg\" \/>\n\t<meta property=\"og:image:width\" content=\"1024\" \/>\n\t<meta property=\"og:image:height\" content=\"683\" \/>\n\t<meta property=\"og:image:type\" content=\"image\/jpeg\" \/>\n<meta name=\"twitter:card\" content=\"summary_large_image\" \/>\n<meta name=\"twitter:label1\" content=\"Est. reading time\" \/>\n\t<meta name=\"twitter:data1\" content=\"2 minutes\" \/>\n<script type=\"application\/ld+json\" class=\"yoast-schema-graph\">{\"@context\":\"https:\/\/schema.org\",\"@graph\":[{\"@type\":\"WebPage\",\"@id\":\"https:\/\/shop.hippolyte.fi\/en\/product\/henrik-malmstrom-kopio-kopio\/\",\"url\":\"https:\/\/shop.hippolyte.fi\/en\/product\/henrik-malmstrom-kopio-kopio\/\",\"name\":\"Aura Saarikoski: Grey M\u00e9lange - Online shop for photographic art\",\"isPartOf\":{\"@id\":\"https:\/\/shop.hippolyte.fi\/en\/#website\"},\"primaryImageOfPage\":{\"@id\":\"https:\/\/shop.hippolyte.fi\/en\/product\/henrik-malmstrom-kopio-kopio\/#primaryimage\"},\"image\":{\"@id\":\"https:\/\/shop.hippolyte.fi\/en\/product\/henrik-malmstrom-kopio-kopio\/#primaryimage\"},\"thumbnailUrl\":\"https:\/\/shop.hippolyte.fi\/wp-content\/uploads\/2024\/04\/kp23aurasaarikoski-l8a4797.jpg\",\"datePublished\":\"2024-04-05T12:20:50+00:00\",\"dateModified\":\"2025-11-06T09:49:58+00:00\",\"breadcrumb\":{\"@id\":\"https:\/\/shop.hippolyte.fi\/en\/product\/henrik-malmstrom-kopio-kopio\/#breadcrumb\"},\"inLanguage\":\"en-US\",\"potentialAction\":[{\"@type\":\"ReadAction\",\"target\":[\"https:\/\/shop.hippolyte.fi\/en\/product\/henrik-malmstrom-kopio-kopio\/\"]}]},{\"@type\":\"ImageObject\",\"inLanguage\":\"en-US\",\"@id\":\"https:\/\/shop.hippolyte.fi\/en\/product\/henrik-malmstrom-kopio-kopio\/#primaryimage\",\"url\":\"https:\/\/shop.hippolyte.fi\/wp-content\/uploads\/2024\/04\/kp23aurasaarikoski-l8a4797.jpg\",\"contentUrl\":\"https:\/\/shop.hippolyte.fi\/wp-content\/uploads\/2024\/04\/kp23aurasaarikoski-l8a4797.jpg\",\"width\":1024,\"height\":683},{\"@type\":\"BreadcrumbList\",\"@id\":\"https:\/\/shop.hippolyte.fi\/en\/product\/henrik-malmstrom-kopio-kopio\/#breadcrumb\",\"itemListElement\":[{\"@type\":\"ListItem\",\"position\":1,\"name\":\"Etusivu\",\"item\":\"https:\/\/shop.hippolyte.fi\/en\/\"},{\"@type\":\"ListItem\",\"position\":2,\"name\":\"Shop\",\"item\":\"https:\/\/shop.hippolyte.fi\/en\/shop\/\"},{\"@type\":\"ListItem\",\"position\":3,\"name\":\"Aura Saarikoski: Grey M\u00e9lange\"}]},{\"@type\":\"WebSite\",\"@id\":\"https:\/\/shop.hippolyte.fi\/en\/#website\",\"url\":\"https:\/\/shop.hippolyte.fi\/en\/\",\"name\":\"Online shop for photographic art\",\"description\":\"Verkkokaupassa myyd\u00e4\u00e4n teoksia ja valokuvataidekirjoja. OTOS-tapahtuman aikana my\u00f6s tapahtuman teoksia.\",\"potentialAction\":[{\"@type\":\"SearchAction\",\"target\":{\"@type\":\"EntryPoint\",\"urlTemplate\":\"https:\/\/shop.hippolyte.fi\/en\/?s={search_term_string}\"},\"query-input\":{\"@type\":\"PropertyValueSpecification\",\"valueRequired\":true,\"valueName\":\"search_term_string\"}}],\"inLanguage\":\"en-US\"}]}<\/script>\n<!-- \/ Yoast SEO plugin. -->","yoast_head_json":{"title":"Aura Saarikoski: Grey M\u00e9lange - Online shop for photographic art","robots":{"index":"index","follow":"follow","max-snippet":"max-snippet:-1","max-image-preview":"max-image-preview:large","max-video-preview":"max-video-preview:-1"},"canonical":"https:\/\/shop.hippolyte.fi\/en\/product\/henrik-malmstrom-kopio-kopio\/","og_locale":"en_US","og_type":"article","og_title":"Aura Saarikoski: Grey M\u00e9lange - Online shop for photographic art","og_description":"Photographs and concepts: Aura Saarikoski Graphic design: Jaakko Suomalainen Texts: Aura Saarikoski Translations: Kasper Salonen Language: Finnish, English Retouching: Petri Kuokka Publisher: Khaos Publishing Released: May 2022 Edition: 210 Printing: Printon AS, Tallinna ISBN 978-952-94-6116-5","og_url":"https:\/\/shop.hippolyte.fi\/en\/product\/henrik-malmstrom-kopio-kopio\/","og_site_name":"Online shop for photographic art","article_modified_time":"2025-11-06T09:49:58+00:00","og_image":[{"width":1024,"height":683,"url":"https:\/\/shop.hippolyte.fi\/wp-content\/uploads\/2024\/04\/kp23aurasaarikoski-l8a4797.jpg","type":"image\/jpeg"}],"twitter_card":"summary_large_image","twitter_misc":{"Est. reading time":"2 minutes"},"schema":{"@context":"https:\/\/schema.org","@graph":[{"@type":"WebPage","@id":"https:\/\/shop.hippolyte.fi\/en\/product\/henrik-malmstrom-kopio-kopio\/","url":"https:\/\/shop.hippolyte.fi\/en\/product\/henrik-malmstrom-kopio-kopio\/","name":"Aura Saarikoski: Grey M\u00e9lange - Online shop for photographic art","isPartOf":{"@id":"https:\/\/shop.hippolyte.fi\/en\/#website"},"primaryImageOfPage":{"@id":"https:\/\/shop.hippolyte.fi\/en\/product\/henrik-malmstrom-kopio-kopio\/#primaryimage"},"image":{"@id":"https:\/\/shop.hippolyte.fi\/en\/product\/henrik-malmstrom-kopio-kopio\/#primaryimage"},"thumbnailUrl":"https:\/\/shop.hippolyte.fi\/wp-content\/uploads\/2024\/04\/kp23aurasaarikoski-l8a4797.jpg","datePublished":"2024-04-05T12:20:50+00:00","dateModified":"2025-11-06T09:49:58+00:00","breadcrumb":{"@id":"https:\/\/shop.hippolyte.fi\/en\/product\/henrik-malmstrom-kopio-kopio\/#breadcrumb"},"inLanguage":"en-US","potentialAction":[{"@type":"ReadAction","target":["https:\/\/shop.hippolyte.fi\/en\/product\/henrik-malmstrom-kopio-kopio\/"]}]},{"@type":"ImageObject","inLanguage":"en-US","@id":"https:\/\/shop.hippolyte.fi\/en\/product\/henrik-malmstrom-kopio-kopio\/#primaryimage","url":"https:\/\/shop.hippolyte.fi\/wp-content\/uploads\/2024\/04\/kp23aurasaarikoski-l8a4797.jpg","contentUrl":"https:\/\/shop.hippolyte.fi\/wp-content\/uploads\/2024\/04\/kp23aurasaarikoski-l8a4797.jpg","width":1024,"height":683},{"@type":"BreadcrumbList","@id":"https:\/\/shop.hippolyte.fi\/en\/product\/henrik-malmstrom-kopio-kopio\/#breadcrumb","itemListElement":[{"@type":"ListItem","position":1,"name":"Etusivu","item":"https:\/\/shop.hippolyte.fi\/en\/"},{"@type":"ListItem","position":2,"name":"Shop","item":"https:\/\/shop.hippolyte.fi\/en\/shop\/"},{"@type":"ListItem","position":3,"name":"Aura Saarikoski: Grey M\u00e9lange"}]},{"@type":"WebSite","@id":"https:\/\/shop.hippolyte.fi\/en\/#website","url":"https:\/\/shop.hippolyte.fi\/en\/","name":"Online shop for photographic art","description":"Verkkokaupassa myyd\u00e4\u00e4n teoksia ja valokuvataidekirjoja. OTOS-tapahtuman aikana my\u00f6s tapahtuman teoksia.","potentialAction":[{"@type":"SearchAction","target":{"@type":"EntryPoint","urlTemplate":"https:\/\/shop.hippolyte.fi\/en\/?s={search_term_string}"},"query-input":{"@type":"PropertyValueSpecification","valueRequired":true,"valueName":"search_term_string"}}],"inLanguage":"en-US"}]}},"_links":{"self":[{"href":"https:\/\/shop.hippolyte.fi\/en\/wp-json\/wp\/v2\/product\/3769","targetHints":{"allow":["GET"]}}],"collection":[{"href":"https:\/\/shop.hippolyte.fi\/en\/wp-json\/wp\/v2\/product"}],"about":[{"href":"https:\/\/shop.hippolyte.fi\/en\/wp-json\/wp\/v2\/types\/product"}],"wp:featuredmedia":[{"embeddable":true,"href":"https:\/\/shop.hippolyte.fi\/en\/wp-json\/wp\/v2\/media\/3771"}],"wp:attachment":[{"href":"https:\/\/shop.hippolyte.fi\/en\/wp-json\/wp\/v2\/media?parent=3769"}],"wp:term":[{"taxonomy":"product_brand","embeddable":true,"href":"https:\/\/shop.hippolyte.fi\/en\/wp-json\/wp\/v2\/product_brand?post=3769"},{"taxonomy":"product_cat","embeddable":true,"href":"https:\/\/shop.hippolyte.fi\/en\/wp-json\/wp\/v2\/product_cat?post=3769"},{"taxonomy":"product_tag","embeddable":true,"href":"https:\/\/shop.hippolyte.fi\/en\/wp-json\/wp\/v2\/product_tag?post=3769"},{"taxonomy":"artists","embeddable":true,"href":"https:\/\/shop.hippolyte.fi\/en\/wp-json\/wp\/v2\/artists?post=3769"},{"taxonomy":"location","embeddable":true,"href":"https:\/\/shop.hippolyte.fi\/en\/wp-json\/wp\/v2\/location?post=3769"},{"taxonomy":"publisher","embeddable":true,"href":"https:\/\/shop.hippolyte.fi\/en\/wp-json\/wp\/v2\/publisher?post=3769"},{"taxonomy":"years","embeddable":true,"href":"https:\/\/shop.hippolyte.fi\/en\/wp-json\/wp\/v2\/years?post=3769"}],"curies":[{"name":"wp","href":"https:\/\/api.w.org\/{rel}","templated":true}]}}