{"id":3773,"date":"2024-04-05T16:14:55","date_gmt":"2024-04-05T13:14:55","guid":{"rendered":"https:\/\/shop.hippolyte.fi\/?post_type=product&#038;p=3773"},"modified":"2025-11-06T11:49:58","modified_gmt":"2025-11-06T09:49:58","slug":"aura-saarikoski-grey-melange-kopio","status":"publish","type":"product","link":"https:\/\/shop.hippolyte.fi\/en\/product\/aura-saarikoski-grey-melange-kopio\/","title":{"rendered":"Lorenzo &#8220;SerraGlia&#8221; Servi: CONE WARS"},"content":{"rendered":"<p>Who would have thought that a simple cone-shaped marker could have such a rich and mysterious history?<\/p>\n<p>In the late 1930s, a lengthy legal battle occurred over the ownership of the traffic cone. Surprisingly, neither side won because the jury believed that cone-shaped markers already existed before.<\/p>\n<p>So, what kinds of cone-shaped artifacts existed before, and why?<\/p>\n<p>Halfway between an art project and a visual essay, this book delves into the history of cone-shaped objects, from ancient times to the modern era, blending reality and imagination.<\/p>\n<p>But &#8220;Cone Wars&#8221; goes beyond the world of traffic cones and aims to inspire us to stay vigilant in our surroundings: how can we critically observe and evaluate what we encounter every day?<\/p>\n","protected":false},"excerpt":{"rendered":"<p>Photographs and concepts: Lorenzo &#8220;SerraGlia&#8221; Servi &amp; Other Editions<br \/>\nGraphic design: Lorenzo &#8220;SerraGlia&#8221; Servi<br \/>\nTexts: Lorenzo &#8220;SerraGlia&#8221; Servi<br \/>\nProofreading: Henry Loveless<br \/>\nLanguage: English<br \/>\nPublisher: Other Editions<br \/>\nReleased: September 2023<br \/>\nEdition: 300<br \/>\nPrinting: K Print<br \/>\nISBN 978-952-65286-0-1<\/p>\n","protected":false},"featured_media":3779,"template":"","meta":{"_acf_changed":false},"product_brand":[],"product_cat":[45,409,454],"product_tag":[],"artists":[325],"location":[],"publisher":[446],"years":[434],"class_list":{"0":"post-3773","1":"product","2":"type-product","3":"status-publish","4":"has-post-thumbnail","6":"product_cat-bookshop","7":"product_cat-artist-books","8":"product_cat-photobook-awards","9":"product_shipping_class-posti-xxs-max-3-x-25-x-35-cm-2kg","10":"artists-servi-alias-serraglia-lorenzo","11":"publisher-other-editions","12":"years-434","14":"first","15":"instock","16":"taxable","17":"shipping-taxable","18":"purchasable","19":"product-type-simple"},"acf":[],"yoast_head":"<!-- This site is optimized with the Yoast SEO plugin v26.0 - https:\/\/yoast.com\/wordpress\/plugins\/seo\/ -->\n<title>Lorenzo &quot;SerraGlia&quot; Servi: CONE WARS - Online shop for photographic art<\/title>\n<meta name=\"robots\" content=\"index, follow, max-snippet:-1, max-image-preview:large, max-video-preview:-1\" \/>\n<link rel=\"canonical\" href=\"https:\/\/shop.hippolyte.fi\/en\/product\/aura-saarikoski-grey-melange-kopio\/\" \/>\n<meta property=\"og:locale\" content=\"en_US\" \/>\n<meta property=\"og:type\" content=\"article\" \/>\n<meta property=\"og:title\" content=\"Lorenzo &quot;SerraGlia&quot; Servi: CONE WARS - Online shop for photographic art\" \/>\n<meta property=\"og:description\" content=\"Photographs and concepts: Lorenzo &quot;SerraGlia&quot; Servi &amp; Other Editions Graphic design: Lorenzo &quot;SerraGlia&quot; Servi Texts: Lorenzo &quot;SerraGlia&quot; Servi Proofreading: Henry Loveless Language: English Publisher: Other Editions Released: September 2023 Edition: 300 Printing: K Print ISBN 978-952-65286-0-1\" \/>\n<meta property=\"og:url\" content=\"https:\/\/shop.hippolyte.fi\/en\/product\/aura-saarikoski-grey-melange-kopio\/\" \/>\n<meta property=\"og:site_name\" content=\"Online shop for photographic art\" \/>\n<meta property=\"article:modified_time\" content=\"2025-11-06T09:49:58+00:00\" \/>\n<meta property=\"og:image\" content=\"https:\/\/shop.hippolyte.fi\/wp-content\/uploads\/2024\/04\/kp23serraglia-l8a4790.jpg\" \/>\n\t<meta property=\"og:image:width\" content=\"1024\" \/>\n\t<meta property=\"og:image:height\" content=\"683\" \/>\n\t<meta property=\"og:image:type\" content=\"image\/jpeg\" \/>\n<meta name=\"twitter:card\" content=\"summary_large_image\" \/>\n<meta name=\"twitter:label1\" content=\"Est. reading time\" \/>\n\t<meta name=\"twitter:data1\" content=\"1 minute\" \/>\n<script type=\"application\/ld+json\" class=\"yoast-schema-graph\">{\"@context\":\"https:\/\/schema.org\",\"@graph\":[{\"@type\":\"WebPage\",\"@id\":\"https:\/\/shop.hippolyte.fi\/en\/product\/aura-saarikoski-grey-melange-kopio\/\",\"url\":\"https:\/\/shop.hippolyte.fi\/en\/product\/aura-saarikoski-grey-melange-kopio\/\",\"name\":\"Lorenzo \\\"SerraGlia\\\" Servi: CONE WARS - Online shop for photographic art\",\"isPartOf\":{\"@id\":\"https:\/\/shop.hippolyte.fi\/en\/#website\"},\"primaryImageOfPage\":{\"@id\":\"https:\/\/shop.hippolyte.fi\/en\/product\/aura-saarikoski-grey-melange-kopio\/#primaryimage\"},\"image\":{\"@id\":\"https:\/\/shop.hippolyte.fi\/en\/product\/aura-saarikoski-grey-melange-kopio\/#primaryimage\"},\"thumbnailUrl\":\"https:\/\/shop.hippolyte.fi\/wp-content\/uploads\/2024\/04\/kp23serraglia-l8a4790.jpg\",\"datePublished\":\"2024-04-05T13:14:55+00:00\",\"dateModified\":\"2025-11-06T09:49:58+00:00\",\"breadcrumb\":{\"@id\":\"https:\/\/shop.hippolyte.fi\/en\/product\/aura-saarikoski-grey-melange-kopio\/#breadcrumb\"},\"inLanguage\":\"en-US\",\"potentialAction\":[{\"@type\":\"ReadAction\",\"target\":[\"https:\/\/shop.hippolyte.fi\/en\/product\/aura-saarikoski-grey-melange-kopio\/\"]}]},{\"@type\":\"ImageObject\",\"inLanguage\":\"en-US\",\"@id\":\"https:\/\/shop.hippolyte.fi\/en\/product\/aura-saarikoski-grey-melange-kopio\/#primaryimage\",\"url\":\"https:\/\/shop.hippolyte.fi\/wp-content\/uploads\/2024\/04\/kp23serraglia-l8a4790.jpg\",\"contentUrl\":\"https:\/\/shop.hippolyte.fi\/wp-content\/uploads\/2024\/04\/kp23serraglia-l8a4790.jpg\",\"width\":1024,\"height\":683},{\"@type\":\"BreadcrumbList\",\"@id\":\"https:\/\/shop.hippolyte.fi\/en\/product\/aura-saarikoski-grey-melange-kopio\/#breadcrumb\",\"itemListElement\":[{\"@type\":\"ListItem\",\"position\":1,\"name\":\"Etusivu\",\"item\":\"https:\/\/shop.hippolyte.fi\/en\/\"},{\"@type\":\"ListItem\",\"position\":2,\"name\":\"Shop\",\"item\":\"https:\/\/shop.hippolyte.fi\/en\/shop\/\"},{\"@type\":\"ListItem\",\"position\":3,\"name\":\"Lorenzo &#8220;SerraGlia&#8221; Servi: CONE WARS\"}]},{\"@type\":\"WebSite\",\"@id\":\"https:\/\/shop.hippolyte.fi\/en\/#website\",\"url\":\"https:\/\/shop.hippolyte.fi\/en\/\",\"name\":\"Online shop for photographic art\",\"description\":\"Verkkokaupassa myyd\u00e4\u00e4n teoksia ja valokuvataidekirjoja. OTOS-tapahtuman aikana my\u00f6s tapahtuman teoksia.\",\"potentialAction\":[{\"@type\":\"SearchAction\",\"target\":{\"@type\":\"EntryPoint\",\"urlTemplate\":\"https:\/\/shop.hippolyte.fi\/en\/?s={search_term_string}\"},\"query-input\":{\"@type\":\"PropertyValueSpecification\",\"valueRequired\":true,\"valueName\":\"search_term_string\"}}],\"inLanguage\":\"en-US\"}]}<\/script>\n<!-- \/ Yoast SEO plugin. -->","yoast_head_json":{"title":"Lorenzo \"SerraGlia\" Servi: CONE WARS - Online shop for photographic art","robots":{"index":"index","follow":"follow","max-snippet":"max-snippet:-1","max-image-preview":"max-image-preview:large","max-video-preview":"max-video-preview:-1"},"canonical":"https:\/\/shop.hippolyte.fi\/en\/product\/aura-saarikoski-grey-melange-kopio\/","og_locale":"en_US","og_type":"article","og_title":"Lorenzo \"SerraGlia\" Servi: CONE WARS - Online shop for photographic art","og_description":"Photographs and concepts: Lorenzo \"SerraGlia\" Servi &amp; Other Editions Graphic design: Lorenzo \"SerraGlia\" Servi Texts: Lorenzo \"SerraGlia\" Servi Proofreading: Henry Loveless Language: English Publisher: Other Editions Released: September 2023 Edition: 300 Printing: K Print ISBN 978-952-65286-0-1","og_url":"https:\/\/shop.hippolyte.fi\/en\/product\/aura-saarikoski-grey-melange-kopio\/","og_site_name":"Online shop for photographic art","article_modified_time":"2025-11-06T09:49:58+00:00","og_image":[{"width":1024,"height":683,"url":"https:\/\/shop.hippolyte.fi\/wp-content\/uploads\/2024\/04\/kp23serraglia-l8a4790.jpg","type":"image\/jpeg"}],"twitter_card":"summary_large_image","twitter_misc":{"Est. reading time":"1 minute"},"schema":{"@context":"https:\/\/schema.org","@graph":[{"@type":"WebPage","@id":"https:\/\/shop.hippolyte.fi\/en\/product\/aura-saarikoski-grey-melange-kopio\/","url":"https:\/\/shop.hippolyte.fi\/en\/product\/aura-saarikoski-grey-melange-kopio\/","name":"Lorenzo \"SerraGlia\" Servi: CONE WARS - Online shop for photographic art","isPartOf":{"@id":"https:\/\/shop.hippolyte.fi\/en\/#website"},"primaryImageOfPage":{"@id":"https:\/\/shop.hippolyte.fi\/en\/product\/aura-saarikoski-grey-melange-kopio\/#primaryimage"},"image":{"@id":"https:\/\/shop.hippolyte.fi\/en\/product\/aura-saarikoski-grey-melange-kopio\/#primaryimage"},"thumbnailUrl":"https:\/\/shop.hippolyte.fi\/wp-content\/uploads\/2024\/04\/kp23serraglia-l8a4790.jpg","datePublished":"2024-04-05T13:14:55+00:00","dateModified":"2025-11-06T09:49:58+00:00","breadcrumb":{"@id":"https:\/\/shop.hippolyte.fi\/en\/product\/aura-saarikoski-grey-melange-kopio\/#breadcrumb"},"inLanguage":"en-US","potentialAction":[{"@type":"ReadAction","target":["https:\/\/shop.hippolyte.fi\/en\/product\/aura-saarikoski-grey-melange-kopio\/"]}]},{"@type":"ImageObject","inLanguage":"en-US","@id":"https:\/\/shop.hippolyte.fi\/en\/product\/aura-saarikoski-grey-melange-kopio\/#primaryimage","url":"https:\/\/shop.hippolyte.fi\/wp-content\/uploads\/2024\/04\/kp23serraglia-l8a4790.jpg","contentUrl":"https:\/\/shop.hippolyte.fi\/wp-content\/uploads\/2024\/04\/kp23serraglia-l8a4790.jpg","width":1024,"height":683},{"@type":"BreadcrumbList","@id":"https:\/\/shop.hippolyte.fi\/en\/product\/aura-saarikoski-grey-melange-kopio\/#breadcrumb","itemListElement":[{"@type":"ListItem","position":1,"name":"Etusivu","item":"https:\/\/shop.hippolyte.fi\/en\/"},{"@type":"ListItem","position":2,"name":"Shop","item":"https:\/\/shop.hippolyte.fi\/en\/shop\/"},{"@type":"ListItem","position":3,"name":"Lorenzo &#8220;SerraGlia&#8221; Servi: CONE WARS"}]},{"@type":"WebSite","@id":"https:\/\/shop.hippolyte.fi\/en\/#website","url":"https:\/\/shop.hippolyte.fi\/en\/","name":"Online shop for photographic art","description":"Verkkokaupassa myyd\u00e4\u00e4n teoksia ja valokuvataidekirjoja. OTOS-tapahtuman aikana my\u00f6s tapahtuman teoksia.","potentialAction":[{"@type":"SearchAction","target":{"@type":"EntryPoint","urlTemplate":"https:\/\/shop.hippolyte.fi\/en\/?s={search_term_string}"},"query-input":{"@type":"PropertyValueSpecification","valueRequired":true,"valueName":"search_term_string"}}],"inLanguage":"en-US"}]}},"_links":{"self":[{"href":"https:\/\/shop.hippolyte.fi\/en\/wp-json\/wp\/v2\/product\/3773","targetHints":{"allow":["GET"]}}],"collection":[{"href":"https:\/\/shop.hippolyte.fi\/en\/wp-json\/wp\/v2\/product"}],"about":[{"href":"https:\/\/shop.hippolyte.fi\/en\/wp-json\/wp\/v2\/types\/product"}],"wp:featuredmedia":[{"embeddable":true,"href":"https:\/\/shop.hippolyte.fi\/en\/wp-json\/wp\/v2\/media\/3779"}],"wp:attachment":[{"href":"https:\/\/shop.hippolyte.fi\/en\/wp-json\/wp\/v2\/media?parent=3773"}],"wp:term":[{"taxonomy":"product_brand","embeddable":true,"href":"https:\/\/shop.hippolyte.fi\/en\/wp-json\/wp\/v2\/product_brand?post=3773"},{"taxonomy":"product_cat","embeddable":true,"href":"https:\/\/shop.hippolyte.fi\/en\/wp-json\/wp\/v2\/product_cat?post=3773"},{"taxonomy":"product_tag","embeddable":true,"href":"https:\/\/shop.hippolyte.fi\/en\/wp-json\/wp\/v2\/product_tag?post=3773"},{"taxonomy":"artists","embeddable":true,"href":"https:\/\/shop.hippolyte.fi\/en\/wp-json\/wp\/v2\/artists?post=3773"},{"taxonomy":"location","embeddable":true,"href":"https:\/\/shop.hippolyte.fi\/en\/wp-json\/wp\/v2\/location?post=3773"},{"taxonomy":"publisher","embeddable":true,"href":"https:\/\/shop.hippolyte.fi\/en\/wp-json\/wp\/v2\/publisher?post=3773"},{"taxonomy":"years","embeddable":true,"href":"https:\/\/shop.hippolyte.fi\/en\/wp-json\/wp\/v2\/years?post=3773"}],"curies":[{"name":"wp","href":"https:\/\/api.w.org\/{rel}","templated":true}]}}