{"id":3781,"date":"2024-04-05T16:49:22","date_gmt":"2024-04-05T13:49:22","guid":{"rendered":"https:\/\/shop.hippolyte.fi\/?post_type=product&#038;p=3781"},"modified":"2025-11-06T11:49:58","modified_gmt":"2025-11-06T09:49:58","slug":"lorenzo-serraglia-servi-cone-wars-kopio","status":"publish","type":"product","link":"https:\/\/shop.hippolyte.fi\/en\/product\/lorenzo-serraglia-servi-cone-wars-kopio\/","title":{"rendered":"Milla Talassalo: 3"},"content":{"rendered":"<p>3 is a personal study of triplet sisterhood and identity.<\/p>\n<p>The book consists of two parts. The first part is about the artist\u2019s own sibling relationships: triplet sisterhood, identity, togetherness. In the book individuality and the artist\u2019s own identity in relation to her sibling counterparts are examined. The theme of being an observer and observed intertwines with the experience of selfhood. The images are simultaneously intimate and distant. Many of the images in the book address selfhood with self-portraits as well as with references to nature. The book also contemplates thematic of invisibility, the core question being \u00b4If alone, am I invisible? Who am I without my sisters?<\/p>\n<p>Continuing where the first part of the book left off, also the second part explores identity and selfhood. Loneliness and togetherness are present through the artist\u2019s personal experiences. The perspective shifts from her sisters, but also from other people. The series consists of self-portraits with her dog, which explore the relationship between human and animal, trust, and affection. The images for the second part were made during the COVID-19 lockdown in 2020.<\/p>\n<p>Both parts of the book reflect the importance of family connections and lifelong relationships.<\/p>\n","protected":false},"excerpt":{"rendered":"<p>Photographs: Milla Talassalo<br \/>\nGraphic design: Shani Armon<br \/>\nEditing and concept: Hannamari Shakya<br \/>\nTexts: Milla Talassalo<br \/>\nTranslations: Jari K\u00e4kel\u00e4<br \/>\nLanguage: Finnish, English<br \/>\nFilm image scanning and processing: Petri Kuokka<br \/>\nReprography: Sebastiaan Hanekroot \/ Colour and Books, Alankomaat<br \/>\nPublisher: Raw View Editions<br \/>\nReleased: April 2023<br \/>\nEdition: 300<br \/>\nPrinting: Wilco Art Books, Alankomaat<br \/>\nISBN 978-952-68876-4-7<\/p>\n","protected":false},"featured_media":3777,"template":"","meta":{"_acf_changed":false},"product_brand":[],"product_cat":[45,409,454],"product_tag":[],"artists":[392],"location":[],"publisher":[419],"years":[434],"class_list":{"0":"post-3781","1":"product","2":"type-product","3":"status-publish","4":"has-post-thumbnail","6":"product_cat-bookshop","7":"product_cat-artist-books","8":"product_cat-photobook-awards","9":"product_shipping_class-posti-xxs-max-3-x-25-x-35-cm-2kg","10":"artists-talassalo-milla","11":"publisher-raw-view-editions","12":"years-434","14":"first","15":"instock","16":"taxable","17":"shipping-taxable","18":"purchasable","19":"product-type-simple"},"acf":[],"yoast_head":"<!-- This site is optimized with the Yoast SEO plugin v26.0 - https:\/\/yoast.com\/wordpress\/plugins\/seo\/ -->\n<title>Milla Talassalo: 3 - Online shop for photographic art<\/title>\n<meta name=\"robots\" content=\"index, follow, max-snippet:-1, max-image-preview:large, max-video-preview:-1\" \/>\n<link rel=\"canonical\" href=\"https:\/\/shop.hippolyte.fi\/en\/product\/lorenzo-serraglia-servi-cone-wars-kopio\/\" \/>\n<meta property=\"og:locale\" content=\"en_US\" \/>\n<meta property=\"og:type\" content=\"article\" \/>\n<meta property=\"og:title\" content=\"Milla Talassalo: 3 - Online shop for photographic art\" \/>\n<meta property=\"og:description\" content=\"Photographs: Milla Talassalo Graphic design: Shani Armon Editing and concept: Hannamari Shakya Texts: Milla Talassalo Translations: Jari K\u00e4kel\u00e4 Language: Finnish, English Film image scanning and processing: Petri Kuokka Reprography: Sebastiaan Hanekroot \/ Colour and Books, Alankomaat Publisher: Raw View Editions Released: April 2023 Edition: 300 Printing: Wilco Art Books, Alankomaat ISBN 978-952-68876-4-7\" \/>\n<meta property=\"og:url\" content=\"https:\/\/shop.hippolyte.fi\/en\/product\/lorenzo-serraglia-servi-cone-wars-kopio\/\" \/>\n<meta property=\"og:site_name\" content=\"Online shop for photographic art\" \/>\n<meta property=\"article:modified_time\" content=\"2025-11-06T09:49:58+00:00\" \/>\n<meta property=\"og:image\" content=\"https:\/\/shop.hippolyte.fi\/wp-content\/uploads\/2024\/04\/kp23millatalassalo-l8a4788.jpg\" \/>\n\t<meta property=\"og:image:width\" content=\"1024\" \/>\n\t<meta property=\"og:image:height\" content=\"683\" \/>\n\t<meta property=\"og:image:type\" content=\"image\/jpeg\" \/>\n<meta name=\"twitter:card\" content=\"summary_large_image\" \/>\n<meta name=\"twitter:label1\" content=\"Est. reading time\" \/>\n\t<meta name=\"twitter:data1\" content=\"2 minutes\" \/>\n<script type=\"application\/ld+json\" class=\"yoast-schema-graph\">{\"@context\":\"https:\/\/schema.org\",\"@graph\":[{\"@type\":\"WebPage\",\"@id\":\"https:\/\/shop.hippolyte.fi\/en\/product\/lorenzo-serraglia-servi-cone-wars-kopio\/\",\"url\":\"https:\/\/shop.hippolyte.fi\/en\/product\/lorenzo-serraglia-servi-cone-wars-kopio\/\",\"name\":\"Milla Talassalo: 3 - Online shop for photographic art\",\"isPartOf\":{\"@id\":\"https:\/\/shop.hippolyte.fi\/en\/#website\"},\"primaryImageOfPage\":{\"@id\":\"https:\/\/shop.hippolyte.fi\/en\/product\/lorenzo-serraglia-servi-cone-wars-kopio\/#primaryimage\"},\"image\":{\"@id\":\"https:\/\/shop.hippolyte.fi\/en\/product\/lorenzo-serraglia-servi-cone-wars-kopio\/#primaryimage\"},\"thumbnailUrl\":\"https:\/\/shop.hippolyte.fi\/wp-content\/uploads\/2024\/04\/kp23millatalassalo-l8a4788.jpg\",\"datePublished\":\"2024-04-05T13:49:22+00:00\",\"dateModified\":\"2025-11-06T09:49:58+00:00\",\"breadcrumb\":{\"@id\":\"https:\/\/shop.hippolyte.fi\/en\/product\/lorenzo-serraglia-servi-cone-wars-kopio\/#breadcrumb\"},\"inLanguage\":\"en-US\",\"potentialAction\":[{\"@type\":\"ReadAction\",\"target\":[\"https:\/\/shop.hippolyte.fi\/en\/product\/lorenzo-serraglia-servi-cone-wars-kopio\/\"]}]},{\"@type\":\"ImageObject\",\"inLanguage\":\"en-US\",\"@id\":\"https:\/\/shop.hippolyte.fi\/en\/product\/lorenzo-serraglia-servi-cone-wars-kopio\/#primaryimage\",\"url\":\"https:\/\/shop.hippolyte.fi\/wp-content\/uploads\/2024\/04\/kp23millatalassalo-l8a4788.jpg\",\"contentUrl\":\"https:\/\/shop.hippolyte.fi\/wp-content\/uploads\/2024\/04\/kp23millatalassalo-l8a4788.jpg\",\"width\":1024,\"height\":683},{\"@type\":\"BreadcrumbList\",\"@id\":\"https:\/\/shop.hippolyte.fi\/en\/product\/lorenzo-serraglia-servi-cone-wars-kopio\/#breadcrumb\",\"itemListElement\":[{\"@type\":\"ListItem\",\"position\":1,\"name\":\"Etusivu\",\"item\":\"https:\/\/shop.hippolyte.fi\/en\/\"},{\"@type\":\"ListItem\",\"position\":2,\"name\":\"Shop\",\"item\":\"https:\/\/shop.hippolyte.fi\/en\/shop\/\"},{\"@type\":\"ListItem\",\"position\":3,\"name\":\"Milla Talassalo: 3\"}]},{\"@type\":\"WebSite\",\"@id\":\"https:\/\/shop.hippolyte.fi\/en\/#website\",\"url\":\"https:\/\/shop.hippolyte.fi\/en\/\",\"name\":\"Online shop for photographic art\",\"description\":\"Verkkokaupassa myyd\u00e4\u00e4n teoksia ja valokuvataidekirjoja. OTOS-tapahtuman aikana my\u00f6s tapahtuman teoksia.\",\"potentialAction\":[{\"@type\":\"SearchAction\",\"target\":{\"@type\":\"EntryPoint\",\"urlTemplate\":\"https:\/\/shop.hippolyte.fi\/en\/?s={search_term_string}\"},\"query-input\":{\"@type\":\"PropertyValueSpecification\",\"valueRequired\":true,\"valueName\":\"search_term_string\"}}],\"inLanguage\":\"en-US\"}]}<\/script>\n<!-- \/ Yoast SEO plugin. -->","yoast_head_json":{"title":"Milla Talassalo: 3 - Online shop for photographic art","robots":{"index":"index","follow":"follow","max-snippet":"max-snippet:-1","max-image-preview":"max-image-preview:large","max-video-preview":"max-video-preview:-1"},"canonical":"https:\/\/shop.hippolyte.fi\/en\/product\/lorenzo-serraglia-servi-cone-wars-kopio\/","og_locale":"en_US","og_type":"article","og_title":"Milla Talassalo: 3 - Online shop for photographic art","og_description":"Photographs: Milla Talassalo Graphic design: Shani Armon Editing and concept: Hannamari Shakya Texts: Milla Talassalo Translations: Jari K\u00e4kel\u00e4 Language: Finnish, English Film image scanning and processing: Petri Kuokka Reprography: Sebastiaan Hanekroot \/ Colour and Books, Alankomaat Publisher: Raw View Editions Released: April 2023 Edition: 300 Printing: Wilco Art Books, Alankomaat ISBN 978-952-68876-4-7","og_url":"https:\/\/shop.hippolyte.fi\/en\/product\/lorenzo-serraglia-servi-cone-wars-kopio\/","og_site_name":"Online shop for photographic art","article_modified_time":"2025-11-06T09:49:58+00:00","og_image":[{"width":1024,"height":683,"url":"https:\/\/shop.hippolyte.fi\/wp-content\/uploads\/2024\/04\/kp23millatalassalo-l8a4788.jpg","type":"image\/jpeg"}],"twitter_card":"summary_large_image","twitter_misc":{"Est. reading time":"2 minutes"},"schema":{"@context":"https:\/\/schema.org","@graph":[{"@type":"WebPage","@id":"https:\/\/shop.hippolyte.fi\/en\/product\/lorenzo-serraglia-servi-cone-wars-kopio\/","url":"https:\/\/shop.hippolyte.fi\/en\/product\/lorenzo-serraglia-servi-cone-wars-kopio\/","name":"Milla Talassalo: 3 - Online shop for photographic art","isPartOf":{"@id":"https:\/\/shop.hippolyte.fi\/en\/#website"},"primaryImageOfPage":{"@id":"https:\/\/shop.hippolyte.fi\/en\/product\/lorenzo-serraglia-servi-cone-wars-kopio\/#primaryimage"},"image":{"@id":"https:\/\/shop.hippolyte.fi\/en\/product\/lorenzo-serraglia-servi-cone-wars-kopio\/#primaryimage"},"thumbnailUrl":"https:\/\/shop.hippolyte.fi\/wp-content\/uploads\/2024\/04\/kp23millatalassalo-l8a4788.jpg","datePublished":"2024-04-05T13:49:22+00:00","dateModified":"2025-11-06T09:49:58+00:00","breadcrumb":{"@id":"https:\/\/shop.hippolyte.fi\/en\/product\/lorenzo-serraglia-servi-cone-wars-kopio\/#breadcrumb"},"inLanguage":"en-US","potentialAction":[{"@type":"ReadAction","target":["https:\/\/shop.hippolyte.fi\/en\/product\/lorenzo-serraglia-servi-cone-wars-kopio\/"]}]},{"@type":"ImageObject","inLanguage":"en-US","@id":"https:\/\/shop.hippolyte.fi\/en\/product\/lorenzo-serraglia-servi-cone-wars-kopio\/#primaryimage","url":"https:\/\/shop.hippolyte.fi\/wp-content\/uploads\/2024\/04\/kp23millatalassalo-l8a4788.jpg","contentUrl":"https:\/\/shop.hippolyte.fi\/wp-content\/uploads\/2024\/04\/kp23millatalassalo-l8a4788.jpg","width":1024,"height":683},{"@type":"BreadcrumbList","@id":"https:\/\/shop.hippolyte.fi\/en\/product\/lorenzo-serraglia-servi-cone-wars-kopio\/#breadcrumb","itemListElement":[{"@type":"ListItem","position":1,"name":"Etusivu","item":"https:\/\/shop.hippolyte.fi\/en\/"},{"@type":"ListItem","position":2,"name":"Shop","item":"https:\/\/shop.hippolyte.fi\/en\/shop\/"},{"@type":"ListItem","position":3,"name":"Milla Talassalo: 3"}]},{"@type":"WebSite","@id":"https:\/\/shop.hippolyte.fi\/en\/#website","url":"https:\/\/shop.hippolyte.fi\/en\/","name":"Online shop for photographic art","description":"Verkkokaupassa myyd\u00e4\u00e4n teoksia ja valokuvataidekirjoja. OTOS-tapahtuman aikana my\u00f6s tapahtuman teoksia.","potentialAction":[{"@type":"SearchAction","target":{"@type":"EntryPoint","urlTemplate":"https:\/\/shop.hippolyte.fi\/en\/?s={search_term_string}"},"query-input":{"@type":"PropertyValueSpecification","valueRequired":true,"valueName":"search_term_string"}}],"inLanguage":"en-US"}]}},"_links":{"self":[{"href":"https:\/\/shop.hippolyte.fi\/en\/wp-json\/wp\/v2\/product\/3781","targetHints":{"allow":["GET"]}}],"collection":[{"href":"https:\/\/shop.hippolyte.fi\/en\/wp-json\/wp\/v2\/product"}],"about":[{"href":"https:\/\/shop.hippolyte.fi\/en\/wp-json\/wp\/v2\/types\/product"}],"wp:featuredmedia":[{"embeddable":true,"href":"https:\/\/shop.hippolyte.fi\/en\/wp-json\/wp\/v2\/media\/3777"}],"wp:attachment":[{"href":"https:\/\/shop.hippolyte.fi\/en\/wp-json\/wp\/v2\/media?parent=3781"}],"wp:term":[{"taxonomy":"product_brand","embeddable":true,"href":"https:\/\/shop.hippolyte.fi\/en\/wp-json\/wp\/v2\/product_brand?post=3781"},{"taxonomy":"product_cat","embeddable":true,"href":"https:\/\/shop.hippolyte.fi\/en\/wp-json\/wp\/v2\/product_cat?post=3781"},{"taxonomy":"product_tag","embeddable":true,"href":"https:\/\/shop.hippolyte.fi\/en\/wp-json\/wp\/v2\/product_tag?post=3781"},{"taxonomy":"artists","embeddable":true,"href":"https:\/\/shop.hippolyte.fi\/en\/wp-json\/wp\/v2\/artists?post=3781"},{"taxonomy":"location","embeddable":true,"href":"https:\/\/shop.hippolyte.fi\/en\/wp-json\/wp\/v2\/location?post=3781"},{"taxonomy":"publisher","embeddable":true,"href":"https:\/\/shop.hippolyte.fi\/en\/wp-json\/wp\/v2\/publisher?post=3781"},{"taxonomy":"years","embeddable":true,"href":"https:\/\/shop.hippolyte.fi\/en\/wp-json\/wp\/v2\/years?post=3781"}],"curies":[{"name":"wp","href":"https:\/\/api.w.org\/{rel}","templated":true}]}}