{"id":3783,"date":"2024-04-05T17:31:51","date_gmt":"2024-04-05T14:31:51","guid":{"rendered":"https:\/\/shop.hippolyte.fi\/?post_type=product&#038;p=3783"},"modified":"2025-11-06T11:49:58","modified_gmt":"2025-11-06T09:49:58","slug":"milla-talassalo-3-kopio","status":"publish","type":"product","link":"https:\/\/shop.hippolyte.fi\/en\/product\/milla-talassalo-3-kopio\/","title":{"rendered":"Maija Tammi: Hulda\/Lilli"},"content":{"rendered":"<p>The book Hulda\/Lilli examines empathy through storytelling. The work is an inventive human experiment, which aims to draw out an emotional reaction and encourages readers to probe into the making of their feelings. The book can be read from both ends, or both beginnings, which offers two paths with different perspectives. One path depicts the story of a predator and the other of a prey. In the middle the paths and protagonists meet \u2013 who will you empathise with?<\/p>\n","protected":false},"excerpt":{"rendered":"<p>Photographs: Maija Tammi<br \/>\nGraphic design: Ville Tiet\u00e4v\u00e4inen ja Maija Tammi<br \/>\nTexts: Juhani Karila and Maija Tammi<br \/>\nLanguage: English<br \/>\nReprography: Asko Rokala<br \/>\nPublisher: Kult Books<br \/>\nReleased: March 2023<br \/>\nEdition: 300<br \/>\nPrinting: Tallinna Raamatutr\u00fckikoda, Estonia<br \/>\nISBN: 978-91-987606-6-8<\/p>\n","protected":false},"featured_media":3775,"template":"","meta":{"_acf_changed":false},"product_brand":[],"product_cat":[45,409,454],"product_tag":[],"artists":[323],"location":[],"publisher":[415],"years":[434],"class_list":{"0":"post-3783","1":"product","2":"type-product","3":"status-publish","4":"has-post-thumbnail","6":"product_cat-bookshop","7":"product_cat-artist-books","8":"product_cat-photobook-awards","9":"product_shipping_class-posti-xxs-max-3-x-25-x-35-cm-2kg","10":"artists-tammi-maija","11":"publisher-kult-books","12":"years-434","14":"first","15":"instock","16":"taxable","17":"shipping-taxable","18":"purchasable","19":"product-type-simple"},"acf":[],"yoast_head":"<!-- This site is optimized with the Yoast SEO plugin v26.0 - https:\/\/yoast.com\/wordpress\/plugins\/seo\/ -->\n<title>Maija Tammi: Hulda\/Lilli - Online shop for photographic art<\/title>\n<meta name=\"robots\" content=\"index, follow, max-snippet:-1, max-image-preview:large, max-video-preview:-1\" \/>\n<link rel=\"canonical\" href=\"https:\/\/shop.hippolyte.fi\/en\/product\/milla-talassalo-3-kopio\/\" \/>\n<meta property=\"og:locale\" content=\"en_US\" \/>\n<meta property=\"og:type\" content=\"article\" \/>\n<meta property=\"og:title\" content=\"Maija Tammi: Hulda\/Lilli - Online shop for photographic art\" \/>\n<meta property=\"og:description\" content=\"Photographs: Maija Tammi Graphic design: Ville Tiet\u00e4v\u00e4inen ja Maija Tammi Texts: Juhani Karila and Maija Tammi Language: English Reprography: Asko Rokala Publisher: Kult Books Released: March 2023 Edition: 300 Printing: Tallinna Raamatutr\u00fckikoda, Estonia ISBN: 978-91-987606-6-8\" \/>\n<meta property=\"og:url\" content=\"https:\/\/shop.hippolyte.fi\/en\/product\/milla-talassalo-3-kopio\/\" \/>\n<meta property=\"og:site_name\" content=\"Online shop for photographic art\" \/>\n<meta property=\"article:modified_time\" content=\"2025-11-06T09:49:58+00:00\" \/>\n<meta property=\"og:image\" content=\"https:\/\/shop.hippolyte.fi\/wp-content\/uploads\/2024\/04\/kp23maijatammi-l8a4770.jpg\" \/>\n\t<meta property=\"og:image:width\" content=\"1024\" \/>\n\t<meta property=\"og:image:height\" content=\"683\" \/>\n\t<meta property=\"og:image:type\" content=\"image\/jpeg\" \/>\n<meta name=\"twitter:card\" content=\"summary_large_image\" \/>\n<meta name=\"twitter:label1\" content=\"Est. reading time\" \/>\n\t<meta name=\"twitter:data1\" content=\"1 minute\" \/>\n<script type=\"application\/ld+json\" class=\"yoast-schema-graph\">{\"@context\":\"https:\/\/schema.org\",\"@graph\":[{\"@type\":\"WebPage\",\"@id\":\"https:\/\/shop.hippolyte.fi\/en\/product\/milla-talassalo-3-kopio\/\",\"url\":\"https:\/\/shop.hippolyte.fi\/en\/product\/milla-talassalo-3-kopio\/\",\"name\":\"Maija Tammi: Hulda\/Lilli - Online shop for photographic art\",\"isPartOf\":{\"@id\":\"https:\/\/shop.hippolyte.fi\/en\/#website\"},\"primaryImageOfPage\":{\"@id\":\"https:\/\/shop.hippolyte.fi\/en\/product\/milla-talassalo-3-kopio\/#primaryimage\"},\"image\":{\"@id\":\"https:\/\/shop.hippolyte.fi\/en\/product\/milla-talassalo-3-kopio\/#primaryimage\"},\"thumbnailUrl\":\"https:\/\/shop.hippolyte.fi\/wp-content\/uploads\/2024\/04\/kp23maijatammi-l8a4770.jpg\",\"datePublished\":\"2024-04-05T14:31:51+00:00\",\"dateModified\":\"2025-11-06T09:49:58+00:00\",\"breadcrumb\":{\"@id\":\"https:\/\/shop.hippolyte.fi\/en\/product\/milla-talassalo-3-kopio\/#breadcrumb\"},\"inLanguage\":\"en-US\",\"potentialAction\":[{\"@type\":\"ReadAction\",\"target\":[\"https:\/\/shop.hippolyte.fi\/en\/product\/milla-talassalo-3-kopio\/\"]}]},{\"@type\":\"ImageObject\",\"inLanguage\":\"en-US\",\"@id\":\"https:\/\/shop.hippolyte.fi\/en\/product\/milla-talassalo-3-kopio\/#primaryimage\",\"url\":\"https:\/\/shop.hippolyte.fi\/wp-content\/uploads\/2024\/04\/kp23maijatammi-l8a4770.jpg\",\"contentUrl\":\"https:\/\/shop.hippolyte.fi\/wp-content\/uploads\/2024\/04\/kp23maijatammi-l8a4770.jpg\",\"width\":1024,\"height\":683},{\"@type\":\"BreadcrumbList\",\"@id\":\"https:\/\/shop.hippolyte.fi\/en\/product\/milla-talassalo-3-kopio\/#breadcrumb\",\"itemListElement\":[{\"@type\":\"ListItem\",\"position\":1,\"name\":\"Etusivu\",\"item\":\"https:\/\/shop.hippolyte.fi\/en\/\"},{\"@type\":\"ListItem\",\"position\":2,\"name\":\"Shop\",\"item\":\"https:\/\/shop.hippolyte.fi\/en\/shop\/\"},{\"@type\":\"ListItem\",\"position\":3,\"name\":\"Maija Tammi: Hulda\/Lilli\"}]},{\"@type\":\"WebSite\",\"@id\":\"https:\/\/shop.hippolyte.fi\/en\/#website\",\"url\":\"https:\/\/shop.hippolyte.fi\/en\/\",\"name\":\"Online shop for photographic art\",\"description\":\"Verkkokaupassa myyd\u00e4\u00e4n teoksia ja valokuvataidekirjoja. OTOS-tapahtuman aikana my\u00f6s tapahtuman teoksia.\",\"potentialAction\":[{\"@type\":\"SearchAction\",\"target\":{\"@type\":\"EntryPoint\",\"urlTemplate\":\"https:\/\/shop.hippolyte.fi\/en\/?s={search_term_string}\"},\"query-input\":{\"@type\":\"PropertyValueSpecification\",\"valueRequired\":true,\"valueName\":\"search_term_string\"}}],\"inLanguage\":\"en-US\"}]}<\/script>\n<!-- \/ Yoast SEO plugin. -->","yoast_head_json":{"title":"Maija Tammi: Hulda\/Lilli - Online shop for photographic art","robots":{"index":"index","follow":"follow","max-snippet":"max-snippet:-1","max-image-preview":"max-image-preview:large","max-video-preview":"max-video-preview:-1"},"canonical":"https:\/\/shop.hippolyte.fi\/en\/product\/milla-talassalo-3-kopio\/","og_locale":"en_US","og_type":"article","og_title":"Maija Tammi: Hulda\/Lilli - Online shop for photographic art","og_description":"Photographs: Maija Tammi Graphic design: Ville Tiet\u00e4v\u00e4inen ja Maija Tammi Texts: Juhani Karila and Maija Tammi Language: English Reprography: Asko Rokala Publisher: Kult Books Released: March 2023 Edition: 300 Printing: Tallinna Raamatutr\u00fckikoda, Estonia ISBN: 978-91-987606-6-8","og_url":"https:\/\/shop.hippolyte.fi\/en\/product\/milla-talassalo-3-kopio\/","og_site_name":"Online shop for photographic art","article_modified_time":"2025-11-06T09:49:58+00:00","og_image":[{"width":1024,"height":683,"url":"https:\/\/shop.hippolyte.fi\/wp-content\/uploads\/2024\/04\/kp23maijatammi-l8a4770.jpg","type":"image\/jpeg"}],"twitter_card":"summary_large_image","twitter_misc":{"Est. reading time":"1 minute"},"schema":{"@context":"https:\/\/schema.org","@graph":[{"@type":"WebPage","@id":"https:\/\/shop.hippolyte.fi\/en\/product\/milla-talassalo-3-kopio\/","url":"https:\/\/shop.hippolyte.fi\/en\/product\/milla-talassalo-3-kopio\/","name":"Maija Tammi: Hulda\/Lilli - Online shop for photographic art","isPartOf":{"@id":"https:\/\/shop.hippolyte.fi\/en\/#website"},"primaryImageOfPage":{"@id":"https:\/\/shop.hippolyte.fi\/en\/product\/milla-talassalo-3-kopio\/#primaryimage"},"image":{"@id":"https:\/\/shop.hippolyte.fi\/en\/product\/milla-talassalo-3-kopio\/#primaryimage"},"thumbnailUrl":"https:\/\/shop.hippolyte.fi\/wp-content\/uploads\/2024\/04\/kp23maijatammi-l8a4770.jpg","datePublished":"2024-04-05T14:31:51+00:00","dateModified":"2025-11-06T09:49:58+00:00","breadcrumb":{"@id":"https:\/\/shop.hippolyte.fi\/en\/product\/milla-talassalo-3-kopio\/#breadcrumb"},"inLanguage":"en-US","potentialAction":[{"@type":"ReadAction","target":["https:\/\/shop.hippolyte.fi\/en\/product\/milla-talassalo-3-kopio\/"]}]},{"@type":"ImageObject","inLanguage":"en-US","@id":"https:\/\/shop.hippolyte.fi\/en\/product\/milla-talassalo-3-kopio\/#primaryimage","url":"https:\/\/shop.hippolyte.fi\/wp-content\/uploads\/2024\/04\/kp23maijatammi-l8a4770.jpg","contentUrl":"https:\/\/shop.hippolyte.fi\/wp-content\/uploads\/2024\/04\/kp23maijatammi-l8a4770.jpg","width":1024,"height":683},{"@type":"BreadcrumbList","@id":"https:\/\/shop.hippolyte.fi\/en\/product\/milla-talassalo-3-kopio\/#breadcrumb","itemListElement":[{"@type":"ListItem","position":1,"name":"Etusivu","item":"https:\/\/shop.hippolyte.fi\/en\/"},{"@type":"ListItem","position":2,"name":"Shop","item":"https:\/\/shop.hippolyte.fi\/en\/shop\/"},{"@type":"ListItem","position":3,"name":"Maija Tammi: Hulda\/Lilli"}]},{"@type":"WebSite","@id":"https:\/\/shop.hippolyte.fi\/en\/#website","url":"https:\/\/shop.hippolyte.fi\/en\/","name":"Online shop for photographic art","description":"Verkkokaupassa myyd\u00e4\u00e4n teoksia ja valokuvataidekirjoja. OTOS-tapahtuman aikana my\u00f6s tapahtuman teoksia.","potentialAction":[{"@type":"SearchAction","target":{"@type":"EntryPoint","urlTemplate":"https:\/\/shop.hippolyte.fi\/en\/?s={search_term_string}"},"query-input":{"@type":"PropertyValueSpecification","valueRequired":true,"valueName":"search_term_string"}}],"inLanguage":"en-US"}]}},"_links":{"self":[{"href":"https:\/\/shop.hippolyte.fi\/en\/wp-json\/wp\/v2\/product\/3783","targetHints":{"allow":["GET"]}}],"collection":[{"href":"https:\/\/shop.hippolyte.fi\/en\/wp-json\/wp\/v2\/product"}],"about":[{"href":"https:\/\/shop.hippolyte.fi\/en\/wp-json\/wp\/v2\/types\/product"}],"wp:featuredmedia":[{"embeddable":true,"href":"https:\/\/shop.hippolyte.fi\/en\/wp-json\/wp\/v2\/media\/3775"}],"wp:attachment":[{"href":"https:\/\/shop.hippolyte.fi\/en\/wp-json\/wp\/v2\/media?parent=3783"}],"wp:term":[{"taxonomy":"product_brand","embeddable":true,"href":"https:\/\/shop.hippolyte.fi\/en\/wp-json\/wp\/v2\/product_brand?post=3783"},{"taxonomy":"product_cat","embeddable":true,"href":"https:\/\/shop.hippolyte.fi\/en\/wp-json\/wp\/v2\/product_cat?post=3783"},{"taxonomy":"product_tag","embeddable":true,"href":"https:\/\/shop.hippolyte.fi\/en\/wp-json\/wp\/v2\/product_tag?post=3783"},{"taxonomy":"artists","embeddable":true,"href":"https:\/\/shop.hippolyte.fi\/en\/wp-json\/wp\/v2\/artists?post=3783"},{"taxonomy":"location","embeddable":true,"href":"https:\/\/shop.hippolyte.fi\/en\/wp-json\/wp\/v2\/location?post=3783"},{"taxonomy":"publisher","embeddable":true,"href":"https:\/\/shop.hippolyte.fi\/en\/wp-json\/wp\/v2\/publisher?post=3783"},{"taxonomy":"years","embeddable":true,"href":"https:\/\/shop.hippolyte.fi\/en\/wp-json\/wp\/v2\/years?post=3783"}],"curies":[{"name":"wp","href":"https:\/\/api.w.org\/{rel}","templated":true}]}}