{"id":4162,"date":"2024-11-13T11:39:40","date_gmt":"2024-11-13T09:39:40","guid":{"rendered":"https:\/\/shop.hippolyte.fi\/?post_type=product&#038;p=4162"},"modified":"2025-11-06T11:49:58","modified_gmt":"2025-11-06T09:49:58","slug":"sheung-yiu-everything-is-a-projection","status":"publish","type":"product","link":"https:\/\/shop.hippolyte.fi\/en\/product\/sheung-yiu-everything-is-a-projection\/","title":{"rendered":"Sheung Yiu: Everything Is a Projection"},"content":{"rendered":"<p>During the pandemic, Sheung Yiu (HK\/FI) started digitising everything on his desk at home, the inevitable confined space to which he was bound during quarantine. He created 3D models of a total of 81 objects and added texture details using a computer graphic technique known as projective texturing. This way, he transformed his physical desktop into a three-dimensional digital world.<\/p>\n<p>In 3D computer graphics, photographs are not the final product, but data to be extracted. Texture maps, normal maps and UV maps, created from photographic data, describe the reflective properties of an object in a virtual world. They instruct the rendering engine to calculate the correct pixel values to generate a scene that is photorealistic to the human eye.<\/p>\n<p>The digitisation of his desktop produced a dataset of digital objects that became an archaeological site of his everyday life. An intimate but also strangely generic space, unmoored from its fixed position, beyond the boundaries of the wall, distributed across time and space.<\/p>\n<p>Everything Is a Projection explores one of many visual systems that form the backbone of virtual reality and gaming, and exposes the inner mechanisms of computer graphics that increasingly shape our world. The book combines a vast collection of various maps and 3D objects, and includes an interview with Jaakko Lehtinen, head researcher at NVIDIA.<\/p>\n","protected":false},"excerpt":{"rendered":"<p>ISBN: 978-94-92051-94-3<br \/>\nPublisher: The Eriskay Connection<br \/>\nReleased: 2023<br \/>\nPhotography: Sheung Yiu<br \/>\nCopy Editing: Hanan Mahbouba<br \/>\nBook Design: Emery Norton<br \/>\nLanguage: English<br \/>\nPrinting and Binding: Wilco Art Books<br \/>\nPages: 304<br \/>\nEdition: 750<br \/>\nDimensions: 24 x 17 cm<\/p>\n","protected":false},"featured_media":4160,"template":"","meta":{"_acf_changed":false},"product_brand":[],"product_cat":[409],"product_tag":[],"artists":[],"location":[55],"publisher":[432],"years":[434],"class_list":{"0":"post-4162","1":"product","2":"type-product","3":"status-publish","4":"has-post-thumbnail","6":"product_cat-artist-books","7":"product_shipping_class-posti-xxs-max-3-x-25-x-35-cm-2kg","8":"location-photographic-gallery-hippolyte","9":"publisher-the-eriskay-connection","10":"years-434","12":"first","13":"instock","14":"taxable","15":"shipping-taxable","16":"purchasable","17":"product-type-simple"},"acf":[],"yoast_head":"<!-- This site is optimized with the Yoast SEO plugin v26.0 - https:\/\/yoast.com\/wordpress\/plugins\/seo\/ -->\n<title>Sheung Yiu: Everything Is a Projection - Online shop for photographic art<\/title>\n<meta name=\"robots\" content=\"index, follow, max-snippet:-1, max-image-preview:large, max-video-preview:-1\" \/>\n<link rel=\"canonical\" href=\"https:\/\/shop.hippolyte.fi\/en\/product\/sheung-yiu-everything-is-a-projection\/\" \/>\n<meta property=\"og:locale\" content=\"en_US\" \/>\n<meta property=\"og:type\" content=\"article\" \/>\n<meta property=\"og:title\" content=\"Sheung Yiu: Everything Is a Projection - Online shop for photographic art\" \/>\n<meta property=\"og:description\" content=\"ISBN: 978-94-92051-94-3 Publisher: The Eriskay Connection Released: 2023 Photography: Sheung Yiu Copy Editing: Hanan Mahbouba Book Design: Emery Norton Language: English Printing and Binding: Wilco Art Books Pages: 304 Edition: 750 Dimensions: 24 x 17 cm\" \/>\n<meta property=\"og:url\" content=\"https:\/\/shop.hippolyte.fi\/en\/product\/sheung-yiu-everything-is-a-projection\/\" \/>\n<meta property=\"og:site_name\" content=\"Online shop for photographic art\" \/>\n<meta property=\"article:modified_time\" content=\"2025-11-06T09:49:58+00:00\" \/>\n<meta property=\"og:image\" content=\"https:\/\/shop.hippolyte.fi\/wp-content\/uploads\/2024\/11\/yiu_everythingisaprojection.jpg\" \/>\n\t<meta property=\"og:image:width\" content=\"1200\" \/>\n\t<meta property=\"og:image:height\" content=\"1200\" \/>\n\t<meta property=\"og:image:type\" content=\"image\/jpeg\" \/>\n<meta name=\"twitter:card\" content=\"summary_large_image\" \/>\n<meta name=\"twitter:label1\" content=\"Est. reading time\" \/>\n\t<meta name=\"twitter:data1\" content=\"2 minutes\" \/>\n<script type=\"application\/ld+json\" class=\"yoast-schema-graph\">{\"@context\":\"https:\/\/schema.org\",\"@graph\":[{\"@type\":\"WebPage\",\"@id\":\"https:\/\/shop.hippolyte.fi\/en\/product\/sheung-yiu-everything-is-a-projection\/\",\"url\":\"https:\/\/shop.hippolyte.fi\/en\/product\/sheung-yiu-everything-is-a-projection\/\",\"name\":\"Sheung Yiu: Everything Is a Projection - Online shop for photographic art\",\"isPartOf\":{\"@id\":\"https:\/\/shop.hippolyte.fi\/en\/#website\"},\"primaryImageOfPage\":{\"@id\":\"https:\/\/shop.hippolyte.fi\/en\/product\/sheung-yiu-everything-is-a-projection\/#primaryimage\"},\"image\":{\"@id\":\"https:\/\/shop.hippolyte.fi\/en\/product\/sheung-yiu-everything-is-a-projection\/#primaryimage\"},\"thumbnailUrl\":\"https:\/\/shop.hippolyte.fi\/wp-content\/uploads\/2024\/11\/yiu_everythingisaprojection.jpg\",\"datePublished\":\"2024-11-13T09:39:40+00:00\",\"dateModified\":\"2025-11-06T09:49:58+00:00\",\"breadcrumb\":{\"@id\":\"https:\/\/shop.hippolyte.fi\/en\/product\/sheung-yiu-everything-is-a-projection\/#breadcrumb\"},\"inLanguage\":\"en-US\",\"potentialAction\":[{\"@type\":\"ReadAction\",\"target\":[\"https:\/\/shop.hippolyte.fi\/en\/product\/sheung-yiu-everything-is-a-projection\/\"]}]},{\"@type\":\"ImageObject\",\"inLanguage\":\"en-US\",\"@id\":\"https:\/\/shop.hippolyte.fi\/en\/product\/sheung-yiu-everything-is-a-projection\/#primaryimage\",\"url\":\"https:\/\/shop.hippolyte.fi\/wp-content\/uploads\/2024\/11\/yiu_everythingisaprojection.jpg\",\"contentUrl\":\"https:\/\/shop.hippolyte.fi\/wp-content\/uploads\/2024\/11\/yiu_everythingisaprojection.jpg\",\"width\":1200,\"height\":1200},{\"@type\":\"BreadcrumbList\",\"@id\":\"https:\/\/shop.hippolyte.fi\/en\/product\/sheung-yiu-everything-is-a-projection\/#breadcrumb\",\"itemListElement\":[{\"@type\":\"ListItem\",\"position\":1,\"name\":\"Etusivu\",\"item\":\"https:\/\/shop.hippolyte.fi\/en\/\"},{\"@type\":\"ListItem\",\"position\":2,\"name\":\"Shop\",\"item\":\"https:\/\/shop.hippolyte.fi\/en\/shop\/\"},{\"@type\":\"ListItem\",\"position\":3,\"name\":\"Sheung Yiu: Everything Is a Projection\"}]},{\"@type\":\"WebSite\",\"@id\":\"https:\/\/shop.hippolyte.fi\/en\/#website\",\"url\":\"https:\/\/shop.hippolyte.fi\/en\/\",\"name\":\"Online shop for photographic art\",\"description\":\"Verkkokaupassa myyd\u00e4\u00e4n teoksia ja valokuvataidekirjoja. OTOS-tapahtuman aikana my\u00f6s tapahtuman teoksia.\",\"potentialAction\":[{\"@type\":\"SearchAction\",\"target\":{\"@type\":\"EntryPoint\",\"urlTemplate\":\"https:\/\/shop.hippolyte.fi\/en\/?s={search_term_string}\"},\"query-input\":{\"@type\":\"PropertyValueSpecification\",\"valueRequired\":true,\"valueName\":\"search_term_string\"}}],\"inLanguage\":\"en-US\"}]}<\/script>\n<!-- \/ Yoast SEO plugin. -->","yoast_head_json":{"title":"Sheung Yiu: Everything Is a Projection - Online shop for photographic art","robots":{"index":"index","follow":"follow","max-snippet":"max-snippet:-1","max-image-preview":"max-image-preview:large","max-video-preview":"max-video-preview:-1"},"canonical":"https:\/\/shop.hippolyte.fi\/en\/product\/sheung-yiu-everything-is-a-projection\/","og_locale":"en_US","og_type":"article","og_title":"Sheung Yiu: Everything Is a Projection - Online shop for photographic art","og_description":"ISBN: 978-94-92051-94-3 Publisher: The Eriskay Connection Released: 2023 Photography: Sheung Yiu Copy Editing: Hanan Mahbouba Book Design: Emery Norton Language: English Printing and Binding: Wilco Art Books Pages: 304 Edition: 750 Dimensions: 24 x 17 cm","og_url":"https:\/\/shop.hippolyte.fi\/en\/product\/sheung-yiu-everything-is-a-projection\/","og_site_name":"Online shop for photographic art","article_modified_time":"2025-11-06T09:49:58+00:00","og_image":[{"width":1200,"height":1200,"url":"https:\/\/shop.hippolyte.fi\/wp-content\/uploads\/2024\/11\/yiu_everythingisaprojection.jpg","type":"image\/jpeg"}],"twitter_card":"summary_large_image","twitter_misc":{"Est. reading time":"2 minutes"},"schema":{"@context":"https:\/\/schema.org","@graph":[{"@type":"WebPage","@id":"https:\/\/shop.hippolyte.fi\/en\/product\/sheung-yiu-everything-is-a-projection\/","url":"https:\/\/shop.hippolyte.fi\/en\/product\/sheung-yiu-everything-is-a-projection\/","name":"Sheung Yiu: Everything Is a Projection - Online shop for photographic art","isPartOf":{"@id":"https:\/\/shop.hippolyte.fi\/en\/#website"},"primaryImageOfPage":{"@id":"https:\/\/shop.hippolyte.fi\/en\/product\/sheung-yiu-everything-is-a-projection\/#primaryimage"},"image":{"@id":"https:\/\/shop.hippolyte.fi\/en\/product\/sheung-yiu-everything-is-a-projection\/#primaryimage"},"thumbnailUrl":"https:\/\/shop.hippolyte.fi\/wp-content\/uploads\/2024\/11\/yiu_everythingisaprojection.jpg","datePublished":"2024-11-13T09:39:40+00:00","dateModified":"2025-11-06T09:49:58+00:00","breadcrumb":{"@id":"https:\/\/shop.hippolyte.fi\/en\/product\/sheung-yiu-everything-is-a-projection\/#breadcrumb"},"inLanguage":"en-US","potentialAction":[{"@type":"ReadAction","target":["https:\/\/shop.hippolyte.fi\/en\/product\/sheung-yiu-everything-is-a-projection\/"]}]},{"@type":"ImageObject","inLanguage":"en-US","@id":"https:\/\/shop.hippolyte.fi\/en\/product\/sheung-yiu-everything-is-a-projection\/#primaryimage","url":"https:\/\/shop.hippolyte.fi\/wp-content\/uploads\/2024\/11\/yiu_everythingisaprojection.jpg","contentUrl":"https:\/\/shop.hippolyte.fi\/wp-content\/uploads\/2024\/11\/yiu_everythingisaprojection.jpg","width":1200,"height":1200},{"@type":"BreadcrumbList","@id":"https:\/\/shop.hippolyte.fi\/en\/product\/sheung-yiu-everything-is-a-projection\/#breadcrumb","itemListElement":[{"@type":"ListItem","position":1,"name":"Etusivu","item":"https:\/\/shop.hippolyte.fi\/en\/"},{"@type":"ListItem","position":2,"name":"Shop","item":"https:\/\/shop.hippolyte.fi\/en\/shop\/"},{"@type":"ListItem","position":3,"name":"Sheung Yiu: Everything Is a Projection"}]},{"@type":"WebSite","@id":"https:\/\/shop.hippolyte.fi\/en\/#website","url":"https:\/\/shop.hippolyte.fi\/en\/","name":"Online shop for photographic art","description":"Verkkokaupassa myyd\u00e4\u00e4n teoksia ja valokuvataidekirjoja. OTOS-tapahtuman aikana my\u00f6s tapahtuman teoksia.","potentialAction":[{"@type":"SearchAction","target":{"@type":"EntryPoint","urlTemplate":"https:\/\/shop.hippolyte.fi\/en\/?s={search_term_string}"},"query-input":{"@type":"PropertyValueSpecification","valueRequired":true,"valueName":"search_term_string"}}],"inLanguage":"en-US"}]}},"_links":{"self":[{"href":"https:\/\/shop.hippolyte.fi\/en\/wp-json\/wp\/v2\/product\/4162","targetHints":{"allow":["GET"]}}],"collection":[{"href":"https:\/\/shop.hippolyte.fi\/en\/wp-json\/wp\/v2\/product"}],"about":[{"href":"https:\/\/shop.hippolyte.fi\/en\/wp-json\/wp\/v2\/types\/product"}],"wp:featuredmedia":[{"embeddable":true,"href":"https:\/\/shop.hippolyte.fi\/en\/wp-json\/wp\/v2\/media\/4160"}],"wp:attachment":[{"href":"https:\/\/shop.hippolyte.fi\/en\/wp-json\/wp\/v2\/media?parent=4162"}],"wp:term":[{"taxonomy":"product_brand","embeddable":true,"href":"https:\/\/shop.hippolyte.fi\/en\/wp-json\/wp\/v2\/product_brand?post=4162"},{"taxonomy":"product_cat","embeddable":true,"href":"https:\/\/shop.hippolyte.fi\/en\/wp-json\/wp\/v2\/product_cat?post=4162"},{"taxonomy":"product_tag","embeddable":true,"href":"https:\/\/shop.hippolyte.fi\/en\/wp-json\/wp\/v2\/product_tag?post=4162"},{"taxonomy":"artists","embeddable":true,"href":"https:\/\/shop.hippolyte.fi\/en\/wp-json\/wp\/v2\/artists?post=4162"},{"taxonomy":"location","embeddable":true,"href":"https:\/\/shop.hippolyte.fi\/en\/wp-json\/wp\/v2\/location?post=4162"},{"taxonomy":"publisher","embeddable":true,"href":"https:\/\/shop.hippolyte.fi\/en\/wp-json\/wp\/v2\/publisher?post=4162"},{"taxonomy":"years","embeddable":true,"href":"https:\/\/shop.hippolyte.fi\/en\/wp-json\/wp\/v2\/years?post=4162"}],"curies":[{"name":"wp","href":"https:\/\/api.w.org\/{rel}","templated":true}]}}