{"id":4166,"date":"2024-11-13T11:39:42","date_gmt":"2024-11-13T09:39:42","guid":{"rendered":"https:\/\/shop.hippolyte.fi\/?post_type=product&#038;p=4166"},"modified":"2025-11-06T11:49:58","modified_gmt":"2025-11-06T09:49:58","slug":"jari-silomaki-atlas-of-emotions","status":"publish","type":"product","link":"https:\/\/shop.hippolyte.fi\/en\/product\/jari-silomaki-atlas-of-emotions\/","title":{"rendered":"Jari Silom\u00e4ki: Atlas of Emotions"},"content":{"rendered":"<p>Atlas of Emotions is a record of worldwide events of the early twenty-first century told through the stories of social climbers, turning points in the lives of people posting anonymously on the internet, global politics, and two decades of the photographer\u2019s own personal life.<\/p>\n<p>Jari Silom\u00e4ki (b. 1975) is a Finnish photographer. He is a graduate of the Turku Arts Academy and Aalto University, School of Arts, Design and Architecture. His central<br \/>\nmethod of expression is narrative documentary photography, which intimately couples visual art with textual expression.<\/p>\n","protected":false},"excerpt":{"rendered":"<p>ISBN: 978-3-7757-5158-2<br \/>\nPublisher: Hatje Cantz<br \/>\nReleased: 2022<br \/>\nPhotography: Jari Silom\u00e4ki<br \/>\nTexts: Maria Faarinen, Saara Haclin,<br \/>\nPauliina Pasanen, Andrey Shabanov<br \/>\nGraphic Design: Juha Nenonen, Bigger<br \/>\nSplash<br \/>\nLanguage: English<br \/>\nTranslations: Kasper Salonen, Jaakko<br \/>\nKoskentola<br \/>\nPages: 240<br \/>\nDimensions: 29 x 21,2 cm<br \/>\nHardcover<\/p>\n","protected":false},"featured_media":4148,"template":"","meta":{"_acf_changed":false},"product_brand":[],"product_cat":[409],"product_tag":[],"artists":[],"location":[55],"publisher":[417],"years":[435],"class_list":{"0":"post-4166","1":"product","2":"type-product","3":"status-publish","4":"has-post-thumbnail","6":"product_cat-artist-books","7":"product_shipping_class-posti-xxs-max-3-x-25-x-35-cm-2kg","8":"location-photographic-gallery-hippolyte","9":"publisher-hatje-cantz","10":"years-435","12":"first","13":"instock","14":"taxable","15":"shipping-taxable","16":"purchasable","17":"product-type-simple"},"acf":[],"yoast_head":"<!-- This site is optimized with the Yoast SEO plugin v26.0 - https:\/\/yoast.com\/wordpress\/plugins\/seo\/ -->\n<title>Jari Silom\u00e4ki: Atlas of Emotions - Online shop for photographic art<\/title>\n<meta name=\"robots\" content=\"index, follow, max-snippet:-1, max-image-preview:large, max-video-preview:-1\" \/>\n<link rel=\"canonical\" href=\"https:\/\/shop.hippolyte.fi\/en\/product\/jari-silomaki-atlas-of-emotions\/\" \/>\n<meta property=\"og:locale\" content=\"en_US\" \/>\n<meta property=\"og:type\" content=\"article\" \/>\n<meta property=\"og:title\" content=\"Jari Silom\u00e4ki: Atlas of Emotions - Online shop for photographic art\" \/>\n<meta property=\"og:description\" content=\"ISBN: 978-3-7757-5158-2 Publisher: Hatje Cantz Released: 2022 Photography: Jari Silom\u00e4ki Texts: Maria Faarinen, Saara Haclin, Pauliina Pasanen, Andrey Shabanov Graphic Design: Juha Nenonen, Bigger Splash Language: English Translations: Kasper Salonen, Jaakko Koskentola Pages: 240 Dimensions: 29 x 21,2 cm Hardcover\" \/>\n<meta property=\"og:url\" content=\"https:\/\/shop.hippolyte.fi\/en\/product\/jari-silomaki-atlas-of-emotions\/\" \/>\n<meta property=\"og:site_name\" content=\"Online shop for photographic art\" \/>\n<meta property=\"article:modified_time\" content=\"2025-11-06T09:49:58+00:00\" \/>\n<meta property=\"og:image\" content=\"https:\/\/shop.hippolyte.fi\/wp-content\/uploads\/2024\/11\/silomaki_atlasofemotions.jpg\" \/>\n\t<meta property=\"og:image:width\" content=\"1200\" \/>\n\t<meta property=\"og:image:height\" content=\"1200\" \/>\n\t<meta property=\"og:image:type\" content=\"image\/jpeg\" \/>\n<meta name=\"twitter:card\" content=\"summary_large_image\" \/>\n<meta name=\"twitter:label1\" content=\"Est. reading time\" \/>\n\t<meta name=\"twitter:data1\" content=\"1 minute\" \/>\n<script type=\"application\/ld+json\" class=\"yoast-schema-graph\">{\"@context\":\"https:\/\/schema.org\",\"@graph\":[{\"@type\":\"WebPage\",\"@id\":\"https:\/\/shop.hippolyte.fi\/en\/product\/jari-silomaki-atlas-of-emotions\/\",\"url\":\"https:\/\/shop.hippolyte.fi\/en\/product\/jari-silomaki-atlas-of-emotions\/\",\"name\":\"Jari Silom\u00e4ki: Atlas of Emotions - Online shop for photographic art\",\"isPartOf\":{\"@id\":\"https:\/\/shop.hippolyte.fi\/en\/#website\"},\"primaryImageOfPage\":{\"@id\":\"https:\/\/shop.hippolyte.fi\/en\/product\/jari-silomaki-atlas-of-emotions\/#primaryimage\"},\"image\":{\"@id\":\"https:\/\/shop.hippolyte.fi\/en\/product\/jari-silomaki-atlas-of-emotions\/#primaryimage\"},\"thumbnailUrl\":\"https:\/\/shop.hippolyte.fi\/wp-content\/uploads\/2024\/11\/silomaki_atlasofemotions.jpg\",\"datePublished\":\"2024-11-13T09:39:42+00:00\",\"dateModified\":\"2025-11-06T09:49:58+00:00\",\"breadcrumb\":{\"@id\":\"https:\/\/shop.hippolyte.fi\/en\/product\/jari-silomaki-atlas-of-emotions\/#breadcrumb\"},\"inLanguage\":\"en-US\",\"potentialAction\":[{\"@type\":\"ReadAction\",\"target\":[\"https:\/\/shop.hippolyte.fi\/en\/product\/jari-silomaki-atlas-of-emotions\/\"]}]},{\"@type\":\"ImageObject\",\"inLanguage\":\"en-US\",\"@id\":\"https:\/\/shop.hippolyte.fi\/en\/product\/jari-silomaki-atlas-of-emotions\/#primaryimage\",\"url\":\"https:\/\/shop.hippolyte.fi\/wp-content\/uploads\/2024\/11\/silomaki_atlasofemotions.jpg\",\"contentUrl\":\"https:\/\/shop.hippolyte.fi\/wp-content\/uploads\/2024\/11\/silomaki_atlasofemotions.jpg\",\"width\":1200,\"height\":1200},{\"@type\":\"BreadcrumbList\",\"@id\":\"https:\/\/shop.hippolyte.fi\/en\/product\/jari-silomaki-atlas-of-emotions\/#breadcrumb\",\"itemListElement\":[{\"@type\":\"ListItem\",\"position\":1,\"name\":\"Etusivu\",\"item\":\"https:\/\/shop.hippolyte.fi\/en\/\"},{\"@type\":\"ListItem\",\"position\":2,\"name\":\"Shop\",\"item\":\"https:\/\/shop.hippolyte.fi\/en\/shop\/\"},{\"@type\":\"ListItem\",\"position\":3,\"name\":\"Jari Silom\u00e4ki: Atlas of Emotions\"}]},{\"@type\":\"WebSite\",\"@id\":\"https:\/\/shop.hippolyte.fi\/en\/#website\",\"url\":\"https:\/\/shop.hippolyte.fi\/en\/\",\"name\":\"Online shop for photographic art\",\"description\":\"Verkkokaupassa myyd\u00e4\u00e4n teoksia ja valokuvataidekirjoja. OTOS-tapahtuman aikana my\u00f6s tapahtuman teoksia.\",\"potentialAction\":[{\"@type\":\"SearchAction\",\"target\":{\"@type\":\"EntryPoint\",\"urlTemplate\":\"https:\/\/shop.hippolyte.fi\/en\/?s={search_term_string}\"},\"query-input\":{\"@type\":\"PropertyValueSpecification\",\"valueRequired\":true,\"valueName\":\"search_term_string\"}}],\"inLanguage\":\"en-US\"}]}<\/script>\n<!-- \/ Yoast SEO plugin. -->","yoast_head_json":{"title":"Jari Silom\u00e4ki: Atlas of Emotions - Online shop for photographic art","robots":{"index":"index","follow":"follow","max-snippet":"max-snippet:-1","max-image-preview":"max-image-preview:large","max-video-preview":"max-video-preview:-1"},"canonical":"https:\/\/shop.hippolyte.fi\/en\/product\/jari-silomaki-atlas-of-emotions\/","og_locale":"en_US","og_type":"article","og_title":"Jari Silom\u00e4ki: Atlas of Emotions - Online shop for photographic art","og_description":"ISBN: 978-3-7757-5158-2 Publisher: Hatje Cantz Released: 2022 Photography: Jari Silom\u00e4ki Texts: Maria Faarinen, Saara Haclin, Pauliina Pasanen, Andrey Shabanov Graphic Design: Juha Nenonen, Bigger Splash Language: English Translations: Kasper Salonen, Jaakko Koskentola Pages: 240 Dimensions: 29 x 21,2 cm Hardcover","og_url":"https:\/\/shop.hippolyte.fi\/en\/product\/jari-silomaki-atlas-of-emotions\/","og_site_name":"Online shop for photographic art","article_modified_time":"2025-11-06T09:49:58+00:00","og_image":[{"width":1200,"height":1200,"url":"https:\/\/shop.hippolyte.fi\/wp-content\/uploads\/2024\/11\/silomaki_atlasofemotions.jpg","type":"image\/jpeg"}],"twitter_card":"summary_large_image","twitter_misc":{"Est. reading time":"1 minute"},"schema":{"@context":"https:\/\/schema.org","@graph":[{"@type":"WebPage","@id":"https:\/\/shop.hippolyte.fi\/en\/product\/jari-silomaki-atlas-of-emotions\/","url":"https:\/\/shop.hippolyte.fi\/en\/product\/jari-silomaki-atlas-of-emotions\/","name":"Jari Silom\u00e4ki: Atlas of Emotions - Online shop for photographic art","isPartOf":{"@id":"https:\/\/shop.hippolyte.fi\/en\/#website"},"primaryImageOfPage":{"@id":"https:\/\/shop.hippolyte.fi\/en\/product\/jari-silomaki-atlas-of-emotions\/#primaryimage"},"image":{"@id":"https:\/\/shop.hippolyte.fi\/en\/product\/jari-silomaki-atlas-of-emotions\/#primaryimage"},"thumbnailUrl":"https:\/\/shop.hippolyte.fi\/wp-content\/uploads\/2024\/11\/silomaki_atlasofemotions.jpg","datePublished":"2024-11-13T09:39:42+00:00","dateModified":"2025-11-06T09:49:58+00:00","breadcrumb":{"@id":"https:\/\/shop.hippolyte.fi\/en\/product\/jari-silomaki-atlas-of-emotions\/#breadcrumb"},"inLanguage":"en-US","potentialAction":[{"@type":"ReadAction","target":["https:\/\/shop.hippolyte.fi\/en\/product\/jari-silomaki-atlas-of-emotions\/"]}]},{"@type":"ImageObject","inLanguage":"en-US","@id":"https:\/\/shop.hippolyte.fi\/en\/product\/jari-silomaki-atlas-of-emotions\/#primaryimage","url":"https:\/\/shop.hippolyte.fi\/wp-content\/uploads\/2024\/11\/silomaki_atlasofemotions.jpg","contentUrl":"https:\/\/shop.hippolyte.fi\/wp-content\/uploads\/2024\/11\/silomaki_atlasofemotions.jpg","width":1200,"height":1200},{"@type":"BreadcrumbList","@id":"https:\/\/shop.hippolyte.fi\/en\/product\/jari-silomaki-atlas-of-emotions\/#breadcrumb","itemListElement":[{"@type":"ListItem","position":1,"name":"Etusivu","item":"https:\/\/shop.hippolyte.fi\/en\/"},{"@type":"ListItem","position":2,"name":"Shop","item":"https:\/\/shop.hippolyte.fi\/en\/shop\/"},{"@type":"ListItem","position":3,"name":"Jari Silom\u00e4ki: Atlas of Emotions"}]},{"@type":"WebSite","@id":"https:\/\/shop.hippolyte.fi\/en\/#website","url":"https:\/\/shop.hippolyte.fi\/en\/","name":"Online shop for photographic art","description":"Verkkokaupassa myyd\u00e4\u00e4n teoksia ja valokuvataidekirjoja. OTOS-tapahtuman aikana my\u00f6s tapahtuman teoksia.","potentialAction":[{"@type":"SearchAction","target":{"@type":"EntryPoint","urlTemplate":"https:\/\/shop.hippolyte.fi\/en\/?s={search_term_string}"},"query-input":{"@type":"PropertyValueSpecification","valueRequired":true,"valueName":"search_term_string"}}],"inLanguage":"en-US"}]}},"_links":{"self":[{"href":"https:\/\/shop.hippolyte.fi\/en\/wp-json\/wp\/v2\/product\/4166","targetHints":{"allow":["GET"]}}],"collection":[{"href":"https:\/\/shop.hippolyte.fi\/en\/wp-json\/wp\/v2\/product"}],"about":[{"href":"https:\/\/shop.hippolyte.fi\/en\/wp-json\/wp\/v2\/types\/product"}],"wp:featuredmedia":[{"embeddable":true,"href":"https:\/\/shop.hippolyte.fi\/en\/wp-json\/wp\/v2\/media\/4148"}],"wp:attachment":[{"href":"https:\/\/shop.hippolyte.fi\/en\/wp-json\/wp\/v2\/media?parent=4166"}],"wp:term":[{"taxonomy":"product_brand","embeddable":true,"href":"https:\/\/shop.hippolyte.fi\/en\/wp-json\/wp\/v2\/product_brand?post=4166"},{"taxonomy":"product_cat","embeddable":true,"href":"https:\/\/shop.hippolyte.fi\/en\/wp-json\/wp\/v2\/product_cat?post=4166"},{"taxonomy":"product_tag","embeddable":true,"href":"https:\/\/shop.hippolyte.fi\/en\/wp-json\/wp\/v2\/product_tag?post=4166"},{"taxonomy":"artists","embeddable":true,"href":"https:\/\/shop.hippolyte.fi\/en\/wp-json\/wp\/v2\/artists?post=4166"},{"taxonomy":"location","embeddable":true,"href":"https:\/\/shop.hippolyte.fi\/en\/wp-json\/wp\/v2\/location?post=4166"},{"taxonomy":"publisher","embeddable":true,"href":"https:\/\/shop.hippolyte.fi\/en\/wp-json\/wp\/v2\/publisher?post=4166"},{"taxonomy":"years","embeddable":true,"href":"https:\/\/shop.hippolyte.fi\/en\/wp-json\/wp\/v2\/years?post=4166"}],"curies":[{"name":"wp","href":"https:\/\/api.w.org\/{rel}","templated":true}]}}