{"id":4170,"date":"2024-11-13T11:39:45","date_gmt":"2024-11-13T09:39:45","guid":{"rendered":"https:\/\/shop.hippolyte.fi\/?post_type=product&#038;p=4170"},"modified":"2025-11-06T11:49:58","modified_gmt":"2025-11-06T09:49:58","slug":"hannele-rantala-kari-soinio-laskoksia","status":"publish","type":"product","link":"https:\/\/shop.hippolyte.fi\/en\/product\/hannele-rantala-kari-soinio-laskoksia\/","title":{"rendered":"Hannele Rantala &amp; Kari Soinio: Laskoksia"},"content":{"rendered":"<p>The double artist-book Laskoksia (Foldings), featuring works by Kari Soinio and Hannele Rantala, explores themes of remembering and forgetting, change and loss. Different times and places fold into each other, with pictures carrying a memory or showing how they fade away.<\/p>\n<p>Surprising similarities emerge in the visual worlds of the two artists, illustrating the impact of time on both human bodies and built spaces, where paint peels off walls, and hair turns white. Death is depicted as a presence in life, sometimes distressing, yet occasionally beautiful.<\/p>\n","protected":false},"excerpt":{"rendered":"<p>Includes books Rantala, Hannele: Unen ja kuoleman rajalla ISBN 978-952-5818-53-6 and Soinio, Kari: Yksin\u00e4inen sankari ISBN 978-952-5818-54-3<br \/>\nPublisher: Musta Taide<br \/>\nReleased: 2024<br \/>\nGraphic Design: Jorma Hinkka,<br \/>\nGraafiset Neli\u00f6t Oy<br \/>\nPrinting: Helsinki Bofori<br \/>\nPages: 64 + 64<br \/>\nDimensions: 30 x 23 cm<br \/>\nDouble artist-book<\/p>\n","protected":false},"featured_media":4136,"template":"","meta":{"_acf_changed":false},"product_brand":[],"product_cat":[409],"product_tag":[],"artists":[],"location":[55],"publisher":[429],"years":[433],"class_list":{"0":"post-4170","1":"product","2":"type-product","3":"status-publish","4":"has-post-thumbnail","6":"product_cat-artist-books","7":"product_shipping_class-posti-xxs-max-3-x-25-x-35-cm-2kg","8":"location-photographic-gallery-hippolyte","9":"publisher-musta-taide","10":"years-433","12":"first","13":"instock","14":"taxable","15":"shipping-taxable","16":"purchasable","17":"product-type-simple"},"acf":[],"yoast_head":"<!-- This site is optimized with the Yoast SEO plugin v26.0 - https:\/\/yoast.com\/wordpress\/plugins\/seo\/ -->\n<title>Hannele Rantala &amp; Kari Soinio: Laskoksia - Online shop for photographic art<\/title>\n<meta name=\"robots\" content=\"index, follow, max-snippet:-1, max-image-preview:large, max-video-preview:-1\" \/>\n<link rel=\"canonical\" href=\"https:\/\/shop.hippolyte.fi\/en\/product\/hannele-rantala-kari-soinio-laskoksia\/\" \/>\n<meta property=\"og:locale\" content=\"en_US\" \/>\n<meta property=\"og:type\" content=\"article\" \/>\n<meta property=\"og:title\" content=\"Hannele Rantala &amp; Kari Soinio: Laskoksia - Online shop for photographic art\" \/>\n<meta property=\"og:description\" content=\"Includes books Rantala, Hannele: Unen ja kuoleman rajalla ISBN 978-952-5818-53-6 and Soinio, Kari: Yksin\u00e4inen sankari ISBN 978-952-5818-54-3 Publisher: Musta Taide Released: 2024 Graphic Design: Jorma Hinkka, Graafiset Neli\u00f6t Oy Printing: Helsinki Bofori Pages: 64 + 64 Dimensions: 30 x 23 cm Double artist-book\" \/>\n<meta property=\"og:url\" content=\"https:\/\/shop.hippolyte.fi\/en\/product\/hannele-rantala-kari-soinio-laskoksia\/\" \/>\n<meta property=\"og:site_name\" content=\"Online shop for photographic art\" \/>\n<meta property=\"article:modified_time\" content=\"2025-11-06T09:49:58+00:00\" \/>\n<meta property=\"og:image\" content=\"https:\/\/shop.hippolyte.fi\/wp-content\/uploads\/2024\/11\/laskoksia.jpg\" \/>\n\t<meta property=\"og:image:width\" content=\"1200\" \/>\n\t<meta property=\"og:image:height\" content=\"1200\" \/>\n\t<meta property=\"og:image:type\" content=\"image\/jpeg\" \/>\n<meta name=\"twitter:card\" content=\"summary_large_image\" \/>\n<meta name=\"twitter:label1\" content=\"Est. reading time\" \/>\n\t<meta name=\"twitter:data1\" content=\"1 minute\" \/>\n<script type=\"application\/ld+json\" class=\"yoast-schema-graph\">{\"@context\":\"https:\/\/schema.org\",\"@graph\":[{\"@type\":\"WebPage\",\"@id\":\"https:\/\/shop.hippolyte.fi\/en\/product\/hannele-rantala-kari-soinio-laskoksia\/\",\"url\":\"https:\/\/shop.hippolyte.fi\/en\/product\/hannele-rantala-kari-soinio-laskoksia\/\",\"name\":\"Hannele Rantala &amp; Kari Soinio: Laskoksia - Online shop for photographic art\",\"isPartOf\":{\"@id\":\"https:\/\/shop.hippolyte.fi\/en\/#website\"},\"primaryImageOfPage\":{\"@id\":\"https:\/\/shop.hippolyte.fi\/en\/product\/hannele-rantala-kari-soinio-laskoksia\/#primaryimage\"},\"image\":{\"@id\":\"https:\/\/shop.hippolyte.fi\/en\/product\/hannele-rantala-kari-soinio-laskoksia\/#primaryimage\"},\"thumbnailUrl\":\"https:\/\/shop.hippolyte.fi\/wp-content\/uploads\/2024\/11\/laskoksia.jpg\",\"datePublished\":\"2024-11-13T09:39:45+00:00\",\"dateModified\":\"2025-11-06T09:49:58+00:00\",\"breadcrumb\":{\"@id\":\"https:\/\/shop.hippolyte.fi\/en\/product\/hannele-rantala-kari-soinio-laskoksia\/#breadcrumb\"},\"inLanguage\":\"en-US\",\"potentialAction\":[{\"@type\":\"ReadAction\",\"target\":[\"https:\/\/shop.hippolyte.fi\/en\/product\/hannele-rantala-kari-soinio-laskoksia\/\"]}]},{\"@type\":\"ImageObject\",\"inLanguage\":\"en-US\",\"@id\":\"https:\/\/shop.hippolyte.fi\/en\/product\/hannele-rantala-kari-soinio-laskoksia\/#primaryimage\",\"url\":\"https:\/\/shop.hippolyte.fi\/wp-content\/uploads\/2024\/11\/laskoksia.jpg\",\"contentUrl\":\"https:\/\/shop.hippolyte.fi\/wp-content\/uploads\/2024\/11\/laskoksia.jpg\",\"width\":1200,\"height\":1200},{\"@type\":\"BreadcrumbList\",\"@id\":\"https:\/\/shop.hippolyte.fi\/en\/product\/hannele-rantala-kari-soinio-laskoksia\/#breadcrumb\",\"itemListElement\":[{\"@type\":\"ListItem\",\"position\":1,\"name\":\"Etusivu\",\"item\":\"https:\/\/shop.hippolyte.fi\/en\/\"},{\"@type\":\"ListItem\",\"position\":2,\"name\":\"Shop\",\"item\":\"https:\/\/shop.hippolyte.fi\/en\/shop\/\"},{\"@type\":\"ListItem\",\"position\":3,\"name\":\"Hannele Rantala &amp; Kari Soinio: Laskoksia\"}]},{\"@type\":\"WebSite\",\"@id\":\"https:\/\/shop.hippolyte.fi\/en\/#website\",\"url\":\"https:\/\/shop.hippolyte.fi\/en\/\",\"name\":\"Online shop for photographic art\",\"description\":\"Verkkokaupassa myyd\u00e4\u00e4n teoksia ja valokuvataidekirjoja. OTOS-tapahtuman aikana my\u00f6s tapahtuman teoksia.\",\"potentialAction\":[{\"@type\":\"SearchAction\",\"target\":{\"@type\":\"EntryPoint\",\"urlTemplate\":\"https:\/\/shop.hippolyte.fi\/en\/?s={search_term_string}\"},\"query-input\":{\"@type\":\"PropertyValueSpecification\",\"valueRequired\":true,\"valueName\":\"search_term_string\"}}],\"inLanguage\":\"en-US\"}]}<\/script>\n<!-- \/ Yoast SEO plugin. -->","yoast_head_json":{"title":"Hannele Rantala &amp; Kari Soinio: Laskoksia - Online shop for photographic art","robots":{"index":"index","follow":"follow","max-snippet":"max-snippet:-1","max-image-preview":"max-image-preview:large","max-video-preview":"max-video-preview:-1"},"canonical":"https:\/\/shop.hippolyte.fi\/en\/product\/hannele-rantala-kari-soinio-laskoksia\/","og_locale":"en_US","og_type":"article","og_title":"Hannele Rantala &amp; Kari Soinio: Laskoksia - Online shop for photographic art","og_description":"Includes books Rantala, Hannele: Unen ja kuoleman rajalla ISBN 978-952-5818-53-6 and Soinio, Kari: Yksin\u00e4inen sankari ISBN 978-952-5818-54-3 Publisher: Musta Taide Released: 2024 Graphic Design: Jorma Hinkka, Graafiset Neli\u00f6t Oy Printing: Helsinki Bofori Pages: 64 + 64 Dimensions: 30 x 23 cm Double artist-book","og_url":"https:\/\/shop.hippolyte.fi\/en\/product\/hannele-rantala-kari-soinio-laskoksia\/","og_site_name":"Online shop for photographic art","article_modified_time":"2025-11-06T09:49:58+00:00","og_image":[{"width":1200,"height":1200,"url":"https:\/\/shop.hippolyte.fi\/wp-content\/uploads\/2024\/11\/laskoksia.jpg","type":"image\/jpeg"}],"twitter_card":"summary_large_image","twitter_misc":{"Est. reading time":"1 minute"},"schema":{"@context":"https:\/\/schema.org","@graph":[{"@type":"WebPage","@id":"https:\/\/shop.hippolyte.fi\/en\/product\/hannele-rantala-kari-soinio-laskoksia\/","url":"https:\/\/shop.hippolyte.fi\/en\/product\/hannele-rantala-kari-soinio-laskoksia\/","name":"Hannele Rantala &amp; Kari Soinio: Laskoksia - Online shop for photographic art","isPartOf":{"@id":"https:\/\/shop.hippolyte.fi\/en\/#website"},"primaryImageOfPage":{"@id":"https:\/\/shop.hippolyte.fi\/en\/product\/hannele-rantala-kari-soinio-laskoksia\/#primaryimage"},"image":{"@id":"https:\/\/shop.hippolyte.fi\/en\/product\/hannele-rantala-kari-soinio-laskoksia\/#primaryimage"},"thumbnailUrl":"https:\/\/shop.hippolyte.fi\/wp-content\/uploads\/2024\/11\/laskoksia.jpg","datePublished":"2024-11-13T09:39:45+00:00","dateModified":"2025-11-06T09:49:58+00:00","breadcrumb":{"@id":"https:\/\/shop.hippolyte.fi\/en\/product\/hannele-rantala-kari-soinio-laskoksia\/#breadcrumb"},"inLanguage":"en-US","potentialAction":[{"@type":"ReadAction","target":["https:\/\/shop.hippolyte.fi\/en\/product\/hannele-rantala-kari-soinio-laskoksia\/"]}]},{"@type":"ImageObject","inLanguage":"en-US","@id":"https:\/\/shop.hippolyte.fi\/en\/product\/hannele-rantala-kari-soinio-laskoksia\/#primaryimage","url":"https:\/\/shop.hippolyte.fi\/wp-content\/uploads\/2024\/11\/laskoksia.jpg","contentUrl":"https:\/\/shop.hippolyte.fi\/wp-content\/uploads\/2024\/11\/laskoksia.jpg","width":1200,"height":1200},{"@type":"BreadcrumbList","@id":"https:\/\/shop.hippolyte.fi\/en\/product\/hannele-rantala-kari-soinio-laskoksia\/#breadcrumb","itemListElement":[{"@type":"ListItem","position":1,"name":"Etusivu","item":"https:\/\/shop.hippolyte.fi\/en\/"},{"@type":"ListItem","position":2,"name":"Shop","item":"https:\/\/shop.hippolyte.fi\/en\/shop\/"},{"@type":"ListItem","position":3,"name":"Hannele Rantala &amp; Kari Soinio: Laskoksia"}]},{"@type":"WebSite","@id":"https:\/\/shop.hippolyte.fi\/en\/#website","url":"https:\/\/shop.hippolyte.fi\/en\/","name":"Online shop for photographic art","description":"Verkkokaupassa myyd\u00e4\u00e4n teoksia ja valokuvataidekirjoja. OTOS-tapahtuman aikana my\u00f6s tapahtuman teoksia.","potentialAction":[{"@type":"SearchAction","target":{"@type":"EntryPoint","urlTemplate":"https:\/\/shop.hippolyte.fi\/en\/?s={search_term_string}"},"query-input":{"@type":"PropertyValueSpecification","valueRequired":true,"valueName":"search_term_string"}}],"inLanguage":"en-US"}]}},"_links":{"self":[{"href":"https:\/\/shop.hippolyte.fi\/en\/wp-json\/wp\/v2\/product\/4170","targetHints":{"allow":["GET"]}}],"collection":[{"href":"https:\/\/shop.hippolyte.fi\/en\/wp-json\/wp\/v2\/product"}],"about":[{"href":"https:\/\/shop.hippolyte.fi\/en\/wp-json\/wp\/v2\/types\/product"}],"wp:featuredmedia":[{"embeddable":true,"href":"https:\/\/shop.hippolyte.fi\/en\/wp-json\/wp\/v2\/media\/4136"}],"wp:attachment":[{"href":"https:\/\/shop.hippolyte.fi\/en\/wp-json\/wp\/v2\/media?parent=4170"}],"wp:term":[{"taxonomy":"product_brand","embeddable":true,"href":"https:\/\/shop.hippolyte.fi\/en\/wp-json\/wp\/v2\/product_brand?post=4170"},{"taxonomy":"product_cat","embeddable":true,"href":"https:\/\/shop.hippolyte.fi\/en\/wp-json\/wp\/v2\/product_cat?post=4170"},{"taxonomy":"product_tag","embeddable":true,"href":"https:\/\/shop.hippolyte.fi\/en\/wp-json\/wp\/v2\/product_tag?post=4170"},{"taxonomy":"artists","embeddable":true,"href":"https:\/\/shop.hippolyte.fi\/en\/wp-json\/wp\/v2\/artists?post=4170"},{"taxonomy":"location","embeddable":true,"href":"https:\/\/shop.hippolyte.fi\/en\/wp-json\/wp\/v2\/location?post=4170"},{"taxonomy":"publisher","embeddable":true,"href":"https:\/\/shop.hippolyte.fi\/en\/wp-json\/wp\/v2\/publisher?post=4170"},{"taxonomy":"years","embeddable":true,"href":"https:\/\/shop.hippolyte.fi\/en\/wp-json\/wp\/v2\/years?post=4170"}],"curies":[{"name":"wp","href":"https:\/\/api.w.org\/{rel}","templated":true}]}}