{"id":4171,"date":"2024-11-13T11:39:46","date_gmt":"2024-11-13T09:39:46","guid":{"rendered":"https:\/\/shop.hippolyte.fi\/?post_type=product&#038;p=4171"},"modified":"2025-11-06T11:49:58","modified_gmt":"2025-11-06T09:49:58","slug":"ilmari-pylvanainen-elama-ei-ole-sarja-kohtauksia-sita-ei-voi-leikata-niin-kuin-elokuvaa","status":"publish","type":"product","link":"https:\/\/shop.hippolyte.fi\/en\/product\/ilmari-pylvanainen-elama-ei-ole-sarja-kohtauksia-sita-ei-voi-leikata-niin-kuin-elokuvaa\/","title":{"rendered":"Ilmari Pylv\u00e4n\u00e4inen: El\u00e4m\u00e4 ei ole sarja kohtauksia, sit\u00e4 ei voi leikata niin kuin elokuvaa"},"content":{"rendered":"<p>Valokuvakirjamuotoinen pienjulkaisu koostuu muistojen ja muistamisen visuaalisesta tulkinnasta liikkeen keskell\u00e4.<\/p>\n","protected":false},"excerpt":{"rendered":"<p>ISBN: 978-952-69700-9-7<br \/>\nPublisher: Utu Press<br \/>\nReleased: 2023<br \/>\nPhotography, editing and binding: Ilmari Pylv\u00e4n\u00e4inen<br \/>\nPrinting: Utu Press &#038; Vallilan Risopaja<br \/>\nEdition: 40<br \/>\nDimensions: 25 x 20 cm<\/p>\n","protected":false},"featured_media":4133,"template":"","meta":{"_acf_changed":false},"product_brand":[],"product_cat":[409],"product_tag":[],"artists":[],"location":[55],"publisher":[410],"years":[434],"class_list":{"0":"post-4171","1":"product","2":"type-product","3":"status-publish","4":"has-post-thumbnail","6":"product_cat-artist-books","7":"product_shipping_class-posti-xxs-max-3-x-25-x-35-cm-2kg","8":"location-photographic-gallery-hippolyte","9":"publisher-utu-press","10":"years-434","12":"first","13":"instock","14":"taxable","15":"shipping-taxable","16":"purchasable","17":"product-type-simple"},"acf":[],"yoast_head":"<!-- This site is optimized with the Yoast SEO plugin v26.0 - https:\/\/yoast.com\/wordpress\/plugins\/seo\/ -->\n<title>Ilmari Pylv\u00e4n\u00e4inen: El\u00e4m\u00e4 ei ole sarja kohtauksia, sit\u00e4 ei voi leikata niin kuin elokuvaa - Online shop for photographic art<\/title>\n<meta name=\"robots\" content=\"index, follow, max-snippet:-1, max-image-preview:large, max-video-preview:-1\" \/>\n<link rel=\"canonical\" href=\"https:\/\/shop.hippolyte.fi\/en\/product\/ilmari-pylvanainen-elama-ei-ole-sarja-kohtauksia-sita-ei-voi-leikata-niin-kuin-elokuvaa\/\" \/>\n<meta property=\"og:locale\" content=\"en_US\" \/>\n<meta property=\"og:type\" content=\"article\" \/>\n<meta property=\"og:title\" content=\"Ilmari Pylv\u00e4n\u00e4inen: El\u00e4m\u00e4 ei ole sarja kohtauksia, sit\u00e4 ei voi leikata niin kuin elokuvaa - Online shop for photographic art\" \/>\n<meta property=\"og:description\" content=\"ISBN: 978-952-69700-9-7 Publisher: Utu Press Released: 2023 Photography, editing and binding: Ilmari Pylv\u00e4n\u00e4inen Printing: Utu Press &amp; Vallilan Risopaja Edition: 40 Dimensions: 25 x 20 cm\" \/>\n<meta property=\"og:url\" content=\"https:\/\/shop.hippolyte.fi\/en\/product\/ilmari-pylvanainen-elama-ei-ole-sarja-kohtauksia-sita-ei-voi-leikata-niin-kuin-elokuvaa\/\" \/>\n<meta property=\"og:site_name\" content=\"Online shop for photographic art\" \/>\n<meta property=\"article:modified_time\" content=\"2025-11-06T09:49:58+00:00\" \/>\n<meta property=\"og:image\" content=\"https:\/\/shop.hippolyte.fi\/wp-content\/uploads\/2024\/11\/pylvanainen_elamaeiolesarja.jpg\" \/>\n\t<meta property=\"og:image:width\" content=\"1200\" \/>\n\t<meta property=\"og:image:height\" content=\"1200\" \/>\n\t<meta property=\"og:image:type\" content=\"image\/jpeg\" \/>\n<meta name=\"twitter:card\" content=\"summary_large_image\" \/>\n<script type=\"application\/ld+json\" class=\"yoast-schema-graph\">{\"@context\":\"https:\/\/schema.org\",\"@graph\":[{\"@type\":\"WebPage\",\"@id\":\"https:\/\/shop.hippolyte.fi\/en\/product\/ilmari-pylvanainen-elama-ei-ole-sarja-kohtauksia-sita-ei-voi-leikata-niin-kuin-elokuvaa\/\",\"url\":\"https:\/\/shop.hippolyte.fi\/en\/product\/ilmari-pylvanainen-elama-ei-ole-sarja-kohtauksia-sita-ei-voi-leikata-niin-kuin-elokuvaa\/\",\"name\":\"Ilmari Pylv\u00e4n\u00e4inen: El\u00e4m\u00e4 ei ole sarja kohtauksia, sit\u00e4 ei voi leikata niin kuin elokuvaa - Online shop for photographic art\",\"isPartOf\":{\"@id\":\"https:\/\/shop.hippolyte.fi\/en\/#website\"},\"primaryImageOfPage\":{\"@id\":\"https:\/\/shop.hippolyte.fi\/en\/product\/ilmari-pylvanainen-elama-ei-ole-sarja-kohtauksia-sita-ei-voi-leikata-niin-kuin-elokuvaa\/#primaryimage\"},\"image\":{\"@id\":\"https:\/\/shop.hippolyte.fi\/en\/product\/ilmari-pylvanainen-elama-ei-ole-sarja-kohtauksia-sita-ei-voi-leikata-niin-kuin-elokuvaa\/#primaryimage\"},\"thumbnailUrl\":\"https:\/\/shop.hippolyte.fi\/wp-content\/uploads\/2024\/11\/pylvanainen_elamaeiolesarja.jpg\",\"datePublished\":\"2024-11-13T09:39:46+00:00\",\"dateModified\":\"2025-11-06T09:49:58+00:00\",\"breadcrumb\":{\"@id\":\"https:\/\/shop.hippolyte.fi\/en\/product\/ilmari-pylvanainen-elama-ei-ole-sarja-kohtauksia-sita-ei-voi-leikata-niin-kuin-elokuvaa\/#breadcrumb\"},\"inLanguage\":\"en-US\",\"potentialAction\":[{\"@type\":\"ReadAction\",\"target\":[\"https:\/\/shop.hippolyte.fi\/en\/product\/ilmari-pylvanainen-elama-ei-ole-sarja-kohtauksia-sita-ei-voi-leikata-niin-kuin-elokuvaa\/\"]}]},{\"@type\":\"ImageObject\",\"inLanguage\":\"en-US\",\"@id\":\"https:\/\/shop.hippolyte.fi\/en\/product\/ilmari-pylvanainen-elama-ei-ole-sarja-kohtauksia-sita-ei-voi-leikata-niin-kuin-elokuvaa\/#primaryimage\",\"url\":\"https:\/\/shop.hippolyte.fi\/wp-content\/uploads\/2024\/11\/pylvanainen_elamaeiolesarja.jpg\",\"contentUrl\":\"https:\/\/shop.hippolyte.fi\/wp-content\/uploads\/2024\/11\/pylvanainen_elamaeiolesarja.jpg\",\"width\":1200,\"height\":1200},{\"@type\":\"BreadcrumbList\",\"@id\":\"https:\/\/shop.hippolyte.fi\/en\/product\/ilmari-pylvanainen-elama-ei-ole-sarja-kohtauksia-sita-ei-voi-leikata-niin-kuin-elokuvaa\/#breadcrumb\",\"itemListElement\":[{\"@type\":\"ListItem\",\"position\":1,\"name\":\"Etusivu\",\"item\":\"https:\/\/shop.hippolyte.fi\/en\/\"},{\"@type\":\"ListItem\",\"position\":2,\"name\":\"Shop\",\"item\":\"https:\/\/shop.hippolyte.fi\/en\/shop\/\"},{\"@type\":\"ListItem\",\"position\":3,\"name\":\"Ilmari Pylv\u00e4n\u00e4inen: El\u00e4m\u00e4 ei ole sarja kohtauksia, sit\u00e4 ei voi leikata niin kuin elokuvaa\"}]},{\"@type\":\"WebSite\",\"@id\":\"https:\/\/shop.hippolyte.fi\/en\/#website\",\"url\":\"https:\/\/shop.hippolyte.fi\/en\/\",\"name\":\"Online shop for photographic art\",\"description\":\"Verkkokaupassa myyd\u00e4\u00e4n teoksia ja valokuvataidekirjoja. OTOS-tapahtuman aikana my\u00f6s tapahtuman teoksia.\",\"potentialAction\":[{\"@type\":\"SearchAction\",\"target\":{\"@type\":\"EntryPoint\",\"urlTemplate\":\"https:\/\/shop.hippolyte.fi\/en\/?s={search_term_string}\"},\"query-input\":{\"@type\":\"PropertyValueSpecification\",\"valueRequired\":true,\"valueName\":\"search_term_string\"}}],\"inLanguage\":\"en-US\"}]}<\/script>\n<!-- \/ Yoast SEO plugin. -->","yoast_head_json":{"title":"Ilmari Pylv\u00e4n\u00e4inen: El\u00e4m\u00e4 ei ole sarja kohtauksia, sit\u00e4 ei voi leikata niin kuin elokuvaa - Online shop for photographic art","robots":{"index":"index","follow":"follow","max-snippet":"max-snippet:-1","max-image-preview":"max-image-preview:large","max-video-preview":"max-video-preview:-1"},"canonical":"https:\/\/shop.hippolyte.fi\/en\/product\/ilmari-pylvanainen-elama-ei-ole-sarja-kohtauksia-sita-ei-voi-leikata-niin-kuin-elokuvaa\/","og_locale":"en_US","og_type":"article","og_title":"Ilmari Pylv\u00e4n\u00e4inen: El\u00e4m\u00e4 ei ole sarja kohtauksia, sit\u00e4 ei voi leikata niin kuin elokuvaa - Online shop for photographic art","og_description":"ISBN: 978-952-69700-9-7 Publisher: Utu Press Released: 2023 Photography, editing and binding: Ilmari Pylv\u00e4n\u00e4inen Printing: Utu Press & Vallilan Risopaja Edition: 40 Dimensions: 25 x 20 cm","og_url":"https:\/\/shop.hippolyte.fi\/en\/product\/ilmari-pylvanainen-elama-ei-ole-sarja-kohtauksia-sita-ei-voi-leikata-niin-kuin-elokuvaa\/","og_site_name":"Online shop for photographic art","article_modified_time":"2025-11-06T09:49:58+00:00","og_image":[{"width":1200,"height":1200,"url":"https:\/\/shop.hippolyte.fi\/wp-content\/uploads\/2024\/11\/pylvanainen_elamaeiolesarja.jpg","type":"image\/jpeg"}],"twitter_card":"summary_large_image","schema":{"@context":"https:\/\/schema.org","@graph":[{"@type":"WebPage","@id":"https:\/\/shop.hippolyte.fi\/en\/product\/ilmari-pylvanainen-elama-ei-ole-sarja-kohtauksia-sita-ei-voi-leikata-niin-kuin-elokuvaa\/","url":"https:\/\/shop.hippolyte.fi\/en\/product\/ilmari-pylvanainen-elama-ei-ole-sarja-kohtauksia-sita-ei-voi-leikata-niin-kuin-elokuvaa\/","name":"Ilmari Pylv\u00e4n\u00e4inen: El\u00e4m\u00e4 ei ole sarja kohtauksia, sit\u00e4 ei voi leikata niin kuin elokuvaa - Online shop for photographic art","isPartOf":{"@id":"https:\/\/shop.hippolyte.fi\/en\/#website"},"primaryImageOfPage":{"@id":"https:\/\/shop.hippolyte.fi\/en\/product\/ilmari-pylvanainen-elama-ei-ole-sarja-kohtauksia-sita-ei-voi-leikata-niin-kuin-elokuvaa\/#primaryimage"},"image":{"@id":"https:\/\/shop.hippolyte.fi\/en\/product\/ilmari-pylvanainen-elama-ei-ole-sarja-kohtauksia-sita-ei-voi-leikata-niin-kuin-elokuvaa\/#primaryimage"},"thumbnailUrl":"https:\/\/shop.hippolyte.fi\/wp-content\/uploads\/2024\/11\/pylvanainen_elamaeiolesarja.jpg","datePublished":"2024-11-13T09:39:46+00:00","dateModified":"2025-11-06T09:49:58+00:00","breadcrumb":{"@id":"https:\/\/shop.hippolyte.fi\/en\/product\/ilmari-pylvanainen-elama-ei-ole-sarja-kohtauksia-sita-ei-voi-leikata-niin-kuin-elokuvaa\/#breadcrumb"},"inLanguage":"en-US","potentialAction":[{"@type":"ReadAction","target":["https:\/\/shop.hippolyte.fi\/en\/product\/ilmari-pylvanainen-elama-ei-ole-sarja-kohtauksia-sita-ei-voi-leikata-niin-kuin-elokuvaa\/"]}]},{"@type":"ImageObject","inLanguage":"en-US","@id":"https:\/\/shop.hippolyte.fi\/en\/product\/ilmari-pylvanainen-elama-ei-ole-sarja-kohtauksia-sita-ei-voi-leikata-niin-kuin-elokuvaa\/#primaryimage","url":"https:\/\/shop.hippolyte.fi\/wp-content\/uploads\/2024\/11\/pylvanainen_elamaeiolesarja.jpg","contentUrl":"https:\/\/shop.hippolyte.fi\/wp-content\/uploads\/2024\/11\/pylvanainen_elamaeiolesarja.jpg","width":1200,"height":1200},{"@type":"BreadcrumbList","@id":"https:\/\/shop.hippolyte.fi\/en\/product\/ilmari-pylvanainen-elama-ei-ole-sarja-kohtauksia-sita-ei-voi-leikata-niin-kuin-elokuvaa\/#breadcrumb","itemListElement":[{"@type":"ListItem","position":1,"name":"Etusivu","item":"https:\/\/shop.hippolyte.fi\/en\/"},{"@type":"ListItem","position":2,"name":"Shop","item":"https:\/\/shop.hippolyte.fi\/en\/shop\/"},{"@type":"ListItem","position":3,"name":"Ilmari Pylv\u00e4n\u00e4inen: El\u00e4m\u00e4 ei ole sarja kohtauksia, sit\u00e4 ei voi leikata niin kuin elokuvaa"}]},{"@type":"WebSite","@id":"https:\/\/shop.hippolyte.fi\/en\/#website","url":"https:\/\/shop.hippolyte.fi\/en\/","name":"Online shop for photographic art","description":"Verkkokaupassa myyd\u00e4\u00e4n teoksia ja valokuvataidekirjoja. OTOS-tapahtuman aikana my\u00f6s tapahtuman teoksia.","potentialAction":[{"@type":"SearchAction","target":{"@type":"EntryPoint","urlTemplate":"https:\/\/shop.hippolyte.fi\/en\/?s={search_term_string}"},"query-input":{"@type":"PropertyValueSpecification","valueRequired":true,"valueName":"search_term_string"}}],"inLanguage":"en-US"}]}},"_links":{"self":[{"href":"https:\/\/shop.hippolyte.fi\/en\/wp-json\/wp\/v2\/product\/4171","targetHints":{"allow":["GET"]}}],"collection":[{"href":"https:\/\/shop.hippolyte.fi\/en\/wp-json\/wp\/v2\/product"}],"about":[{"href":"https:\/\/shop.hippolyte.fi\/en\/wp-json\/wp\/v2\/types\/product"}],"wp:featuredmedia":[{"embeddable":true,"href":"https:\/\/shop.hippolyte.fi\/en\/wp-json\/wp\/v2\/media\/4133"}],"wp:attachment":[{"href":"https:\/\/shop.hippolyte.fi\/en\/wp-json\/wp\/v2\/media?parent=4171"}],"wp:term":[{"taxonomy":"product_brand","embeddable":true,"href":"https:\/\/shop.hippolyte.fi\/en\/wp-json\/wp\/v2\/product_brand?post=4171"},{"taxonomy":"product_cat","embeddable":true,"href":"https:\/\/shop.hippolyte.fi\/en\/wp-json\/wp\/v2\/product_cat?post=4171"},{"taxonomy":"product_tag","embeddable":true,"href":"https:\/\/shop.hippolyte.fi\/en\/wp-json\/wp\/v2\/product_tag?post=4171"},{"taxonomy":"artists","embeddable":true,"href":"https:\/\/shop.hippolyte.fi\/en\/wp-json\/wp\/v2\/artists?post=4171"},{"taxonomy":"location","embeddable":true,"href":"https:\/\/shop.hippolyte.fi\/en\/wp-json\/wp\/v2\/location?post=4171"},{"taxonomy":"publisher","embeddable":true,"href":"https:\/\/shop.hippolyte.fi\/en\/wp-json\/wp\/v2\/publisher?post=4171"},{"taxonomy":"years","embeddable":true,"href":"https:\/\/shop.hippolyte.fi\/en\/wp-json\/wp\/v2\/years?post=4171"}],"curies":[{"name":"wp","href":"https:\/\/api.w.org\/{rel}","templated":true}]}}