{"id":4172,"date":"2024-11-13T11:39:46","date_gmt":"2024-11-13T09:39:46","guid":{"rendered":"https:\/\/shop.hippolyte.fi\/?post_type=product&#038;p=4172"},"modified":"2025-11-06T11:49:58","modified_gmt":"2025-11-06T09:49:58","slug":"james-prevett-things-for-homes-homes-for-things","status":"publish","type":"product","link":"https:\/\/shop.hippolyte.fi\/en\/product\/james-prevett-things-for-homes-homes-for-things\/","title":{"rendered":"James Prevett: Things for Homes \/ Homes for Things"},"content":{"rendered":"<p>Can a sculpture survive in the home without being domesticated into just another object\u2014a door stop or something you hang your hat on? What are the civic duties we assign to sculpture today, in comparison<br \/>\nto the post-war nation-building and reassertion of civilisation?<\/p>\n<p>At the heart of Things for Homes \/ Homes for Things are conversations about our social relationship to objects and the spatial relations these depend on. Prevett\u2019s enquiry is intimate and gentle, occurring as it does on a domestic scale in the homes of people<br \/>\nwho don\u2019t own art, and perhaps have never cared for it that much before. Without the expectations and politics that grand publicness entails, it embraces instead the potential for social connection through making and giving of sculpture to strangers.<\/p>\n","protected":false},"excerpt":{"rendered":"<p>ISBN: 978-952-7258-17-0<br \/>\nPublisher: Rooftop Press &amp; TACO!<br \/>\nReleased: 2022<br \/>\nArtist: James Prevett<br \/>\nContributors: Annie May Demozay, Mat Jenner, Vilma<br \/>\nPimenoff, Jennifer Powel, Vidha Saumya, Eetu Viren<br \/>\nDesign: Tuukka Kaila<br \/>\nLanguage: English<br \/>\nPrinting and binding: KOPA, Liettua<br \/>\nPages: 96<br \/>\nEdition: 400<br \/>\nDimensions: 24 x 17 cm<\/p>\n","protected":false},"featured_media":4130,"template":"","meta":{"_acf_changed":false},"product_brand":[],"product_cat":[408,409],"product_tag":[],"artists":[],"location":[55],"publisher":[424],"years":[435],"class_list":{"0":"post-4172","1":"product","2":"type-product","3":"status-publish","4":"has-post-thumbnail","6":"product_cat-art-textbooks","7":"product_cat-artist-books","8":"product_shipping_class-posti-xxs-max-3-x-25-x-35-cm-2kg","9":"location-photographic-gallery-hippolyte","10":"publisher-rooftop-press","11":"years-435","13":"first","14":"instock","15":"taxable","16":"shipping-taxable","17":"purchasable","18":"product-type-simple"},"acf":[],"yoast_head":"<!-- This site is optimized with the Yoast SEO plugin v26.0 - https:\/\/yoast.com\/wordpress\/plugins\/seo\/ -->\n<title>James Prevett: Things for Homes \/ Homes for Things - Online shop for photographic art<\/title>\n<meta name=\"robots\" content=\"index, follow, max-snippet:-1, max-image-preview:large, max-video-preview:-1\" \/>\n<link rel=\"canonical\" href=\"https:\/\/shop.hippolyte.fi\/en\/product\/james-prevett-things-for-homes-homes-for-things\/\" \/>\n<meta property=\"og:locale\" content=\"en_US\" \/>\n<meta property=\"og:type\" content=\"article\" \/>\n<meta property=\"og:title\" content=\"James Prevett: Things for Homes \/ Homes for Things - Online shop for photographic art\" \/>\n<meta property=\"og:description\" content=\"ISBN: 978-952-7258-17-0 Publisher: Rooftop Press &amp; TACO! Released: 2022 Artist: James Prevett Contributors: Annie May Demozay, Mat Jenner, Vilma Pimenoff, Jennifer Powel, Vidha Saumya, Eetu Viren Design: Tuukka Kaila Language: English Printing and binding: KOPA, Liettua Pages: 96 Edition: 400 Dimensions: 24 x 17 cm\" \/>\n<meta property=\"og:url\" content=\"https:\/\/shop.hippolyte.fi\/en\/product\/james-prevett-things-for-homes-homes-for-things\/\" \/>\n<meta property=\"og:site_name\" content=\"Online shop for photographic art\" \/>\n<meta property=\"article:modified_time\" content=\"2025-11-06T09:49:58+00:00\" \/>\n<meta property=\"og:image\" content=\"https:\/\/shop.hippolyte.fi\/wp-content\/uploads\/2024\/11\/prevett_thingsforhomes.jpg\" \/>\n\t<meta property=\"og:image:width\" content=\"1200\" \/>\n\t<meta property=\"og:image:height\" content=\"1200\" \/>\n\t<meta property=\"og:image:type\" content=\"image\/jpeg\" \/>\n<meta name=\"twitter:card\" content=\"summary_large_image\" \/>\n<meta name=\"twitter:label1\" content=\"Est. reading time\" \/>\n\t<meta name=\"twitter:data1\" content=\"1 minute\" \/>\n<script type=\"application\/ld+json\" class=\"yoast-schema-graph\">{\"@context\":\"https:\/\/schema.org\",\"@graph\":[{\"@type\":\"WebPage\",\"@id\":\"https:\/\/shop.hippolyte.fi\/en\/product\/james-prevett-things-for-homes-homes-for-things\/\",\"url\":\"https:\/\/shop.hippolyte.fi\/en\/product\/james-prevett-things-for-homes-homes-for-things\/\",\"name\":\"James Prevett: Things for Homes \/ Homes for Things - Online shop for photographic art\",\"isPartOf\":{\"@id\":\"https:\/\/shop.hippolyte.fi\/en\/#website\"},\"primaryImageOfPage\":{\"@id\":\"https:\/\/shop.hippolyte.fi\/en\/product\/james-prevett-things-for-homes-homes-for-things\/#primaryimage\"},\"image\":{\"@id\":\"https:\/\/shop.hippolyte.fi\/en\/product\/james-prevett-things-for-homes-homes-for-things\/#primaryimage\"},\"thumbnailUrl\":\"https:\/\/shop.hippolyte.fi\/wp-content\/uploads\/2024\/11\/prevett_thingsforhomes.jpg\",\"datePublished\":\"2024-11-13T09:39:46+00:00\",\"dateModified\":\"2025-11-06T09:49:58+00:00\",\"breadcrumb\":{\"@id\":\"https:\/\/shop.hippolyte.fi\/en\/product\/james-prevett-things-for-homes-homes-for-things\/#breadcrumb\"},\"inLanguage\":\"en-US\",\"potentialAction\":[{\"@type\":\"ReadAction\",\"target\":[\"https:\/\/shop.hippolyte.fi\/en\/product\/james-prevett-things-for-homes-homes-for-things\/\"]}]},{\"@type\":\"ImageObject\",\"inLanguage\":\"en-US\",\"@id\":\"https:\/\/shop.hippolyte.fi\/en\/product\/james-prevett-things-for-homes-homes-for-things\/#primaryimage\",\"url\":\"https:\/\/shop.hippolyte.fi\/wp-content\/uploads\/2024\/11\/prevett_thingsforhomes.jpg\",\"contentUrl\":\"https:\/\/shop.hippolyte.fi\/wp-content\/uploads\/2024\/11\/prevett_thingsforhomes.jpg\",\"width\":1200,\"height\":1200},{\"@type\":\"BreadcrumbList\",\"@id\":\"https:\/\/shop.hippolyte.fi\/en\/product\/james-prevett-things-for-homes-homes-for-things\/#breadcrumb\",\"itemListElement\":[{\"@type\":\"ListItem\",\"position\":1,\"name\":\"Etusivu\",\"item\":\"https:\/\/shop.hippolyte.fi\/en\/\"},{\"@type\":\"ListItem\",\"position\":2,\"name\":\"Shop\",\"item\":\"https:\/\/shop.hippolyte.fi\/en\/shop\/\"},{\"@type\":\"ListItem\",\"position\":3,\"name\":\"James Prevett: Things for Homes \/ Homes for Things\"}]},{\"@type\":\"WebSite\",\"@id\":\"https:\/\/shop.hippolyte.fi\/en\/#website\",\"url\":\"https:\/\/shop.hippolyte.fi\/en\/\",\"name\":\"Online shop for photographic art\",\"description\":\"Verkkokaupassa myyd\u00e4\u00e4n teoksia ja valokuvataidekirjoja. OTOS-tapahtuman aikana my\u00f6s tapahtuman teoksia.\",\"potentialAction\":[{\"@type\":\"SearchAction\",\"target\":{\"@type\":\"EntryPoint\",\"urlTemplate\":\"https:\/\/shop.hippolyte.fi\/en\/?s={search_term_string}\"},\"query-input\":{\"@type\":\"PropertyValueSpecification\",\"valueRequired\":true,\"valueName\":\"search_term_string\"}}],\"inLanguage\":\"en-US\"}]}<\/script>\n<!-- \/ Yoast SEO plugin. -->","yoast_head_json":{"title":"James Prevett: Things for Homes \/ Homes for Things - Online shop for photographic art","robots":{"index":"index","follow":"follow","max-snippet":"max-snippet:-1","max-image-preview":"max-image-preview:large","max-video-preview":"max-video-preview:-1"},"canonical":"https:\/\/shop.hippolyte.fi\/en\/product\/james-prevett-things-for-homes-homes-for-things\/","og_locale":"en_US","og_type":"article","og_title":"James Prevett: Things for Homes \/ Homes for Things - Online shop for photographic art","og_description":"ISBN: 978-952-7258-17-0 Publisher: Rooftop Press &amp; TACO! Released: 2022 Artist: James Prevett Contributors: Annie May Demozay, Mat Jenner, Vilma Pimenoff, Jennifer Powel, Vidha Saumya, Eetu Viren Design: Tuukka Kaila Language: English Printing and binding: KOPA, Liettua Pages: 96 Edition: 400 Dimensions: 24 x 17 cm","og_url":"https:\/\/shop.hippolyte.fi\/en\/product\/james-prevett-things-for-homes-homes-for-things\/","og_site_name":"Online shop for photographic art","article_modified_time":"2025-11-06T09:49:58+00:00","og_image":[{"width":1200,"height":1200,"url":"https:\/\/shop.hippolyte.fi\/wp-content\/uploads\/2024\/11\/prevett_thingsforhomes.jpg","type":"image\/jpeg"}],"twitter_card":"summary_large_image","twitter_misc":{"Est. reading time":"1 minute"},"schema":{"@context":"https:\/\/schema.org","@graph":[{"@type":"WebPage","@id":"https:\/\/shop.hippolyte.fi\/en\/product\/james-prevett-things-for-homes-homes-for-things\/","url":"https:\/\/shop.hippolyte.fi\/en\/product\/james-prevett-things-for-homes-homes-for-things\/","name":"James Prevett: Things for Homes \/ Homes for Things - Online shop for photographic art","isPartOf":{"@id":"https:\/\/shop.hippolyte.fi\/en\/#website"},"primaryImageOfPage":{"@id":"https:\/\/shop.hippolyte.fi\/en\/product\/james-prevett-things-for-homes-homes-for-things\/#primaryimage"},"image":{"@id":"https:\/\/shop.hippolyte.fi\/en\/product\/james-prevett-things-for-homes-homes-for-things\/#primaryimage"},"thumbnailUrl":"https:\/\/shop.hippolyte.fi\/wp-content\/uploads\/2024\/11\/prevett_thingsforhomes.jpg","datePublished":"2024-11-13T09:39:46+00:00","dateModified":"2025-11-06T09:49:58+00:00","breadcrumb":{"@id":"https:\/\/shop.hippolyte.fi\/en\/product\/james-prevett-things-for-homes-homes-for-things\/#breadcrumb"},"inLanguage":"en-US","potentialAction":[{"@type":"ReadAction","target":["https:\/\/shop.hippolyte.fi\/en\/product\/james-prevett-things-for-homes-homes-for-things\/"]}]},{"@type":"ImageObject","inLanguage":"en-US","@id":"https:\/\/shop.hippolyte.fi\/en\/product\/james-prevett-things-for-homes-homes-for-things\/#primaryimage","url":"https:\/\/shop.hippolyte.fi\/wp-content\/uploads\/2024\/11\/prevett_thingsforhomes.jpg","contentUrl":"https:\/\/shop.hippolyte.fi\/wp-content\/uploads\/2024\/11\/prevett_thingsforhomes.jpg","width":1200,"height":1200},{"@type":"BreadcrumbList","@id":"https:\/\/shop.hippolyte.fi\/en\/product\/james-prevett-things-for-homes-homes-for-things\/#breadcrumb","itemListElement":[{"@type":"ListItem","position":1,"name":"Etusivu","item":"https:\/\/shop.hippolyte.fi\/en\/"},{"@type":"ListItem","position":2,"name":"Shop","item":"https:\/\/shop.hippolyte.fi\/en\/shop\/"},{"@type":"ListItem","position":3,"name":"James Prevett: Things for Homes \/ Homes for Things"}]},{"@type":"WebSite","@id":"https:\/\/shop.hippolyte.fi\/en\/#website","url":"https:\/\/shop.hippolyte.fi\/en\/","name":"Online shop for photographic art","description":"Verkkokaupassa myyd\u00e4\u00e4n teoksia ja valokuvataidekirjoja. OTOS-tapahtuman aikana my\u00f6s tapahtuman teoksia.","potentialAction":[{"@type":"SearchAction","target":{"@type":"EntryPoint","urlTemplate":"https:\/\/shop.hippolyte.fi\/en\/?s={search_term_string}"},"query-input":{"@type":"PropertyValueSpecification","valueRequired":true,"valueName":"search_term_string"}}],"inLanguage":"en-US"}]}},"_links":{"self":[{"href":"https:\/\/shop.hippolyte.fi\/en\/wp-json\/wp\/v2\/product\/4172","targetHints":{"allow":["GET"]}}],"collection":[{"href":"https:\/\/shop.hippolyte.fi\/en\/wp-json\/wp\/v2\/product"}],"about":[{"href":"https:\/\/shop.hippolyte.fi\/en\/wp-json\/wp\/v2\/types\/product"}],"wp:featuredmedia":[{"embeddable":true,"href":"https:\/\/shop.hippolyte.fi\/en\/wp-json\/wp\/v2\/media\/4130"}],"wp:attachment":[{"href":"https:\/\/shop.hippolyte.fi\/en\/wp-json\/wp\/v2\/media?parent=4172"}],"wp:term":[{"taxonomy":"product_brand","embeddable":true,"href":"https:\/\/shop.hippolyte.fi\/en\/wp-json\/wp\/v2\/product_brand?post=4172"},{"taxonomy":"product_cat","embeddable":true,"href":"https:\/\/shop.hippolyte.fi\/en\/wp-json\/wp\/v2\/product_cat?post=4172"},{"taxonomy":"product_tag","embeddable":true,"href":"https:\/\/shop.hippolyte.fi\/en\/wp-json\/wp\/v2\/product_tag?post=4172"},{"taxonomy":"artists","embeddable":true,"href":"https:\/\/shop.hippolyte.fi\/en\/wp-json\/wp\/v2\/artists?post=4172"},{"taxonomy":"location","embeddable":true,"href":"https:\/\/shop.hippolyte.fi\/en\/wp-json\/wp\/v2\/location?post=4172"},{"taxonomy":"publisher","embeddable":true,"href":"https:\/\/shop.hippolyte.fi\/en\/wp-json\/wp\/v2\/publisher?post=4172"},{"taxonomy":"years","embeddable":true,"href":"https:\/\/shop.hippolyte.fi\/en\/wp-json\/wp\/v2\/years?post=4172"}],"curies":[{"name":"wp","href":"https:\/\/api.w.org\/{rel}","templated":true}]}}