{"id":4175,"date":"2024-11-13T11:39:48","date_gmt":"2024-11-13T09:39:48","guid":{"rendered":"https:\/\/shop.hippolyte.fi\/?post_type=product&#038;p=4175"},"modified":"2025-11-06T11:49:58","modified_gmt":"2025-11-06T09:49:58","slug":"maarit-mustonen-plural","status":"publish","type":"product","link":"https:\/\/shop.hippolyte.fi\/en\/product\/maarit-mustonen-plural\/","title":{"rendered":"Maarit Mustonen: Plural"},"content":{"rendered":"<p>Artist\u2019s book Plural contains excerpts derived from a gathering of nine individuals, all named Maarit Mustonen. The artist, Maarit Mustonen, orchestrated this specific meeting in Helsinki in 2016. The book documents this collective experience through fragments of thoughts.<\/p>\n<p>The text fragments are excerpts from interviews conducted in collaboration with linguists. In the long leporello book, the thoughts, memories and experiences of nine individuals sharing the same name converge and intermingle.<\/p>\n<p>This small-sized book can be read by holding it in one\u2019s hands or fully unfolded. On the reverse side of the text pages, a marbling pattern unfolds, capturing the trace of a lengthy and meandering movement.<\/p>\n<p>The book is a continuation of Mustonen&#8217;s work, which she presented in her exhibition Kuka (Who) at the Hippolyte Studio in 2017.<\/p>\n","protected":false},"excerpt":{"rendered":"<p>ISBN: 978-952-65122-1-1<br \/>\nPublisher: Multip\u00f6ly<br \/>\nReleased: 2023<br \/>\nInterviews: Elina Lasma, Emma Per\u00e4l\u00e4, Reita K\u00f6\u00f6pikk\u00e4<br \/>\nEnglish translations: Eve Lahikainen<br \/>\nGraphic Design: Pauliina Nyk\u00e4nen<br \/>\nLanguage: English<br \/>\nPrinting: Tallinn Raamatutr\u00fckikoda<br \/>\nBinding: Esko Salonen Master bookbinder<br \/>\nEdition: 200<\/p>\n","protected":false},"featured_media":4121,"template":"","meta":{"_acf_changed":false},"product_brand":[],"product_cat":[408,409],"product_tag":[],"artists":[],"location":[55],"publisher":[427],"years":[434],"class_list":{"0":"post-4175","1":"product","2":"type-product","3":"status-publish","4":"has-post-thumbnail","6":"product_cat-art-textbooks","7":"product_cat-artist-books","8":"product_shipping_class-posti-xxs-max-3-x-25-x-35-cm-2kg","9":"location-photographic-gallery-hippolyte","10":"publisher-multipoly","11":"years-434","13":"first","14":"instock","15":"taxable","16":"shipping-taxable","17":"purchasable","18":"product-type-simple"},"acf":[],"yoast_head":"<!-- This site is optimized with the Yoast SEO plugin v26.0 - https:\/\/yoast.com\/wordpress\/plugins\/seo\/ -->\n<title>Maarit Mustonen: Plural - Online shop for photographic art<\/title>\n<meta name=\"robots\" content=\"index, follow, max-snippet:-1, max-image-preview:large, max-video-preview:-1\" \/>\n<link rel=\"canonical\" href=\"https:\/\/shop.hippolyte.fi\/en\/product\/maarit-mustonen-plural\/\" \/>\n<meta property=\"og:locale\" content=\"en_US\" \/>\n<meta property=\"og:type\" content=\"article\" \/>\n<meta property=\"og:title\" content=\"Maarit Mustonen: Plural - Online shop for photographic art\" \/>\n<meta property=\"og:description\" content=\"ISBN: 978-952-65122-1-1 Publisher: Multip\u00f6ly Released: 2023 Interviews: Elina Lasma, Emma Per\u00e4l\u00e4, Reita K\u00f6\u00f6pikk\u00e4 English translations: Eve Lahikainen Graphic Design: Pauliina Nyk\u00e4nen Language: English Printing: Tallinn Raamatutr\u00fckikoda Binding: Esko Salonen Master bookbinder Edition: 200\" \/>\n<meta property=\"og:url\" content=\"https:\/\/shop.hippolyte.fi\/en\/product\/maarit-mustonen-plural\/\" \/>\n<meta property=\"og:site_name\" content=\"Online shop for photographic art\" \/>\n<meta property=\"article:modified_time\" content=\"2025-11-06T09:49:58+00:00\" \/>\n<meta property=\"og:image\" content=\"https:\/\/shop.hippolyte.fi\/wp-content\/uploads\/2024\/11\/mustonen_plural.jpg\" \/>\n\t<meta property=\"og:image:width\" content=\"1200\" \/>\n\t<meta property=\"og:image:height\" content=\"1200\" \/>\n\t<meta property=\"og:image:type\" content=\"image\/jpeg\" \/>\n<meta name=\"twitter:card\" content=\"summary_large_image\" \/>\n<meta name=\"twitter:label1\" content=\"Est. reading time\" \/>\n\t<meta name=\"twitter:data1\" content=\"1 minute\" \/>\n<script type=\"application\/ld+json\" class=\"yoast-schema-graph\">{\"@context\":\"https:\/\/schema.org\",\"@graph\":[{\"@type\":\"WebPage\",\"@id\":\"https:\/\/shop.hippolyte.fi\/en\/product\/maarit-mustonen-plural\/\",\"url\":\"https:\/\/shop.hippolyte.fi\/en\/product\/maarit-mustonen-plural\/\",\"name\":\"Maarit Mustonen: Plural - Online shop for photographic art\",\"isPartOf\":{\"@id\":\"https:\/\/shop.hippolyte.fi\/en\/#website\"},\"primaryImageOfPage\":{\"@id\":\"https:\/\/shop.hippolyte.fi\/en\/product\/maarit-mustonen-plural\/#primaryimage\"},\"image\":{\"@id\":\"https:\/\/shop.hippolyte.fi\/en\/product\/maarit-mustonen-plural\/#primaryimage\"},\"thumbnailUrl\":\"https:\/\/shop.hippolyte.fi\/wp-content\/uploads\/2024\/11\/mustonen_plural.jpg\",\"datePublished\":\"2024-11-13T09:39:48+00:00\",\"dateModified\":\"2025-11-06T09:49:58+00:00\",\"breadcrumb\":{\"@id\":\"https:\/\/shop.hippolyte.fi\/en\/product\/maarit-mustonen-plural\/#breadcrumb\"},\"inLanguage\":\"en-US\",\"potentialAction\":[{\"@type\":\"ReadAction\",\"target\":[\"https:\/\/shop.hippolyte.fi\/en\/product\/maarit-mustonen-plural\/\"]}]},{\"@type\":\"ImageObject\",\"inLanguage\":\"en-US\",\"@id\":\"https:\/\/shop.hippolyte.fi\/en\/product\/maarit-mustonen-plural\/#primaryimage\",\"url\":\"https:\/\/shop.hippolyte.fi\/wp-content\/uploads\/2024\/11\/mustonen_plural.jpg\",\"contentUrl\":\"https:\/\/shop.hippolyte.fi\/wp-content\/uploads\/2024\/11\/mustonen_plural.jpg\",\"width\":1200,\"height\":1200},{\"@type\":\"BreadcrumbList\",\"@id\":\"https:\/\/shop.hippolyte.fi\/en\/product\/maarit-mustonen-plural\/#breadcrumb\",\"itemListElement\":[{\"@type\":\"ListItem\",\"position\":1,\"name\":\"Etusivu\",\"item\":\"https:\/\/shop.hippolyte.fi\/en\/\"},{\"@type\":\"ListItem\",\"position\":2,\"name\":\"Shop\",\"item\":\"https:\/\/shop.hippolyte.fi\/en\/shop\/\"},{\"@type\":\"ListItem\",\"position\":3,\"name\":\"Maarit Mustonen: Plural\"}]},{\"@type\":\"WebSite\",\"@id\":\"https:\/\/shop.hippolyte.fi\/en\/#website\",\"url\":\"https:\/\/shop.hippolyte.fi\/en\/\",\"name\":\"Online shop for photographic art\",\"description\":\"Verkkokaupassa myyd\u00e4\u00e4n teoksia ja valokuvataidekirjoja. OTOS-tapahtuman aikana my\u00f6s tapahtuman teoksia.\",\"potentialAction\":[{\"@type\":\"SearchAction\",\"target\":{\"@type\":\"EntryPoint\",\"urlTemplate\":\"https:\/\/shop.hippolyte.fi\/en\/?s={search_term_string}\"},\"query-input\":{\"@type\":\"PropertyValueSpecification\",\"valueRequired\":true,\"valueName\":\"search_term_string\"}}],\"inLanguage\":\"en-US\"}]}<\/script>\n<!-- \/ Yoast SEO plugin. -->","yoast_head_json":{"title":"Maarit Mustonen: Plural - Online shop for photographic art","robots":{"index":"index","follow":"follow","max-snippet":"max-snippet:-1","max-image-preview":"max-image-preview:large","max-video-preview":"max-video-preview:-1"},"canonical":"https:\/\/shop.hippolyte.fi\/en\/product\/maarit-mustonen-plural\/","og_locale":"en_US","og_type":"article","og_title":"Maarit Mustonen: Plural - Online shop for photographic art","og_description":"ISBN: 978-952-65122-1-1 Publisher: Multip\u00f6ly Released: 2023 Interviews: Elina Lasma, Emma Per\u00e4l\u00e4, Reita K\u00f6\u00f6pikk\u00e4 English translations: Eve Lahikainen Graphic Design: Pauliina Nyk\u00e4nen Language: English Printing: Tallinn Raamatutr\u00fckikoda Binding: Esko Salonen Master bookbinder Edition: 200","og_url":"https:\/\/shop.hippolyte.fi\/en\/product\/maarit-mustonen-plural\/","og_site_name":"Online shop for photographic art","article_modified_time":"2025-11-06T09:49:58+00:00","og_image":[{"width":1200,"height":1200,"url":"https:\/\/shop.hippolyte.fi\/wp-content\/uploads\/2024\/11\/mustonen_plural.jpg","type":"image\/jpeg"}],"twitter_card":"summary_large_image","twitter_misc":{"Est. reading time":"1 minute"},"schema":{"@context":"https:\/\/schema.org","@graph":[{"@type":"WebPage","@id":"https:\/\/shop.hippolyte.fi\/en\/product\/maarit-mustonen-plural\/","url":"https:\/\/shop.hippolyte.fi\/en\/product\/maarit-mustonen-plural\/","name":"Maarit Mustonen: Plural - Online shop for photographic art","isPartOf":{"@id":"https:\/\/shop.hippolyte.fi\/en\/#website"},"primaryImageOfPage":{"@id":"https:\/\/shop.hippolyte.fi\/en\/product\/maarit-mustonen-plural\/#primaryimage"},"image":{"@id":"https:\/\/shop.hippolyte.fi\/en\/product\/maarit-mustonen-plural\/#primaryimage"},"thumbnailUrl":"https:\/\/shop.hippolyte.fi\/wp-content\/uploads\/2024\/11\/mustonen_plural.jpg","datePublished":"2024-11-13T09:39:48+00:00","dateModified":"2025-11-06T09:49:58+00:00","breadcrumb":{"@id":"https:\/\/shop.hippolyte.fi\/en\/product\/maarit-mustonen-plural\/#breadcrumb"},"inLanguage":"en-US","potentialAction":[{"@type":"ReadAction","target":["https:\/\/shop.hippolyte.fi\/en\/product\/maarit-mustonen-plural\/"]}]},{"@type":"ImageObject","inLanguage":"en-US","@id":"https:\/\/shop.hippolyte.fi\/en\/product\/maarit-mustonen-plural\/#primaryimage","url":"https:\/\/shop.hippolyte.fi\/wp-content\/uploads\/2024\/11\/mustonen_plural.jpg","contentUrl":"https:\/\/shop.hippolyte.fi\/wp-content\/uploads\/2024\/11\/mustonen_plural.jpg","width":1200,"height":1200},{"@type":"BreadcrumbList","@id":"https:\/\/shop.hippolyte.fi\/en\/product\/maarit-mustonen-plural\/#breadcrumb","itemListElement":[{"@type":"ListItem","position":1,"name":"Etusivu","item":"https:\/\/shop.hippolyte.fi\/en\/"},{"@type":"ListItem","position":2,"name":"Shop","item":"https:\/\/shop.hippolyte.fi\/en\/shop\/"},{"@type":"ListItem","position":3,"name":"Maarit Mustonen: Plural"}]},{"@type":"WebSite","@id":"https:\/\/shop.hippolyte.fi\/en\/#website","url":"https:\/\/shop.hippolyte.fi\/en\/","name":"Online shop for photographic art","description":"Verkkokaupassa myyd\u00e4\u00e4n teoksia ja valokuvataidekirjoja. OTOS-tapahtuman aikana my\u00f6s tapahtuman teoksia.","potentialAction":[{"@type":"SearchAction","target":{"@type":"EntryPoint","urlTemplate":"https:\/\/shop.hippolyte.fi\/en\/?s={search_term_string}"},"query-input":{"@type":"PropertyValueSpecification","valueRequired":true,"valueName":"search_term_string"}}],"inLanguage":"en-US"}]}},"_links":{"self":[{"href":"https:\/\/shop.hippolyte.fi\/en\/wp-json\/wp\/v2\/product\/4175","targetHints":{"allow":["GET"]}}],"collection":[{"href":"https:\/\/shop.hippolyte.fi\/en\/wp-json\/wp\/v2\/product"}],"about":[{"href":"https:\/\/shop.hippolyte.fi\/en\/wp-json\/wp\/v2\/types\/product"}],"wp:featuredmedia":[{"embeddable":true,"href":"https:\/\/shop.hippolyte.fi\/en\/wp-json\/wp\/v2\/media\/4121"}],"wp:attachment":[{"href":"https:\/\/shop.hippolyte.fi\/en\/wp-json\/wp\/v2\/media?parent=4175"}],"wp:term":[{"taxonomy":"product_brand","embeddable":true,"href":"https:\/\/shop.hippolyte.fi\/en\/wp-json\/wp\/v2\/product_brand?post=4175"},{"taxonomy":"product_cat","embeddable":true,"href":"https:\/\/shop.hippolyte.fi\/en\/wp-json\/wp\/v2\/product_cat?post=4175"},{"taxonomy":"product_tag","embeddable":true,"href":"https:\/\/shop.hippolyte.fi\/en\/wp-json\/wp\/v2\/product_tag?post=4175"},{"taxonomy":"artists","embeddable":true,"href":"https:\/\/shop.hippolyte.fi\/en\/wp-json\/wp\/v2\/artists?post=4175"},{"taxonomy":"location","embeddable":true,"href":"https:\/\/shop.hippolyte.fi\/en\/wp-json\/wp\/v2\/location?post=4175"},{"taxonomy":"publisher","embeddable":true,"href":"https:\/\/shop.hippolyte.fi\/en\/wp-json\/wp\/v2\/publisher?post=4175"},{"taxonomy":"years","embeddable":true,"href":"https:\/\/shop.hippolyte.fi\/en\/wp-json\/wp\/v2\/years?post=4175"}],"curies":[{"name":"wp","href":"https:\/\/api.w.org\/{rel}","templated":true}]}}