{"id":4176,"date":"2024-11-13T11:39:49","date_gmt":"2024-11-13T09:39:49","guid":{"rendered":"https:\/\/shop.hippolyte.fi\/?post_type=product&#038;p=4176"},"modified":"2025-11-06T11:49:58","modified_gmt":"2025-11-06T09:49:58","slug":"kimmo-metsaranta-notes-on-a-place","status":"publish","type":"product","link":"https:\/\/shop.hippolyte.fi\/en\/product\/kimmo-metsaranta-notes-on-a-place\/","title":{"rendered":"Kimmo Mets\u00e4ranta: Notes on a Place"},"content":{"rendered":"<p>Notes on a Place is a book focusing on the experiential nature of urban space. The pictures in the series are reconstructed observations of the photographers surroundings. They form an urban landscape that balances between surrealism and realism. In the series places become artificial, the everyday scene presents itself as an unusual, stage-like imitation of itself. Notes on a Place -book was selected among the Most Beautiful Books of 2023 by the Finnish Book Art Committee and was also shortlisted for the Rencontres d&#8217;Arles Book Award in 2024.<\/p>\n","protected":false},"excerpt":{"rendered":"<p>ISBN: 978-952-65243-0-6<br \/>\nPublisher: Khaos Publishing<br \/>\nReleased: 2023<br \/>\nPhotos: Kimmo Mets\u00e4ranta<br \/>\nEpilogue: Hanna Weselius<br \/>\nBook design: Janne H\u00e4nninen, Agency Leroy<br \/>\nTranslations: Minna Jeffery<br \/>\nReproduction: Petri Kuokka, Aarnipaja<br \/>\nPages: 112<br \/>\nEdition: 400<br \/>\nPrinting: Livonia Print, Latvia<br \/>\nDimensions: 30,5 x 25,5 cm<\/p>\n","protected":false},"featured_media":4118,"template":"","meta":{"_acf_changed":false},"product_brand":[],"product_cat":[409],"product_tag":[],"artists":[],"location":[55],"publisher":[426],"years":[434],"class_list":{"0":"post-4176","1":"product","2":"type-product","3":"status-publish","4":"has-post-thumbnail","6":"product_cat-artist-books","7":"product_shipping_class-posti-s-max-11-x-32-x-42-cm-25-kg","8":"location-photographic-gallery-hippolyte","9":"publisher-khaos-publishing","10":"years-434","12":"first","13":"instock","14":"taxable","15":"shipping-taxable","16":"purchasable","17":"product-type-simple"},"acf":[],"yoast_head":"<!-- This site is optimized with the Yoast SEO plugin v26.0 - https:\/\/yoast.com\/wordpress\/plugins\/seo\/ -->\n<title>Kimmo Mets\u00e4ranta: Notes on a Place - Online shop for photographic art<\/title>\n<meta name=\"robots\" content=\"index, follow, max-snippet:-1, max-image-preview:large, max-video-preview:-1\" \/>\n<link rel=\"canonical\" href=\"https:\/\/shop.hippolyte.fi\/en\/product\/kimmo-metsaranta-notes-on-a-place\/\" \/>\n<meta property=\"og:locale\" content=\"en_US\" \/>\n<meta property=\"og:type\" content=\"article\" \/>\n<meta property=\"og:title\" content=\"Kimmo Mets\u00e4ranta: Notes on a Place - Online shop for photographic art\" \/>\n<meta property=\"og:description\" content=\"ISBN: 978-952-65243-0-6 Publisher: Khaos Publishing Released: 2023 Photos: Kimmo Mets\u00e4ranta Epilogue: Hanna Weselius Book design: Janne H\u00e4nninen, Agency Leroy Translations: Minna Jeffery Reproduction: Petri Kuokka, Aarnipaja Pages: 112 Edition: 400 Printing: Livonia Print, Latvia Dimensions: 30,5 x 25,5 cm\" \/>\n<meta property=\"og:url\" content=\"https:\/\/shop.hippolyte.fi\/en\/product\/kimmo-metsaranta-notes-on-a-place\/\" \/>\n<meta property=\"og:site_name\" content=\"Online shop for photographic art\" \/>\n<meta property=\"article:modified_time\" content=\"2025-11-06T09:49:58+00:00\" \/>\n<meta property=\"og:image\" content=\"https:\/\/shop.hippolyte.fi\/wp-content\/uploads\/2024\/11\/metsaranta_notesonaplace.jpg\" \/>\n\t<meta property=\"og:image:width\" content=\"1200\" \/>\n\t<meta property=\"og:image:height\" content=\"1200\" \/>\n\t<meta property=\"og:image:type\" content=\"image\/jpeg\" \/>\n<meta name=\"twitter:card\" content=\"summary_large_image\" \/>\n<script type=\"application\/ld+json\" class=\"yoast-schema-graph\">{\"@context\":\"https:\/\/schema.org\",\"@graph\":[{\"@type\":\"WebPage\",\"@id\":\"https:\/\/shop.hippolyte.fi\/en\/product\/kimmo-metsaranta-notes-on-a-place\/\",\"url\":\"https:\/\/shop.hippolyte.fi\/en\/product\/kimmo-metsaranta-notes-on-a-place\/\",\"name\":\"Kimmo Mets\u00e4ranta: Notes on a Place - Online shop for photographic art\",\"isPartOf\":{\"@id\":\"https:\/\/shop.hippolyte.fi\/en\/#website\"},\"primaryImageOfPage\":{\"@id\":\"https:\/\/shop.hippolyte.fi\/en\/product\/kimmo-metsaranta-notes-on-a-place\/#primaryimage\"},\"image\":{\"@id\":\"https:\/\/shop.hippolyte.fi\/en\/product\/kimmo-metsaranta-notes-on-a-place\/#primaryimage\"},\"thumbnailUrl\":\"https:\/\/shop.hippolyte.fi\/wp-content\/uploads\/2024\/11\/metsaranta_notesonaplace.jpg\",\"datePublished\":\"2024-11-13T09:39:49+00:00\",\"dateModified\":\"2025-11-06T09:49:58+00:00\",\"breadcrumb\":{\"@id\":\"https:\/\/shop.hippolyte.fi\/en\/product\/kimmo-metsaranta-notes-on-a-place\/#breadcrumb\"},\"inLanguage\":\"en-US\",\"potentialAction\":[{\"@type\":\"ReadAction\",\"target\":[\"https:\/\/shop.hippolyte.fi\/en\/product\/kimmo-metsaranta-notes-on-a-place\/\"]}]},{\"@type\":\"ImageObject\",\"inLanguage\":\"en-US\",\"@id\":\"https:\/\/shop.hippolyte.fi\/en\/product\/kimmo-metsaranta-notes-on-a-place\/#primaryimage\",\"url\":\"https:\/\/shop.hippolyte.fi\/wp-content\/uploads\/2024\/11\/metsaranta_notesonaplace.jpg\",\"contentUrl\":\"https:\/\/shop.hippolyte.fi\/wp-content\/uploads\/2024\/11\/metsaranta_notesonaplace.jpg\",\"width\":1200,\"height\":1200},{\"@type\":\"BreadcrumbList\",\"@id\":\"https:\/\/shop.hippolyte.fi\/en\/product\/kimmo-metsaranta-notes-on-a-place\/#breadcrumb\",\"itemListElement\":[{\"@type\":\"ListItem\",\"position\":1,\"name\":\"Etusivu\",\"item\":\"https:\/\/shop.hippolyte.fi\/en\/\"},{\"@type\":\"ListItem\",\"position\":2,\"name\":\"Shop\",\"item\":\"https:\/\/shop.hippolyte.fi\/en\/shop\/\"},{\"@type\":\"ListItem\",\"position\":3,\"name\":\"Kimmo Mets\u00e4ranta: Notes on a Place\"}]},{\"@type\":\"WebSite\",\"@id\":\"https:\/\/shop.hippolyte.fi\/en\/#website\",\"url\":\"https:\/\/shop.hippolyte.fi\/en\/\",\"name\":\"Online shop for photographic art\",\"description\":\"Verkkokaupassa myyd\u00e4\u00e4n teoksia ja valokuvataidekirjoja. OTOS-tapahtuman aikana my\u00f6s tapahtuman teoksia.\",\"potentialAction\":[{\"@type\":\"SearchAction\",\"target\":{\"@type\":\"EntryPoint\",\"urlTemplate\":\"https:\/\/shop.hippolyte.fi\/en\/?s={search_term_string}\"},\"query-input\":{\"@type\":\"PropertyValueSpecification\",\"valueRequired\":true,\"valueName\":\"search_term_string\"}}],\"inLanguage\":\"en-US\"}]}<\/script>\n<!-- \/ Yoast SEO plugin. -->","yoast_head_json":{"title":"Kimmo Mets\u00e4ranta: Notes on a Place - Online shop for photographic art","robots":{"index":"index","follow":"follow","max-snippet":"max-snippet:-1","max-image-preview":"max-image-preview:large","max-video-preview":"max-video-preview:-1"},"canonical":"https:\/\/shop.hippolyte.fi\/en\/product\/kimmo-metsaranta-notes-on-a-place\/","og_locale":"en_US","og_type":"article","og_title":"Kimmo Mets\u00e4ranta: Notes on a Place - Online shop for photographic art","og_description":"ISBN: 978-952-65243-0-6 Publisher: Khaos Publishing Released: 2023 Photos: Kimmo Mets\u00e4ranta Epilogue: Hanna Weselius Book design: Janne H\u00e4nninen, Agency Leroy Translations: Minna Jeffery Reproduction: Petri Kuokka, Aarnipaja Pages: 112 Edition: 400 Printing: Livonia Print, Latvia Dimensions: 30,5 x 25,5 cm","og_url":"https:\/\/shop.hippolyte.fi\/en\/product\/kimmo-metsaranta-notes-on-a-place\/","og_site_name":"Online shop for photographic art","article_modified_time":"2025-11-06T09:49:58+00:00","og_image":[{"width":1200,"height":1200,"url":"https:\/\/shop.hippolyte.fi\/wp-content\/uploads\/2024\/11\/metsaranta_notesonaplace.jpg","type":"image\/jpeg"}],"twitter_card":"summary_large_image","schema":{"@context":"https:\/\/schema.org","@graph":[{"@type":"WebPage","@id":"https:\/\/shop.hippolyte.fi\/en\/product\/kimmo-metsaranta-notes-on-a-place\/","url":"https:\/\/shop.hippolyte.fi\/en\/product\/kimmo-metsaranta-notes-on-a-place\/","name":"Kimmo Mets\u00e4ranta: Notes on a Place - Online shop for photographic art","isPartOf":{"@id":"https:\/\/shop.hippolyte.fi\/en\/#website"},"primaryImageOfPage":{"@id":"https:\/\/shop.hippolyte.fi\/en\/product\/kimmo-metsaranta-notes-on-a-place\/#primaryimage"},"image":{"@id":"https:\/\/shop.hippolyte.fi\/en\/product\/kimmo-metsaranta-notes-on-a-place\/#primaryimage"},"thumbnailUrl":"https:\/\/shop.hippolyte.fi\/wp-content\/uploads\/2024\/11\/metsaranta_notesonaplace.jpg","datePublished":"2024-11-13T09:39:49+00:00","dateModified":"2025-11-06T09:49:58+00:00","breadcrumb":{"@id":"https:\/\/shop.hippolyte.fi\/en\/product\/kimmo-metsaranta-notes-on-a-place\/#breadcrumb"},"inLanguage":"en-US","potentialAction":[{"@type":"ReadAction","target":["https:\/\/shop.hippolyte.fi\/en\/product\/kimmo-metsaranta-notes-on-a-place\/"]}]},{"@type":"ImageObject","inLanguage":"en-US","@id":"https:\/\/shop.hippolyte.fi\/en\/product\/kimmo-metsaranta-notes-on-a-place\/#primaryimage","url":"https:\/\/shop.hippolyte.fi\/wp-content\/uploads\/2024\/11\/metsaranta_notesonaplace.jpg","contentUrl":"https:\/\/shop.hippolyte.fi\/wp-content\/uploads\/2024\/11\/metsaranta_notesonaplace.jpg","width":1200,"height":1200},{"@type":"BreadcrumbList","@id":"https:\/\/shop.hippolyte.fi\/en\/product\/kimmo-metsaranta-notes-on-a-place\/#breadcrumb","itemListElement":[{"@type":"ListItem","position":1,"name":"Etusivu","item":"https:\/\/shop.hippolyte.fi\/en\/"},{"@type":"ListItem","position":2,"name":"Shop","item":"https:\/\/shop.hippolyte.fi\/en\/shop\/"},{"@type":"ListItem","position":3,"name":"Kimmo Mets\u00e4ranta: Notes on a Place"}]},{"@type":"WebSite","@id":"https:\/\/shop.hippolyte.fi\/en\/#website","url":"https:\/\/shop.hippolyte.fi\/en\/","name":"Online shop for photographic art","description":"Verkkokaupassa myyd\u00e4\u00e4n teoksia ja valokuvataidekirjoja. OTOS-tapahtuman aikana my\u00f6s tapahtuman teoksia.","potentialAction":[{"@type":"SearchAction","target":{"@type":"EntryPoint","urlTemplate":"https:\/\/shop.hippolyte.fi\/en\/?s={search_term_string}"},"query-input":{"@type":"PropertyValueSpecification","valueRequired":true,"valueName":"search_term_string"}}],"inLanguage":"en-US"}]}},"_links":{"self":[{"href":"https:\/\/shop.hippolyte.fi\/en\/wp-json\/wp\/v2\/product\/4176","targetHints":{"allow":["GET"]}}],"collection":[{"href":"https:\/\/shop.hippolyte.fi\/en\/wp-json\/wp\/v2\/product"}],"about":[{"href":"https:\/\/shop.hippolyte.fi\/en\/wp-json\/wp\/v2\/types\/product"}],"wp:featuredmedia":[{"embeddable":true,"href":"https:\/\/shop.hippolyte.fi\/en\/wp-json\/wp\/v2\/media\/4118"}],"wp:attachment":[{"href":"https:\/\/shop.hippolyte.fi\/en\/wp-json\/wp\/v2\/media?parent=4176"}],"wp:term":[{"taxonomy":"product_brand","embeddable":true,"href":"https:\/\/shop.hippolyte.fi\/en\/wp-json\/wp\/v2\/product_brand?post=4176"},{"taxonomy":"product_cat","embeddable":true,"href":"https:\/\/shop.hippolyte.fi\/en\/wp-json\/wp\/v2\/product_cat?post=4176"},{"taxonomy":"product_tag","embeddable":true,"href":"https:\/\/shop.hippolyte.fi\/en\/wp-json\/wp\/v2\/product_tag?post=4176"},{"taxonomy":"artists","embeddable":true,"href":"https:\/\/shop.hippolyte.fi\/en\/wp-json\/wp\/v2\/artists?post=4176"},{"taxonomy":"location","embeddable":true,"href":"https:\/\/shop.hippolyte.fi\/en\/wp-json\/wp\/v2\/location?post=4176"},{"taxonomy":"publisher","embeddable":true,"href":"https:\/\/shop.hippolyte.fi\/en\/wp-json\/wp\/v2\/publisher?post=4176"},{"taxonomy":"years","embeddable":true,"href":"https:\/\/shop.hippolyte.fi\/en\/wp-json\/wp\/v2\/years?post=4176"}],"curies":[{"name":"wp","href":"https:\/\/api.w.org\/{rel}","templated":true}]}}