{"id":4178,"date":"2024-11-13T11:39:50","date_gmt":"2024-11-13T09:39:50","guid":{"rendered":"https:\/\/shop.hippolyte.fi\/?post_type=product&#038;p=4178"},"modified":"2025-11-06T11:49:58","modified_gmt":"2025-11-06T09:49:58","slug":"antti-j-leinonen-pyynti","status":"publish","type":"product","link":"https:\/\/shop.hippolyte.fi\/en\/product\/antti-j-leinonen-pyynti\/","title":{"rendered":"Antti J. Leinonen: Pyynti"},"content":{"rendered":"<p>The award-winning Finnish photographer Antti J. Leinosen&#8217;s debut work &#8220;Pyynti&#8221; is a photography book in which the scents of the sea and fish can be sensed. The images, created between 2014 and 2023, navigate the boundaries of photographic art and documentary. The work explores the relationship between humans and nature, raising questions about the changes in primary production and urbanization. At the same time, it offers a glimpse into fishing as both an occupation and a lifestyle. In the book, the relationship between humans and the sea is both intimate and profoundly present.<\/p>\n","protected":false},"excerpt":{"rendered":"<p>ISBN: 978-952-94-7623-7<br \/>\nPublisher: Pimeys<br \/>\nReleased: 2023<br \/>\nPhotography: Antti J. Leinonen<br \/>\nForeword: Janne Saarikivi<br \/>\nDesign: Heikki Kaski<br \/>\nPages: 132<br \/>\nDimensions: 28 x 24 cm<br \/>\nHardcover<\/p>\n","protected":false},"featured_media":4112,"template":"","meta":{"_acf_changed":false},"product_brand":[],"product_cat":[409],"product_tag":[],"artists":[],"location":[55],"publisher":[425],"years":[434],"class_list":{"0":"post-4178","1":"product","2":"type-product","3":"status-publish","4":"has-post-thumbnail","6":"product_cat-artist-books","7":"product_shipping_class-posti-s-max-11-x-32-x-42-cm-25-kg","8":"location-photographic-gallery-hippolyte","9":"publisher-pimeys","10":"years-434","12":"first","13":"instock","14":"taxable","15":"shipping-taxable","16":"purchasable","17":"product-type-simple"},"acf":[],"yoast_head":"<!-- This site is optimized with the Yoast SEO plugin v26.0 - https:\/\/yoast.com\/wordpress\/plugins\/seo\/ -->\n<title>Antti J. Leinonen: Pyynti - Online shop for photographic art<\/title>\n<meta name=\"robots\" content=\"index, follow, max-snippet:-1, max-image-preview:large, max-video-preview:-1\" \/>\n<link rel=\"canonical\" href=\"https:\/\/shop.hippolyte.fi\/en\/product\/antti-j-leinonen-pyynti\/\" \/>\n<meta property=\"og:locale\" content=\"en_US\" \/>\n<meta property=\"og:type\" content=\"article\" \/>\n<meta property=\"og:title\" content=\"Antti J. Leinonen: Pyynti - Online shop for photographic art\" \/>\n<meta property=\"og:description\" content=\"ISBN: 978-952-94-7623-7 Publisher: Pimeys Released: 2023 Photography: Antti J. Leinonen Foreword: Janne Saarikivi Design: Heikki Kaski Pages: 132 Dimensions: 28 x 24 cm Hardcover\" \/>\n<meta property=\"og:url\" content=\"https:\/\/shop.hippolyte.fi\/en\/product\/antti-j-leinonen-pyynti\/\" \/>\n<meta property=\"og:site_name\" content=\"Online shop for photographic art\" \/>\n<meta property=\"article:modified_time\" content=\"2025-11-06T09:49:58+00:00\" \/>\n<meta property=\"og:image\" content=\"https:\/\/shop.hippolyte.fi\/wp-content\/uploads\/2024\/11\/leinonen_pyynti.jpg\" \/>\n\t<meta property=\"og:image:width\" content=\"1200\" \/>\n\t<meta property=\"og:image:height\" content=\"1200\" \/>\n\t<meta property=\"og:image:type\" content=\"image\/jpeg\" \/>\n<meta name=\"twitter:card\" content=\"summary_large_image\" \/>\n<script type=\"application\/ld+json\" class=\"yoast-schema-graph\">{\"@context\":\"https:\/\/schema.org\",\"@graph\":[{\"@type\":\"WebPage\",\"@id\":\"https:\/\/shop.hippolyte.fi\/en\/product\/antti-j-leinonen-pyynti\/\",\"url\":\"https:\/\/shop.hippolyte.fi\/en\/product\/antti-j-leinonen-pyynti\/\",\"name\":\"Antti J. Leinonen: Pyynti - Online shop for photographic art\",\"isPartOf\":{\"@id\":\"https:\/\/shop.hippolyte.fi\/en\/#website\"},\"primaryImageOfPage\":{\"@id\":\"https:\/\/shop.hippolyte.fi\/en\/product\/antti-j-leinonen-pyynti\/#primaryimage\"},\"image\":{\"@id\":\"https:\/\/shop.hippolyte.fi\/en\/product\/antti-j-leinonen-pyynti\/#primaryimage\"},\"thumbnailUrl\":\"https:\/\/shop.hippolyte.fi\/wp-content\/uploads\/2024\/11\/leinonen_pyynti.jpg\",\"datePublished\":\"2024-11-13T09:39:50+00:00\",\"dateModified\":\"2025-11-06T09:49:58+00:00\",\"breadcrumb\":{\"@id\":\"https:\/\/shop.hippolyte.fi\/en\/product\/antti-j-leinonen-pyynti\/#breadcrumb\"},\"inLanguage\":\"en-US\",\"potentialAction\":[{\"@type\":\"ReadAction\",\"target\":[\"https:\/\/shop.hippolyte.fi\/en\/product\/antti-j-leinonen-pyynti\/\"]}]},{\"@type\":\"ImageObject\",\"inLanguage\":\"en-US\",\"@id\":\"https:\/\/shop.hippolyte.fi\/en\/product\/antti-j-leinonen-pyynti\/#primaryimage\",\"url\":\"https:\/\/shop.hippolyte.fi\/wp-content\/uploads\/2024\/11\/leinonen_pyynti.jpg\",\"contentUrl\":\"https:\/\/shop.hippolyte.fi\/wp-content\/uploads\/2024\/11\/leinonen_pyynti.jpg\",\"width\":1200,\"height\":1200},{\"@type\":\"BreadcrumbList\",\"@id\":\"https:\/\/shop.hippolyte.fi\/en\/product\/antti-j-leinonen-pyynti\/#breadcrumb\",\"itemListElement\":[{\"@type\":\"ListItem\",\"position\":1,\"name\":\"Etusivu\",\"item\":\"https:\/\/shop.hippolyte.fi\/en\/\"},{\"@type\":\"ListItem\",\"position\":2,\"name\":\"Shop\",\"item\":\"https:\/\/shop.hippolyte.fi\/en\/shop\/\"},{\"@type\":\"ListItem\",\"position\":3,\"name\":\"Antti J. Leinonen: Pyynti\"}]},{\"@type\":\"WebSite\",\"@id\":\"https:\/\/shop.hippolyte.fi\/en\/#website\",\"url\":\"https:\/\/shop.hippolyte.fi\/en\/\",\"name\":\"Online shop for photographic art\",\"description\":\"Verkkokaupassa myyd\u00e4\u00e4n teoksia ja valokuvataidekirjoja. OTOS-tapahtuman aikana my\u00f6s tapahtuman teoksia.\",\"potentialAction\":[{\"@type\":\"SearchAction\",\"target\":{\"@type\":\"EntryPoint\",\"urlTemplate\":\"https:\/\/shop.hippolyte.fi\/en\/?s={search_term_string}\"},\"query-input\":{\"@type\":\"PropertyValueSpecification\",\"valueRequired\":true,\"valueName\":\"search_term_string\"}}],\"inLanguage\":\"en-US\"}]}<\/script>\n<!-- \/ Yoast SEO plugin. -->","yoast_head_json":{"title":"Antti J. Leinonen: Pyynti - Online shop for photographic art","robots":{"index":"index","follow":"follow","max-snippet":"max-snippet:-1","max-image-preview":"max-image-preview:large","max-video-preview":"max-video-preview:-1"},"canonical":"https:\/\/shop.hippolyte.fi\/en\/product\/antti-j-leinonen-pyynti\/","og_locale":"en_US","og_type":"article","og_title":"Antti J. Leinonen: Pyynti - Online shop for photographic art","og_description":"ISBN: 978-952-94-7623-7 Publisher: Pimeys Released: 2023 Photography: Antti J. Leinonen Foreword: Janne Saarikivi Design: Heikki Kaski Pages: 132 Dimensions: 28 x 24 cm Hardcover","og_url":"https:\/\/shop.hippolyte.fi\/en\/product\/antti-j-leinonen-pyynti\/","og_site_name":"Online shop for photographic art","article_modified_time":"2025-11-06T09:49:58+00:00","og_image":[{"width":1200,"height":1200,"url":"https:\/\/shop.hippolyte.fi\/wp-content\/uploads\/2024\/11\/leinonen_pyynti.jpg","type":"image\/jpeg"}],"twitter_card":"summary_large_image","schema":{"@context":"https:\/\/schema.org","@graph":[{"@type":"WebPage","@id":"https:\/\/shop.hippolyte.fi\/en\/product\/antti-j-leinonen-pyynti\/","url":"https:\/\/shop.hippolyte.fi\/en\/product\/antti-j-leinonen-pyynti\/","name":"Antti J. Leinonen: Pyynti - Online shop for photographic art","isPartOf":{"@id":"https:\/\/shop.hippolyte.fi\/en\/#website"},"primaryImageOfPage":{"@id":"https:\/\/shop.hippolyte.fi\/en\/product\/antti-j-leinonen-pyynti\/#primaryimage"},"image":{"@id":"https:\/\/shop.hippolyte.fi\/en\/product\/antti-j-leinonen-pyynti\/#primaryimage"},"thumbnailUrl":"https:\/\/shop.hippolyte.fi\/wp-content\/uploads\/2024\/11\/leinonen_pyynti.jpg","datePublished":"2024-11-13T09:39:50+00:00","dateModified":"2025-11-06T09:49:58+00:00","breadcrumb":{"@id":"https:\/\/shop.hippolyte.fi\/en\/product\/antti-j-leinonen-pyynti\/#breadcrumb"},"inLanguage":"en-US","potentialAction":[{"@type":"ReadAction","target":["https:\/\/shop.hippolyte.fi\/en\/product\/antti-j-leinonen-pyynti\/"]}]},{"@type":"ImageObject","inLanguage":"en-US","@id":"https:\/\/shop.hippolyte.fi\/en\/product\/antti-j-leinonen-pyynti\/#primaryimage","url":"https:\/\/shop.hippolyte.fi\/wp-content\/uploads\/2024\/11\/leinonen_pyynti.jpg","contentUrl":"https:\/\/shop.hippolyte.fi\/wp-content\/uploads\/2024\/11\/leinonen_pyynti.jpg","width":1200,"height":1200},{"@type":"BreadcrumbList","@id":"https:\/\/shop.hippolyte.fi\/en\/product\/antti-j-leinonen-pyynti\/#breadcrumb","itemListElement":[{"@type":"ListItem","position":1,"name":"Etusivu","item":"https:\/\/shop.hippolyte.fi\/en\/"},{"@type":"ListItem","position":2,"name":"Shop","item":"https:\/\/shop.hippolyte.fi\/en\/shop\/"},{"@type":"ListItem","position":3,"name":"Antti J. Leinonen: Pyynti"}]},{"@type":"WebSite","@id":"https:\/\/shop.hippolyte.fi\/en\/#website","url":"https:\/\/shop.hippolyte.fi\/en\/","name":"Online shop for photographic art","description":"Verkkokaupassa myyd\u00e4\u00e4n teoksia ja valokuvataidekirjoja. OTOS-tapahtuman aikana my\u00f6s tapahtuman teoksia.","potentialAction":[{"@type":"SearchAction","target":{"@type":"EntryPoint","urlTemplate":"https:\/\/shop.hippolyte.fi\/en\/?s={search_term_string}"},"query-input":{"@type":"PropertyValueSpecification","valueRequired":true,"valueName":"search_term_string"}}],"inLanguage":"en-US"}]}},"_links":{"self":[{"href":"https:\/\/shop.hippolyte.fi\/en\/wp-json\/wp\/v2\/product\/4178","targetHints":{"allow":["GET"]}}],"collection":[{"href":"https:\/\/shop.hippolyte.fi\/en\/wp-json\/wp\/v2\/product"}],"about":[{"href":"https:\/\/shop.hippolyte.fi\/en\/wp-json\/wp\/v2\/types\/product"}],"wp:featuredmedia":[{"embeddable":true,"href":"https:\/\/shop.hippolyte.fi\/en\/wp-json\/wp\/v2\/media\/4112"}],"wp:attachment":[{"href":"https:\/\/shop.hippolyte.fi\/en\/wp-json\/wp\/v2\/media?parent=4178"}],"wp:term":[{"taxonomy":"product_brand","embeddable":true,"href":"https:\/\/shop.hippolyte.fi\/en\/wp-json\/wp\/v2\/product_brand?post=4178"},{"taxonomy":"product_cat","embeddable":true,"href":"https:\/\/shop.hippolyte.fi\/en\/wp-json\/wp\/v2\/product_cat?post=4178"},{"taxonomy":"product_tag","embeddable":true,"href":"https:\/\/shop.hippolyte.fi\/en\/wp-json\/wp\/v2\/product_tag?post=4178"},{"taxonomy":"artists","embeddable":true,"href":"https:\/\/shop.hippolyte.fi\/en\/wp-json\/wp\/v2\/artists?post=4178"},{"taxonomy":"location","embeddable":true,"href":"https:\/\/shop.hippolyte.fi\/en\/wp-json\/wp\/v2\/location?post=4178"},{"taxonomy":"publisher","embeddable":true,"href":"https:\/\/shop.hippolyte.fi\/en\/wp-json\/wp\/v2\/publisher?post=4178"},{"taxonomy":"years","embeddable":true,"href":"https:\/\/shop.hippolyte.fi\/en\/wp-json\/wp\/v2\/years?post=4178"}],"curies":[{"name":"wp","href":"https:\/\/api.w.org\/{rel}","templated":true}]}}