{"id":4180,"date":"2024-11-13T11:39:51","date_gmt":"2024-11-13T09:39:51","guid":{"rendered":"https:\/\/shop.hippolyte.fi\/?post_type=product&#038;p=4180"},"modified":"2025-11-06T11:49:58","modified_gmt":"2025-11-06T09:49:58","slug":"leaning-in-hearing-out-conversations-on-photographic-art","status":"publish","type":"product","link":"https:\/\/shop.hippolyte.fi\/en\/product\/leaning-in-hearing-out-conversations-on-photographic-art\/","title":{"rendered":"Leaning In, Hearing Out: Conversations on Photographic Art"},"content":{"rendered":"<p>Leaning In, Hearing Out gathers together a plethora of perspectives from 14 practitioners \u2013 artists, curators, mediators \u2013 in order to better understand the past, present and future of the Finnish photographic art field. Part of the Association of Photographic Artists&#8217; (VTL) collaborative project with seven arts organisations based in Finland, this book addresses the changes, challenges and resources in the field through a series of six interviews made between 2023 and 2024.<\/p>\n<p>Featuring:<br \/>\nAdele Hyry, Emma Sarpaniemi, Kaarina-Sirkku Kurz, Katya Lesiv, Hikari Nishida, Utu-Tuuli Jussila, Mari M\u00e4kiranta, Orlan Ohtonen, Ritva Kovalainen, Sanni Seppo, Henri Airo, Kaisa Syrj\u00e4nen, Tuomo Rainio, and Maija Tammi<\/p>\n","protected":false},"excerpt":{"rendered":"<p>ISBN: 978-952-67687-4-8<br \/>\nPublisher: Association of Photographic Artists in Finland &#038; Utu Press<br \/>\nReleased: 2024<br \/>\nInterviews: Selina Oakes<br \/>\nGraphic Design: Toivo Heinim\u00e4ki<br \/>\nPrinting: Printon AS, Tallinn, Estonia<br \/>\nEdition: 400<br \/>\nLanguage: English<br \/>\nDimensions: 21 x 15 cm<\/p>\n","protected":false},"featured_media":4106,"template":"","meta":{"_acf_changed":false},"product_brand":[],"product_cat":[408],"product_tag":[],"artists":[],"location":[55],"publisher":[423],"years":[433],"class_list":{"0":"post-4180","1":"product","2":"type-product","3":"status-publish","4":"has-post-thumbnail","6":"product_cat-art-textbooks","7":"product_shipping_class-posti-xxs-max-3-x-25-x-35-cm-2kg","8":"location-photographic-gallery-hippolyte","9":"publisher-utu-press-valokuvataiteilijoiden-liitto","10":"years-433","12":"first","13":"instock","14":"taxable","15":"shipping-taxable","16":"purchasable","17":"product-type-simple"},"acf":[],"yoast_head":"<!-- This site is optimized with the Yoast SEO plugin v26.0 - https:\/\/yoast.com\/wordpress\/plugins\/seo\/ -->\n<title>Leaning In, Hearing Out: Conversations on Photographic Art - Online shop for photographic art<\/title>\n<meta name=\"robots\" content=\"index, follow, max-snippet:-1, max-image-preview:large, max-video-preview:-1\" \/>\n<link rel=\"canonical\" href=\"https:\/\/shop.hippolyte.fi\/en\/product\/leaning-in-hearing-out-conversations-on-photographic-art\/\" \/>\n<meta property=\"og:locale\" content=\"en_US\" \/>\n<meta property=\"og:type\" content=\"article\" \/>\n<meta property=\"og:title\" content=\"Leaning In, Hearing Out: Conversations on Photographic Art - Online shop for photographic art\" \/>\n<meta property=\"og:description\" content=\"ISBN: 978-952-67687-4-8 Publisher: Association of Photographic Artists in Finland &amp; Utu Press Released: 2024 Interviews: Selina Oakes Graphic Design: Toivo Heinim\u00e4ki Printing: Printon AS, Tallinn, Estonia Edition: 400 Language: English Dimensions: 21 x 15 cm\" \/>\n<meta property=\"og:url\" content=\"https:\/\/shop.hippolyte.fi\/en\/product\/leaning-in-hearing-out-conversations-on-photographic-art\/\" \/>\n<meta property=\"og:site_name\" content=\"Online shop for photographic art\" \/>\n<meta property=\"article:modified_time\" content=\"2025-11-06T09:49:58+00:00\" \/>\n<meta property=\"og:image\" content=\"https:\/\/shop.hippolyte.fi\/wp-content\/uploads\/2024\/11\/leaninginhearingout.jpg\" \/>\n\t<meta property=\"og:image:width\" content=\"1200\" \/>\n\t<meta property=\"og:image:height\" content=\"1200\" \/>\n\t<meta property=\"og:image:type\" content=\"image\/jpeg\" \/>\n<meta name=\"twitter:card\" content=\"summary_large_image\" \/>\n<meta name=\"twitter:label1\" content=\"Est. reading time\" \/>\n\t<meta name=\"twitter:data1\" content=\"1 minute\" \/>\n<script type=\"application\/ld+json\" class=\"yoast-schema-graph\">{\"@context\":\"https:\/\/schema.org\",\"@graph\":[{\"@type\":\"WebPage\",\"@id\":\"https:\/\/shop.hippolyte.fi\/en\/product\/leaning-in-hearing-out-conversations-on-photographic-art\/\",\"url\":\"https:\/\/shop.hippolyte.fi\/en\/product\/leaning-in-hearing-out-conversations-on-photographic-art\/\",\"name\":\"Leaning In, Hearing Out: Conversations on Photographic Art - Online shop for photographic art\",\"isPartOf\":{\"@id\":\"https:\/\/shop.hippolyte.fi\/en\/#website\"},\"primaryImageOfPage\":{\"@id\":\"https:\/\/shop.hippolyte.fi\/en\/product\/leaning-in-hearing-out-conversations-on-photographic-art\/#primaryimage\"},\"image\":{\"@id\":\"https:\/\/shop.hippolyte.fi\/en\/product\/leaning-in-hearing-out-conversations-on-photographic-art\/#primaryimage\"},\"thumbnailUrl\":\"https:\/\/shop.hippolyte.fi\/wp-content\/uploads\/2024\/11\/leaninginhearingout.jpg\",\"datePublished\":\"2024-11-13T09:39:51+00:00\",\"dateModified\":\"2025-11-06T09:49:58+00:00\",\"breadcrumb\":{\"@id\":\"https:\/\/shop.hippolyte.fi\/en\/product\/leaning-in-hearing-out-conversations-on-photographic-art\/#breadcrumb\"},\"inLanguage\":\"en-US\",\"potentialAction\":[{\"@type\":\"ReadAction\",\"target\":[\"https:\/\/shop.hippolyte.fi\/en\/product\/leaning-in-hearing-out-conversations-on-photographic-art\/\"]}]},{\"@type\":\"ImageObject\",\"inLanguage\":\"en-US\",\"@id\":\"https:\/\/shop.hippolyte.fi\/en\/product\/leaning-in-hearing-out-conversations-on-photographic-art\/#primaryimage\",\"url\":\"https:\/\/shop.hippolyte.fi\/wp-content\/uploads\/2024\/11\/leaninginhearingout.jpg\",\"contentUrl\":\"https:\/\/shop.hippolyte.fi\/wp-content\/uploads\/2024\/11\/leaninginhearingout.jpg\",\"width\":1200,\"height\":1200},{\"@type\":\"BreadcrumbList\",\"@id\":\"https:\/\/shop.hippolyte.fi\/en\/product\/leaning-in-hearing-out-conversations-on-photographic-art\/#breadcrumb\",\"itemListElement\":[{\"@type\":\"ListItem\",\"position\":1,\"name\":\"Etusivu\",\"item\":\"https:\/\/shop.hippolyte.fi\/en\/\"},{\"@type\":\"ListItem\",\"position\":2,\"name\":\"Shop\",\"item\":\"https:\/\/shop.hippolyte.fi\/en\/shop\/\"},{\"@type\":\"ListItem\",\"position\":3,\"name\":\"Leaning In, Hearing Out: Conversations on Photographic Art\"}]},{\"@type\":\"WebSite\",\"@id\":\"https:\/\/shop.hippolyte.fi\/en\/#website\",\"url\":\"https:\/\/shop.hippolyte.fi\/en\/\",\"name\":\"Online shop for photographic art\",\"description\":\"Verkkokaupassa myyd\u00e4\u00e4n teoksia ja valokuvataidekirjoja. OTOS-tapahtuman aikana my\u00f6s tapahtuman teoksia.\",\"potentialAction\":[{\"@type\":\"SearchAction\",\"target\":{\"@type\":\"EntryPoint\",\"urlTemplate\":\"https:\/\/shop.hippolyte.fi\/en\/?s={search_term_string}\"},\"query-input\":{\"@type\":\"PropertyValueSpecification\",\"valueRequired\":true,\"valueName\":\"search_term_string\"}}],\"inLanguage\":\"en-US\"}]}<\/script>\n<!-- \/ Yoast SEO plugin. -->","yoast_head_json":{"title":"Leaning In, Hearing Out: Conversations on Photographic Art - Online shop for photographic art","robots":{"index":"index","follow":"follow","max-snippet":"max-snippet:-1","max-image-preview":"max-image-preview:large","max-video-preview":"max-video-preview:-1"},"canonical":"https:\/\/shop.hippolyte.fi\/en\/product\/leaning-in-hearing-out-conversations-on-photographic-art\/","og_locale":"en_US","og_type":"article","og_title":"Leaning In, Hearing Out: Conversations on Photographic Art - Online shop for photographic art","og_description":"ISBN: 978-952-67687-4-8 Publisher: Association of Photographic Artists in Finland & Utu Press Released: 2024 Interviews: Selina Oakes Graphic Design: Toivo Heinim\u00e4ki Printing: Printon AS, Tallinn, Estonia Edition: 400 Language: English Dimensions: 21 x 15 cm","og_url":"https:\/\/shop.hippolyte.fi\/en\/product\/leaning-in-hearing-out-conversations-on-photographic-art\/","og_site_name":"Online shop for photographic art","article_modified_time":"2025-11-06T09:49:58+00:00","og_image":[{"width":1200,"height":1200,"url":"https:\/\/shop.hippolyte.fi\/wp-content\/uploads\/2024\/11\/leaninginhearingout.jpg","type":"image\/jpeg"}],"twitter_card":"summary_large_image","twitter_misc":{"Est. reading time":"1 minute"},"schema":{"@context":"https:\/\/schema.org","@graph":[{"@type":"WebPage","@id":"https:\/\/shop.hippolyte.fi\/en\/product\/leaning-in-hearing-out-conversations-on-photographic-art\/","url":"https:\/\/shop.hippolyte.fi\/en\/product\/leaning-in-hearing-out-conversations-on-photographic-art\/","name":"Leaning In, Hearing Out: Conversations on Photographic Art - Online shop for photographic art","isPartOf":{"@id":"https:\/\/shop.hippolyte.fi\/en\/#website"},"primaryImageOfPage":{"@id":"https:\/\/shop.hippolyte.fi\/en\/product\/leaning-in-hearing-out-conversations-on-photographic-art\/#primaryimage"},"image":{"@id":"https:\/\/shop.hippolyte.fi\/en\/product\/leaning-in-hearing-out-conversations-on-photographic-art\/#primaryimage"},"thumbnailUrl":"https:\/\/shop.hippolyte.fi\/wp-content\/uploads\/2024\/11\/leaninginhearingout.jpg","datePublished":"2024-11-13T09:39:51+00:00","dateModified":"2025-11-06T09:49:58+00:00","breadcrumb":{"@id":"https:\/\/shop.hippolyte.fi\/en\/product\/leaning-in-hearing-out-conversations-on-photographic-art\/#breadcrumb"},"inLanguage":"en-US","potentialAction":[{"@type":"ReadAction","target":["https:\/\/shop.hippolyte.fi\/en\/product\/leaning-in-hearing-out-conversations-on-photographic-art\/"]}]},{"@type":"ImageObject","inLanguage":"en-US","@id":"https:\/\/shop.hippolyte.fi\/en\/product\/leaning-in-hearing-out-conversations-on-photographic-art\/#primaryimage","url":"https:\/\/shop.hippolyte.fi\/wp-content\/uploads\/2024\/11\/leaninginhearingout.jpg","contentUrl":"https:\/\/shop.hippolyte.fi\/wp-content\/uploads\/2024\/11\/leaninginhearingout.jpg","width":1200,"height":1200},{"@type":"BreadcrumbList","@id":"https:\/\/shop.hippolyte.fi\/en\/product\/leaning-in-hearing-out-conversations-on-photographic-art\/#breadcrumb","itemListElement":[{"@type":"ListItem","position":1,"name":"Etusivu","item":"https:\/\/shop.hippolyte.fi\/en\/"},{"@type":"ListItem","position":2,"name":"Shop","item":"https:\/\/shop.hippolyte.fi\/en\/shop\/"},{"@type":"ListItem","position":3,"name":"Leaning In, Hearing Out: Conversations on Photographic Art"}]},{"@type":"WebSite","@id":"https:\/\/shop.hippolyte.fi\/en\/#website","url":"https:\/\/shop.hippolyte.fi\/en\/","name":"Online shop for photographic art","description":"Verkkokaupassa myyd\u00e4\u00e4n teoksia ja valokuvataidekirjoja. OTOS-tapahtuman aikana my\u00f6s tapahtuman teoksia.","potentialAction":[{"@type":"SearchAction","target":{"@type":"EntryPoint","urlTemplate":"https:\/\/shop.hippolyte.fi\/en\/?s={search_term_string}"},"query-input":{"@type":"PropertyValueSpecification","valueRequired":true,"valueName":"search_term_string"}}],"inLanguage":"en-US"}]}},"_links":{"self":[{"href":"https:\/\/shop.hippolyte.fi\/en\/wp-json\/wp\/v2\/product\/4180","targetHints":{"allow":["GET"]}}],"collection":[{"href":"https:\/\/shop.hippolyte.fi\/en\/wp-json\/wp\/v2\/product"}],"about":[{"href":"https:\/\/shop.hippolyte.fi\/en\/wp-json\/wp\/v2\/types\/product"}],"wp:featuredmedia":[{"embeddable":true,"href":"https:\/\/shop.hippolyte.fi\/en\/wp-json\/wp\/v2\/media\/4106"}],"wp:attachment":[{"href":"https:\/\/shop.hippolyte.fi\/en\/wp-json\/wp\/v2\/media?parent=4180"}],"wp:term":[{"taxonomy":"product_brand","embeddable":true,"href":"https:\/\/shop.hippolyte.fi\/en\/wp-json\/wp\/v2\/product_brand?post=4180"},{"taxonomy":"product_cat","embeddable":true,"href":"https:\/\/shop.hippolyte.fi\/en\/wp-json\/wp\/v2\/product_cat?post=4180"},{"taxonomy":"product_tag","embeddable":true,"href":"https:\/\/shop.hippolyte.fi\/en\/wp-json\/wp\/v2\/product_tag?post=4180"},{"taxonomy":"artists","embeddable":true,"href":"https:\/\/shop.hippolyte.fi\/en\/wp-json\/wp\/v2\/artists?post=4180"},{"taxonomy":"location","embeddable":true,"href":"https:\/\/shop.hippolyte.fi\/en\/wp-json\/wp\/v2\/location?post=4180"},{"taxonomy":"publisher","embeddable":true,"href":"https:\/\/shop.hippolyte.fi\/en\/wp-json\/wp\/v2\/publisher?post=4180"},{"taxonomy":"years","embeddable":true,"href":"https:\/\/shop.hippolyte.fi\/en\/wp-json\/wp\/v2\/years?post=4180"}],"curies":[{"name":"wp","href":"https:\/\/api.w.org\/{rel}","templated":true}]}}