{"id":4181,"date":"2024-11-13T11:39:51","date_gmt":"2024-11-13T09:39:51","guid":{"rendered":"https:\/\/shop.hippolyte.fi\/?post_type=product&#038;p=4181"},"modified":"2025-11-06T11:49:58","modified_gmt":"2025-11-06T09:49:58","slug":"lauri-lahteenmaki-green-gold-fever-report-about-the-state-of-forests-in-finland","status":"publish","type":"product","link":"https:\/\/shop.hippolyte.fi\/en\/product\/lauri-lahteenmaki-green-gold-fever-report-about-the-state-of-forests-in-finland\/","title":{"rendered":"Lauri L\u00e4hteenm\u00e4ki: Green Gold Fever: Report about the state of forests in Finland"},"content":{"rendered":"<p>Contestation over the use of forests in Finland sets into the focus of landscape photography. Quoted statements for and against forestry \u2013 from authorities, politicians, and industry as well as researchers, activists, and local residents \u2013 are put into context when faced with straight photographs of landscapes transformed by forestry practices. Structuring over systematically collected materials, the comparison breaks down the politics of ruling the nature: whose voice are heard when the future of nature and humanity is made?<\/p>\n<p>The book includes 76 photographs, 13 maps, and 120 media sources from a ten years period.<\/p>\n","protected":false},"excerpt":{"rendered":"<p>ISBN: 978-952-94-6111-0<br \/>\nPublisher: Self published<br \/>\nReleased: 2022<br \/>\nPhotography, editing and graphic design: Lauri L\u00e4hteenm\u00e4ki<br \/>\nTexts: Media excerpts<br \/>\nLanguage: Finnish<br \/>\nEdition: 200<br \/>\nPaino: KOPA, Lithuania<br \/>\nDimensions: 30 x 1,5 x 24 cm<\/p>\n","protected":false},"featured_media":4103,"template":"","meta":{"_acf_changed":false},"product_brand":[],"product_cat":[409],"product_tag":[],"artists":[],"location":[55],"publisher":[411],"years":[435],"class_list":{"0":"post-4181","1":"product","2":"type-product","3":"status-publish","4":"has-post-thumbnail","6":"product_cat-artist-books","7":"product_shipping_class-posti-xxs-max-3-x-25-x-35-cm-2kg","8":"location-photographic-gallery-hippolyte","9":"publisher-itsejulkaistu","10":"years-435","12":"first","13":"instock","14":"taxable","15":"shipping-taxable","16":"purchasable","17":"product-type-simple"},"acf":[],"yoast_head":"<!-- This site is optimized with the Yoast SEO plugin v26.0 - https:\/\/yoast.com\/wordpress\/plugins\/seo\/ -->\n<title>Lauri L\u00e4hteenm\u00e4ki: Green Gold Fever: Report about the state of forests in Finland - Online shop for photographic art<\/title>\n<meta name=\"robots\" content=\"index, follow, max-snippet:-1, max-image-preview:large, max-video-preview:-1\" \/>\n<link rel=\"canonical\" href=\"https:\/\/shop.hippolyte.fi\/en\/product\/lauri-lahteenmaki-green-gold-fever-report-about-the-state-of-forests-in-finland\/\" \/>\n<meta property=\"og:locale\" content=\"en_US\" \/>\n<meta property=\"og:type\" content=\"article\" \/>\n<meta property=\"og:title\" content=\"Lauri L\u00e4hteenm\u00e4ki: Green Gold Fever: Report about the state of forests in Finland - Online shop for photographic art\" \/>\n<meta property=\"og:description\" content=\"ISBN: 978-952-94-6111-0 Publisher: Self published Released: 2022 Photography, editing and graphic design: Lauri L\u00e4hteenm\u00e4ki Texts: Media excerpts Language: Finnish Edition: 200 Paino: KOPA, Lithuania Dimensions: 30 x 1,5 x 24 cm\" \/>\n<meta property=\"og:url\" content=\"https:\/\/shop.hippolyte.fi\/en\/product\/lauri-lahteenmaki-green-gold-fever-report-about-the-state-of-forests-in-finland\/\" \/>\n<meta property=\"og:site_name\" content=\"Online shop for photographic art\" \/>\n<meta property=\"article:modified_time\" content=\"2025-11-06T09:49:58+00:00\" \/>\n<meta property=\"og:image\" content=\"https:\/\/shop.hippolyte.fi\/wp-content\/uploads\/2024\/11\/lahteenmaki_vihreankullankuume.jpg\" \/>\n\t<meta property=\"og:image:width\" content=\"1200\" \/>\n\t<meta property=\"og:image:height\" content=\"1200\" \/>\n\t<meta property=\"og:image:type\" content=\"image\/jpeg\" \/>\n<meta name=\"twitter:card\" content=\"summary_large_image\" \/>\n<meta name=\"twitter:label1\" content=\"Est. reading time\" \/>\n\t<meta name=\"twitter:data1\" content=\"1 minute\" \/>\n<script type=\"application\/ld+json\" class=\"yoast-schema-graph\">{\"@context\":\"https:\/\/schema.org\",\"@graph\":[{\"@type\":\"WebPage\",\"@id\":\"https:\/\/shop.hippolyte.fi\/en\/product\/lauri-lahteenmaki-green-gold-fever-report-about-the-state-of-forests-in-finland\/\",\"url\":\"https:\/\/shop.hippolyte.fi\/en\/product\/lauri-lahteenmaki-green-gold-fever-report-about-the-state-of-forests-in-finland\/\",\"name\":\"Lauri L\u00e4hteenm\u00e4ki: Green Gold Fever: Report about the state of forests in Finland - Online shop for photographic art\",\"isPartOf\":{\"@id\":\"https:\/\/shop.hippolyte.fi\/en\/#website\"},\"primaryImageOfPage\":{\"@id\":\"https:\/\/shop.hippolyte.fi\/en\/product\/lauri-lahteenmaki-green-gold-fever-report-about-the-state-of-forests-in-finland\/#primaryimage\"},\"image\":{\"@id\":\"https:\/\/shop.hippolyte.fi\/en\/product\/lauri-lahteenmaki-green-gold-fever-report-about-the-state-of-forests-in-finland\/#primaryimage\"},\"thumbnailUrl\":\"https:\/\/shop.hippolyte.fi\/wp-content\/uploads\/2024\/11\/lahteenmaki_vihreankullankuume.jpg\",\"datePublished\":\"2024-11-13T09:39:51+00:00\",\"dateModified\":\"2025-11-06T09:49:58+00:00\",\"breadcrumb\":{\"@id\":\"https:\/\/shop.hippolyte.fi\/en\/product\/lauri-lahteenmaki-green-gold-fever-report-about-the-state-of-forests-in-finland\/#breadcrumb\"},\"inLanguage\":\"en-US\",\"potentialAction\":[{\"@type\":\"ReadAction\",\"target\":[\"https:\/\/shop.hippolyte.fi\/en\/product\/lauri-lahteenmaki-green-gold-fever-report-about-the-state-of-forests-in-finland\/\"]}]},{\"@type\":\"ImageObject\",\"inLanguage\":\"en-US\",\"@id\":\"https:\/\/shop.hippolyte.fi\/en\/product\/lauri-lahteenmaki-green-gold-fever-report-about-the-state-of-forests-in-finland\/#primaryimage\",\"url\":\"https:\/\/shop.hippolyte.fi\/wp-content\/uploads\/2024\/11\/lahteenmaki_vihreankullankuume.jpg\",\"contentUrl\":\"https:\/\/shop.hippolyte.fi\/wp-content\/uploads\/2024\/11\/lahteenmaki_vihreankullankuume.jpg\",\"width\":1200,\"height\":1200},{\"@type\":\"BreadcrumbList\",\"@id\":\"https:\/\/shop.hippolyte.fi\/en\/product\/lauri-lahteenmaki-green-gold-fever-report-about-the-state-of-forests-in-finland\/#breadcrumb\",\"itemListElement\":[{\"@type\":\"ListItem\",\"position\":1,\"name\":\"Etusivu\",\"item\":\"https:\/\/shop.hippolyte.fi\/en\/\"},{\"@type\":\"ListItem\",\"position\":2,\"name\":\"Shop\",\"item\":\"https:\/\/shop.hippolyte.fi\/en\/shop\/\"},{\"@type\":\"ListItem\",\"position\":3,\"name\":\"Lauri L\u00e4hteenm\u00e4ki: Green Gold Fever: Report about the state of forests in Finland\"}]},{\"@type\":\"WebSite\",\"@id\":\"https:\/\/shop.hippolyte.fi\/en\/#website\",\"url\":\"https:\/\/shop.hippolyte.fi\/en\/\",\"name\":\"Online shop for photographic art\",\"description\":\"Verkkokaupassa myyd\u00e4\u00e4n teoksia ja valokuvataidekirjoja. OTOS-tapahtuman aikana my\u00f6s tapahtuman teoksia.\",\"potentialAction\":[{\"@type\":\"SearchAction\",\"target\":{\"@type\":\"EntryPoint\",\"urlTemplate\":\"https:\/\/shop.hippolyte.fi\/en\/?s={search_term_string}\"},\"query-input\":{\"@type\":\"PropertyValueSpecification\",\"valueRequired\":true,\"valueName\":\"search_term_string\"}}],\"inLanguage\":\"en-US\"}]}<\/script>\n<!-- \/ Yoast SEO plugin. -->","yoast_head_json":{"title":"Lauri L\u00e4hteenm\u00e4ki: Green Gold Fever: Report about the state of forests in Finland - Online shop for photographic art","robots":{"index":"index","follow":"follow","max-snippet":"max-snippet:-1","max-image-preview":"max-image-preview:large","max-video-preview":"max-video-preview:-1"},"canonical":"https:\/\/shop.hippolyte.fi\/en\/product\/lauri-lahteenmaki-green-gold-fever-report-about-the-state-of-forests-in-finland\/","og_locale":"en_US","og_type":"article","og_title":"Lauri L\u00e4hteenm\u00e4ki: Green Gold Fever: Report about the state of forests in Finland - Online shop for photographic art","og_description":"ISBN: 978-952-94-6111-0 Publisher: Self published Released: 2022 Photography, editing and graphic design: Lauri L\u00e4hteenm\u00e4ki Texts: Media excerpts Language: Finnish Edition: 200 Paino: KOPA, Lithuania Dimensions: 30 x 1,5 x 24 cm","og_url":"https:\/\/shop.hippolyte.fi\/en\/product\/lauri-lahteenmaki-green-gold-fever-report-about-the-state-of-forests-in-finland\/","og_site_name":"Online shop for photographic art","article_modified_time":"2025-11-06T09:49:58+00:00","og_image":[{"width":1200,"height":1200,"url":"https:\/\/shop.hippolyte.fi\/wp-content\/uploads\/2024\/11\/lahteenmaki_vihreankullankuume.jpg","type":"image\/jpeg"}],"twitter_card":"summary_large_image","twitter_misc":{"Est. reading time":"1 minute"},"schema":{"@context":"https:\/\/schema.org","@graph":[{"@type":"WebPage","@id":"https:\/\/shop.hippolyte.fi\/en\/product\/lauri-lahteenmaki-green-gold-fever-report-about-the-state-of-forests-in-finland\/","url":"https:\/\/shop.hippolyte.fi\/en\/product\/lauri-lahteenmaki-green-gold-fever-report-about-the-state-of-forests-in-finland\/","name":"Lauri L\u00e4hteenm\u00e4ki: Green Gold Fever: Report about the state of forests in Finland - Online shop for photographic art","isPartOf":{"@id":"https:\/\/shop.hippolyte.fi\/en\/#website"},"primaryImageOfPage":{"@id":"https:\/\/shop.hippolyte.fi\/en\/product\/lauri-lahteenmaki-green-gold-fever-report-about-the-state-of-forests-in-finland\/#primaryimage"},"image":{"@id":"https:\/\/shop.hippolyte.fi\/en\/product\/lauri-lahteenmaki-green-gold-fever-report-about-the-state-of-forests-in-finland\/#primaryimage"},"thumbnailUrl":"https:\/\/shop.hippolyte.fi\/wp-content\/uploads\/2024\/11\/lahteenmaki_vihreankullankuume.jpg","datePublished":"2024-11-13T09:39:51+00:00","dateModified":"2025-11-06T09:49:58+00:00","breadcrumb":{"@id":"https:\/\/shop.hippolyte.fi\/en\/product\/lauri-lahteenmaki-green-gold-fever-report-about-the-state-of-forests-in-finland\/#breadcrumb"},"inLanguage":"en-US","potentialAction":[{"@type":"ReadAction","target":["https:\/\/shop.hippolyte.fi\/en\/product\/lauri-lahteenmaki-green-gold-fever-report-about-the-state-of-forests-in-finland\/"]}]},{"@type":"ImageObject","inLanguage":"en-US","@id":"https:\/\/shop.hippolyte.fi\/en\/product\/lauri-lahteenmaki-green-gold-fever-report-about-the-state-of-forests-in-finland\/#primaryimage","url":"https:\/\/shop.hippolyte.fi\/wp-content\/uploads\/2024\/11\/lahteenmaki_vihreankullankuume.jpg","contentUrl":"https:\/\/shop.hippolyte.fi\/wp-content\/uploads\/2024\/11\/lahteenmaki_vihreankullankuume.jpg","width":1200,"height":1200},{"@type":"BreadcrumbList","@id":"https:\/\/shop.hippolyte.fi\/en\/product\/lauri-lahteenmaki-green-gold-fever-report-about-the-state-of-forests-in-finland\/#breadcrumb","itemListElement":[{"@type":"ListItem","position":1,"name":"Etusivu","item":"https:\/\/shop.hippolyte.fi\/en\/"},{"@type":"ListItem","position":2,"name":"Shop","item":"https:\/\/shop.hippolyte.fi\/en\/shop\/"},{"@type":"ListItem","position":3,"name":"Lauri L\u00e4hteenm\u00e4ki: Green Gold Fever: Report about the state of forests in Finland"}]},{"@type":"WebSite","@id":"https:\/\/shop.hippolyte.fi\/en\/#website","url":"https:\/\/shop.hippolyte.fi\/en\/","name":"Online shop for photographic art","description":"Verkkokaupassa myyd\u00e4\u00e4n teoksia ja valokuvataidekirjoja. OTOS-tapahtuman aikana my\u00f6s tapahtuman teoksia.","potentialAction":[{"@type":"SearchAction","target":{"@type":"EntryPoint","urlTemplate":"https:\/\/shop.hippolyte.fi\/en\/?s={search_term_string}"},"query-input":{"@type":"PropertyValueSpecification","valueRequired":true,"valueName":"search_term_string"}}],"inLanguage":"en-US"}]}},"_links":{"self":[{"href":"https:\/\/shop.hippolyte.fi\/en\/wp-json\/wp\/v2\/product\/4181","targetHints":{"allow":["GET"]}}],"collection":[{"href":"https:\/\/shop.hippolyte.fi\/en\/wp-json\/wp\/v2\/product"}],"about":[{"href":"https:\/\/shop.hippolyte.fi\/en\/wp-json\/wp\/v2\/types\/product"}],"wp:featuredmedia":[{"embeddable":true,"href":"https:\/\/shop.hippolyte.fi\/en\/wp-json\/wp\/v2\/media\/4103"}],"wp:attachment":[{"href":"https:\/\/shop.hippolyte.fi\/en\/wp-json\/wp\/v2\/media?parent=4181"}],"wp:term":[{"taxonomy":"product_brand","embeddable":true,"href":"https:\/\/shop.hippolyte.fi\/en\/wp-json\/wp\/v2\/product_brand?post=4181"},{"taxonomy":"product_cat","embeddable":true,"href":"https:\/\/shop.hippolyte.fi\/en\/wp-json\/wp\/v2\/product_cat?post=4181"},{"taxonomy":"product_tag","embeddable":true,"href":"https:\/\/shop.hippolyte.fi\/en\/wp-json\/wp\/v2\/product_tag?post=4181"},{"taxonomy":"artists","embeddable":true,"href":"https:\/\/shop.hippolyte.fi\/en\/wp-json\/wp\/v2\/artists?post=4181"},{"taxonomy":"location","embeddable":true,"href":"https:\/\/shop.hippolyte.fi\/en\/wp-json\/wp\/v2\/location?post=4181"},{"taxonomy":"publisher","embeddable":true,"href":"https:\/\/shop.hippolyte.fi\/en\/wp-json\/wp\/v2\/publisher?post=4181"},{"taxonomy":"years","embeddable":true,"href":"https:\/\/shop.hippolyte.fi\/en\/wp-json\/wp\/v2\/years?post=4181"}],"curies":[{"name":"wp","href":"https:\/\/api.w.org\/{rel}","templated":true}]}}