{"id":4184,"date":"2024-11-13T11:39:55","date_gmt":"2024-11-13T09:39:55","guid":{"rendered":"https:\/\/shop.hippolyte.fi\/?post_type=product&#038;p=4184"},"modified":"2025-11-06T11:49:58","modified_gmt":"2025-11-06T09:49:58","slug":"nina-korhonen-handmade","status":"publish","type":"product","link":"https:\/\/shop.hippolyte.fi\/en\/product\/nina-korhonen-handmade\/","title":{"rendered":"Nina Korhonen: Handmade"},"content":{"rendered":"<p>For a long time, Shikoku, the smallest of Japan&#8217;s four main islands, was called the &#8220;&#8221;back side of Japan&#8221;&#8221;; until 1988, it was only possible to get there by ferry. From other parts of Japan, surfers, hikers and nature photographers made pilgrimages to enjoy the vast expanses of unspoiled nature: the dramatic mountains, the deep forests, the emerald green rivers and the vast, unexploited coastlines. For most other Japanese, however, the island remained a hidden secret for a long time, a peripheral land to which one did not really have to pay much attention.<br \/>\nBut what exactly is the center of Japan? Are these the really big cities like Tokyo, Kyoto and Osaka? The longer you spend on Shikoku, the less confident you become. The difficulty accessing the island has meant that those in opposition to the ruling powers have at times fled to the island and its four prefectures: Kochi, Ehime, Kagawa and Tokushima. Leaders of peasant uprisings, obnoxious courtiers, rebellious samurai and those who professed the forbidden Christian doctrine sought to come here.<\/p>\n<p>The opposition from different social classes coming to the island over the times have made a clear impression on the local culture. Here folk dances contain elements of medieval court dances, the traditional craft is refined &#8211; not least the production of paper with its 1300-year- old origins &#8211; and the oral storytelling tradition pays homage to historical heroes who have stood up to power.<\/p>\n<p>The legacy of opposition manifests itself in pride in the homeland and a healthy skepticism towards the central government in Tokyo. Nobel laureate Kenzaburo Oe &#8211; born in Ehime &#8211; wrote about this in the novel about his upbringing, &#8220;&#8221;M\/T and the Narrative About the Marvels of the Forest&#8221;&#8221;.<\/p>\n<p>Shikoku is a part of Japan that was industrialized late and many still lives mainly on agriculture and fishing. For a long time, the island was seen as hopeless in terms of the modernization process, but today it is one of the areas in Japan where the inhabitants say they are the happiest and have the highest quality of life. Just look at the pride and calmness evident in the people in Nina Korhonen&#8217;s pictures from Kochi prefecture. In Shikoku, life flows at a calmer, more humane pace, unemployment is comparatively low, educational stress for children and young people is less than in the big cities and nature is never far away &#8211; not even for the island&#8217;s urban population. Perhaps this is where one finds the soul of Japan, in a part of the country that had to be modernized at its own pace &#8211; without sacrificing human well-being.<\/p>\n","protected":false},"excerpt":{"rendered":"<p>ISBN: 978-91-527-3851-1<br \/>\nPublisher: Self-published<br \/>\nReleased: 2022<br \/>\nPhotography: Nina Korhonen<br \/>\nText: Yukiko Duke<br \/>\nGraphic Design and Editing: Nina Korhonen, Tore Sandahl<br \/>\nTranslation: Kyoko Frid\u00e9n<br \/>\nPrinting: AS Printon, Tallinn<br \/>\nLanguage: Swedish, English, Japanese<br \/>\nEdition: 500<br \/>\nPages: 104<br \/>\nSize: 24,5 x 20,5 cm<br \/>\nHardcover<\/p>\n","protected":false},"featured_media":4094,"template":"","meta":{"_acf_changed":false},"product_brand":[],"product_cat":[409],"product_tag":[],"artists":[],"location":[55],"publisher":[411],"years":[435],"class_list":{"0":"post-4184","1":"product","2":"type-product","3":"status-publish","4":"has-post-thumbnail","6":"product_cat-artist-books","7":"product_shipping_class-posti-xxs-max-3-x-25-x-35-cm-2kg","8":"location-photographic-gallery-hippolyte","9":"publisher-itsejulkaistu","10":"years-435","12":"first","13":"instock","14":"taxable","15":"shipping-taxable","16":"purchasable","17":"product-type-simple"},"acf":[],"yoast_head":"<!-- This site is optimized with the Yoast SEO plugin v26.0 - https:\/\/yoast.com\/wordpress\/plugins\/seo\/ -->\n<title>Nina Korhonen: Handmade - Online shop for photographic art<\/title>\n<meta name=\"robots\" content=\"index, follow, max-snippet:-1, max-image-preview:large, max-video-preview:-1\" \/>\n<link rel=\"canonical\" href=\"https:\/\/shop.hippolyte.fi\/en\/product\/nina-korhonen-handmade\/\" \/>\n<meta property=\"og:locale\" content=\"en_US\" \/>\n<meta property=\"og:type\" content=\"article\" \/>\n<meta property=\"og:title\" content=\"Nina Korhonen: Handmade - Online shop for photographic art\" \/>\n<meta property=\"og:description\" content=\"ISBN: 978-91-527-3851-1 Publisher: Self-published Released: 2022 Photography: Nina Korhonen Text: Yukiko Duke Graphic Design and Editing: Nina Korhonen, Tore Sandahl Translation: Kyoko Frid\u00e9n Printing: AS Printon, Tallinn Language: Swedish, English, Japanese Edition: 500 Pages: 104 Size: 24,5 x 20,5 cm Hardcover\" \/>\n<meta property=\"og:url\" content=\"https:\/\/shop.hippolyte.fi\/en\/product\/nina-korhonen-handmade\/\" \/>\n<meta property=\"og:site_name\" content=\"Online shop for photographic art\" \/>\n<meta property=\"article:modified_time\" content=\"2025-11-06T09:49:58+00:00\" \/>\n<meta property=\"og:image\" content=\"https:\/\/shop.hippolyte.fi\/wp-content\/uploads\/2024\/11\/korhonen_handmade.jpg\" \/>\n\t<meta property=\"og:image:width\" content=\"1200\" \/>\n\t<meta property=\"og:image:height\" content=\"1200\" \/>\n\t<meta property=\"og:image:type\" content=\"image\/jpeg\" \/>\n<meta name=\"twitter:card\" content=\"summary_large_image\" \/>\n<meta name=\"twitter:label1\" content=\"Est. reading time\" \/>\n\t<meta name=\"twitter:data1\" content=\"3 minutes\" \/>\n<script type=\"application\/ld+json\" class=\"yoast-schema-graph\">{\"@context\":\"https:\/\/schema.org\",\"@graph\":[{\"@type\":\"WebPage\",\"@id\":\"https:\/\/shop.hippolyte.fi\/en\/product\/nina-korhonen-handmade\/\",\"url\":\"https:\/\/shop.hippolyte.fi\/en\/product\/nina-korhonen-handmade\/\",\"name\":\"Nina Korhonen: Handmade - Online shop for photographic art\",\"isPartOf\":{\"@id\":\"https:\/\/shop.hippolyte.fi\/en\/#website\"},\"primaryImageOfPage\":{\"@id\":\"https:\/\/shop.hippolyte.fi\/en\/product\/nina-korhonen-handmade\/#primaryimage\"},\"image\":{\"@id\":\"https:\/\/shop.hippolyte.fi\/en\/product\/nina-korhonen-handmade\/#primaryimage\"},\"thumbnailUrl\":\"https:\/\/shop.hippolyte.fi\/wp-content\/uploads\/2024\/11\/korhonen_handmade.jpg\",\"datePublished\":\"2024-11-13T09:39:55+00:00\",\"dateModified\":\"2025-11-06T09:49:58+00:00\",\"breadcrumb\":{\"@id\":\"https:\/\/shop.hippolyte.fi\/en\/product\/nina-korhonen-handmade\/#breadcrumb\"},\"inLanguage\":\"en-US\",\"potentialAction\":[{\"@type\":\"ReadAction\",\"target\":[\"https:\/\/shop.hippolyte.fi\/en\/product\/nina-korhonen-handmade\/\"]}]},{\"@type\":\"ImageObject\",\"inLanguage\":\"en-US\",\"@id\":\"https:\/\/shop.hippolyte.fi\/en\/product\/nina-korhonen-handmade\/#primaryimage\",\"url\":\"https:\/\/shop.hippolyte.fi\/wp-content\/uploads\/2024\/11\/korhonen_handmade.jpg\",\"contentUrl\":\"https:\/\/shop.hippolyte.fi\/wp-content\/uploads\/2024\/11\/korhonen_handmade.jpg\",\"width\":1200,\"height\":1200},{\"@type\":\"BreadcrumbList\",\"@id\":\"https:\/\/shop.hippolyte.fi\/en\/product\/nina-korhonen-handmade\/#breadcrumb\",\"itemListElement\":[{\"@type\":\"ListItem\",\"position\":1,\"name\":\"Etusivu\",\"item\":\"https:\/\/shop.hippolyte.fi\/en\/\"},{\"@type\":\"ListItem\",\"position\":2,\"name\":\"Shop\",\"item\":\"https:\/\/shop.hippolyte.fi\/en\/shop\/\"},{\"@type\":\"ListItem\",\"position\":3,\"name\":\"Nina Korhonen: Handmade\"}]},{\"@type\":\"WebSite\",\"@id\":\"https:\/\/shop.hippolyte.fi\/en\/#website\",\"url\":\"https:\/\/shop.hippolyte.fi\/en\/\",\"name\":\"Online shop for photographic art\",\"description\":\"Verkkokaupassa myyd\u00e4\u00e4n teoksia ja valokuvataidekirjoja. OTOS-tapahtuman aikana my\u00f6s tapahtuman teoksia.\",\"potentialAction\":[{\"@type\":\"SearchAction\",\"target\":{\"@type\":\"EntryPoint\",\"urlTemplate\":\"https:\/\/shop.hippolyte.fi\/en\/?s={search_term_string}\"},\"query-input\":{\"@type\":\"PropertyValueSpecification\",\"valueRequired\":true,\"valueName\":\"search_term_string\"}}],\"inLanguage\":\"en-US\"}]}<\/script>\n<!-- \/ Yoast SEO plugin. -->","yoast_head_json":{"title":"Nina Korhonen: Handmade - Online shop for photographic art","robots":{"index":"index","follow":"follow","max-snippet":"max-snippet:-1","max-image-preview":"max-image-preview:large","max-video-preview":"max-video-preview:-1"},"canonical":"https:\/\/shop.hippolyte.fi\/en\/product\/nina-korhonen-handmade\/","og_locale":"en_US","og_type":"article","og_title":"Nina Korhonen: Handmade - Online shop for photographic art","og_description":"ISBN: 978-91-527-3851-1 Publisher: Self-published Released: 2022 Photography: Nina Korhonen Text: Yukiko Duke Graphic Design and Editing: Nina Korhonen, Tore Sandahl Translation: Kyoko Frid\u00e9n Printing: AS Printon, Tallinn Language: Swedish, English, Japanese Edition: 500 Pages: 104 Size: 24,5 x 20,5 cm Hardcover","og_url":"https:\/\/shop.hippolyte.fi\/en\/product\/nina-korhonen-handmade\/","og_site_name":"Online shop for photographic art","article_modified_time":"2025-11-06T09:49:58+00:00","og_image":[{"width":1200,"height":1200,"url":"https:\/\/shop.hippolyte.fi\/wp-content\/uploads\/2024\/11\/korhonen_handmade.jpg","type":"image\/jpeg"}],"twitter_card":"summary_large_image","twitter_misc":{"Est. reading time":"3 minutes"},"schema":{"@context":"https:\/\/schema.org","@graph":[{"@type":"WebPage","@id":"https:\/\/shop.hippolyte.fi\/en\/product\/nina-korhonen-handmade\/","url":"https:\/\/shop.hippolyte.fi\/en\/product\/nina-korhonen-handmade\/","name":"Nina Korhonen: Handmade - Online shop for photographic art","isPartOf":{"@id":"https:\/\/shop.hippolyte.fi\/en\/#website"},"primaryImageOfPage":{"@id":"https:\/\/shop.hippolyte.fi\/en\/product\/nina-korhonen-handmade\/#primaryimage"},"image":{"@id":"https:\/\/shop.hippolyte.fi\/en\/product\/nina-korhonen-handmade\/#primaryimage"},"thumbnailUrl":"https:\/\/shop.hippolyte.fi\/wp-content\/uploads\/2024\/11\/korhonen_handmade.jpg","datePublished":"2024-11-13T09:39:55+00:00","dateModified":"2025-11-06T09:49:58+00:00","breadcrumb":{"@id":"https:\/\/shop.hippolyte.fi\/en\/product\/nina-korhonen-handmade\/#breadcrumb"},"inLanguage":"en-US","potentialAction":[{"@type":"ReadAction","target":["https:\/\/shop.hippolyte.fi\/en\/product\/nina-korhonen-handmade\/"]}]},{"@type":"ImageObject","inLanguage":"en-US","@id":"https:\/\/shop.hippolyte.fi\/en\/product\/nina-korhonen-handmade\/#primaryimage","url":"https:\/\/shop.hippolyte.fi\/wp-content\/uploads\/2024\/11\/korhonen_handmade.jpg","contentUrl":"https:\/\/shop.hippolyte.fi\/wp-content\/uploads\/2024\/11\/korhonen_handmade.jpg","width":1200,"height":1200},{"@type":"BreadcrumbList","@id":"https:\/\/shop.hippolyte.fi\/en\/product\/nina-korhonen-handmade\/#breadcrumb","itemListElement":[{"@type":"ListItem","position":1,"name":"Etusivu","item":"https:\/\/shop.hippolyte.fi\/en\/"},{"@type":"ListItem","position":2,"name":"Shop","item":"https:\/\/shop.hippolyte.fi\/en\/shop\/"},{"@type":"ListItem","position":3,"name":"Nina Korhonen: Handmade"}]},{"@type":"WebSite","@id":"https:\/\/shop.hippolyte.fi\/en\/#website","url":"https:\/\/shop.hippolyte.fi\/en\/","name":"Online shop for photographic art","description":"Verkkokaupassa myyd\u00e4\u00e4n teoksia ja valokuvataidekirjoja. OTOS-tapahtuman aikana my\u00f6s tapahtuman teoksia.","potentialAction":[{"@type":"SearchAction","target":{"@type":"EntryPoint","urlTemplate":"https:\/\/shop.hippolyte.fi\/en\/?s={search_term_string}"},"query-input":{"@type":"PropertyValueSpecification","valueRequired":true,"valueName":"search_term_string"}}],"inLanguage":"en-US"}]}},"_links":{"self":[{"href":"https:\/\/shop.hippolyte.fi\/en\/wp-json\/wp\/v2\/product\/4184","targetHints":{"allow":["GET"]}}],"collection":[{"href":"https:\/\/shop.hippolyte.fi\/en\/wp-json\/wp\/v2\/product"}],"about":[{"href":"https:\/\/shop.hippolyte.fi\/en\/wp-json\/wp\/v2\/types\/product"}],"wp:featuredmedia":[{"embeddable":true,"href":"https:\/\/shop.hippolyte.fi\/en\/wp-json\/wp\/v2\/media\/4094"}],"wp:attachment":[{"href":"https:\/\/shop.hippolyte.fi\/en\/wp-json\/wp\/v2\/media?parent=4184"}],"wp:term":[{"taxonomy":"product_brand","embeddable":true,"href":"https:\/\/shop.hippolyte.fi\/en\/wp-json\/wp\/v2\/product_brand?post=4184"},{"taxonomy":"product_cat","embeddable":true,"href":"https:\/\/shop.hippolyte.fi\/en\/wp-json\/wp\/v2\/product_cat?post=4184"},{"taxonomy":"product_tag","embeddable":true,"href":"https:\/\/shop.hippolyte.fi\/en\/wp-json\/wp\/v2\/product_tag?post=4184"},{"taxonomy":"artists","embeddable":true,"href":"https:\/\/shop.hippolyte.fi\/en\/wp-json\/wp\/v2\/artists?post=4184"},{"taxonomy":"location","embeddable":true,"href":"https:\/\/shop.hippolyte.fi\/en\/wp-json\/wp\/v2\/location?post=4184"},{"taxonomy":"publisher","embeddable":true,"href":"https:\/\/shop.hippolyte.fi\/en\/wp-json\/wp\/v2\/publisher?post=4184"},{"taxonomy":"years","embeddable":true,"href":"https:\/\/shop.hippolyte.fi\/en\/wp-json\/wp\/v2\/years?post=4184"}],"curies":[{"name":"wp","href":"https:\/\/api.w.org\/{rel}","templated":true}]}}