{"id":4185,"date":"2024-11-13T11:39:56","date_gmt":"2024-11-13T09:39:56","guid":{"rendered":"https:\/\/shop.hippolyte.fi\/?post_type=product&#038;p=4185"},"modified":"2025-11-06T11:49:58","modified_gmt":"2025-11-06T09:49:58","slug":"natalia-kopkina-rautahampaat","status":"publish","type":"product","link":"https:\/\/shop.hippolyte.fi\/en\/product\/natalia-kopkina-rautahampaat\/","title":{"rendered":"Natalia Kopkina: Rautahampaat"},"content":{"rendered":"<p>Rautahampaat and Sokeripalat are a pair of artist books published by photographer Natalia Kopkina in 2024. Rautahampaat (Iron Teeth) is based on Kopkina&#8217;s photographic work Muotokuvatutkielmia (Portrait Studies) from 2019. The handmade books were designed and produced by the artist herself, in collaboration with bookbinder Juha Markula, who was responsible for the letterpress printing and hand binding. The book, published in an edition of 50 copies, is the sixth joint publication by Kopkina and Markula.<\/p>\n","protected":false},"excerpt":{"rendered":"<p>ISBN: 978-952-69089-4-6<br \/>\nPublisher: I am not Publishing<br \/>\nReleased: 2024<br \/>\nPhotography: Natalia Kopkina<br \/>\nDesign: Natalia Kopkina<br \/>\nLanguage: Finnish<br \/>\nEdition: 50<br \/>\nPages: 24<br \/>\nPrinting: Natalia Kopkina and Juha Markula<br \/>\nBinding: Juha Markula<br \/>\nDimensions: 20 x 13 cm<\/p>\n","protected":false},"featured_media":4091,"template":"","meta":{"_acf_changed":false},"product_brand":[],"product_cat":[45,409],"product_tag":[],"artists":[],"location":[55],"publisher":[421],"years":[433],"class_list":{"0":"post-4185","1":"product","2":"type-product","3":"status-publish","4":"has-post-thumbnail","6":"product_cat-bookshop","7":"product_cat-artist-books","8":"product_shipping_class-posti-xxs-max-3-x-25-x-35-cm-2kg","9":"location-photographic-gallery-hippolyte","10":"publisher-i-am-not-publishing","11":"years-433","13":"first","14":"instock","15":"taxable","16":"shipping-taxable","17":"purchasable","18":"product-type-simple"},"acf":[],"yoast_head":"<!-- This site is optimized with the Yoast SEO plugin v26.0 - https:\/\/yoast.com\/wordpress\/plugins\/seo\/ -->\n<title>Natalia Kopkina: Rautahampaat - Online shop for photographic art<\/title>\n<meta name=\"robots\" content=\"index, follow, max-snippet:-1, max-image-preview:large, max-video-preview:-1\" \/>\n<link rel=\"canonical\" href=\"https:\/\/shop.hippolyte.fi\/en\/product\/natalia-kopkina-rautahampaat\/\" \/>\n<meta property=\"og:locale\" content=\"en_US\" \/>\n<meta property=\"og:type\" content=\"article\" \/>\n<meta property=\"og:title\" content=\"Natalia Kopkina: Rautahampaat - Online shop for photographic art\" \/>\n<meta property=\"og:description\" content=\"ISBN: 978-952-69089-4-6 Publisher: I am not Publishing Released: 2024 Photography: Natalia Kopkina Design: Natalia Kopkina Language: Finnish Edition: 50 Pages: 24 Printing: Natalia Kopkina and Juha Markula Binding: Juha Markula Dimensions: 20 x 13 cm\" \/>\n<meta property=\"og:url\" content=\"https:\/\/shop.hippolyte.fi\/en\/product\/natalia-kopkina-rautahampaat\/\" \/>\n<meta property=\"og:site_name\" content=\"Online shop for photographic art\" \/>\n<meta property=\"article:modified_time\" content=\"2025-11-06T09:49:58+00:00\" \/>\n<meta property=\"og:image\" content=\"https:\/\/shop.hippolyte.fi\/wp-content\/uploads\/2024\/11\/kopkina_rautahampaat.jpg\" \/>\n\t<meta property=\"og:image:width\" content=\"1200\" \/>\n\t<meta property=\"og:image:height\" content=\"1200\" \/>\n\t<meta property=\"og:image:type\" content=\"image\/jpeg\" \/>\n<meta name=\"twitter:card\" content=\"summary_large_image\" \/>\n<meta name=\"twitter:label1\" content=\"Est. reading time\" \/>\n\t<meta name=\"twitter:data1\" content=\"1 minute\" \/>\n<script type=\"application\/ld+json\" class=\"yoast-schema-graph\">{\"@context\":\"https:\/\/schema.org\",\"@graph\":[{\"@type\":\"WebPage\",\"@id\":\"https:\/\/shop.hippolyte.fi\/en\/product\/natalia-kopkina-rautahampaat\/\",\"url\":\"https:\/\/shop.hippolyte.fi\/en\/product\/natalia-kopkina-rautahampaat\/\",\"name\":\"Natalia Kopkina: Rautahampaat - Online shop for photographic art\",\"isPartOf\":{\"@id\":\"https:\/\/shop.hippolyte.fi\/en\/#website\"},\"primaryImageOfPage\":{\"@id\":\"https:\/\/shop.hippolyte.fi\/en\/product\/natalia-kopkina-rautahampaat\/#primaryimage\"},\"image\":{\"@id\":\"https:\/\/shop.hippolyte.fi\/en\/product\/natalia-kopkina-rautahampaat\/#primaryimage\"},\"thumbnailUrl\":\"https:\/\/shop.hippolyte.fi\/wp-content\/uploads\/2024\/11\/kopkina_rautahampaat.jpg\",\"datePublished\":\"2024-11-13T09:39:56+00:00\",\"dateModified\":\"2025-11-06T09:49:58+00:00\",\"breadcrumb\":{\"@id\":\"https:\/\/shop.hippolyte.fi\/en\/product\/natalia-kopkina-rautahampaat\/#breadcrumb\"},\"inLanguage\":\"en-US\",\"potentialAction\":[{\"@type\":\"ReadAction\",\"target\":[\"https:\/\/shop.hippolyte.fi\/en\/product\/natalia-kopkina-rautahampaat\/\"]}]},{\"@type\":\"ImageObject\",\"inLanguage\":\"en-US\",\"@id\":\"https:\/\/shop.hippolyte.fi\/en\/product\/natalia-kopkina-rautahampaat\/#primaryimage\",\"url\":\"https:\/\/shop.hippolyte.fi\/wp-content\/uploads\/2024\/11\/kopkina_rautahampaat.jpg\",\"contentUrl\":\"https:\/\/shop.hippolyte.fi\/wp-content\/uploads\/2024\/11\/kopkina_rautahampaat.jpg\",\"width\":1200,\"height\":1200},{\"@type\":\"BreadcrumbList\",\"@id\":\"https:\/\/shop.hippolyte.fi\/en\/product\/natalia-kopkina-rautahampaat\/#breadcrumb\",\"itemListElement\":[{\"@type\":\"ListItem\",\"position\":1,\"name\":\"Etusivu\",\"item\":\"https:\/\/shop.hippolyte.fi\/en\/\"},{\"@type\":\"ListItem\",\"position\":2,\"name\":\"Shop\",\"item\":\"https:\/\/shop.hippolyte.fi\/en\/shop\/\"},{\"@type\":\"ListItem\",\"position\":3,\"name\":\"Natalia Kopkina: Rautahampaat\"}]},{\"@type\":\"WebSite\",\"@id\":\"https:\/\/shop.hippolyte.fi\/en\/#website\",\"url\":\"https:\/\/shop.hippolyte.fi\/en\/\",\"name\":\"Online shop for photographic art\",\"description\":\"Verkkokaupassa myyd\u00e4\u00e4n teoksia ja valokuvataidekirjoja. OTOS-tapahtuman aikana my\u00f6s tapahtuman teoksia.\",\"potentialAction\":[{\"@type\":\"SearchAction\",\"target\":{\"@type\":\"EntryPoint\",\"urlTemplate\":\"https:\/\/shop.hippolyte.fi\/en\/?s={search_term_string}\"},\"query-input\":{\"@type\":\"PropertyValueSpecification\",\"valueRequired\":true,\"valueName\":\"search_term_string\"}}],\"inLanguage\":\"en-US\"}]}<\/script>\n<!-- \/ Yoast SEO plugin. -->","yoast_head_json":{"title":"Natalia Kopkina: Rautahampaat - Online shop for photographic art","robots":{"index":"index","follow":"follow","max-snippet":"max-snippet:-1","max-image-preview":"max-image-preview:large","max-video-preview":"max-video-preview:-1"},"canonical":"https:\/\/shop.hippolyte.fi\/en\/product\/natalia-kopkina-rautahampaat\/","og_locale":"en_US","og_type":"article","og_title":"Natalia Kopkina: Rautahampaat - Online shop for photographic art","og_description":"ISBN: 978-952-69089-4-6 Publisher: I am not Publishing Released: 2024 Photography: Natalia Kopkina Design: Natalia Kopkina Language: Finnish Edition: 50 Pages: 24 Printing: Natalia Kopkina and Juha Markula Binding: Juha Markula Dimensions: 20 x 13 cm","og_url":"https:\/\/shop.hippolyte.fi\/en\/product\/natalia-kopkina-rautahampaat\/","og_site_name":"Online shop for photographic art","article_modified_time":"2025-11-06T09:49:58+00:00","og_image":[{"width":1200,"height":1200,"url":"https:\/\/shop.hippolyte.fi\/wp-content\/uploads\/2024\/11\/kopkina_rautahampaat.jpg","type":"image\/jpeg"}],"twitter_card":"summary_large_image","twitter_misc":{"Est. reading time":"1 minute"},"schema":{"@context":"https:\/\/schema.org","@graph":[{"@type":"WebPage","@id":"https:\/\/shop.hippolyte.fi\/en\/product\/natalia-kopkina-rautahampaat\/","url":"https:\/\/shop.hippolyte.fi\/en\/product\/natalia-kopkina-rautahampaat\/","name":"Natalia Kopkina: Rautahampaat - Online shop for photographic art","isPartOf":{"@id":"https:\/\/shop.hippolyte.fi\/en\/#website"},"primaryImageOfPage":{"@id":"https:\/\/shop.hippolyte.fi\/en\/product\/natalia-kopkina-rautahampaat\/#primaryimage"},"image":{"@id":"https:\/\/shop.hippolyte.fi\/en\/product\/natalia-kopkina-rautahampaat\/#primaryimage"},"thumbnailUrl":"https:\/\/shop.hippolyte.fi\/wp-content\/uploads\/2024\/11\/kopkina_rautahampaat.jpg","datePublished":"2024-11-13T09:39:56+00:00","dateModified":"2025-11-06T09:49:58+00:00","breadcrumb":{"@id":"https:\/\/shop.hippolyte.fi\/en\/product\/natalia-kopkina-rautahampaat\/#breadcrumb"},"inLanguage":"en-US","potentialAction":[{"@type":"ReadAction","target":["https:\/\/shop.hippolyte.fi\/en\/product\/natalia-kopkina-rautahampaat\/"]}]},{"@type":"ImageObject","inLanguage":"en-US","@id":"https:\/\/shop.hippolyte.fi\/en\/product\/natalia-kopkina-rautahampaat\/#primaryimage","url":"https:\/\/shop.hippolyte.fi\/wp-content\/uploads\/2024\/11\/kopkina_rautahampaat.jpg","contentUrl":"https:\/\/shop.hippolyte.fi\/wp-content\/uploads\/2024\/11\/kopkina_rautahampaat.jpg","width":1200,"height":1200},{"@type":"BreadcrumbList","@id":"https:\/\/shop.hippolyte.fi\/en\/product\/natalia-kopkina-rautahampaat\/#breadcrumb","itemListElement":[{"@type":"ListItem","position":1,"name":"Etusivu","item":"https:\/\/shop.hippolyte.fi\/en\/"},{"@type":"ListItem","position":2,"name":"Shop","item":"https:\/\/shop.hippolyte.fi\/en\/shop\/"},{"@type":"ListItem","position":3,"name":"Natalia Kopkina: Rautahampaat"}]},{"@type":"WebSite","@id":"https:\/\/shop.hippolyte.fi\/en\/#website","url":"https:\/\/shop.hippolyte.fi\/en\/","name":"Online shop for photographic art","description":"Verkkokaupassa myyd\u00e4\u00e4n teoksia ja valokuvataidekirjoja. OTOS-tapahtuman aikana my\u00f6s tapahtuman teoksia.","potentialAction":[{"@type":"SearchAction","target":{"@type":"EntryPoint","urlTemplate":"https:\/\/shop.hippolyte.fi\/en\/?s={search_term_string}"},"query-input":{"@type":"PropertyValueSpecification","valueRequired":true,"valueName":"search_term_string"}}],"inLanguage":"en-US"}]}},"_links":{"self":[{"href":"https:\/\/shop.hippolyte.fi\/en\/wp-json\/wp\/v2\/product\/4185","targetHints":{"allow":["GET"]}}],"collection":[{"href":"https:\/\/shop.hippolyte.fi\/en\/wp-json\/wp\/v2\/product"}],"about":[{"href":"https:\/\/shop.hippolyte.fi\/en\/wp-json\/wp\/v2\/types\/product"}],"wp:featuredmedia":[{"embeddable":true,"href":"https:\/\/shop.hippolyte.fi\/en\/wp-json\/wp\/v2\/media\/4091"}],"wp:attachment":[{"href":"https:\/\/shop.hippolyte.fi\/en\/wp-json\/wp\/v2\/media?parent=4185"}],"wp:term":[{"taxonomy":"product_brand","embeddable":true,"href":"https:\/\/shop.hippolyte.fi\/en\/wp-json\/wp\/v2\/product_brand?post=4185"},{"taxonomy":"product_cat","embeddable":true,"href":"https:\/\/shop.hippolyte.fi\/en\/wp-json\/wp\/v2\/product_cat?post=4185"},{"taxonomy":"product_tag","embeddable":true,"href":"https:\/\/shop.hippolyte.fi\/en\/wp-json\/wp\/v2\/product_tag?post=4185"},{"taxonomy":"artists","embeddable":true,"href":"https:\/\/shop.hippolyte.fi\/en\/wp-json\/wp\/v2\/artists?post=4185"},{"taxonomy":"location","embeddable":true,"href":"https:\/\/shop.hippolyte.fi\/en\/wp-json\/wp\/v2\/location?post=4185"},{"taxonomy":"publisher","embeddable":true,"href":"https:\/\/shop.hippolyte.fi\/en\/wp-json\/wp\/v2\/publisher?post=4185"},{"taxonomy":"years","embeddable":true,"href":"https:\/\/shop.hippolyte.fi\/en\/wp-json\/wp\/v2\/years?post=4185"}],"curies":[{"name":"wp","href":"https:\/\/api.w.org\/{rel}","templated":true}]}}