{"id":4188,"date":"2024-11-13T11:39:57","date_gmt":"2024-11-13T09:39:57","guid":{"rendered":"https:\/\/shop.hippolyte.fi\/?post_type=product&#038;p=4188"},"modified":"2025-11-06T11:49:58","modified_gmt":"2025-11-06T09:49:58","slug":"ulla-kokki-the-weekend-shall-be-warm-and-sunny","status":"publish","type":"product","link":"https:\/\/shop.hippolyte.fi\/en\/product\/ulla-kokki-the-weekend-shall-be-warm-and-sunny\/","title":{"rendered":"Ulla Kokki: The Weekend Shall Be Warm and Sunny"},"content":{"rendered":"<p>With her first monograph The weekend shall be warm and sunny Ulla Kokki looks at the mundane and everyday nothingness which metamorphoses itself to be something wonderful when you keep looking long enough. Perhaps the subject of this book is life itself, its horror and beauty, the kind of all clich\u00e9 that can\u2019t really or shouldn\u2019t be talked about &#8211; the subject remains open and unfinished. The person behind the photograph remains silent and their surroundings a secret yet closeness and importance of seeing and being can be felt.<\/p>\n","protected":false},"excerpt":{"rendered":"<p>ISBN: 978-952-94-7238-3<br \/>\nPublisher: Self-published<br \/>\nReleased: 2023<br \/>\nPhotography: Ulla Kokki<br \/>\nGraphic Design: Ulla Kokki<br \/>\nDrawings on the covers: Anna Kokki<br \/>\nPrinting: Jelgavas tipogr\u0101fija, Latvia<br \/>\nPages: 144<br \/>\nEdition: 300<br \/>\nDimensions: 22 x 16 cm<\/p>\n","protected":false},"featured_media":4082,"template":"","meta":{"_acf_changed":false},"product_brand":[],"product_cat":[409],"product_tag":[],"artists":[],"location":[55],"publisher":[411],"years":[434],"class_list":{"0":"post-4188","1":"product","2":"type-product","3":"status-publish","4":"has-post-thumbnail","6":"product_cat-artist-books","7":"product_shipping_class-posti-xxs-max-3-x-25-x-35-cm-2kg","8":"location-photographic-gallery-hippolyte","9":"publisher-itsejulkaistu","10":"years-434","12":"first","13":"instock","14":"taxable","15":"shipping-taxable","16":"purchasable","17":"product-type-simple"},"acf":[],"yoast_head":"<!-- This site is optimized with the Yoast SEO plugin v26.0 - https:\/\/yoast.com\/wordpress\/plugins\/seo\/ -->\n<title>Ulla Kokki: The Weekend Shall Be Warm and Sunny - Online shop for photographic art<\/title>\n<meta name=\"robots\" content=\"index, follow, max-snippet:-1, max-image-preview:large, max-video-preview:-1\" \/>\n<link rel=\"canonical\" href=\"https:\/\/shop.hippolyte.fi\/en\/product\/ulla-kokki-the-weekend-shall-be-warm-and-sunny\/\" \/>\n<meta property=\"og:locale\" content=\"en_US\" \/>\n<meta property=\"og:type\" content=\"article\" \/>\n<meta property=\"og:title\" content=\"Ulla Kokki: The Weekend Shall Be Warm and Sunny - Online shop for photographic art\" \/>\n<meta property=\"og:description\" content=\"ISBN: 978-952-94-7238-3 Publisher: Self-published Released: 2023 Photography: Ulla Kokki Graphic Design: Ulla Kokki Drawings on the covers: Anna Kokki Printing: Jelgavas tipogr\u0101fija, Latvia Pages: 144 Edition: 300 Dimensions: 22 x 16 cm\" \/>\n<meta property=\"og:url\" content=\"https:\/\/shop.hippolyte.fi\/en\/product\/ulla-kokki-the-weekend-shall-be-warm-and-sunny\/\" \/>\n<meta property=\"og:site_name\" content=\"Online shop for photographic art\" \/>\n<meta property=\"article:modified_time\" content=\"2025-11-06T09:49:58+00:00\" \/>\n<meta property=\"og:image\" content=\"https:\/\/shop.hippolyte.fi\/wp-content\/uploads\/2024\/11\/kokki_theweekendshallbe.jpg\" \/>\n\t<meta property=\"og:image:width\" content=\"1200\" \/>\n\t<meta property=\"og:image:height\" content=\"1200\" \/>\n\t<meta property=\"og:image:type\" content=\"image\/jpeg\" \/>\n<meta name=\"twitter:card\" content=\"summary_large_image\" \/>\n<meta name=\"twitter:label1\" content=\"Est. reading time\" \/>\n\t<meta name=\"twitter:data1\" content=\"1 minute\" \/>\n<script type=\"application\/ld+json\" class=\"yoast-schema-graph\">{\"@context\":\"https:\/\/schema.org\",\"@graph\":[{\"@type\":\"WebPage\",\"@id\":\"https:\/\/shop.hippolyte.fi\/en\/product\/ulla-kokki-the-weekend-shall-be-warm-and-sunny\/\",\"url\":\"https:\/\/shop.hippolyte.fi\/en\/product\/ulla-kokki-the-weekend-shall-be-warm-and-sunny\/\",\"name\":\"Ulla Kokki: The Weekend Shall Be Warm and Sunny - Online shop for photographic art\",\"isPartOf\":{\"@id\":\"https:\/\/shop.hippolyte.fi\/en\/#website\"},\"primaryImageOfPage\":{\"@id\":\"https:\/\/shop.hippolyte.fi\/en\/product\/ulla-kokki-the-weekend-shall-be-warm-and-sunny\/#primaryimage\"},\"image\":{\"@id\":\"https:\/\/shop.hippolyte.fi\/en\/product\/ulla-kokki-the-weekend-shall-be-warm-and-sunny\/#primaryimage\"},\"thumbnailUrl\":\"https:\/\/shop.hippolyte.fi\/wp-content\/uploads\/2024\/11\/kokki_theweekendshallbe.jpg\",\"datePublished\":\"2024-11-13T09:39:57+00:00\",\"dateModified\":\"2025-11-06T09:49:58+00:00\",\"breadcrumb\":{\"@id\":\"https:\/\/shop.hippolyte.fi\/en\/product\/ulla-kokki-the-weekend-shall-be-warm-and-sunny\/#breadcrumb\"},\"inLanguage\":\"en-US\",\"potentialAction\":[{\"@type\":\"ReadAction\",\"target\":[\"https:\/\/shop.hippolyte.fi\/en\/product\/ulla-kokki-the-weekend-shall-be-warm-and-sunny\/\"]}]},{\"@type\":\"ImageObject\",\"inLanguage\":\"en-US\",\"@id\":\"https:\/\/shop.hippolyte.fi\/en\/product\/ulla-kokki-the-weekend-shall-be-warm-and-sunny\/#primaryimage\",\"url\":\"https:\/\/shop.hippolyte.fi\/wp-content\/uploads\/2024\/11\/kokki_theweekendshallbe.jpg\",\"contentUrl\":\"https:\/\/shop.hippolyte.fi\/wp-content\/uploads\/2024\/11\/kokki_theweekendshallbe.jpg\",\"width\":1200,\"height\":1200},{\"@type\":\"BreadcrumbList\",\"@id\":\"https:\/\/shop.hippolyte.fi\/en\/product\/ulla-kokki-the-weekend-shall-be-warm-and-sunny\/#breadcrumb\",\"itemListElement\":[{\"@type\":\"ListItem\",\"position\":1,\"name\":\"Etusivu\",\"item\":\"https:\/\/shop.hippolyte.fi\/en\/\"},{\"@type\":\"ListItem\",\"position\":2,\"name\":\"Shop\",\"item\":\"https:\/\/shop.hippolyte.fi\/en\/shop\/\"},{\"@type\":\"ListItem\",\"position\":3,\"name\":\"Ulla Kokki: The Weekend Shall Be Warm and Sunny\"}]},{\"@type\":\"WebSite\",\"@id\":\"https:\/\/shop.hippolyte.fi\/en\/#website\",\"url\":\"https:\/\/shop.hippolyte.fi\/en\/\",\"name\":\"Online shop for photographic art\",\"description\":\"Verkkokaupassa myyd\u00e4\u00e4n teoksia ja valokuvataidekirjoja. OTOS-tapahtuman aikana my\u00f6s tapahtuman teoksia.\",\"potentialAction\":[{\"@type\":\"SearchAction\",\"target\":{\"@type\":\"EntryPoint\",\"urlTemplate\":\"https:\/\/shop.hippolyte.fi\/en\/?s={search_term_string}\"},\"query-input\":{\"@type\":\"PropertyValueSpecification\",\"valueRequired\":true,\"valueName\":\"search_term_string\"}}],\"inLanguage\":\"en-US\"}]}<\/script>\n<!-- \/ Yoast SEO plugin. -->","yoast_head_json":{"title":"Ulla Kokki: The Weekend Shall Be Warm and Sunny - Online shop for photographic art","robots":{"index":"index","follow":"follow","max-snippet":"max-snippet:-1","max-image-preview":"max-image-preview:large","max-video-preview":"max-video-preview:-1"},"canonical":"https:\/\/shop.hippolyte.fi\/en\/product\/ulla-kokki-the-weekend-shall-be-warm-and-sunny\/","og_locale":"en_US","og_type":"article","og_title":"Ulla Kokki: The Weekend Shall Be Warm and Sunny - Online shop for photographic art","og_description":"ISBN: 978-952-94-7238-3 Publisher: Self-published Released: 2023 Photography: Ulla Kokki Graphic Design: Ulla Kokki Drawings on the covers: Anna Kokki Printing: Jelgavas tipogr\u0101fija, Latvia Pages: 144 Edition: 300 Dimensions: 22 x 16 cm","og_url":"https:\/\/shop.hippolyte.fi\/en\/product\/ulla-kokki-the-weekend-shall-be-warm-and-sunny\/","og_site_name":"Online shop for photographic art","article_modified_time":"2025-11-06T09:49:58+00:00","og_image":[{"width":1200,"height":1200,"url":"https:\/\/shop.hippolyte.fi\/wp-content\/uploads\/2024\/11\/kokki_theweekendshallbe.jpg","type":"image\/jpeg"}],"twitter_card":"summary_large_image","twitter_misc":{"Est. reading time":"1 minute"},"schema":{"@context":"https:\/\/schema.org","@graph":[{"@type":"WebPage","@id":"https:\/\/shop.hippolyte.fi\/en\/product\/ulla-kokki-the-weekend-shall-be-warm-and-sunny\/","url":"https:\/\/shop.hippolyte.fi\/en\/product\/ulla-kokki-the-weekend-shall-be-warm-and-sunny\/","name":"Ulla Kokki: The Weekend Shall Be Warm and Sunny - Online shop for photographic art","isPartOf":{"@id":"https:\/\/shop.hippolyte.fi\/en\/#website"},"primaryImageOfPage":{"@id":"https:\/\/shop.hippolyte.fi\/en\/product\/ulla-kokki-the-weekend-shall-be-warm-and-sunny\/#primaryimage"},"image":{"@id":"https:\/\/shop.hippolyte.fi\/en\/product\/ulla-kokki-the-weekend-shall-be-warm-and-sunny\/#primaryimage"},"thumbnailUrl":"https:\/\/shop.hippolyte.fi\/wp-content\/uploads\/2024\/11\/kokki_theweekendshallbe.jpg","datePublished":"2024-11-13T09:39:57+00:00","dateModified":"2025-11-06T09:49:58+00:00","breadcrumb":{"@id":"https:\/\/shop.hippolyte.fi\/en\/product\/ulla-kokki-the-weekend-shall-be-warm-and-sunny\/#breadcrumb"},"inLanguage":"en-US","potentialAction":[{"@type":"ReadAction","target":["https:\/\/shop.hippolyte.fi\/en\/product\/ulla-kokki-the-weekend-shall-be-warm-and-sunny\/"]}]},{"@type":"ImageObject","inLanguage":"en-US","@id":"https:\/\/shop.hippolyte.fi\/en\/product\/ulla-kokki-the-weekend-shall-be-warm-and-sunny\/#primaryimage","url":"https:\/\/shop.hippolyte.fi\/wp-content\/uploads\/2024\/11\/kokki_theweekendshallbe.jpg","contentUrl":"https:\/\/shop.hippolyte.fi\/wp-content\/uploads\/2024\/11\/kokki_theweekendshallbe.jpg","width":1200,"height":1200},{"@type":"BreadcrumbList","@id":"https:\/\/shop.hippolyte.fi\/en\/product\/ulla-kokki-the-weekend-shall-be-warm-and-sunny\/#breadcrumb","itemListElement":[{"@type":"ListItem","position":1,"name":"Etusivu","item":"https:\/\/shop.hippolyte.fi\/en\/"},{"@type":"ListItem","position":2,"name":"Shop","item":"https:\/\/shop.hippolyte.fi\/en\/shop\/"},{"@type":"ListItem","position":3,"name":"Ulla Kokki: The Weekend Shall Be Warm and Sunny"}]},{"@type":"WebSite","@id":"https:\/\/shop.hippolyte.fi\/en\/#website","url":"https:\/\/shop.hippolyte.fi\/en\/","name":"Online shop for photographic art","description":"Verkkokaupassa myyd\u00e4\u00e4n teoksia ja valokuvataidekirjoja. OTOS-tapahtuman aikana my\u00f6s tapahtuman teoksia.","potentialAction":[{"@type":"SearchAction","target":{"@type":"EntryPoint","urlTemplate":"https:\/\/shop.hippolyte.fi\/en\/?s={search_term_string}"},"query-input":{"@type":"PropertyValueSpecification","valueRequired":true,"valueName":"search_term_string"}}],"inLanguage":"en-US"}]}},"_links":{"self":[{"href":"https:\/\/shop.hippolyte.fi\/en\/wp-json\/wp\/v2\/product\/4188","targetHints":{"allow":["GET"]}}],"collection":[{"href":"https:\/\/shop.hippolyte.fi\/en\/wp-json\/wp\/v2\/product"}],"about":[{"href":"https:\/\/shop.hippolyte.fi\/en\/wp-json\/wp\/v2\/types\/product"}],"wp:featuredmedia":[{"embeddable":true,"href":"https:\/\/shop.hippolyte.fi\/en\/wp-json\/wp\/v2\/media\/4082"}],"wp:attachment":[{"href":"https:\/\/shop.hippolyte.fi\/en\/wp-json\/wp\/v2\/media?parent=4188"}],"wp:term":[{"taxonomy":"product_brand","embeddable":true,"href":"https:\/\/shop.hippolyte.fi\/en\/wp-json\/wp\/v2\/product_brand?post=4188"},{"taxonomy":"product_cat","embeddable":true,"href":"https:\/\/shop.hippolyte.fi\/en\/wp-json\/wp\/v2\/product_cat?post=4188"},{"taxonomy":"product_tag","embeddable":true,"href":"https:\/\/shop.hippolyte.fi\/en\/wp-json\/wp\/v2\/product_tag?post=4188"},{"taxonomy":"artists","embeddable":true,"href":"https:\/\/shop.hippolyte.fi\/en\/wp-json\/wp\/v2\/artists?post=4188"},{"taxonomy":"location","embeddable":true,"href":"https:\/\/shop.hippolyte.fi\/en\/wp-json\/wp\/v2\/location?post=4188"},{"taxonomy":"publisher","embeddable":true,"href":"https:\/\/shop.hippolyte.fi\/en\/wp-json\/wp\/v2\/publisher?post=4188"},{"taxonomy":"years","embeddable":true,"href":"https:\/\/shop.hippolyte.fi\/en\/wp-json\/wp\/v2\/years?post=4188"}],"curies":[{"name":"wp","href":"https:\/\/api.w.org\/{rel}","templated":true}]}}