{"id":4189,"date":"2024-11-13T11:39:58","date_gmt":"2024-11-13T09:39:58","guid":{"rendered":"https:\/\/shop.hippolyte.fi\/?post_type=product&#038;p=4189"},"modified":"2025-11-06T11:49:58","modified_gmt":"2025-11-06T09:49:58","slug":"antti-kirves-worlds-best-dad","status":"publish","type":"product","link":"https:\/\/shop.hippolyte.fi\/en\/product\/antti-kirves-worlds-best-dad\/","title":{"rendered":"Antti Kirves: World&#8217;s Best Dad"},"content":{"rendered":"<p>Maailman paras is\u00e4 (World\u2019s Best Dad) is a documentary photo book about Finnish fathers who at some point in their lives have looked after their offspring as sole custodians. 26 sole custodian fathers have been photographed and interviewed for the book in different parts of Finland at locations of their choosing.<\/p>\n<p>\u201cDo you remember the key fob you gave me years ago? You know, the one that says \u2018World\u2019s Best Dad\u2019? By then it was just the two of us.<\/p>\n<p>When I got sole custody, there were 17 000 of us in Finland, according to statistics. Now the number is 19 000, and yet it seems that hardly anyone knows a sole custodian father. Who are we?<\/p>\n<p>This book is dedicated to you, my dearest daughter. I made this book about that key fob for you.<\/p>\n","protected":false},"excerpt":{"rendered":"<p>ISBN 978-952-68876-5-4<br \/>\nPublisher: Raw View Editions<br \/>\nReleased: 2022<br \/>\nPhotography and texts: Antti Kirves<br \/>\nGraphic design: Anna Mattsson<br \/>\nReprography: Sebastiaan Hanekroot<br \/>\nEditing: Hannamari Shakya<br \/>\nLanguage: Finnish<br \/>\nPrinting: Wilco Art Books, The Netherlands<br \/>\nPublisher: Raw View Editions<br \/>\nPages: 112<br \/>\nDimensions: 245 x 310 mm<br \/>\nReleased: 2022<\/p>\n","protected":false},"featured_media":4079,"template":"","meta":{"_acf_changed":false},"product_brand":[],"product_cat":[408,409],"product_tag":[],"artists":[],"location":[55],"publisher":[419],"years":[435],"class_list":{"0":"post-4189","1":"product","2":"type-product","3":"status-publish","4":"has-post-thumbnail","6":"product_cat-art-textbooks","7":"product_cat-artist-books","8":"product_shipping_class-posti-s-max-11-x-32-x-42-cm-25-kg","9":"location-photographic-gallery-hippolyte","10":"publisher-raw-view-editions","11":"years-435","13":"first","14":"instock","15":"taxable","16":"shipping-taxable","17":"purchasable","18":"product-type-simple"},"acf":[],"yoast_head":"<!-- This site is optimized with the Yoast SEO plugin v26.0 - https:\/\/yoast.com\/wordpress\/plugins\/seo\/ -->\n<title>Antti Kirves: World&#039;s Best Dad - Online shop for photographic art<\/title>\n<meta name=\"robots\" content=\"index, follow, max-snippet:-1, max-image-preview:large, max-video-preview:-1\" \/>\n<link rel=\"canonical\" href=\"https:\/\/shop.hippolyte.fi\/en\/product\/antti-kirves-worlds-best-dad\/\" \/>\n<meta property=\"og:locale\" content=\"en_US\" \/>\n<meta property=\"og:type\" content=\"article\" \/>\n<meta property=\"og:title\" content=\"Antti Kirves: World&#039;s Best Dad - Online shop for photographic art\" \/>\n<meta property=\"og:description\" content=\"ISBN 978-952-68876-5-4 Publisher: Raw View Editions Released: 2022 Photography and texts: Antti Kirves Graphic design: Anna Mattsson Reprography: Sebastiaan Hanekroot Editing: Hannamari Shakya Language: Finnish Printing: Wilco Art Books, The Netherlands Publisher: Raw View Editions Pages: 112 Dimensions: 245 x 310 mm Released: 2022\" \/>\n<meta property=\"og:url\" content=\"https:\/\/shop.hippolyte.fi\/en\/product\/antti-kirves-worlds-best-dad\/\" \/>\n<meta property=\"og:site_name\" content=\"Online shop for photographic art\" \/>\n<meta property=\"article:modified_time\" content=\"2025-11-06T09:49:58+00:00\" \/>\n<meta property=\"og:image\" content=\"https:\/\/shop.hippolyte.fi\/wp-content\/uploads\/2024\/11\/kirves_maailmanparasisa.jpg\" \/>\n\t<meta property=\"og:image:width\" content=\"1200\" \/>\n\t<meta property=\"og:image:height\" content=\"1200\" \/>\n\t<meta property=\"og:image:type\" content=\"image\/jpeg\" \/>\n<meta name=\"twitter:card\" content=\"summary_large_image\" \/>\n<meta name=\"twitter:label1\" content=\"Est. reading time\" \/>\n\t<meta name=\"twitter:data1\" content=\"1 minute\" \/>\n<script type=\"application\/ld+json\" class=\"yoast-schema-graph\">{\"@context\":\"https:\/\/schema.org\",\"@graph\":[{\"@type\":\"WebPage\",\"@id\":\"https:\/\/shop.hippolyte.fi\/en\/product\/antti-kirves-worlds-best-dad\/\",\"url\":\"https:\/\/shop.hippolyte.fi\/en\/product\/antti-kirves-worlds-best-dad\/\",\"name\":\"Antti Kirves: World's Best Dad - Online shop for photographic art\",\"isPartOf\":{\"@id\":\"https:\/\/shop.hippolyte.fi\/en\/#website\"},\"primaryImageOfPage\":{\"@id\":\"https:\/\/shop.hippolyte.fi\/en\/product\/antti-kirves-worlds-best-dad\/#primaryimage\"},\"image\":{\"@id\":\"https:\/\/shop.hippolyte.fi\/en\/product\/antti-kirves-worlds-best-dad\/#primaryimage\"},\"thumbnailUrl\":\"https:\/\/shop.hippolyte.fi\/wp-content\/uploads\/2024\/11\/kirves_maailmanparasisa.jpg\",\"datePublished\":\"2024-11-13T09:39:58+00:00\",\"dateModified\":\"2025-11-06T09:49:58+00:00\",\"breadcrumb\":{\"@id\":\"https:\/\/shop.hippolyte.fi\/en\/product\/antti-kirves-worlds-best-dad\/#breadcrumb\"},\"inLanguage\":\"en-US\",\"potentialAction\":[{\"@type\":\"ReadAction\",\"target\":[\"https:\/\/shop.hippolyte.fi\/en\/product\/antti-kirves-worlds-best-dad\/\"]}]},{\"@type\":\"ImageObject\",\"inLanguage\":\"en-US\",\"@id\":\"https:\/\/shop.hippolyte.fi\/en\/product\/antti-kirves-worlds-best-dad\/#primaryimage\",\"url\":\"https:\/\/shop.hippolyte.fi\/wp-content\/uploads\/2024\/11\/kirves_maailmanparasisa.jpg\",\"contentUrl\":\"https:\/\/shop.hippolyte.fi\/wp-content\/uploads\/2024\/11\/kirves_maailmanparasisa.jpg\",\"width\":1200,\"height\":1200},{\"@type\":\"BreadcrumbList\",\"@id\":\"https:\/\/shop.hippolyte.fi\/en\/product\/antti-kirves-worlds-best-dad\/#breadcrumb\",\"itemListElement\":[{\"@type\":\"ListItem\",\"position\":1,\"name\":\"Etusivu\",\"item\":\"https:\/\/shop.hippolyte.fi\/en\/\"},{\"@type\":\"ListItem\",\"position\":2,\"name\":\"Shop\",\"item\":\"https:\/\/shop.hippolyte.fi\/en\/shop\/\"},{\"@type\":\"ListItem\",\"position\":3,\"name\":\"Antti Kirves: World&#8217;s Best Dad\"}]},{\"@type\":\"WebSite\",\"@id\":\"https:\/\/shop.hippolyte.fi\/en\/#website\",\"url\":\"https:\/\/shop.hippolyte.fi\/en\/\",\"name\":\"Online shop for photographic art\",\"description\":\"Verkkokaupassa myyd\u00e4\u00e4n teoksia ja valokuvataidekirjoja. OTOS-tapahtuman aikana my\u00f6s tapahtuman teoksia.\",\"potentialAction\":[{\"@type\":\"SearchAction\",\"target\":{\"@type\":\"EntryPoint\",\"urlTemplate\":\"https:\/\/shop.hippolyte.fi\/en\/?s={search_term_string}\"},\"query-input\":{\"@type\":\"PropertyValueSpecification\",\"valueRequired\":true,\"valueName\":\"search_term_string\"}}],\"inLanguage\":\"en-US\"}]}<\/script>\n<!-- \/ Yoast SEO plugin. -->","yoast_head_json":{"title":"Antti Kirves: World's Best Dad - Online shop for photographic art","robots":{"index":"index","follow":"follow","max-snippet":"max-snippet:-1","max-image-preview":"max-image-preview:large","max-video-preview":"max-video-preview:-1"},"canonical":"https:\/\/shop.hippolyte.fi\/en\/product\/antti-kirves-worlds-best-dad\/","og_locale":"en_US","og_type":"article","og_title":"Antti Kirves: World's Best Dad - Online shop for photographic art","og_description":"ISBN 978-952-68876-5-4 Publisher: Raw View Editions Released: 2022 Photography and texts: Antti Kirves Graphic design: Anna Mattsson Reprography: Sebastiaan Hanekroot Editing: Hannamari Shakya Language: Finnish Printing: Wilco Art Books, The Netherlands Publisher: Raw View Editions Pages: 112 Dimensions: 245 x 310 mm Released: 2022","og_url":"https:\/\/shop.hippolyte.fi\/en\/product\/antti-kirves-worlds-best-dad\/","og_site_name":"Online shop for photographic art","article_modified_time":"2025-11-06T09:49:58+00:00","og_image":[{"width":1200,"height":1200,"url":"https:\/\/shop.hippolyte.fi\/wp-content\/uploads\/2024\/11\/kirves_maailmanparasisa.jpg","type":"image\/jpeg"}],"twitter_card":"summary_large_image","twitter_misc":{"Est. reading time":"1 minute"},"schema":{"@context":"https:\/\/schema.org","@graph":[{"@type":"WebPage","@id":"https:\/\/shop.hippolyte.fi\/en\/product\/antti-kirves-worlds-best-dad\/","url":"https:\/\/shop.hippolyte.fi\/en\/product\/antti-kirves-worlds-best-dad\/","name":"Antti Kirves: World's Best Dad - Online shop for photographic art","isPartOf":{"@id":"https:\/\/shop.hippolyte.fi\/en\/#website"},"primaryImageOfPage":{"@id":"https:\/\/shop.hippolyte.fi\/en\/product\/antti-kirves-worlds-best-dad\/#primaryimage"},"image":{"@id":"https:\/\/shop.hippolyte.fi\/en\/product\/antti-kirves-worlds-best-dad\/#primaryimage"},"thumbnailUrl":"https:\/\/shop.hippolyte.fi\/wp-content\/uploads\/2024\/11\/kirves_maailmanparasisa.jpg","datePublished":"2024-11-13T09:39:58+00:00","dateModified":"2025-11-06T09:49:58+00:00","breadcrumb":{"@id":"https:\/\/shop.hippolyte.fi\/en\/product\/antti-kirves-worlds-best-dad\/#breadcrumb"},"inLanguage":"en-US","potentialAction":[{"@type":"ReadAction","target":["https:\/\/shop.hippolyte.fi\/en\/product\/antti-kirves-worlds-best-dad\/"]}]},{"@type":"ImageObject","inLanguage":"en-US","@id":"https:\/\/shop.hippolyte.fi\/en\/product\/antti-kirves-worlds-best-dad\/#primaryimage","url":"https:\/\/shop.hippolyte.fi\/wp-content\/uploads\/2024\/11\/kirves_maailmanparasisa.jpg","contentUrl":"https:\/\/shop.hippolyte.fi\/wp-content\/uploads\/2024\/11\/kirves_maailmanparasisa.jpg","width":1200,"height":1200},{"@type":"BreadcrumbList","@id":"https:\/\/shop.hippolyte.fi\/en\/product\/antti-kirves-worlds-best-dad\/#breadcrumb","itemListElement":[{"@type":"ListItem","position":1,"name":"Etusivu","item":"https:\/\/shop.hippolyte.fi\/en\/"},{"@type":"ListItem","position":2,"name":"Shop","item":"https:\/\/shop.hippolyte.fi\/en\/shop\/"},{"@type":"ListItem","position":3,"name":"Antti Kirves: World&#8217;s Best Dad"}]},{"@type":"WebSite","@id":"https:\/\/shop.hippolyte.fi\/en\/#website","url":"https:\/\/shop.hippolyte.fi\/en\/","name":"Online shop for photographic art","description":"Verkkokaupassa myyd\u00e4\u00e4n teoksia ja valokuvataidekirjoja. OTOS-tapahtuman aikana my\u00f6s tapahtuman teoksia.","potentialAction":[{"@type":"SearchAction","target":{"@type":"EntryPoint","urlTemplate":"https:\/\/shop.hippolyte.fi\/en\/?s={search_term_string}"},"query-input":{"@type":"PropertyValueSpecification","valueRequired":true,"valueName":"search_term_string"}}],"inLanguage":"en-US"}]}},"_links":{"self":[{"href":"https:\/\/shop.hippolyte.fi\/en\/wp-json\/wp\/v2\/product\/4189","targetHints":{"allow":["GET"]}}],"collection":[{"href":"https:\/\/shop.hippolyte.fi\/en\/wp-json\/wp\/v2\/product"}],"about":[{"href":"https:\/\/shop.hippolyte.fi\/en\/wp-json\/wp\/v2\/types\/product"}],"wp:featuredmedia":[{"embeddable":true,"href":"https:\/\/shop.hippolyte.fi\/en\/wp-json\/wp\/v2\/media\/4079"}],"wp:attachment":[{"href":"https:\/\/shop.hippolyte.fi\/en\/wp-json\/wp\/v2\/media?parent=4189"}],"wp:term":[{"taxonomy":"product_brand","embeddable":true,"href":"https:\/\/shop.hippolyte.fi\/en\/wp-json\/wp\/v2\/product_brand?post=4189"},{"taxonomy":"product_cat","embeddable":true,"href":"https:\/\/shop.hippolyte.fi\/en\/wp-json\/wp\/v2\/product_cat?post=4189"},{"taxonomy":"product_tag","embeddable":true,"href":"https:\/\/shop.hippolyte.fi\/en\/wp-json\/wp\/v2\/product_tag?post=4189"},{"taxonomy":"artists","embeddable":true,"href":"https:\/\/shop.hippolyte.fi\/en\/wp-json\/wp\/v2\/artists?post=4189"},{"taxonomy":"location","embeddable":true,"href":"https:\/\/shop.hippolyte.fi\/en\/wp-json\/wp\/v2\/location?post=4189"},{"taxonomy":"publisher","embeddable":true,"href":"https:\/\/shop.hippolyte.fi\/en\/wp-json\/wp\/v2\/publisher?post=4189"},{"taxonomy":"years","embeddable":true,"href":"https:\/\/shop.hippolyte.fi\/en\/wp-json\/wp\/v2\/years?post=4189"}],"curies":[{"name":"wp","href":"https:\/\/api.w.org\/{rel}","templated":true}]}}