{"id":4192,"date":"2024-11-13T11:39:59","date_gmt":"2024-11-13T09:39:59","guid":{"rendered":"https:\/\/shop.hippolyte.fi\/?post_type=product&#038;p=4192"},"modified":"2025-11-06T11:49:58","modified_gmt":"2025-11-06T09:49:58","slug":"jalki-kirjoituksia-valokuvasta","status":"publish","type":"product","link":"https:\/\/shop.hippolyte.fi\/en\/product\/jalki-kirjoituksia-valokuvasta\/","title":{"rendered":"J\u00e4lki \u2013 kirjoituksia valokuvasta"},"content":{"rendered":"<p>Valokuva on j\u00e4lki valosta ja sen tielle osuneista asioista. Sen on aina my\u00f6s j\u00e4lki yhteiskunnasta, jossa se on tehty. Valokuvat j\u00e4tt\u00e4v\u00e4t j\u00e4lki\u00e4\u00e4n meihin ja osallistuvat kulttuuriseen keskusteluun.<\/p>\n<p>T\u00e4ss\u00e4 kokoelmassa kymmenen valokuvataiteilijaa kirjoittaa valokuvasta sek\u00e4 oman ty\u00f6skentelyns\u00e4 ett\u00e4 valokuvan teorian pohjalta. He etsiv\u00e4t uusia tapoja ymm\u00e4rt\u00e4\u00e4 t\u00e4t\u00e4 taiteenlajia, joka usein kietoutuu aikamme polttaviin kysymyksiin. Esseiss\u00e4 kohdataan muun muassa Rana Plazan vaatetehtaan romahduksesta selvinnyt nainen ja ihmisen n\u00e4k\u00f6inen keskustelurobotti sek\u00e4 pohditaan avaruuslennolla otetun Maan muotokuvan merkityksi\u00e4. Niiss\u00e4 k\u00e4sitell\u00e4\u00e4n my\u00f6s raskauden visuaalista ulottuvuutta, autofiktiivist\u00e4 valokuvaa ja queeri\u00e4 katsetta valokuvassa.<\/p>\n<p>Hanna Weselius on palkittu kirjailija, valokuvataiteilija ja taiteen tohtori. H\u00e4n toimii valokuvataiteen yliopistonlehtorina Aalto-yliopistossa. Kokoelman muut kirjoittajat ovat Laura B\u00f6\u00f6k, Eeva Hannula, Utu-Tuuli Jussila, Kastehelmi Korpijaakko, Aura Saarikoski, Noora Sandgren, Maija Annikki Savolainen, Maija Tammi ja Nita Vera. He kaikki ovat opiskelleet Aalto-yliopiston valokuvataiteen koulutusohjelmassa, joka on yksi Pohjoismaiden johtavista alan koulutuksista.<\/p>\n","protected":false},"excerpt":{"rendered":"<p>ISBN: 978-951-52-5556-3<br \/>\nPublisher: Kustantamo SS<br \/>\nReleased: 2022<br \/>\nEditor: Hanna Weselius<br \/>\nTexts: Laura B\u00f6\u00f6k, Eeva Hannula, Utu-Tuuli Jussila, Kastehelmi Korpijaakko, Aura Saarikoski, Noora Sandgren, Maija Annikki Savolainen, Maija Tammi and Nita Vera<br \/>\nLanguage: Finnish<br \/>\nPages: 246<\/p>\n","protected":false},"featured_media":4072,"template":"","meta":{"_acf_changed":false},"product_brand":[],"product_cat":[408],"product_tag":[],"artists":[],"location":[55],"publisher":[416],"years":[435],"class_list":{"0":"post-4192","1":"product","2":"type-product","3":"status-publish","4":"has-post-thumbnail","6":"product_cat-art-textbooks","7":"product_shipping_class-posti-xxs-max-3-x-25-x-35-cm-2kg","8":"location-photographic-gallery-hippolyte","9":"publisher-kustantamo-ss","10":"years-435","12":"first","13":"instock","14":"taxable","15":"shipping-taxable","16":"purchasable","17":"product-type-simple"},"acf":[],"yoast_head":"<!-- This site is optimized with the Yoast SEO plugin v26.0 - https:\/\/yoast.com\/wordpress\/plugins\/seo\/ -->\n<title>J\u00e4lki \u2013 kirjoituksia valokuvasta - Online shop for photographic art<\/title>\n<meta name=\"robots\" content=\"index, follow, max-snippet:-1, max-image-preview:large, max-video-preview:-1\" \/>\n<link rel=\"canonical\" href=\"https:\/\/shop.hippolyte.fi\/en\/product\/jalki-kirjoituksia-valokuvasta\/\" \/>\n<meta property=\"og:locale\" content=\"en_US\" \/>\n<meta property=\"og:type\" content=\"article\" \/>\n<meta property=\"og:title\" content=\"J\u00e4lki \u2013 kirjoituksia valokuvasta - Online shop for photographic art\" \/>\n<meta property=\"og:description\" content=\"ISBN: 978-951-52-5556-3 Publisher: Kustantamo SS Released: 2022 Editor: Hanna Weselius Texts: Laura B\u00f6\u00f6k, Eeva Hannula, Utu-Tuuli Jussila, Kastehelmi Korpijaakko, Aura Saarikoski, Noora Sandgren, Maija Annikki Savolainen, Maija Tammi and Nita Vera Language: Finnish Pages: 246\" \/>\n<meta property=\"og:url\" content=\"https:\/\/shop.hippolyte.fi\/en\/product\/jalki-kirjoituksia-valokuvasta\/\" \/>\n<meta property=\"og:site_name\" content=\"Online shop for photographic art\" \/>\n<meta property=\"article:modified_time\" content=\"2025-11-06T09:49:58+00:00\" \/>\n<meta property=\"og:image\" content=\"https:\/\/shop.hippolyte.fi\/wp-content\/uploads\/2024\/11\/jalki.jpg\" \/>\n\t<meta property=\"og:image:width\" content=\"1200\" \/>\n\t<meta property=\"og:image:height\" content=\"1200\" \/>\n\t<meta property=\"og:image:type\" content=\"image\/jpeg\" \/>\n<meta name=\"twitter:card\" content=\"summary_large_image\" \/>\n<meta name=\"twitter:label1\" content=\"Est. reading time\" \/>\n\t<meta name=\"twitter:data1\" content=\"2 minutes\" \/>\n<script type=\"application\/ld+json\" class=\"yoast-schema-graph\">{\"@context\":\"https:\/\/schema.org\",\"@graph\":[{\"@type\":\"WebPage\",\"@id\":\"https:\/\/shop.hippolyte.fi\/en\/product\/jalki-kirjoituksia-valokuvasta\/\",\"url\":\"https:\/\/shop.hippolyte.fi\/en\/product\/jalki-kirjoituksia-valokuvasta\/\",\"name\":\"J\u00e4lki \u2013 kirjoituksia valokuvasta - Online shop for photographic art\",\"isPartOf\":{\"@id\":\"https:\/\/shop.hippolyte.fi\/en\/#website\"},\"primaryImageOfPage\":{\"@id\":\"https:\/\/shop.hippolyte.fi\/en\/product\/jalki-kirjoituksia-valokuvasta\/#primaryimage\"},\"image\":{\"@id\":\"https:\/\/shop.hippolyte.fi\/en\/product\/jalki-kirjoituksia-valokuvasta\/#primaryimage\"},\"thumbnailUrl\":\"https:\/\/shop.hippolyte.fi\/wp-content\/uploads\/2024\/11\/jalki.jpg\",\"datePublished\":\"2024-11-13T09:39:59+00:00\",\"dateModified\":\"2025-11-06T09:49:58+00:00\",\"breadcrumb\":{\"@id\":\"https:\/\/shop.hippolyte.fi\/en\/product\/jalki-kirjoituksia-valokuvasta\/#breadcrumb\"},\"inLanguage\":\"en-US\",\"potentialAction\":[{\"@type\":\"ReadAction\",\"target\":[\"https:\/\/shop.hippolyte.fi\/en\/product\/jalki-kirjoituksia-valokuvasta\/\"]}]},{\"@type\":\"ImageObject\",\"inLanguage\":\"en-US\",\"@id\":\"https:\/\/shop.hippolyte.fi\/en\/product\/jalki-kirjoituksia-valokuvasta\/#primaryimage\",\"url\":\"https:\/\/shop.hippolyte.fi\/wp-content\/uploads\/2024\/11\/jalki.jpg\",\"contentUrl\":\"https:\/\/shop.hippolyte.fi\/wp-content\/uploads\/2024\/11\/jalki.jpg\",\"width\":1200,\"height\":1200},{\"@type\":\"BreadcrumbList\",\"@id\":\"https:\/\/shop.hippolyte.fi\/en\/product\/jalki-kirjoituksia-valokuvasta\/#breadcrumb\",\"itemListElement\":[{\"@type\":\"ListItem\",\"position\":1,\"name\":\"Etusivu\",\"item\":\"https:\/\/shop.hippolyte.fi\/en\/\"},{\"@type\":\"ListItem\",\"position\":2,\"name\":\"Shop\",\"item\":\"https:\/\/shop.hippolyte.fi\/en\/shop\/\"},{\"@type\":\"ListItem\",\"position\":3,\"name\":\"J\u00e4lki \u2013 kirjoituksia valokuvasta\"}]},{\"@type\":\"WebSite\",\"@id\":\"https:\/\/shop.hippolyte.fi\/en\/#website\",\"url\":\"https:\/\/shop.hippolyte.fi\/en\/\",\"name\":\"Online shop for photographic art\",\"description\":\"Verkkokaupassa myyd\u00e4\u00e4n teoksia ja valokuvataidekirjoja. OTOS-tapahtuman aikana my\u00f6s tapahtuman teoksia.\",\"potentialAction\":[{\"@type\":\"SearchAction\",\"target\":{\"@type\":\"EntryPoint\",\"urlTemplate\":\"https:\/\/shop.hippolyte.fi\/en\/?s={search_term_string}\"},\"query-input\":{\"@type\":\"PropertyValueSpecification\",\"valueRequired\":true,\"valueName\":\"search_term_string\"}}],\"inLanguage\":\"en-US\"}]}<\/script>\n<!-- \/ Yoast SEO plugin. -->","yoast_head_json":{"title":"J\u00e4lki \u2013 kirjoituksia valokuvasta - Online shop for photographic art","robots":{"index":"index","follow":"follow","max-snippet":"max-snippet:-1","max-image-preview":"max-image-preview:large","max-video-preview":"max-video-preview:-1"},"canonical":"https:\/\/shop.hippolyte.fi\/en\/product\/jalki-kirjoituksia-valokuvasta\/","og_locale":"en_US","og_type":"article","og_title":"J\u00e4lki \u2013 kirjoituksia valokuvasta - Online shop for photographic art","og_description":"ISBN: 978-951-52-5556-3 Publisher: Kustantamo SS Released: 2022 Editor: Hanna Weselius Texts: Laura B\u00f6\u00f6k, Eeva Hannula, Utu-Tuuli Jussila, Kastehelmi Korpijaakko, Aura Saarikoski, Noora Sandgren, Maija Annikki Savolainen, Maija Tammi and Nita Vera Language: Finnish Pages: 246","og_url":"https:\/\/shop.hippolyte.fi\/en\/product\/jalki-kirjoituksia-valokuvasta\/","og_site_name":"Online shop for photographic art","article_modified_time":"2025-11-06T09:49:58+00:00","og_image":[{"width":1200,"height":1200,"url":"https:\/\/shop.hippolyte.fi\/wp-content\/uploads\/2024\/11\/jalki.jpg","type":"image\/jpeg"}],"twitter_card":"summary_large_image","twitter_misc":{"Est. reading time":"2 minutes"},"schema":{"@context":"https:\/\/schema.org","@graph":[{"@type":"WebPage","@id":"https:\/\/shop.hippolyte.fi\/en\/product\/jalki-kirjoituksia-valokuvasta\/","url":"https:\/\/shop.hippolyte.fi\/en\/product\/jalki-kirjoituksia-valokuvasta\/","name":"J\u00e4lki \u2013 kirjoituksia valokuvasta - Online shop for photographic art","isPartOf":{"@id":"https:\/\/shop.hippolyte.fi\/en\/#website"},"primaryImageOfPage":{"@id":"https:\/\/shop.hippolyte.fi\/en\/product\/jalki-kirjoituksia-valokuvasta\/#primaryimage"},"image":{"@id":"https:\/\/shop.hippolyte.fi\/en\/product\/jalki-kirjoituksia-valokuvasta\/#primaryimage"},"thumbnailUrl":"https:\/\/shop.hippolyte.fi\/wp-content\/uploads\/2024\/11\/jalki.jpg","datePublished":"2024-11-13T09:39:59+00:00","dateModified":"2025-11-06T09:49:58+00:00","breadcrumb":{"@id":"https:\/\/shop.hippolyte.fi\/en\/product\/jalki-kirjoituksia-valokuvasta\/#breadcrumb"},"inLanguage":"en-US","potentialAction":[{"@type":"ReadAction","target":["https:\/\/shop.hippolyte.fi\/en\/product\/jalki-kirjoituksia-valokuvasta\/"]}]},{"@type":"ImageObject","inLanguage":"en-US","@id":"https:\/\/shop.hippolyte.fi\/en\/product\/jalki-kirjoituksia-valokuvasta\/#primaryimage","url":"https:\/\/shop.hippolyte.fi\/wp-content\/uploads\/2024\/11\/jalki.jpg","contentUrl":"https:\/\/shop.hippolyte.fi\/wp-content\/uploads\/2024\/11\/jalki.jpg","width":1200,"height":1200},{"@type":"BreadcrumbList","@id":"https:\/\/shop.hippolyte.fi\/en\/product\/jalki-kirjoituksia-valokuvasta\/#breadcrumb","itemListElement":[{"@type":"ListItem","position":1,"name":"Etusivu","item":"https:\/\/shop.hippolyte.fi\/en\/"},{"@type":"ListItem","position":2,"name":"Shop","item":"https:\/\/shop.hippolyte.fi\/en\/shop\/"},{"@type":"ListItem","position":3,"name":"J\u00e4lki \u2013 kirjoituksia valokuvasta"}]},{"@type":"WebSite","@id":"https:\/\/shop.hippolyte.fi\/en\/#website","url":"https:\/\/shop.hippolyte.fi\/en\/","name":"Online shop for photographic art","description":"Verkkokaupassa myyd\u00e4\u00e4n teoksia ja valokuvataidekirjoja. OTOS-tapahtuman aikana my\u00f6s tapahtuman teoksia.","potentialAction":[{"@type":"SearchAction","target":{"@type":"EntryPoint","urlTemplate":"https:\/\/shop.hippolyte.fi\/en\/?s={search_term_string}"},"query-input":{"@type":"PropertyValueSpecification","valueRequired":true,"valueName":"search_term_string"}}],"inLanguage":"en-US"}]}},"_links":{"self":[{"href":"https:\/\/shop.hippolyte.fi\/en\/wp-json\/wp\/v2\/product\/4192","targetHints":{"allow":["GET"]}}],"collection":[{"href":"https:\/\/shop.hippolyte.fi\/en\/wp-json\/wp\/v2\/product"}],"about":[{"href":"https:\/\/shop.hippolyte.fi\/en\/wp-json\/wp\/v2\/types\/product"}],"wp:featuredmedia":[{"embeddable":true,"href":"https:\/\/shop.hippolyte.fi\/en\/wp-json\/wp\/v2\/media\/4072"}],"wp:attachment":[{"href":"https:\/\/shop.hippolyte.fi\/en\/wp-json\/wp\/v2\/media?parent=4192"}],"wp:term":[{"taxonomy":"product_brand","embeddable":true,"href":"https:\/\/shop.hippolyte.fi\/en\/wp-json\/wp\/v2\/product_brand?post=4192"},{"taxonomy":"product_cat","embeddable":true,"href":"https:\/\/shop.hippolyte.fi\/en\/wp-json\/wp\/v2\/product_cat?post=4192"},{"taxonomy":"product_tag","embeddable":true,"href":"https:\/\/shop.hippolyte.fi\/en\/wp-json\/wp\/v2\/product_tag?post=4192"},{"taxonomy":"artists","embeddable":true,"href":"https:\/\/shop.hippolyte.fi\/en\/wp-json\/wp\/v2\/artists?post=4192"},{"taxonomy":"location","embeddable":true,"href":"https:\/\/shop.hippolyte.fi\/en\/wp-json\/wp\/v2\/location?post=4192"},{"taxonomy":"publisher","embeddable":true,"href":"https:\/\/shop.hippolyte.fi\/en\/wp-json\/wp\/v2\/publisher?post=4192"},{"taxonomy":"years","embeddable":true,"href":"https:\/\/shop.hippolyte.fi\/en\/wp-json\/wp\/v2\/years?post=4192"}],"curies":[{"name":"wp","href":"https:\/\/api.w.org\/{rel}","templated":true}]}}