{"id":4193,"date":"2024-11-13T11:40:00","date_gmt":"2024-11-13T09:40:00","guid":{"rendered":"https:\/\/shop.hippolyte.fi\/?post_type=product&#038;p=4193"},"modified":"2026-04-07T15:21:00","modified_gmt":"2026-04-07T12:21:00","slug":"tekla-inari-valokuvan-pimeys","status":"publish","type":"product","link":"https:\/\/shop.hippolyte.fi\/en\/product\/tekla-inari-valokuvan-pimeys\/","title":{"rendered":"Tekla Inari: Valokuvan pimeys"},"content":{"rendered":"<p>Kollaasimaisessa nyky-yhteiskuntaa, valokuvan tiedostumatonta sek\u00e4 traumataiteen ja valokuvakirjan tekemist\u00e4 k\u00e4sittelev\u00e4ss\u00e4 esseess\u00e4 yksitt\u00e4iset kappaleet riste\u00e4v\u00e4t ja verkottuvat toistensa kanssa. Ne muodostavat t\u00e4hdist\u00f6m\u00e4isen, pisteest\u00e4 toiseen piirtyv\u00e4n laajan ajatuskuvion. Keskeist\u00e4 kokonaisuudessa on valokuvan v\u00e4litt\u00f6m\u00e4n kuvallisen pinnan alla avautuva syvyys tai pimeys, jonka tilassa kirjoittaja hahmottaa koko yhteiskunnan varjojen sijaitsevan. Taiteilijan yksil\u00f6llisen luovan ty\u00f6n kautta taideteokseen s\u00e4il\u00f6ytyy kollektiivisten kokemusten ja tunnelmien eri s\u00e4vyj\u00e4. Samaan aikaan henkil\u00f6kohtainen ja kantaaottava poeettinen essee l\u00e4hestyy nykyvalokuvaa antikapitalismin ja psykoanalyysin n\u00e4k\u00f6kulmista.<\/p>\n","protected":false},"excerpt":{"rendered":"<p>ISBN: 978-952-94-8064-7<br \/>\nPublisher: Self-published<br \/>\nReleased: 2023<br \/>\nText: Tekla Inari<br \/>\nTypography: Jaakko Suomalainen<br \/>\nLanguage: Finnish<br \/>\nPrinting: Druk\u0101tava, Gr\u0113nes, Latvia<br \/>\nEdition: 100<br \/>\nDimensions: 20,5 x 14,5 cm<\/p>\n","protected":false},"featured_media":4069,"template":"","meta":{"_acf_changed":false},"product_brand":[],"product_cat":[45,408],"product_tag":[],"artists":[],"location":[55],"publisher":[411],"years":[434],"class_list":{"0":"post-4193","1":"product","2":"type-product","3":"status-publish","4":"has-post-thumbnail","6":"product_cat-bookshop","7":"product_cat-art-textbooks","8":"product_shipping_class-posti-xxs-max-3-x-25-x-35-cm-2kg","9":"location-photographic-gallery-hippolyte","10":"publisher-itsejulkaistu","11":"years-434","13":"first","14":"outofstock","15":"taxable","16":"shipping-taxable","17":"purchasable","18":"product-type-simple"},"acf":[],"yoast_head":"<!-- This site is optimized with the Yoast SEO plugin v26.0 - https:\/\/yoast.com\/wordpress\/plugins\/seo\/ -->\n<title>Tekla Inari: Valokuvan pimeys - Online shop for photographic art<\/title>\n<meta name=\"robots\" content=\"index, follow, max-snippet:-1, max-image-preview:large, max-video-preview:-1\" \/>\n<link rel=\"canonical\" href=\"https:\/\/shop.hippolyte.fi\/en\/product\/tekla-inari-valokuvan-pimeys\/\" \/>\n<meta property=\"og:locale\" content=\"en_US\" \/>\n<meta property=\"og:type\" content=\"article\" \/>\n<meta property=\"og:title\" content=\"Tekla Inari: Valokuvan pimeys - Online shop for photographic art\" \/>\n<meta property=\"og:description\" content=\"ISBN: 978-952-94-8064-7 Publisher: Self-published Released: 2023 Text: Tekla Inari Typography: Jaakko Suomalainen Language: Finnish Printing: Druk\u0101tava, Gr\u0113nes, Latvia Edition: 100 Dimensions: 20,5 x 14,5 cm\" \/>\n<meta property=\"og:url\" content=\"https:\/\/shop.hippolyte.fi\/en\/product\/tekla-inari-valokuvan-pimeys\/\" \/>\n<meta property=\"og:site_name\" content=\"Online shop for photographic art\" \/>\n<meta property=\"article:modified_time\" content=\"2026-04-07T12:21:00+00:00\" \/>\n<meta property=\"og:image\" content=\"https:\/\/shop.hippolyte.fi\/wp-content\/uploads\/2024\/11\/inari_valokuvanpimeys.jpg\" \/>\n\t<meta property=\"og:image:width\" content=\"1200\" \/>\n\t<meta property=\"og:image:height\" content=\"1200\" \/>\n\t<meta property=\"og:image:type\" content=\"image\/jpeg\" \/>\n<meta name=\"twitter:card\" content=\"summary_large_image\" \/>\n<meta name=\"twitter:label1\" content=\"Est. reading time\" \/>\n\t<meta name=\"twitter:data1\" content=\"1 minute\" \/>\n<script type=\"application\/ld+json\" class=\"yoast-schema-graph\">{\"@context\":\"https:\/\/schema.org\",\"@graph\":[{\"@type\":\"WebPage\",\"@id\":\"https:\/\/shop.hippolyte.fi\/en\/product\/tekla-inari-valokuvan-pimeys\/\",\"url\":\"https:\/\/shop.hippolyte.fi\/en\/product\/tekla-inari-valokuvan-pimeys\/\",\"name\":\"Tekla Inari: Valokuvan pimeys - Online shop for photographic art\",\"isPartOf\":{\"@id\":\"https:\/\/shop.hippolyte.fi\/en\/#website\"},\"primaryImageOfPage\":{\"@id\":\"https:\/\/shop.hippolyte.fi\/en\/product\/tekla-inari-valokuvan-pimeys\/#primaryimage\"},\"image\":{\"@id\":\"https:\/\/shop.hippolyte.fi\/en\/product\/tekla-inari-valokuvan-pimeys\/#primaryimage\"},\"thumbnailUrl\":\"https:\/\/shop.hippolyte.fi\/wp-content\/uploads\/2024\/11\/inari_valokuvanpimeys.jpg\",\"datePublished\":\"2024-11-13T09:40:00+00:00\",\"dateModified\":\"2026-04-07T12:21:00+00:00\",\"breadcrumb\":{\"@id\":\"https:\/\/shop.hippolyte.fi\/en\/product\/tekla-inari-valokuvan-pimeys\/#breadcrumb\"},\"inLanguage\":\"en-US\",\"potentialAction\":[{\"@type\":\"ReadAction\",\"target\":[\"https:\/\/shop.hippolyte.fi\/en\/product\/tekla-inari-valokuvan-pimeys\/\"]}]},{\"@type\":\"ImageObject\",\"inLanguage\":\"en-US\",\"@id\":\"https:\/\/shop.hippolyte.fi\/en\/product\/tekla-inari-valokuvan-pimeys\/#primaryimage\",\"url\":\"https:\/\/shop.hippolyte.fi\/wp-content\/uploads\/2024\/11\/inari_valokuvanpimeys.jpg\",\"contentUrl\":\"https:\/\/shop.hippolyte.fi\/wp-content\/uploads\/2024\/11\/inari_valokuvanpimeys.jpg\",\"width\":1200,\"height\":1200},{\"@type\":\"BreadcrumbList\",\"@id\":\"https:\/\/shop.hippolyte.fi\/en\/product\/tekla-inari-valokuvan-pimeys\/#breadcrumb\",\"itemListElement\":[{\"@type\":\"ListItem\",\"position\":1,\"name\":\"Etusivu\",\"item\":\"https:\/\/shop.hippolyte.fi\/en\/\"},{\"@type\":\"ListItem\",\"position\":2,\"name\":\"Shop\",\"item\":\"https:\/\/shop.hippolyte.fi\/en\/shop\/\"},{\"@type\":\"ListItem\",\"position\":3,\"name\":\"Tekla Inari: Valokuvan pimeys\"}]},{\"@type\":\"WebSite\",\"@id\":\"https:\/\/shop.hippolyte.fi\/en\/#website\",\"url\":\"https:\/\/shop.hippolyte.fi\/en\/\",\"name\":\"Online shop for photographic art\",\"description\":\"Verkkokaupassa myyd\u00e4\u00e4n teoksia ja valokuvataidekirjoja. OTOS-tapahtuman aikana my\u00f6s tapahtuman teoksia.\",\"potentialAction\":[{\"@type\":\"SearchAction\",\"target\":{\"@type\":\"EntryPoint\",\"urlTemplate\":\"https:\/\/shop.hippolyte.fi\/en\/?s={search_term_string}\"},\"query-input\":{\"@type\":\"PropertyValueSpecification\",\"valueRequired\":true,\"valueName\":\"search_term_string\"}}],\"inLanguage\":\"en-US\"}]}<\/script>\n<!-- \/ Yoast SEO plugin. -->","yoast_head_json":{"title":"Tekla Inari: Valokuvan pimeys - Online shop for photographic art","robots":{"index":"index","follow":"follow","max-snippet":"max-snippet:-1","max-image-preview":"max-image-preview:large","max-video-preview":"max-video-preview:-1"},"canonical":"https:\/\/shop.hippolyte.fi\/en\/product\/tekla-inari-valokuvan-pimeys\/","og_locale":"en_US","og_type":"article","og_title":"Tekla Inari: Valokuvan pimeys - Online shop for photographic art","og_description":"ISBN: 978-952-94-8064-7 Publisher: Self-published Released: 2023 Text: Tekla Inari Typography: Jaakko Suomalainen Language: Finnish Printing: Druk\u0101tava, Gr\u0113nes, Latvia Edition: 100 Dimensions: 20,5 x 14,5 cm","og_url":"https:\/\/shop.hippolyte.fi\/en\/product\/tekla-inari-valokuvan-pimeys\/","og_site_name":"Online shop for photographic art","article_modified_time":"2026-04-07T12:21:00+00:00","og_image":[{"width":1200,"height":1200,"url":"https:\/\/shop.hippolyte.fi\/wp-content\/uploads\/2024\/11\/inari_valokuvanpimeys.jpg","type":"image\/jpeg"}],"twitter_card":"summary_large_image","twitter_misc":{"Est. reading time":"1 minute"},"schema":{"@context":"https:\/\/schema.org","@graph":[{"@type":"WebPage","@id":"https:\/\/shop.hippolyte.fi\/en\/product\/tekla-inari-valokuvan-pimeys\/","url":"https:\/\/shop.hippolyte.fi\/en\/product\/tekla-inari-valokuvan-pimeys\/","name":"Tekla Inari: Valokuvan pimeys - Online shop for photographic art","isPartOf":{"@id":"https:\/\/shop.hippolyte.fi\/en\/#website"},"primaryImageOfPage":{"@id":"https:\/\/shop.hippolyte.fi\/en\/product\/tekla-inari-valokuvan-pimeys\/#primaryimage"},"image":{"@id":"https:\/\/shop.hippolyte.fi\/en\/product\/tekla-inari-valokuvan-pimeys\/#primaryimage"},"thumbnailUrl":"https:\/\/shop.hippolyte.fi\/wp-content\/uploads\/2024\/11\/inari_valokuvanpimeys.jpg","datePublished":"2024-11-13T09:40:00+00:00","dateModified":"2026-04-07T12:21:00+00:00","breadcrumb":{"@id":"https:\/\/shop.hippolyte.fi\/en\/product\/tekla-inari-valokuvan-pimeys\/#breadcrumb"},"inLanguage":"en-US","potentialAction":[{"@type":"ReadAction","target":["https:\/\/shop.hippolyte.fi\/en\/product\/tekla-inari-valokuvan-pimeys\/"]}]},{"@type":"ImageObject","inLanguage":"en-US","@id":"https:\/\/shop.hippolyte.fi\/en\/product\/tekla-inari-valokuvan-pimeys\/#primaryimage","url":"https:\/\/shop.hippolyte.fi\/wp-content\/uploads\/2024\/11\/inari_valokuvanpimeys.jpg","contentUrl":"https:\/\/shop.hippolyte.fi\/wp-content\/uploads\/2024\/11\/inari_valokuvanpimeys.jpg","width":1200,"height":1200},{"@type":"BreadcrumbList","@id":"https:\/\/shop.hippolyte.fi\/en\/product\/tekla-inari-valokuvan-pimeys\/#breadcrumb","itemListElement":[{"@type":"ListItem","position":1,"name":"Etusivu","item":"https:\/\/shop.hippolyte.fi\/en\/"},{"@type":"ListItem","position":2,"name":"Shop","item":"https:\/\/shop.hippolyte.fi\/en\/shop\/"},{"@type":"ListItem","position":3,"name":"Tekla Inari: Valokuvan pimeys"}]},{"@type":"WebSite","@id":"https:\/\/shop.hippolyte.fi\/en\/#website","url":"https:\/\/shop.hippolyte.fi\/en\/","name":"Online shop for photographic art","description":"Verkkokaupassa myyd\u00e4\u00e4n teoksia ja valokuvataidekirjoja. OTOS-tapahtuman aikana my\u00f6s tapahtuman teoksia.","potentialAction":[{"@type":"SearchAction","target":{"@type":"EntryPoint","urlTemplate":"https:\/\/shop.hippolyte.fi\/en\/?s={search_term_string}"},"query-input":{"@type":"PropertyValueSpecification","valueRequired":true,"valueName":"search_term_string"}}],"inLanguage":"en-US"}]}},"_links":{"self":[{"href":"https:\/\/shop.hippolyte.fi\/en\/wp-json\/wp\/v2\/product\/4193","targetHints":{"allow":["GET"]}}],"collection":[{"href":"https:\/\/shop.hippolyte.fi\/en\/wp-json\/wp\/v2\/product"}],"about":[{"href":"https:\/\/shop.hippolyte.fi\/en\/wp-json\/wp\/v2\/types\/product"}],"wp:featuredmedia":[{"embeddable":true,"href":"https:\/\/shop.hippolyte.fi\/en\/wp-json\/wp\/v2\/media\/4069"}],"wp:attachment":[{"href":"https:\/\/shop.hippolyte.fi\/en\/wp-json\/wp\/v2\/media?parent=4193"}],"wp:term":[{"taxonomy":"product_brand","embeddable":true,"href":"https:\/\/shop.hippolyte.fi\/en\/wp-json\/wp\/v2\/product_brand?post=4193"},{"taxonomy":"product_cat","embeddable":true,"href":"https:\/\/shop.hippolyte.fi\/en\/wp-json\/wp\/v2\/product_cat?post=4193"},{"taxonomy":"product_tag","embeddable":true,"href":"https:\/\/shop.hippolyte.fi\/en\/wp-json\/wp\/v2\/product_tag?post=4193"},{"taxonomy":"artists","embeddable":true,"href":"https:\/\/shop.hippolyte.fi\/en\/wp-json\/wp\/v2\/artists?post=4193"},{"taxonomy":"location","embeddable":true,"href":"https:\/\/shop.hippolyte.fi\/en\/wp-json\/wp\/v2\/location?post=4193"},{"taxonomy":"publisher","embeddable":true,"href":"https:\/\/shop.hippolyte.fi\/en\/wp-json\/wp\/v2\/publisher?post=4193"},{"taxonomy":"years","embeddable":true,"href":"https:\/\/shop.hippolyte.fi\/en\/wp-json\/wp\/v2\/years?post=4193"}],"curies":[{"name":"wp","href":"https:\/\/api.w.org\/{rel}","templated":true}]}}