{"id":4195,"date":"2024-11-13T11:40:08","date_gmt":"2024-11-13T09:40:08","guid":{"rendered":"https:\/\/shop.hippolyte.fi\/?post_type=product&#038;p=4195"},"modified":"2025-11-06T11:49:58","modified_gmt":"2025-11-06T09:49:58","slug":"ripsu-hongisto-salmi-personas","status":"publish","type":"product","link":"https:\/\/shop.hippolyte.fi\/en\/product\/ripsu-hongisto-salmi-personas\/","title":{"rendered":"Ripsu Hongisto-Salmi: Personas"},"content":{"rendered":"<p>\u201dBalancing within the boundaries of what is proper, sensible, or good taste is not always possible or even necessary. Liberation of some kind is possible, even within four walls, into a reality where wings sprout from peoples backs. Ripsu embarks on a frank parody of the luxury home life performances put out so brusquely and feverishly by reality television and social media.\u201d<br \/>\n\u2013 Anna-Kaisa Rastenberger<\/p>\n<p>Ripsu Hongisto-Salmi (b. 1954) is a highly versatile photographer and photographic artist from Helsinki, who also goes by Ripsu. After four years of work, Ripsu is publishing her monograph work entitled Personas.<\/p>\n<p>A great many photographers in history have photographed themselves as subjects. Yet even in a short span of time, Ripsu has created a recognizable personal style in this ubiquitous form. The book Personas contains Ripsu&#8217;s self-portraits, taken in her home in T\u00f6\u00f6l\u00f6, Helsinki. Core themes in the images are mature womanhood, joie de vivre, colors, luxury, and courageous self-esteem. Roles switch up quickly in Ripsu&#8217;s photographs, but they are all equally true and real. The style changes with them: some are like fashion magazine stock photos, others show unadorned everyday normalcy, and many include a liberating self-irony and sense of parody.<\/p>\n","protected":false},"excerpt":{"rendered":"<p>ISBN: 978-952-65-0220-5<br \/>\nPublisher: Bigger Splash<br \/>\nReleased: 2023<br \/>\nPhotography: Ripsu Hongisto-Salmi<br \/>\nGraphic Design: Juha Nenonen, Bigger Splash<br \/>\nEssay: Dir. of The Finnish museum of Photography Anna-Kaisa Rastenberger<br \/>\nLanguage: Swedish, Finnish, English<br \/>\nPages: 88<br \/>\nTranslation: Jonna Boldt (Swedish) Kasper Salonen (English)<br \/>\nDimensions: 28,5 x 22 cm<\/p>\n","protected":false},"featured_media":4063,"template":"","meta":{"_acf_changed":false},"product_brand":[],"product_cat":[409],"product_tag":[],"artists":[],"location":[55],"publisher":[414],"years":[434],"class_list":{"0":"post-4195","1":"product","2":"type-product","3":"status-publish","4":"has-post-thumbnail","6":"product_cat-artist-books","7":"product_shipping_class-posti-xxs-max-3-x-25-x-35-cm-2kg","8":"location-photographic-gallery-hippolyte","9":"publisher-bigger-splash","10":"years-434","12":"first","13":"instock","14":"taxable","15":"shipping-taxable","16":"purchasable","17":"product-type-simple"},"acf":[],"yoast_head":"<!-- This site is optimized with the Yoast SEO plugin v26.0 - https:\/\/yoast.com\/wordpress\/plugins\/seo\/ -->\n<title>Ripsu Hongisto-Salmi: Personas - Online shop for photographic art<\/title>\n<meta name=\"robots\" content=\"index, follow, max-snippet:-1, max-image-preview:large, max-video-preview:-1\" \/>\n<link rel=\"canonical\" href=\"https:\/\/shop.hippolyte.fi\/en\/product\/ripsu-hongisto-salmi-personas\/\" \/>\n<meta property=\"og:locale\" content=\"en_US\" \/>\n<meta property=\"og:type\" content=\"article\" \/>\n<meta property=\"og:title\" content=\"Ripsu Hongisto-Salmi: Personas - Online shop for photographic art\" \/>\n<meta property=\"og:description\" content=\"ISBN: 978-952-65-0220-5 Publisher: Bigger Splash Released: 2023 Photography: Ripsu Hongisto-Salmi Graphic Design: Juha Nenonen, Bigger Splash Essay: Dir. of The Finnish museum of Photography Anna-Kaisa Rastenberger Language: Swedish, Finnish, English Pages: 88 Translation: Jonna Boldt (Swedish) Kasper Salonen (English) Dimensions: 28,5 x 22 cm\" \/>\n<meta property=\"og:url\" content=\"https:\/\/shop.hippolyte.fi\/en\/product\/ripsu-hongisto-salmi-personas\/\" \/>\n<meta property=\"og:site_name\" content=\"Online shop for photographic art\" \/>\n<meta property=\"article:modified_time\" content=\"2025-11-06T09:49:58+00:00\" \/>\n<meta property=\"og:image\" content=\"https:\/\/shop.hippolyte.fi\/wp-content\/uploads\/2024\/11\/hongisto-salmi_personas.jpg\" \/>\n\t<meta property=\"og:image:width\" content=\"1200\" \/>\n\t<meta property=\"og:image:height\" content=\"1200\" \/>\n\t<meta property=\"og:image:type\" content=\"image\/jpeg\" \/>\n<meta name=\"twitter:card\" content=\"summary_large_image\" \/>\n<meta name=\"twitter:label1\" content=\"Est. reading time\" \/>\n\t<meta name=\"twitter:data1\" content=\"1 minute\" \/>\n<script type=\"application\/ld+json\" class=\"yoast-schema-graph\">{\"@context\":\"https:\/\/schema.org\",\"@graph\":[{\"@type\":\"WebPage\",\"@id\":\"https:\/\/shop.hippolyte.fi\/en\/product\/ripsu-hongisto-salmi-personas\/\",\"url\":\"https:\/\/shop.hippolyte.fi\/en\/product\/ripsu-hongisto-salmi-personas\/\",\"name\":\"Ripsu Hongisto-Salmi: Personas - Online shop for photographic art\",\"isPartOf\":{\"@id\":\"https:\/\/shop.hippolyte.fi\/en\/#website\"},\"primaryImageOfPage\":{\"@id\":\"https:\/\/shop.hippolyte.fi\/en\/product\/ripsu-hongisto-salmi-personas\/#primaryimage\"},\"image\":{\"@id\":\"https:\/\/shop.hippolyte.fi\/en\/product\/ripsu-hongisto-salmi-personas\/#primaryimage\"},\"thumbnailUrl\":\"https:\/\/shop.hippolyte.fi\/wp-content\/uploads\/2024\/11\/hongisto-salmi_personas.jpg\",\"datePublished\":\"2024-11-13T09:40:08+00:00\",\"dateModified\":\"2025-11-06T09:49:58+00:00\",\"breadcrumb\":{\"@id\":\"https:\/\/shop.hippolyte.fi\/en\/product\/ripsu-hongisto-salmi-personas\/#breadcrumb\"},\"inLanguage\":\"en-US\",\"potentialAction\":[{\"@type\":\"ReadAction\",\"target\":[\"https:\/\/shop.hippolyte.fi\/en\/product\/ripsu-hongisto-salmi-personas\/\"]}]},{\"@type\":\"ImageObject\",\"inLanguage\":\"en-US\",\"@id\":\"https:\/\/shop.hippolyte.fi\/en\/product\/ripsu-hongisto-salmi-personas\/#primaryimage\",\"url\":\"https:\/\/shop.hippolyte.fi\/wp-content\/uploads\/2024\/11\/hongisto-salmi_personas.jpg\",\"contentUrl\":\"https:\/\/shop.hippolyte.fi\/wp-content\/uploads\/2024\/11\/hongisto-salmi_personas.jpg\",\"width\":1200,\"height\":1200},{\"@type\":\"BreadcrumbList\",\"@id\":\"https:\/\/shop.hippolyte.fi\/en\/product\/ripsu-hongisto-salmi-personas\/#breadcrumb\",\"itemListElement\":[{\"@type\":\"ListItem\",\"position\":1,\"name\":\"Etusivu\",\"item\":\"https:\/\/shop.hippolyte.fi\/en\/\"},{\"@type\":\"ListItem\",\"position\":2,\"name\":\"Shop\",\"item\":\"https:\/\/shop.hippolyte.fi\/en\/shop\/\"},{\"@type\":\"ListItem\",\"position\":3,\"name\":\"Ripsu Hongisto-Salmi: Personas\"}]},{\"@type\":\"WebSite\",\"@id\":\"https:\/\/shop.hippolyte.fi\/en\/#website\",\"url\":\"https:\/\/shop.hippolyte.fi\/en\/\",\"name\":\"Online shop for photographic art\",\"description\":\"Verkkokaupassa myyd\u00e4\u00e4n teoksia ja valokuvataidekirjoja. OTOS-tapahtuman aikana my\u00f6s tapahtuman teoksia.\",\"potentialAction\":[{\"@type\":\"SearchAction\",\"target\":{\"@type\":\"EntryPoint\",\"urlTemplate\":\"https:\/\/shop.hippolyte.fi\/en\/?s={search_term_string}\"},\"query-input\":{\"@type\":\"PropertyValueSpecification\",\"valueRequired\":true,\"valueName\":\"search_term_string\"}}],\"inLanguage\":\"en-US\"}]}<\/script>\n<!-- \/ Yoast SEO plugin. -->","yoast_head_json":{"title":"Ripsu Hongisto-Salmi: Personas - Online shop for photographic art","robots":{"index":"index","follow":"follow","max-snippet":"max-snippet:-1","max-image-preview":"max-image-preview:large","max-video-preview":"max-video-preview:-1"},"canonical":"https:\/\/shop.hippolyte.fi\/en\/product\/ripsu-hongisto-salmi-personas\/","og_locale":"en_US","og_type":"article","og_title":"Ripsu Hongisto-Salmi: Personas - Online shop for photographic art","og_description":"ISBN: 978-952-65-0220-5 Publisher: Bigger Splash Released: 2023 Photography: Ripsu Hongisto-Salmi Graphic Design: Juha Nenonen, Bigger Splash Essay: Dir. of The Finnish museum of Photography Anna-Kaisa Rastenberger Language: Swedish, Finnish, English Pages: 88 Translation: Jonna Boldt (Swedish) Kasper Salonen (English) Dimensions: 28,5 x 22 cm","og_url":"https:\/\/shop.hippolyte.fi\/en\/product\/ripsu-hongisto-salmi-personas\/","og_site_name":"Online shop for photographic art","article_modified_time":"2025-11-06T09:49:58+00:00","og_image":[{"width":1200,"height":1200,"url":"https:\/\/shop.hippolyte.fi\/wp-content\/uploads\/2024\/11\/hongisto-salmi_personas.jpg","type":"image\/jpeg"}],"twitter_card":"summary_large_image","twitter_misc":{"Est. reading time":"1 minute"},"schema":{"@context":"https:\/\/schema.org","@graph":[{"@type":"WebPage","@id":"https:\/\/shop.hippolyte.fi\/en\/product\/ripsu-hongisto-salmi-personas\/","url":"https:\/\/shop.hippolyte.fi\/en\/product\/ripsu-hongisto-salmi-personas\/","name":"Ripsu Hongisto-Salmi: Personas - Online shop for photographic art","isPartOf":{"@id":"https:\/\/shop.hippolyte.fi\/en\/#website"},"primaryImageOfPage":{"@id":"https:\/\/shop.hippolyte.fi\/en\/product\/ripsu-hongisto-salmi-personas\/#primaryimage"},"image":{"@id":"https:\/\/shop.hippolyte.fi\/en\/product\/ripsu-hongisto-salmi-personas\/#primaryimage"},"thumbnailUrl":"https:\/\/shop.hippolyte.fi\/wp-content\/uploads\/2024\/11\/hongisto-salmi_personas.jpg","datePublished":"2024-11-13T09:40:08+00:00","dateModified":"2025-11-06T09:49:58+00:00","breadcrumb":{"@id":"https:\/\/shop.hippolyte.fi\/en\/product\/ripsu-hongisto-salmi-personas\/#breadcrumb"},"inLanguage":"en-US","potentialAction":[{"@type":"ReadAction","target":["https:\/\/shop.hippolyte.fi\/en\/product\/ripsu-hongisto-salmi-personas\/"]}]},{"@type":"ImageObject","inLanguage":"en-US","@id":"https:\/\/shop.hippolyte.fi\/en\/product\/ripsu-hongisto-salmi-personas\/#primaryimage","url":"https:\/\/shop.hippolyte.fi\/wp-content\/uploads\/2024\/11\/hongisto-salmi_personas.jpg","contentUrl":"https:\/\/shop.hippolyte.fi\/wp-content\/uploads\/2024\/11\/hongisto-salmi_personas.jpg","width":1200,"height":1200},{"@type":"BreadcrumbList","@id":"https:\/\/shop.hippolyte.fi\/en\/product\/ripsu-hongisto-salmi-personas\/#breadcrumb","itemListElement":[{"@type":"ListItem","position":1,"name":"Etusivu","item":"https:\/\/shop.hippolyte.fi\/en\/"},{"@type":"ListItem","position":2,"name":"Shop","item":"https:\/\/shop.hippolyte.fi\/en\/shop\/"},{"@type":"ListItem","position":3,"name":"Ripsu Hongisto-Salmi: Personas"}]},{"@type":"WebSite","@id":"https:\/\/shop.hippolyte.fi\/en\/#website","url":"https:\/\/shop.hippolyte.fi\/en\/","name":"Online shop for photographic art","description":"Verkkokaupassa myyd\u00e4\u00e4n teoksia ja valokuvataidekirjoja. OTOS-tapahtuman aikana my\u00f6s tapahtuman teoksia.","potentialAction":[{"@type":"SearchAction","target":{"@type":"EntryPoint","urlTemplate":"https:\/\/shop.hippolyte.fi\/en\/?s={search_term_string}"},"query-input":{"@type":"PropertyValueSpecification","valueRequired":true,"valueName":"search_term_string"}}],"inLanguage":"en-US"}]}},"_links":{"self":[{"href":"https:\/\/shop.hippolyte.fi\/en\/wp-json\/wp\/v2\/product\/4195","targetHints":{"allow":["GET"]}}],"collection":[{"href":"https:\/\/shop.hippolyte.fi\/en\/wp-json\/wp\/v2\/product"}],"about":[{"href":"https:\/\/shop.hippolyte.fi\/en\/wp-json\/wp\/v2\/types\/product"}],"wp:featuredmedia":[{"embeddable":true,"href":"https:\/\/shop.hippolyte.fi\/en\/wp-json\/wp\/v2\/media\/4063"}],"wp:attachment":[{"href":"https:\/\/shop.hippolyte.fi\/en\/wp-json\/wp\/v2\/media?parent=4195"}],"wp:term":[{"taxonomy":"product_brand","embeddable":true,"href":"https:\/\/shop.hippolyte.fi\/en\/wp-json\/wp\/v2\/product_brand?post=4195"},{"taxonomy":"product_cat","embeddable":true,"href":"https:\/\/shop.hippolyte.fi\/en\/wp-json\/wp\/v2\/product_cat?post=4195"},{"taxonomy":"product_tag","embeddable":true,"href":"https:\/\/shop.hippolyte.fi\/en\/wp-json\/wp\/v2\/product_tag?post=4195"},{"taxonomy":"artists","embeddable":true,"href":"https:\/\/shop.hippolyte.fi\/en\/wp-json\/wp\/v2\/artists?post=4195"},{"taxonomy":"location","embeddable":true,"href":"https:\/\/shop.hippolyte.fi\/en\/wp-json\/wp\/v2\/location?post=4195"},{"taxonomy":"publisher","embeddable":true,"href":"https:\/\/shop.hippolyte.fi\/en\/wp-json\/wp\/v2\/publisher?post=4195"},{"taxonomy":"years","embeddable":true,"href":"https:\/\/shop.hippolyte.fi\/en\/wp-json\/wp\/v2\/years?post=4195"}],"curies":[{"name":"wp","href":"https:\/\/api.w.org\/{rel}","templated":true}]}}