{"id":4197,"date":"2024-11-13T11:40:09","date_gmt":"2024-11-13T09:40:09","guid":{"rendered":"https:\/\/shop.hippolyte.fi\/?post_type=product&#038;p=4197"},"modified":"2025-11-06T11:49:58","modified_gmt":"2025-11-06T09:49:58","slug":"lauri-eriksson-muodonmuutoksia","status":"publish","type":"product","link":"https:\/\/shop.hippolyte.fi\/en\/product\/lauri-eriksson-muodonmuutoksia\/","title":{"rendered":"Lauri Eriksson: Muodonmuutoksia"},"content":{"rendered":"<p>Lauri Eriksson (b. 1965) has spent the past<br \/>\nfew years unravelling and transforming autobiographical events and layers of his daily experience into textual and photographic compositions. His self-portraits, landscapes and fleeting impressions evince a sense of collective yearning expressed through shifting interactions between self and context. His photographs and texts are interwoven in rhizomal tapestries of words, things, places, materialities and social dimensions that capture the complex interactions of modern existence. All things exist in a constant state of transition: individuals, social relations, cities and natural formations are all incessantly evolving, each at its own pace, following its own unique path and stages of metamorphosis. Change is ultimately about becoming.<\/p>\n","protected":false},"excerpt":{"rendered":"<p>ISBN: 978-952-7441-86-2<br \/>\nPublisher: Parvs<br \/>\nReleased: 2024<br \/>\nPhotography: Lauri Eriksson<br \/>\nTexts: Lauri Eriksson, Joel Karppanen<br \/>\nDesign: Lauri Eriksson, Ville Karppanen<br \/>\nLanguage: Finnish<br \/>\nPrinting: BALTO print, Vilnius<br \/>\nPages: 96<br \/>\nDimensions: 21 x 13 cm<\/p>\n","protected":false},"featured_media":4054,"template":"","meta":{"_acf_changed":false},"product_brand":[],"product_cat":[408,409],"product_tag":[],"artists":[],"location":[55],"publisher":[413],"years":[433],"class_list":{"0":"post-4197","1":"product","2":"type-product","3":"status-publish","4":"has-post-thumbnail","6":"product_cat-art-textbooks","7":"product_cat-artist-books","8":"product_shipping_class-posti-xxs-max-3-x-25-x-35-cm-2kg","9":"location-photographic-gallery-hippolyte","10":"publisher-parvs","11":"years-433","13":"first","14":"instock","15":"taxable","16":"shipping-taxable","17":"purchasable","18":"product-type-simple"},"acf":[],"yoast_head":"<!-- This site is optimized with the Yoast SEO plugin v26.0 - https:\/\/yoast.com\/wordpress\/plugins\/seo\/ -->\n<title>Lauri Eriksson: Muodonmuutoksia - Online shop for photographic art<\/title>\n<meta name=\"robots\" content=\"index, follow, max-snippet:-1, max-image-preview:large, max-video-preview:-1\" \/>\n<link rel=\"canonical\" href=\"https:\/\/shop.hippolyte.fi\/en\/product\/lauri-eriksson-muodonmuutoksia\/\" \/>\n<meta property=\"og:locale\" content=\"en_US\" \/>\n<meta property=\"og:type\" content=\"article\" \/>\n<meta property=\"og:title\" content=\"Lauri Eriksson: Muodonmuutoksia - Online shop for photographic art\" \/>\n<meta property=\"og:description\" content=\"ISBN: 978-952-7441-86-2 Publisher: Parvs Released: 2024 Photography: Lauri Eriksson Texts: Lauri Eriksson, Joel Karppanen Design: Lauri Eriksson, Ville Karppanen Language: Finnish Printing: BALTO print, Vilnius Pages: 96 Dimensions: 21 x 13 cm\" \/>\n<meta property=\"og:url\" content=\"https:\/\/shop.hippolyte.fi\/en\/product\/lauri-eriksson-muodonmuutoksia\/\" \/>\n<meta property=\"og:site_name\" content=\"Online shop for photographic art\" \/>\n<meta property=\"article:modified_time\" content=\"2025-11-06T09:49:58+00:00\" \/>\n<meta property=\"og:image\" content=\"https:\/\/shop.hippolyte.fi\/wp-content\/uploads\/2024\/11\/eriksson_muodonmuutoksia.jpg\" \/>\n\t<meta property=\"og:image:width\" content=\"1200\" \/>\n\t<meta property=\"og:image:height\" content=\"1200\" \/>\n\t<meta property=\"og:image:type\" content=\"image\/jpeg\" \/>\n<meta name=\"twitter:card\" content=\"summary_large_image\" \/>\n<meta name=\"twitter:label1\" content=\"Est. reading time\" \/>\n\t<meta name=\"twitter:data1\" content=\"1 minute\" \/>\n<script type=\"application\/ld+json\" class=\"yoast-schema-graph\">{\"@context\":\"https:\/\/schema.org\",\"@graph\":[{\"@type\":\"WebPage\",\"@id\":\"https:\/\/shop.hippolyte.fi\/en\/product\/lauri-eriksson-muodonmuutoksia\/\",\"url\":\"https:\/\/shop.hippolyte.fi\/en\/product\/lauri-eriksson-muodonmuutoksia\/\",\"name\":\"Lauri Eriksson: Muodonmuutoksia - Online shop for photographic art\",\"isPartOf\":{\"@id\":\"https:\/\/shop.hippolyte.fi\/en\/#website\"},\"primaryImageOfPage\":{\"@id\":\"https:\/\/shop.hippolyte.fi\/en\/product\/lauri-eriksson-muodonmuutoksia\/#primaryimage\"},\"image\":{\"@id\":\"https:\/\/shop.hippolyte.fi\/en\/product\/lauri-eriksson-muodonmuutoksia\/#primaryimage\"},\"thumbnailUrl\":\"https:\/\/shop.hippolyte.fi\/wp-content\/uploads\/2024\/11\/eriksson_muodonmuutoksia.jpg\",\"datePublished\":\"2024-11-13T09:40:09+00:00\",\"dateModified\":\"2025-11-06T09:49:58+00:00\",\"breadcrumb\":{\"@id\":\"https:\/\/shop.hippolyte.fi\/en\/product\/lauri-eriksson-muodonmuutoksia\/#breadcrumb\"},\"inLanguage\":\"en-US\",\"potentialAction\":[{\"@type\":\"ReadAction\",\"target\":[\"https:\/\/shop.hippolyte.fi\/en\/product\/lauri-eriksson-muodonmuutoksia\/\"]}]},{\"@type\":\"ImageObject\",\"inLanguage\":\"en-US\",\"@id\":\"https:\/\/shop.hippolyte.fi\/en\/product\/lauri-eriksson-muodonmuutoksia\/#primaryimage\",\"url\":\"https:\/\/shop.hippolyte.fi\/wp-content\/uploads\/2024\/11\/eriksson_muodonmuutoksia.jpg\",\"contentUrl\":\"https:\/\/shop.hippolyte.fi\/wp-content\/uploads\/2024\/11\/eriksson_muodonmuutoksia.jpg\",\"width\":1200,\"height\":1200},{\"@type\":\"BreadcrumbList\",\"@id\":\"https:\/\/shop.hippolyte.fi\/en\/product\/lauri-eriksson-muodonmuutoksia\/#breadcrumb\",\"itemListElement\":[{\"@type\":\"ListItem\",\"position\":1,\"name\":\"Etusivu\",\"item\":\"https:\/\/shop.hippolyte.fi\/en\/\"},{\"@type\":\"ListItem\",\"position\":2,\"name\":\"Shop\",\"item\":\"https:\/\/shop.hippolyte.fi\/en\/shop\/\"},{\"@type\":\"ListItem\",\"position\":3,\"name\":\"Lauri Eriksson: Muodonmuutoksia\"}]},{\"@type\":\"WebSite\",\"@id\":\"https:\/\/shop.hippolyte.fi\/en\/#website\",\"url\":\"https:\/\/shop.hippolyte.fi\/en\/\",\"name\":\"Online shop for photographic art\",\"description\":\"Verkkokaupassa myyd\u00e4\u00e4n teoksia ja valokuvataidekirjoja. OTOS-tapahtuman aikana my\u00f6s tapahtuman teoksia.\",\"potentialAction\":[{\"@type\":\"SearchAction\",\"target\":{\"@type\":\"EntryPoint\",\"urlTemplate\":\"https:\/\/shop.hippolyte.fi\/en\/?s={search_term_string}\"},\"query-input\":{\"@type\":\"PropertyValueSpecification\",\"valueRequired\":true,\"valueName\":\"search_term_string\"}}],\"inLanguage\":\"en-US\"}]}<\/script>\n<!-- \/ Yoast SEO plugin. -->","yoast_head_json":{"title":"Lauri Eriksson: Muodonmuutoksia - Online shop for photographic art","robots":{"index":"index","follow":"follow","max-snippet":"max-snippet:-1","max-image-preview":"max-image-preview:large","max-video-preview":"max-video-preview:-1"},"canonical":"https:\/\/shop.hippolyte.fi\/en\/product\/lauri-eriksson-muodonmuutoksia\/","og_locale":"en_US","og_type":"article","og_title":"Lauri Eriksson: Muodonmuutoksia - Online shop for photographic art","og_description":"ISBN: 978-952-7441-86-2 Publisher: Parvs Released: 2024 Photography: Lauri Eriksson Texts: Lauri Eriksson, Joel Karppanen Design: Lauri Eriksson, Ville Karppanen Language: Finnish Printing: BALTO print, Vilnius Pages: 96 Dimensions: 21 x 13 cm","og_url":"https:\/\/shop.hippolyte.fi\/en\/product\/lauri-eriksson-muodonmuutoksia\/","og_site_name":"Online shop for photographic art","article_modified_time":"2025-11-06T09:49:58+00:00","og_image":[{"width":1200,"height":1200,"url":"https:\/\/shop.hippolyte.fi\/wp-content\/uploads\/2024\/11\/eriksson_muodonmuutoksia.jpg","type":"image\/jpeg"}],"twitter_card":"summary_large_image","twitter_misc":{"Est. reading time":"1 minute"},"schema":{"@context":"https:\/\/schema.org","@graph":[{"@type":"WebPage","@id":"https:\/\/shop.hippolyte.fi\/en\/product\/lauri-eriksson-muodonmuutoksia\/","url":"https:\/\/shop.hippolyte.fi\/en\/product\/lauri-eriksson-muodonmuutoksia\/","name":"Lauri Eriksson: Muodonmuutoksia - Online shop for photographic art","isPartOf":{"@id":"https:\/\/shop.hippolyte.fi\/en\/#website"},"primaryImageOfPage":{"@id":"https:\/\/shop.hippolyte.fi\/en\/product\/lauri-eriksson-muodonmuutoksia\/#primaryimage"},"image":{"@id":"https:\/\/shop.hippolyte.fi\/en\/product\/lauri-eriksson-muodonmuutoksia\/#primaryimage"},"thumbnailUrl":"https:\/\/shop.hippolyte.fi\/wp-content\/uploads\/2024\/11\/eriksson_muodonmuutoksia.jpg","datePublished":"2024-11-13T09:40:09+00:00","dateModified":"2025-11-06T09:49:58+00:00","breadcrumb":{"@id":"https:\/\/shop.hippolyte.fi\/en\/product\/lauri-eriksson-muodonmuutoksia\/#breadcrumb"},"inLanguage":"en-US","potentialAction":[{"@type":"ReadAction","target":["https:\/\/shop.hippolyte.fi\/en\/product\/lauri-eriksson-muodonmuutoksia\/"]}]},{"@type":"ImageObject","inLanguage":"en-US","@id":"https:\/\/shop.hippolyte.fi\/en\/product\/lauri-eriksson-muodonmuutoksia\/#primaryimage","url":"https:\/\/shop.hippolyte.fi\/wp-content\/uploads\/2024\/11\/eriksson_muodonmuutoksia.jpg","contentUrl":"https:\/\/shop.hippolyte.fi\/wp-content\/uploads\/2024\/11\/eriksson_muodonmuutoksia.jpg","width":1200,"height":1200},{"@type":"BreadcrumbList","@id":"https:\/\/shop.hippolyte.fi\/en\/product\/lauri-eriksson-muodonmuutoksia\/#breadcrumb","itemListElement":[{"@type":"ListItem","position":1,"name":"Etusivu","item":"https:\/\/shop.hippolyte.fi\/en\/"},{"@type":"ListItem","position":2,"name":"Shop","item":"https:\/\/shop.hippolyte.fi\/en\/shop\/"},{"@type":"ListItem","position":3,"name":"Lauri Eriksson: Muodonmuutoksia"}]},{"@type":"WebSite","@id":"https:\/\/shop.hippolyte.fi\/en\/#website","url":"https:\/\/shop.hippolyte.fi\/en\/","name":"Online shop for photographic art","description":"Verkkokaupassa myyd\u00e4\u00e4n teoksia ja valokuvataidekirjoja. OTOS-tapahtuman aikana my\u00f6s tapahtuman teoksia.","potentialAction":[{"@type":"SearchAction","target":{"@type":"EntryPoint","urlTemplate":"https:\/\/shop.hippolyte.fi\/en\/?s={search_term_string}"},"query-input":{"@type":"PropertyValueSpecification","valueRequired":true,"valueName":"search_term_string"}}],"inLanguage":"en-US"}]}},"_links":{"self":[{"href":"https:\/\/shop.hippolyte.fi\/en\/wp-json\/wp\/v2\/product\/4197","targetHints":{"allow":["GET"]}}],"collection":[{"href":"https:\/\/shop.hippolyte.fi\/en\/wp-json\/wp\/v2\/product"}],"about":[{"href":"https:\/\/shop.hippolyte.fi\/en\/wp-json\/wp\/v2\/types\/product"}],"wp:featuredmedia":[{"embeddable":true,"href":"https:\/\/shop.hippolyte.fi\/en\/wp-json\/wp\/v2\/media\/4054"}],"wp:attachment":[{"href":"https:\/\/shop.hippolyte.fi\/en\/wp-json\/wp\/v2\/media?parent=4197"}],"wp:term":[{"taxonomy":"product_brand","embeddable":true,"href":"https:\/\/shop.hippolyte.fi\/en\/wp-json\/wp\/v2\/product_brand?post=4197"},{"taxonomy":"product_cat","embeddable":true,"href":"https:\/\/shop.hippolyte.fi\/en\/wp-json\/wp\/v2\/product_cat?post=4197"},{"taxonomy":"product_tag","embeddable":true,"href":"https:\/\/shop.hippolyte.fi\/en\/wp-json\/wp\/v2\/product_tag?post=4197"},{"taxonomy":"artists","embeddable":true,"href":"https:\/\/shop.hippolyte.fi\/en\/wp-json\/wp\/v2\/artists?post=4197"},{"taxonomy":"location","embeddable":true,"href":"https:\/\/shop.hippolyte.fi\/en\/wp-json\/wp\/v2\/location?post=4197"},{"taxonomy":"publisher","embeddable":true,"href":"https:\/\/shop.hippolyte.fi\/en\/wp-json\/wp\/v2\/publisher?post=4197"},{"taxonomy":"years","embeddable":true,"href":"https:\/\/shop.hippolyte.fi\/en\/wp-json\/wp\/v2\/years?post=4197"}],"curies":[{"name":"wp","href":"https:\/\/api.w.org\/{rel}","templated":true}]}}