{"id":4198,"date":"2024-11-13T11:40:10","date_gmt":"2024-11-13T09:40:10","guid":{"rendered":"https:\/\/shop.hippolyte.fi\/?post_type=product&#038;p=4198"},"modified":"2025-11-06T11:49:58","modified_gmt":"2025-11-06T09:49:58","slug":"lauri-eriksson-sumunhimmea-maisema","status":"publish","type":"product","link":"https:\/\/shop.hippolyte.fi\/en\/product\/lauri-eriksson-sumunhimmea-maisema\/","title":{"rendered":"Lauri Eriksson: Sumunhimme\u00e4 maisema"},"content":{"rendered":"<p>Polaroid-valokuva on kaunis, hauras ja ainutkertainen kuin el\u00e4m\u00e4 itse. Valokuvataiteilija Lauri Eriksson on kuvannut Polaroideja p\u00e4\u00e4kaupunkiseudun l\u00e4himetsiss\u00e4. Koronarajoitusten aikaan l\u00e4hiluonnosta &#8211; rakennusten ja kortteleiden v\u00e4liin muodostuneilta katoavilta luontokaistaleilta &#8211; l\u00f6ytyi vahva kokemus maiseman ylevyydest\u00e4 ja paikan nostalgiasta.<\/p>\n<p>Polaroid-pikakuvaukselle on kuulutettu kuolemaa jo pitk\u00e4\u00e4n, mutta sen ilmaisuvoima on edelleen vertaansa vailla. Se on lunastanut paikkansa nykyel\u00e4m\u00e4n ohikiit\u00e4v\u00e4ss\u00e4 kokemisessa sek\u00e4 nykytaiteen monikasvoisena v\u00e4lineen\u00e4. Pikselintarkassa ja t\u00e4sm\u00e4llisess\u00e4 digitaalisessa ajassa Polaroidin sumea ep\u00e4m\u00e4\u00e4r\u00e4isyys ja analoginen pehmeys puhuvat inhimillist\u00e4 kielt\u00e4 menneen ja tulevan v\u00e4lisess\u00e4 vuoropuhelussa.<\/p>\n<p>Lauri Eriksson on pit\u00e4nyt valokuvan\u00e4yttelyit\u00e4 sek\u00e4 Suomessa ett\u00e4 ulkomailla. H\u00e4n on tehnyt kokeiluja Polaroidilla 1990-luvulta l\u00e4htien. T\u00e4h\u00e4n kirjaan on koottu viimeisimpien vuosien kuvia, ja se on Erikssonin nelj\u00e4s valokuvateos.<\/p>\n","protected":false},"excerpt":{"rendered":"<p>ISBN: 978-952-7226-98-8<br \/>\nPublisher: Parvs<br \/>\nReleased: 2021<br \/>\nPhotography: Lauri Eriksson<br \/>\nTexts: Lauri Eriksson, Ville<br \/>\nLukkarinen<br \/>\nDesign: Ville Karppanen<br \/>\nLanguage: Finnish<br \/>\nPrinting: Jelgavas Tipogr\u0101fija, Latvia<br \/>\nPages: 112<br \/>\nDimensions: 20 x 15,5 cm<\/p>\n","protected":false},"featured_media":4057,"template":"","meta":{"_acf_changed":false},"product_brand":[],"product_cat":[408,409],"product_tag":[],"artists":[361],"location":[55],"publisher":[413],"years":[436],"class_list":{"0":"post-4198","1":"product","2":"type-product","3":"status-publish","4":"has-post-thumbnail","6":"product_cat-art-textbooks","7":"product_cat-artist-books","8":"product_shipping_class-posti-xxs-max-3-x-25-x-35-cm-2kg","9":"artists-eriksson-lauri","10":"location-photographic-gallery-hippolyte","11":"publisher-parvs","12":"years-436","14":"first","15":"instock","16":"taxable","17":"shipping-taxable","18":"purchasable","19":"product-type-simple"},"acf":[],"yoast_head":"<!-- This site is optimized with the Yoast SEO plugin v26.0 - https:\/\/yoast.com\/wordpress\/plugins\/seo\/ -->\n<title>Lauri Eriksson: Sumunhimme\u00e4 maisema - Online shop for photographic art<\/title>\n<meta name=\"robots\" content=\"index, follow, max-snippet:-1, max-image-preview:large, max-video-preview:-1\" \/>\n<link rel=\"canonical\" href=\"https:\/\/shop.hippolyte.fi\/en\/product\/lauri-eriksson-sumunhimmea-maisema\/\" \/>\n<meta property=\"og:locale\" content=\"en_US\" \/>\n<meta property=\"og:type\" content=\"article\" \/>\n<meta property=\"og:title\" content=\"Lauri Eriksson: Sumunhimme\u00e4 maisema - Online shop for photographic art\" \/>\n<meta property=\"og:description\" content=\"ISBN: 978-952-7226-98-8 Publisher: Parvs Released: 2021 Photography: Lauri Eriksson Texts: Lauri Eriksson, Ville Lukkarinen Design: Ville Karppanen Language: Finnish Printing: Jelgavas Tipogr\u0101fija, Latvia Pages: 112 Dimensions: 20 x 15,5 cm\" \/>\n<meta property=\"og:url\" content=\"https:\/\/shop.hippolyte.fi\/en\/product\/lauri-eriksson-sumunhimmea-maisema\/\" \/>\n<meta property=\"og:site_name\" content=\"Online shop for photographic art\" \/>\n<meta property=\"article:modified_time\" content=\"2025-11-06T09:49:58+00:00\" \/>\n<meta property=\"og:image\" content=\"https:\/\/shop.hippolyte.fi\/wp-content\/uploads\/2024\/11\/eriksson_sumunhimmea.jpg\" \/>\n\t<meta property=\"og:image:width\" content=\"1200\" \/>\n\t<meta property=\"og:image:height\" content=\"1200\" \/>\n\t<meta property=\"og:image:type\" content=\"image\/jpeg\" \/>\n<meta name=\"twitter:card\" content=\"summary_large_image\" \/>\n<meta name=\"twitter:label1\" content=\"Est. reading time\" \/>\n\t<meta name=\"twitter:data1\" content=\"1 minute\" \/>\n<script type=\"application\/ld+json\" class=\"yoast-schema-graph\">{\"@context\":\"https:\/\/schema.org\",\"@graph\":[{\"@type\":\"WebPage\",\"@id\":\"https:\/\/shop.hippolyte.fi\/en\/product\/lauri-eriksson-sumunhimmea-maisema\/\",\"url\":\"https:\/\/shop.hippolyte.fi\/en\/product\/lauri-eriksson-sumunhimmea-maisema\/\",\"name\":\"Lauri Eriksson: Sumunhimme\u00e4 maisema - Online shop for photographic art\",\"isPartOf\":{\"@id\":\"https:\/\/shop.hippolyte.fi\/en\/#website\"},\"primaryImageOfPage\":{\"@id\":\"https:\/\/shop.hippolyte.fi\/en\/product\/lauri-eriksson-sumunhimmea-maisema\/#primaryimage\"},\"image\":{\"@id\":\"https:\/\/shop.hippolyte.fi\/en\/product\/lauri-eriksson-sumunhimmea-maisema\/#primaryimage\"},\"thumbnailUrl\":\"https:\/\/shop.hippolyte.fi\/wp-content\/uploads\/2024\/11\/eriksson_sumunhimmea.jpg\",\"datePublished\":\"2024-11-13T09:40:10+00:00\",\"dateModified\":\"2025-11-06T09:49:58+00:00\",\"breadcrumb\":{\"@id\":\"https:\/\/shop.hippolyte.fi\/en\/product\/lauri-eriksson-sumunhimmea-maisema\/#breadcrumb\"},\"inLanguage\":\"en-US\",\"potentialAction\":[{\"@type\":\"ReadAction\",\"target\":[\"https:\/\/shop.hippolyte.fi\/en\/product\/lauri-eriksson-sumunhimmea-maisema\/\"]}]},{\"@type\":\"ImageObject\",\"inLanguage\":\"en-US\",\"@id\":\"https:\/\/shop.hippolyte.fi\/en\/product\/lauri-eriksson-sumunhimmea-maisema\/#primaryimage\",\"url\":\"https:\/\/shop.hippolyte.fi\/wp-content\/uploads\/2024\/11\/eriksson_sumunhimmea.jpg\",\"contentUrl\":\"https:\/\/shop.hippolyte.fi\/wp-content\/uploads\/2024\/11\/eriksson_sumunhimmea.jpg\",\"width\":1200,\"height\":1200},{\"@type\":\"BreadcrumbList\",\"@id\":\"https:\/\/shop.hippolyte.fi\/en\/product\/lauri-eriksson-sumunhimmea-maisema\/#breadcrumb\",\"itemListElement\":[{\"@type\":\"ListItem\",\"position\":1,\"name\":\"Etusivu\",\"item\":\"https:\/\/shop.hippolyte.fi\/en\/\"},{\"@type\":\"ListItem\",\"position\":2,\"name\":\"Shop\",\"item\":\"https:\/\/shop.hippolyte.fi\/en\/shop\/\"},{\"@type\":\"ListItem\",\"position\":3,\"name\":\"Lauri Eriksson: Sumunhimme\u00e4 maisema\"}]},{\"@type\":\"WebSite\",\"@id\":\"https:\/\/shop.hippolyte.fi\/en\/#website\",\"url\":\"https:\/\/shop.hippolyte.fi\/en\/\",\"name\":\"Online shop for photographic art\",\"description\":\"Verkkokaupassa myyd\u00e4\u00e4n teoksia ja valokuvataidekirjoja. OTOS-tapahtuman aikana my\u00f6s tapahtuman teoksia.\",\"potentialAction\":[{\"@type\":\"SearchAction\",\"target\":{\"@type\":\"EntryPoint\",\"urlTemplate\":\"https:\/\/shop.hippolyte.fi\/en\/?s={search_term_string}\"},\"query-input\":{\"@type\":\"PropertyValueSpecification\",\"valueRequired\":true,\"valueName\":\"search_term_string\"}}],\"inLanguage\":\"en-US\"}]}<\/script>\n<!-- \/ Yoast SEO plugin. -->","yoast_head_json":{"title":"Lauri Eriksson: Sumunhimme\u00e4 maisema - Online shop for photographic art","robots":{"index":"index","follow":"follow","max-snippet":"max-snippet:-1","max-image-preview":"max-image-preview:large","max-video-preview":"max-video-preview:-1"},"canonical":"https:\/\/shop.hippolyte.fi\/en\/product\/lauri-eriksson-sumunhimmea-maisema\/","og_locale":"en_US","og_type":"article","og_title":"Lauri Eriksson: Sumunhimme\u00e4 maisema - Online shop for photographic art","og_description":"ISBN: 978-952-7226-98-8 Publisher: Parvs Released: 2021 Photography: Lauri Eriksson Texts: Lauri Eriksson, Ville Lukkarinen Design: Ville Karppanen Language: Finnish Printing: Jelgavas Tipogr\u0101fija, Latvia Pages: 112 Dimensions: 20 x 15,5 cm","og_url":"https:\/\/shop.hippolyte.fi\/en\/product\/lauri-eriksson-sumunhimmea-maisema\/","og_site_name":"Online shop for photographic art","article_modified_time":"2025-11-06T09:49:58+00:00","og_image":[{"width":1200,"height":1200,"url":"https:\/\/shop.hippolyte.fi\/wp-content\/uploads\/2024\/11\/eriksson_sumunhimmea.jpg","type":"image\/jpeg"}],"twitter_card":"summary_large_image","twitter_misc":{"Est. reading time":"1 minute"},"schema":{"@context":"https:\/\/schema.org","@graph":[{"@type":"WebPage","@id":"https:\/\/shop.hippolyte.fi\/en\/product\/lauri-eriksson-sumunhimmea-maisema\/","url":"https:\/\/shop.hippolyte.fi\/en\/product\/lauri-eriksson-sumunhimmea-maisema\/","name":"Lauri Eriksson: Sumunhimme\u00e4 maisema - Online shop for photographic art","isPartOf":{"@id":"https:\/\/shop.hippolyte.fi\/en\/#website"},"primaryImageOfPage":{"@id":"https:\/\/shop.hippolyte.fi\/en\/product\/lauri-eriksson-sumunhimmea-maisema\/#primaryimage"},"image":{"@id":"https:\/\/shop.hippolyte.fi\/en\/product\/lauri-eriksson-sumunhimmea-maisema\/#primaryimage"},"thumbnailUrl":"https:\/\/shop.hippolyte.fi\/wp-content\/uploads\/2024\/11\/eriksson_sumunhimmea.jpg","datePublished":"2024-11-13T09:40:10+00:00","dateModified":"2025-11-06T09:49:58+00:00","breadcrumb":{"@id":"https:\/\/shop.hippolyte.fi\/en\/product\/lauri-eriksson-sumunhimmea-maisema\/#breadcrumb"},"inLanguage":"en-US","potentialAction":[{"@type":"ReadAction","target":["https:\/\/shop.hippolyte.fi\/en\/product\/lauri-eriksson-sumunhimmea-maisema\/"]}]},{"@type":"ImageObject","inLanguage":"en-US","@id":"https:\/\/shop.hippolyte.fi\/en\/product\/lauri-eriksson-sumunhimmea-maisema\/#primaryimage","url":"https:\/\/shop.hippolyte.fi\/wp-content\/uploads\/2024\/11\/eriksson_sumunhimmea.jpg","contentUrl":"https:\/\/shop.hippolyte.fi\/wp-content\/uploads\/2024\/11\/eriksson_sumunhimmea.jpg","width":1200,"height":1200},{"@type":"BreadcrumbList","@id":"https:\/\/shop.hippolyte.fi\/en\/product\/lauri-eriksson-sumunhimmea-maisema\/#breadcrumb","itemListElement":[{"@type":"ListItem","position":1,"name":"Etusivu","item":"https:\/\/shop.hippolyte.fi\/en\/"},{"@type":"ListItem","position":2,"name":"Shop","item":"https:\/\/shop.hippolyte.fi\/en\/shop\/"},{"@type":"ListItem","position":3,"name":"Lauri Eriksson: Sumunhimme\u00e4 maisema"}]},{"@type":"WebSite","@id":"https:\/\/shop.hippolyte.fi\/en\/#website","url":"https:\/\/shop.hippolyte.fi\/en\/","name":"Online shop for photographic art","description":"Verkkokaupassa myyd\u00e4\u00e4n teoksia ja valokuvataidekirjoja. OTOS-tapahtuman aikana my\u00f6s tapahtuman teoksia.","potentialAction":[{"@type":"SearchAction","target":{"@type":"EntryPoint","urlTemplate":"https:\/\/shop.hippolyte.fi\/en\/?s={search_term_string}"},"query-input":{"@type":"PropertyValueSpecification","valueRequired":true,"valueName":"search_term_string"}}],"inLanguage":"en-US"}]}},"_links":{"self":[{"href":"https:\/\/shop.hippolyte.fi\/en\/wp-json\/wp\/v2\/product\/4198","targetHints":{"allow":["GET"]}}],"collection":[{"href":"https:\/\/shop.hippolyte.fi\/en\/wp-json\/wp\/v2\/product"}],"about":[{"href":"https:\/\/shop.hippolyte.fi\/en\/wp-json\/wp\/v2\/types\/product"}],"wp:featuredmedia":[{"embeddable":true,"href":"https:\/\/shop.hippolyte.fi\/en\/wp-json\/wp\/v2\/media\/4057"}],"wp:attachment":[{"href":"https:\/\/shop.hippolyte.fi\/en\/wp-json\/wp\/v2\/media?parent=4198"}],"wp:term":[{"taxonomy":"product_brand","embeddable":true,"href":"https:\/\/shop.hippolyte.fi\/en\/wp-json\/wp\/v2\/product_brand?post=4198"},{"taxonomy":"product_cat","embeddable":true,"href":"https:\/\/shop.hippolyte.fi\/en\/wp-json\/wp\/v2\/product_cat?post=4198"},{"taxonomy":"product_tag","embeddable":true,"href":"https:\/\/shop.hippolyte.fi\/en\/wp-json\/wp\/v2\/product_tag?post=4198"},{"taxonomy":"artists","embeddable":true,"href":"https:\/\/shop.hippolyte.fi\/en\/wp-json\/wp\/v2\/artists?post=4198"},{"taxonomy":"location","embeddable":true,"href":"https:\/\/shop.hippolyte.fi\/en\/wp-json\/wp\/v2\/location?post=4198"},{"taxonomy":"publisher","embeddable":true,"href":"https:\/\/shop.hippolyte.fi\/en\/wp-json\/wp\/v2\/publisher?post=4198"},{"taxonomy":"years","embeddable":true,"href":"https:\/\/shop.hippolyte.fi\/en\/wp-json\/wp\/v2\/years?post=4198"}],"curies":[{"name":"wp","href":"https:\/\/api.w.org\/{rel}","templated":true}]}}