{"id":4200,"date":"2024-11-13T11:40:11","date_gmt":"2024-11-13T09:40:11","guid":{"rendered":"https:\/\/shop.hippolyte.fi\/?post_type=product&#038;p=4200"},"modified":"2025-11-06T11:49:58","modified_gmt":"2025-11-06T09:49:58","slug":"elina-brotherus-sebaldiana-memento-mori","status":"publish","type":"product","link":"https:\/\/shop.hippolyte.fi\/en\/product\/elina-brotherus-sebaldiana-memento-mori\/","title":{"rendered":"Elina Brotherus: Sebaldiana. Memento Mori"},"content":{"rendered":"<p>Before my first visit to Corsica, I read W. G. Sebald\u2019s posthumous fragmentary texts on Corsica. He had been writing a book about the island, but it remained unfinished at his untimely death. Sebald became my guide to Corsica. I went to the places he writes about: the forest of Aitone and massif of Bavella, to a hotel on the red cliffs above the village of Piana, the nearby beach and the cemetery. I remembered my own dead. I looked for places so beautiful that if I were Corsican, I would want them to be buried there.<\/p>\n<p>My father was an amateur photographer. He gave me my first camera. When my mother was widowed at the age of 37, she enrolled in an art school and had four years of fulfilment. I am a photographer because of my father, but because of my mother I became an artist. This series is a tribute not only to the Island of Beauty and to my<br \/>\nfavourite author, but also to my mother, Ulla Brita Brotherus, n\u00e9e Sommar (1944\u20131985).<\/p>\n","protected":false},"excerpt":{"rendered":"<p>ISBN: 978-952-94-6585-9<br \/>\nPublisher: Self-published<br \/>\nReleased: 2022<br \/>\nPhotography: Elina Brotherus<br \/>\nTexts: Elina Brotherus, quotes by W.G. Sebald<br \/>\nDesign: Ilona Ilottu, Dog Design<br \/>\nLanguage: Enlgish, French, German, Finnish<br \/>\nPrinting: Jelgavas tipografija, Jelgava, Latvia<br \/>\nPages: 176<br \/>\nEdition: 700<br \/>\nDimensions: 24 x 17 cm<br \/>\nHardcover<\/p>\n","protected":false},"featured_media":4048,"template":"","meta":{"_acf_changed":false},"product_brand":[],"product_cat":[408,409],"product_tag":[],"artists":[59],"location":[55],"publisher":[411],"years":[435],"class_list":{"0":"post-4200","1":"product","2":"type-product","3":"status-publish","4":"has-post-thumbnail","6":"product_cat-art-textbooks","7":"product_cat-artist-books","8":"product_shipping_class-posti-xxs-max-3-x-25-x-35-cm-2kg","9":"artists-brotherus-elina","10":"location-photographic-gallery-hippolyte","11":"publisher-itsejulkaistu","12":"years-435","14":"first","15":"instock","16":"taxable","17":"shipping-taxable","18":"purchasable","19":"product-type-simple"},"acf":[],"yoast_head":"<!-- This site is optimized with the Yoast SEO plugin v26.0 - https:\/\/yoast.com\/wordpress\/plugins\/seo\/ -->\n<title>Elina Brotherus: Sebaldiana. Memento Mori - Online shop for photographic art<\/title>\n<meta name=\"robots\" content=\"index, follow, max-snippet:-1, max-image-preview:large, max-video-preview:-1\" \/>\n<link rel=\"canonical\" href=\"https:\/\/shop.hippolyte.fi\/en\/product\/elina-brotherus-sebaldiana-memento-mori\/\" \/>\n<meta property=\"og:locale\" content=\"en_US\" \/>\n<meta property=\"og:type\" content=\"article\" \/>\n<meta property=\"og:title\" content=\"Elina Brotherus: Sebaldiana. Memento Mori - Online shop for photographic art\" \/>\n<meta property=\"og:description\" content=\"ISBN: 978-952-94-6585-9 Publisher: Self-published Released: 2022 Photography: Elina Brotherus Texts: Elina Brotherus, quotes by W.G. Sebald Design: Ilona Ilottu, Dog Design Language: Enlgish, French, German, Finnish Printing: Jelgavas tipografija, Jelgava, Latvia Pages: 176 Edition: 700 Dimensions: 24 x 17 cm Hardcover\" \/>\n<meta property=\"og:url\" content=\"https:\/\/shop.hippolyte.fi\/en\/product\/elina-brotherus-sebaldiana-memento-mori\/\" \/>\n<meta property=\"og:site_name\" content=\"Online shop for photographic art\" \/>\n<meta property=\"article:modified_time\" content=\"2025-11-06T09:49:58+00:00\" \/>\n<meta property=\"og:image\" content=\"https:\/\/shop.hippolyte.fi\/wp-content\/uploads\/2024\/11\/brotherus_sebaldiana.jpg\" \/>\n\t<meta property=\"og:image:width\" content=\"1200\" \/>\n\t<meta property=\"og:image:height\" content=\"1200\" \/>\n\t<meta property=\"og:image:type\" content=\"image\/jpeg\" \/>\n<meta name=\"twitter:card\" content=\"summary_large_image\" \/>\n<meta name=\"twitter:label1\" content=\"Est. reading time\" \/>\n\t<meta name=\"twitter:data1\" content=\"1 minute\" \/>\n<script type=\"application\/ld+json\" class=\"yoast-schema-graph\">{\"@context\":\"https:\/\/schema.org\",\"@graph\":[{\"@type\":\"WebPage\",\"@id\":\"https:\/\/shop.hippolyte.fi\/en\/product\/elina-brotherus-sebaldiana-memento-mori\/\",\"url\":\"https:\/\/shop.hippolyte.fi\/en\/product\/elina-brotherus-sebaldiana-memento-mori\/\",\"name\":\"Elina Brotherus: Sebaldiana. Memento Mori - Online shop for photographic art\",\"isPartOf\":{\"@id\":\"https:\/\/shop.hippolyte.fi\/en\/#website\"},\"primaryImageOfPage\":{\"@id\":\"https:\/\/shop.hippolyte.fi\/en\/product\/elina-brotherus-sebaldiana-memento-mori\/#primaryimage\"},\"image\":{\"@id\":\"https:\/\/shop.hippolyte.fi\/en\/product\/elina-brotherus-sebaldiana-memento-mori\/#primaryimage\"},\"thumbnailUrl\":\"https:\/\/shop.hippolyte.fi\/wp-content\/uploads\/2024\/11\/brotherus_sebaldiana.jpg\",\"datePublished\":\"2024-11-13T09:40:11+00:00\",\"dateModified\":\"2025-11-06T09:49:58+00:00\",\"breadcrumb\":{\"@id\":\"https:\/\/shop.hippolyte.fi\/en\/product\/elina-brotherus-sebaldiana-memento-mori\/#breadcrumb\"},\"inLanguage\":\"en-US\",\"potentialAction\":[{\"@type\":\"ReadAction\",\"target\":[\"https:\/\/shop.hippolyte.fi\/en\/product\/elina-brotherus-sebaldiana-memento-mori\/\"]}]},{\"@type\":\"ImageObject\",\"inLanguage\":\"en-US\",\"@id\":\"https:\/\/shop.hippolyte.fi\/en\/product\/elina-brotherus-sebaldiana-memento-mori\/#primaryimage\",\"url\":\"https:\/\/shop.hippolyte.fi\/wp-content\/uploads\/2024\/11\/brotherus_sebaldiana.jpg\",\"contentUrl\":\"https:\/\/shop.hippolyte.fi\/wp-content\/uploads\/2024\/11\/brotherus_sebaldiana.jpg\",\"width\":1200,\"height\":1200},{\"@type\":\"BreadcrumbList\",\"@id\":\"https:\/\/shop.hippolyte.fi\/en\/product\/elina-brotherus-sebaldiana-memento-mori\/#breadcrumb\",\"itemListElement\":[{\"@type\":\"ListItem\",\"position\":1,\"name\":\"Etusivu\",\"item\":\"https:\/\/shop.hippolyte.fi\/en\/\"},{\"@type\":\"ListItem\",\"position\":2,\"name\":\"Shop\",\"item\":\"https:\/\/shop.hippolyte.fi\/en\/shop\/\"},{\"@type\":\"ListItem\",\"position\":3,\"name\":\"Elina Brotherus: Sebaldiana. Memento Mori\"}]},{\"@type\":\"WebSite\",\"@id\":\"https:\/\/shop.hippolyte.fi\/en\/#website\",\"url\":\"https:\/\/shop.hippolyte.fi\/en\/\",\"name\":\"Online shop for photographic art\",\"description\":\"Verkkokaupassa myyd\u00e4\u00e4n teoksia ja valokuvataidekirjoja. OTOS-tapahtuman aikana my\u00f6s tapahtuman teoksia.\",\"potentialAction\":[{\"@type\":\"SearchAction\",\"target\":{\"@type\":\"EntryPoint\",\"urlTemplate\":\"https:\/\/shop.hippolyte.fi\/en\/?s={search_term_string}\"},\"query-input\":{\"@type\":\"PropertyValueSpecification\",\"valueRequired\":true,\"valueName\":\"search_term_string\"}}],\"inLanguage\":\"en-US\"}]}<\/script>\n<!-- \/ Yoast SEO plugin. -->","yoast_head_json":{"title":"Elina Brotherus: Sebaldiana. Memento Mori - Online shop for photographic art","robots":{"index":"index","follow":"follow","max-snippet":"max-snippet:-1","max-image-preview":"max-image-preview:large","max-video-preview":"max-video-preview:-1"},"canonical":"https:\/\/shop.hippolyte.fi\/en\/product\/elina-brotherus-sebaldiana-memento-mori\/","og_locale":"en_US","og_type":"article","og_title":"Elina Brotherus: Sebaldiana. Memento Mori - Online shop for photographic art","og_description":"ISBN: 978-952-94-6585-9 Publisher: Self-published Released: 2022 Photography: Elina Brotherus Texts: Elina Brotherus, quotes by W.G. Sebald Design: Ilona Ilottu, Dog Design Language: Enlgish, French, German, Finnish Printing: Jelgavas tipografija, Jelgava, Latvia Pages: 176 Edition: 700 Dimensions: 24 x 17 cm Hardcover","og_url":"https:\/\/shop.hippolyte.fi\/en\/product\/elina-brotherus-sebaldiana-memento-mori\/","og_site_name":"Online shop for photographic art","article_modified_time":"2025-11-06T09:49:58+00:00","og_image":[{"width":1200,"height":1200,"url":"https:\/\/shop.hippolyte.fi\/wp-content\/uploads\/2024\/11\/brotherus_sebaldiana.jpg","type":"image\/jpeg"}],"twitter_card":"summary_large_image","twitter_misc":{"Est. reading time":"1 minute"},"schema":{"@context":"https:\/\/schema.org","@graph":[{"@type":"WebPage","@id":"https:\/\/shop.hippolyte.fi\/en\/product\/elina-brotherus-sebaldiana-memento-mori\/","url":"https:\/\/shop.hippolyte.fi\/en\/product\/elina-brotherus-sebaldiana-memento-mori\/","name":"Elina Brotherus: Sebaldiana. Memento Mori - Online shop for photographic art","isPartOf":{"@id":"https:\/\/shop.hippolyte.fi\/en\/#website"},"primaryImageOfPage":{"@id":"https:\/\/shop.hippolyte.fi\/en\/product\/elina-brotherus-sebaldiana-memento-mori\/#primaryimage"},"image":{"@id":"https:\/\/shop.hippolyte.fi\/en\/product\/elina-brotherus-sebaldiana-memento-mori\/#primaryimage"},"thumbnailUrl":"https:\/\/shop.hippolyte.fi\/wp-content\/uploads\/2024\/11\/brotherus_sebaldiana.jpg","datePublished":"2024-11-13T09:40:11+00:00","dateModified":"2025-11-06T09:49:58+00:00","breadcrumb":{"@id":"https:\/\/shop.hippolyte.fi\/en\/product\/elina-brotherus-sebaldiana-memento-mori\/#breadcrumb"},"inLanguage":"en-US","potentialAction":[{"@type":"ReadAction","target":["https:\/\/shop.hippolyte.fi\/en\/product\/elina-brotherus-sebaldiana-memento-mori\/"]}]},{"@type":"ImageObject","inLanguage":"en-US","@id":"https:\/\/shop.hippolyte.fi\/en\/product\/elina-brotherus-sebaldiana-memento-mori\/#primaryimage","url":"https:\/\/shop.hippolyte.fi\/wp-content\/uploads\/2024\/11\/brotherus_sebaldiana.jpg","contentUrl":"https:\/\/shop.hippolyte.fi\/wp-content\/uploads\/2024\/11\/brotherus_sebaldiana.jpg","width":1200,"height":1200},{"@type":"BreadcrumbList","@id":"https:\/\/shop.hippolyte.fi\/en\/product\/elina-brotherus-sebaldiana-memento-mori\/#breadcrumb","itemListElement":[{"@type":"ListItem","position":1,"name":"Etusivu","item":"https:\/\/shop.hippolyte.fi\/en\/"},{"@type":"ListItem","position":2,"name":"Shop","item":"https:\/\/shop.hippolyte.fi\/en\/shop\/"},{"@type":"ListItem","position":3,"name":"Elina Brotherus: Sebaldiana. Memento Mori"}]},{"@type":"WebSite","@id":"https:\/\/shop.hippolyte.fi\/en\/#website","url":"https:\/\/shop.hippolyte.fi\/en\/","name":"Online shop for photographic art","description":"Verkkokaupassa myyd\u00e4\u00e4n teoksia ja valokuvataidekirjoja. OTOS-tapahtuman aikana my\u00f6s tapahtuman teoksia.","potentialAction":[{"@type":"SearchAction","target":{"@type":"EntryPoint","urlTemplate":"https:\/\/shop.hippolyte.fi\/en\/?s={search_term_string}"},"query-input":{"@type":"PropertyValueSpecification","valueRequired":true,"valueName":"search_term_string"}}],"inLanguage":"en-US"}]}},"_links":{"self":[{"href":"https:\/\/shop.hippolyte.fi\/en\/wp-json\/wp\/v2\/product\/4200","targetHints":{"allow":["GET"]}}],"collection":[{"href":"https:\/\/shop.hippolyte.fi\/en\/wp-json\/wp\/v2\/product"}],"about":[{"href":"https:\/\/shop.hippolyte.fi\/en\/wp-json\/wp\/v2\/types\/product"}],"wp:featuredmedia":[{"embeddable":true,"href":"https:\/\/shop.hippolyte.fi\/en\/wp-json\/wp\/v2\/media\/4048"}],"wp:attachment":[{"href":"https:\/\/shop.hippolyte.fi\/en\/wp-json\/wp\/v2\/media?parent=4200"}],"wp:term":[{"taxonomy":"product_brand","embeddable":true,"href":"https:\/\/shop.hippolyte.fi\/en\/wp-json\/wp\/v2\/product_brand?post=4200"},{"taxonomy":"product_cat","embeddable":true,"href":"https:\/\/shop.hippolyte.fi\/en\/wp-json\/wp\/v2\/product_cat?post=4200"},{"taxonomy":"product_tag","embeddable":true,"href":"https:\/\/shop.hippolyte.fi\/en\/wp-json\/wp\/v2\/product_tag?post=4200"},{"taxonomy":"artists","embeddable":true,"href":"https:\/\/shop.hippolyte.fi\/en\/wp-json\/wp\/v2\/artists?post=4200"},{"taxonomy":"location","embeddable":true,"href":"https:\/\/shop.hippolyte.fi\/en\/wp-json\/wp\/v2\/location?post=4200"},{"taxonomy":"publisher","embeddable":true,"href":"https:\/\/shop.hippolyte.fi\/en\/wp-json\/wp\/v2\/publisher?post=4200"},{"taxonomy":"years","embeddable":true,"href":"https:\/\/shop.hippolyte.fi\/en\/wp-json\/wp\/v2\/years?post=4200"}],"curies":[{"name":"wp","href":"https:\/\/api.w.org\/{rel}","templated":true}]}}