{"id":4430,"date":"2025-03-14T21:22:23","date_gmt":"2025-03-14T19:22:23","guid":{"rendered":"https:\/\/shop.hippolyte.fi\/?post_type=product&#038;p=4430"},"modified":"2025-11-06T11:49:57","modified_gmt":"2025-11-06T09:49:57","slug":"henri-airo-aateloi-ihmisen","status":"publish","type":"product","link":"https:\/\/shop.hippolyte.fi\/en\/product\/henri-airo-aateloi-ihmisen\/","title":{"rendered":"Henri Airo: ______ aateloi ihmisen"},"content":{"rendered":"<p>Entrepreneur-Jussi (1984, Matti Peltokangas and Aarne Hakala-Rahko) is a bronze sculpture that stands in the Sein\u00e4joki Central Square. Depicting a &#8220;man of action&#8221; from Ostrobothnia, the statue is inscribed with the personal motto of a local businessman Reino Saarinen, &#8220;Work Ennobles a Man&#8221;.<\/p>\n<p>Henri Airo was chosen as the City of Sein\u00e4joki&#8217;s Summer Artist for the Summer of 2024, during which time he researching the history of the controversial statue and the meanings that the city&#8217;s residents associate with it. The publication based on the project brings together articles from audience sections of local newspapers, documents found in the city archives, questionnaire response forms and photographs taken by Airo during the summer. Bound in an archive folder, the light volume maps the processes and power relations that define public art, while also serving as an unofficial 40-year history of the loved and hated statue.<\/p>\n","protected":false},"excerpt":{"rendered":"<p>ISBN: 978-952-88-0036-1<br \/>\nPublisher: Self-published<br \/>\nYear: 2025<br \/>\nPhotography and text: Henri Airo<br \/>\nLayout: Linnea Lindgren<br \/>\nLanguage: Finnish<br \/>\nPages: 64 pages + insert<br \/>\nPrinting: Sein\u00e4joen kaupungin monistamo<br \/>\nEdition: 200<br \/>\nDimensions: 24 x 29,5 cm<\/p>\n","protected":false},"featured_media":4442,"template":"","meta":{"_acf_changed":false},"product_brand":[],"product_cat":[409],"product_tag":[],"artists":[328],"location":[],"publisher":[411],"years":[463],"class_list":{"0":"post-4430","1":"product","2":"type-product","3":"status-publish","4":"has-post-thumbnail","6":"product_cat-artist-books","7":"product_shipping_class-posti-xxs-max-3-x-25-x-35-cm-2kg","8":"artists-airo-henri","9":"publisher-itsejulkaistu","10":"years-463","12":"first","13":"outofstock","14":"purchasable","15":"product-type-simple"},"acf":[],"yoast_head":"<!-- This site is optimized with the Yoast SEO plugin v26.0 - https:\/\/yoast.com\/wordpress\/plugins\/seo\/ -->\n<title>Henri Airo: ______ aateloi ihmisen - Online shop for photographic art<\/title>\n<meta name=\"robots\" content=\"index, follow, max-snippet:-1, max-image-preview:large, max-video-preview:-1\" \/>\n<link rel=\"canonical\" href=\"https:\/\/shop.hippolyte.fi\/en\/product\/henri-airo-aateloi-ihmisen\/\" \/>\n<meta property=\"og:locale\" content=\"en_US\" \/>\n<meta property=\"og:type\" content=\"article\" \/>\n<meta property=\"og:title\" content=\"Henri Airo: ______ aateloi ihmisen - Online shop for photographic art\" \/>\n<meta property=\"og:description\" content=\"ISBN: 978-952-88-0036-1 Publisher: Self-published Year: 2025 Photography and text: Henri Airo Layout: Linnea Lindgren Language: Finnish Pages: 64 pages + insert Printing: Sein\u00e4joen kaupungin monistamo Edition: 200 Dimensions: 24 x 29,5 cm\" \/>\n<meta property=\"og:url\" content=\"https:\/\/shop.hippolyte.fi\/en\/product\/henri-airo-aateloi-ihmisen\/\" \/>\n<meta property=\"og:site_name\" content=\"Online shop for photographic art\" \/>\n<meta property=\"article:modified_time\" content=\"2025-11-06T09:49:57+00:00\" \/>\n<meta property=\"og:image\" content=\"https:\/\/shop.hippolyte.fi\/wp-content\/uploads\/2025\/03\/airo-aateloiihmisen-1.jpg\" \/>\n\t<meta property=\"og:image:width\" content=\"2000\" \/>\n\t<meta property=\"og:image:height\" content=\"2000\" \/>\n\t<meta property=\"og:image:type\" content=\"image\/jpeg\" \/>\n<meta name=\"twitter:card\" content=\"summary_large_image\" \/>\n<meta name=\"twitter:label1\" content=\"Est. reading time\" \/>\n\t<meta name=\"twitter:data1\" content=\"2 minutes\" \/>\n<script type=\"application\/ld+json\" class=\"yoast-schema-graph\">{\"@context\":\"https:\/\/schema.org\",\"@graph\":[{\"@type\":\"WebPage\",\"@id\":\"https:\/\/shop.hippolyte.fi\/en\/product\/henri-airo-aateloi-ihmisen\/\",\"url\":\"https:\/\/shop.hippolyte.fi\/en\/product\/henri-airo-aateloi-ihmisen\/\",\"name\":\"Henri Airo: ______ aateloi ihmisen - Online shop for photographic art\",\"isPartOf\":{\"@id\":\"https:\/\/shop.hippolyte.fi\/en\/#website\"},\"primaryImageOfPage\":{\"@id\":\"https:\/\/shop.hippolyte.fi\/en\/product\/henri-airo-aateloi-ihmisen\/#primaryimage\"},\"image\":{\"@id\":\"https:\/\/shop.hippolyte.fi\/en\/product\/henri-airo-aateloi-ihmisen\/#primaryimage\"},\"thumbnailUrl\":\"https:\/\/shop.hippolyte.fi\/wp-content\/uploads\/2025\/03\/airo-aateloiihmisen-1.jpg\",\"datePublished\":\"2025-03-14T19:22:23+00:00\",\"dateModified\":\"2025-11-06T09:49:57+00:00\",\"breadcrumb\":{\"@id\":\"https:\/\/shop.hippolyte.fi\/en\/product\/henri-airo-aateloi-ihmisen\/#breadcrumb\"},\"inLanguage\":\"en-US\",\"potentialAction\":[{\"@type\":\"ReadAction\",\"target\":[\"https:\/\/shop.hippolyte.fi\/en\/product\/henri-airo-aateloi-ihmisen\/\"]}]},{\"@type\":\"ImageObject\",\"inLanguage\":\"en-US\",\"@id\":\"https:\/\/shop.hippolyte.fi\/en\/product\/henri-airo-aateloi-ihmisen\/#primaryimage\",\"url\":\"https:\/\/shop.hippolyte.fi\/wp-content\/uploads\/2025\/03\/airo-aateloiihmisen-1.jpg\",\"contentUrl\":\"https:\/\/shop.hippolyte.fi\/wp-content\/uploads\/2025\/03\/airo-aateloiihmisen-1.jpg\",\"width\":2000,\"height\":2000},{\"@type\":\"BreadcrumbList\",\"@id\":\"https:\/\/shop.hippolyte.fi\/en\/product\/henri-airo-aateloi-ihmisen\/#breadcrumb\",\"itemListElement\":[{\"@type\":\"ListItem\",\"position\":1,\"name\":\"Etusivu\",\"item\":\"https:\/\/shop.hippolyte.fi\/en\/\"},{\"@type\":\"ListItem\",\"position\":2,\"name\":\"Shop\",\"item\":\"https:\/\/shop.hippolyte.fi\/en\/shop\/\"},{\"@type\":\"ListItem\",\"position\":3,\"name\":\"Henri Airo: ______ aateloi ihmisen\"}]},{\"@type\":\"WebSite\",\"@id\":\"https:\/\/shop.hippolyte.fi\/en\/#website\",\"url\":\"https:\/\/shop.hippolyte.fi\/en\/\",\"name\":\"Online shop for photographic art\",\"description\":\"Verkkokaupassa myyd\u00e4\u00e4n teoksia ja valokuvataidekirjoja. OTOS-tapahtuman aikana my\u00f6s tapahtuman teoksia.\",\"potentialAction\":[{\"@type\":\"SearchAction\",\"target\":{\"@type\":\"EntryPoint\",\"urlTemplate\":\"https:\/\/shop.hippolyte.fi\/en\/?s={search_term_string}\"},\"query-input\":{\"@type\":\"PropertyValueSpecification\",\"valueRequired\":true,\"valueName\":\"search_term_string\"}}],\"inLanguage\":\"en-US\"}]}<\/script>\n<!-- \/ Yoast SEO plugin. -->","yoast_head_json":{"title":"Henri Airo: ______ aateloi ihmisen - Online shop for photographic art","robots":{"index":"index","follow":"follow","max-snippet":"max-snippet:-1","max-image-preview":"max-image-preview:large","max-video-preview":"max-video-preview:-1"},"canonical":"https:\/\/shop.hippolyte.fi\/en\/product\/henri-airo-aateloi-ihmisen\/","og_locale":"en_US","og_type":"article","og_title":"Henri Airo: ______ aateloi ihmisen - Online shop for photographic art","og_description":"ISBN: 978-952-88-0036-1 Publisher: Self-published Year: 2025 Photography and text: Henri Airo Layout: Linnea Lindgren Language: Finnish Pages: 64 pages + insert Printing: Sein\u00e4joen kaupungin monistamo Edition: 200 Dimensions: 24 x 29,5 cm","og_url":"https:\/\/shop.hippolyte.fi\/en\/product\/henri-airo-aateloi-ihmisen\/","og_site_name":"Online shop for photographic art","article_modified_time":"2025-11-06T09:49:57+00:00","og_image":[{"width":2000,"height":2000,"url":"https:\/\/shop.hippolyte.fi\/wp-content\/uploads\/2025\/03\/airo-aateloiihmisen-1.jpg","type":"image\/jpeg"}],"twitter_card":"summary_large_image","twitter_misc":{"Est. reading time":"2 minutes"},"schema":{"@context":"https:\/\/schema.org","@graph":[{"@type":"WebPage","@id":"https:\/\/shop.hippolyte.fi\/en\/product\/henri-airo-aateloi-ihmisen\/","url":"https:\/\/shop.hippolyte.fi\/en\/product\/henri-airo-aateloi-ihmisen\/","name":"Henri Airo: ______ aateloi ihmisen - Online shop for photographic art","isPartOf":{"@id":"https:\/\/shop.hippolyte.fi\/en\/#website"},"primaryImageOfPage":{"@id":"https:\/\/shop.hippolyte.fi\/en\/product\/henri-airo-aateloi-ihmisen\/#primaryimage"},"image":{"@id":"https:\/\/shop.hippolyte.fi\/en\/product\/henri-airo-aateloi-ihmisen\/#primaryimage"},"thumbnailUrl":"https:\/\/shop.hippolyte.fi\/wp-content\/uploads\/2025\/03\/airo-aateloiihmisen-1.jpg","datePublished":"2025-03-14T19:22:23+00:00","dateModified":"2025-11-06T09:49:57+00:00","breadcrumb":{"@id":"https:\/\/shop.hippolyte.fi\/en\/product\/henri-airo-aateloi-ihmisen\/#breadcrumb"},"inLanguage":"en-US","potentialAction":[{"@type":"ReadAction","target":["https:\/\/shop.hippolyte.fi\/en\/product\/henri-airo-aateloi-ihmisen\/"]}]},{"@type":"ImageObject","inLanguage":"en-US","@id":"https:\/\/shop.hippolyte.fi\/en\/product\/henri-airo-aateloi-ihmisen\/#primaryimage","url":"https:\/\/shop.hippolyte.fi\/wp-content\/uploads\/2025\/03\/airo-aateloiihmisen-1.jpg","contentUrl":"https:\/\/shop.hippolyte.fi\/wp-content\/uploads\/2025\/03\/airo-aateloiihmisen-1.jpg","width":2000,"height":2000},{"@type":"BreadcrumbList","@id":"https:\/\/shop.hippolyte.fi\/en\/product\/henri-airo-aateloi-ihmisen\/#breadcrumb","itemListElement":[{"@type":"ListItem","position":1,"name":"Etusivu","item":"https:\/\/shop.hippolyte.fi\/en\/"},{"@type":"ListItem","position":2,"name":"Shop","item":"https:\/\/shop.hippolyte.fi\/en\/shop\/"},{"@type":"ListItem","position":3,"name":"Henri Airo: ______ aateloi ihmisen"}]},{"@type":"WebSite","@id":"https:\/\/shop.hippolyte.fi\/en\/#website","url":"https:\/\/shop.hippolyte.fi\/en\/","name":"Online shop for photographic art","description":"Verkkokaupassa myyd\u00e4\u00e4n teoksia ja valokuvataidekirjoja. OTOS-tapahtuman aikana my\u00f6s tapahtuman teoksia.","potentialAction":[{"@type":"SearchAction","target":{"@type":"EntryPoint","urlTemplate":"https:\/\/shop.hippolyte.fi\/en\/?s={search_term_string}"},"query-input":{"@type":"PropertyValueSpecification","valueRequired":true,"valueName":"search_term_string"}}],"inLanguage":"en-US"}]}},"_links":{"self":[{"href":"https:\/\/shop.hippolyte.fi\/en\/wp-json\/wp\/v2\/product\/4430","targetHints":{"allow":["GET"]}}],"collection":[{"href":"https:\/\/shop.hippolyte.fi\/en\/wp-json\/wp\/v2\/product"}],"about":[{"href":"https:\/\/shop.hippolyte.fi\/en\/wp-json\/wp\/v2\/types\/product"}],"wp:featuredmedia":[{"embeddable":true,"href":"https:\/\/shop.hippolyte.fi\/en\/wp-json\/wp\/v2\/media\/4442"}],"wp:attachment":[{"href":"https:\/\/shop.hippolyte.fi\/en\/wp-json\/wp\/v2\/media?parent=4430"}],"wp:term":[{"taxonomy":"product_brand","embeddable":true,"href":"https:\/\/shop.hippolyte.fi\/en\/wp-json\/wp\/v2\/product_brand?post=4430"},{"taxonomy":"product_cat","embeddable":true,"href":"https:\/\/shop.hippolyte.fi\/en\/wp-json\/wp\/v2\/product_cat?post=4430"},{"taxonomy":"product_tag","embeddable":true,"href":"https:\/\/shop.hippolyte.fi\/en\/wp-json\/wp\/v2\/product_tag?post=4430"},{"taxonomy":"artists","embeddable":true,"href":"https:\/\/shop.hippolyte.fi\/en\/wp-json\/wp\/v2\/artists?post=4430"},{"taxonomy":"location","embeddable":true,"href":"https:\/\/shop.hippolyte.fi\/en\/wp-json\/wp\/v2\/location?post=4430"},{"taxonomy":"publisher","embeddable":true,"href":"https:\/\/shop.hippolyte.fi\/en\/wp-json\/wp\/v2\/publisher?post=4430"},{"taxonomy":"years","embeddable":true,"href":"https:\/\/shop.hippolyte.fi\/en\/wp-json\/wp\/v2\/years?post=4430"}],"curies":[{"name":"wp","href":"https:\/\/api.w.org\/{rel}","templated":true}]}}